{"id":1249,"date":"2017-04-04T12:56:39","date_gmt":"2017-04-04T10:56:39","guid":{"rendered":"http:\/\/zsokwidzyn.pl\/?page_id=1249"},"modified":"2017-09-18T11:38:54","modified_gmt":"2017-09-18T09:38:54","slug":"geografia-w-jezyku-angielskim","status":"publish","type":"page","link":"https:\/\/zsokwidzyn.pl\/index.php\/geografia-w-jezyku-angielskim\/","title":{"rendered":"Geography in English"},"content":{"rendered":"<p style=\"text-align: justify;\"><span style=\"font-size: 12pt;\">W bie\u017c\u0105cym roku szkolnym uda\u0142o si\u0119 zrealizowa\u0107 koncepcj\u0119 rozpocz\u0119cia lekcji geografii prowadzonych w j\u0119zyku angielskim. Uczestnicz\u0105 w nich uczniowie klasy drugiej o profilu matematyczno-geograficznym. Zaj\u0119cia te poszerzaj\u0105 wiedz\u0119 z zakresu przer\u00f3\u017cnych dziedzin geografii, takich jak astronomia czy kartografia. Jednocze\u015bnie rozwijaj\u0105 zas\u00f3b s\u0142ownictwa i zwi\u0119kszaj\u0105 umiej\u0119tno\u015bci pos\u0142ugiwania si\u0119 j\u0119zykiem angielskim. Realizujemy tematy, o kt\u00f3rych sami chcieliby\u015bmy us\u0142ysze\u0107, zagadnienia\u00a0 kt\u00f3rych jeste\u015bmy ciekawi. Zaj\u0119cia stanowi\u0105 odskoczni\u0119 od cz\u0119sto niepraktycznych temat\u00f3w z podstawy programowej. Cieszymy si\u0119, \u017ce mo\u017cemy pog\u0142\u0119bia\u0107 wiedz\u0119 w spos\u00f3b przydatny i interesuj\u0105cy.<\/span><\/p>\n<p>&nbsp;<\/p>\n<p style=\"text-align: justify;\"><span style=\"font-size: 12pt;\">In 2016 I paddled solo in a sea kayak around The Lofoten and Vesteralen Archipelagos. My experiences from that trip I decided to share with <em>Wios\u0142o <\/em>magazine readers in issue 2\/2017. Struck by the beauty of subarctic Norway I went there again in 2017 to paddle around the so called Tromso Archipelago and then to get back to the most stunning places of that region with Iwona, who was to come to Tromso at the beginning of August. This year however I gave myself much more time not only to paddle around but to be with and to feel the sea and nature. I also took GoPro camera and photo stuff so that I could take back home in addition to memories, some good quality photographic material.\u00a0\u00a0<\/span><\/p>\n<p style=\"text-align: justify;\"><span style=\"font-size: 12pt;\">It is a perfect place for a sea kayaker, who in addition to breathtaking views has the opportunity to face there logistic and technical challenges \u2013 an outcome of harsh climate, rugged coastline, the shape of the sea floor and the impact of the North Atlantic. Two seasons of paddling there, mostly in open sea, summed up to 1522km measured by GPS ( I paddled nearly 200km with Iwona but this is an estimate number as I did not always have my GPS on during the \u201cplay\u201d at sea )\u00a0 and gave birth to an idea of starting a blog rather than writing next article, as blogs don\u2019t have words and pictures limits as paper media does.<\/span><\/p>\n<p style=\"text-align: justify;\"><span style=\"font-size: 12pt;\">The number of subsequent entries will tell a story about classical sea kayaking in northern Norway and will be preceded by information about the equipment, advice on how to improve it, how to ensure your safety at those seas and how to make your camping more comfortable in those harsh subarctic conditions. As each entry will describe a different group of islands, this blog can be treated as a personal mini guide book consisting of chapters describing different geographical aspects of the chosen microregions. As such, even though it is addressed to kayakers, it can be of interest to any sea going enthusiast planning a trip to that region.<\/span><\/p>\n<p style=\"text-align: justify;\"><span style=\"font-size: 12pt;\">Each entry will be accompanied by a short video and photo gallery with links below. This one is accompanied by a video trailer with images taken in the area from Austvagoya ( Lofoten ) to Arnoya island ( east of Tromso Archipelago). \u00a0\u00a0\u00a0\u00a0\u00a0\u00a0<\/span><\/p>\n<p><a href=\"http:\/\/fotografia.piotropacian.pl\/index.php?option=com_content&amp;view=article&amp;id=6&amp;Itemid=3\" target=\"_blank\" rel=\"noopener\">http:\/\/fotografia.piotropacian.pl\/index.php?option=com_content&amp;view=article&amp;id=6&amp;Itemid=3<\/a><\/p>\n<p><iframe loading=\"lazy\" title=\"Lofoten, Vesteralen, Tromso Archipelagos - sea kayaking ( kajakarstwo morskie )\" width=\"500\" height=\"281\" src=\"https:\/\/www.youtube.com\/embed\/v-jjTMN7IVI?feature=oembed\" frameborder=\"0\" allow=\"accelerometer; autoplay; clipboard-write; encrypted-media; gyroscope; picture-in-picture; web-share\" referrerpolicy=\"strict-origin-when-cross-origin\" allowfullscreen><\/iframe><\/p>\n<p>&nbsp;<\/p>\n<p>&nbsp;<\/p>\n","protected":false},"excerpt":{"rendered":"<div class=\"mh-excerpt\"><p>W bie\u017c\u0105cym roku szkolnym uda\u0142o si\u0119 zrealizowa\u0107 koncepcj\u0119 rozpocz\u0119cia lekcji geografii prowadzonych w j\u0119zyku angielskim. Uczestnicz\u0105 w nich uczniowie klasy drugiej o profilu matematyczno-geograficznym. Zaj\u0119cia <a class=\"mh-excerpt-more\" href=\"https:\/\/zsokwidzyn.pl\/index.php\/geografia-w-jezyku-angielskim\/\" title=\"Geography in English\">[&#8230;]<\/a><\/p>\n<\/div>","protected":false},"author":1,"featured_media":0,"parent":0,"menu_order":0,"comment_status":"closed","ping_status":"closed","template":"","meta":{"footnotes":""},"class_list":["post-1249","page","type-page","status-publish","hentry"],"_links":{"self":[{"href":"https:\/\/zsokwidzyn.pl\/index.php\/wp-json\/wp\/v2\/pages\/1249","targetHints":{"allow":["GET"]}}],"collection":[{"href":"https:\/\/zsokwidzyn.pl\/index.php\/wp-json\/wp\/v2\/pages"}],"about":[{"href":"https:\/\/zsokwidzyn.pl\/index.php\/wp-json\/wp\/v2\/types\/page"}],"author":[{"embeddable":true,"href":"https:\/\/zsokwidzyn.pl\/index.php\/wp-json\/wp\/v2\/users\/1"}],"replies":[{"embeddable":true,"href":"https:\/\/zsokwidzyn.pl\/index.php\/wp-json\/wp\/v2\/comments?post=1249"}],"version-history":[{"count":4,"href":"https:\/\/zsokwidzyn.pl\/index.php\/wp-json\/wp\/v2\/pages\/1249\/revisions"}],"predecessor-version":[{"id":1545,"href":"https:\/\/zsokwidzyn.pl\/index.php\/wp-json\/wp\/v2\/pages\/1249\/revisions\/1545"}],"wp:attachment":[{"href":"https:\/\/zsokwidzyn.pl\/index.php\/wp-json\/wp\/v2\/media?parent=1249"}],"curies":[{"name":"wp","href":"https:\/\/api.w.org\/{rel}","templated":true}]}}