{"id":1275,"date":"2017-04-11T08:28:13","date_gmt":"2017-04-11T06:28:13","guid":{"rendered":"http:\/\/zsokwidzyn.pl\/?page_id=1275"},"modified":"2017-11-30T10:51:45","modified_gmt":"2017-11-30T09:51:45","slug":"kolko-fizyczne","status":"publish","type":"page","link":"https:\/\/zsokwidzyn.pl\/index.php\/kolko-fizyczne\/","title":{"rendered":"K\u00f3\u0142ko fizyczne"},"content":{"rendered":"<p style=\"text-align: left;\"><span style=\"font-size: 14pt;\"><strong>Opiekun : Joanna Po\u017aniak<\/strong><\/span><\/p>\n<p style=\"text-align: justify;\"><span style=\"font-size: 12pt;\">Cele :<\/span><\/p>\n<p style=\"text-align: justify;\"><span style=\"font-size: 12pt;\">1)\u00a0 Poszerzanie wiedzy uczni\u00f3w z fizyki;<\/span><\/p>\n<ul style=\"text-align: justify;\">\n<li style=\"text-align: justify;\"><span style=\"font-size: 12pt;\">rozwini\u0119cie umiej\u0119tno\u015bci stosowania praw i zasad fizyki do rozwi\u0105zywania zada\u0144 rachunkowych i projektowych;<\/span><\/li>\n<\/ul>\n<ul style=\"text-align: justify;\">\n<li style=\"text-align: justify;\"><span style=\"font-size: 12pt;\">pog\u0142\u0119bianie zrozumienia zar\u00f3wno jako\u015bciowego, jak i ilo\u015bciowego zjawisk fizycznych;<\/span><\/li>\n<\/ul>\n<ul style=\"text-align: justify;\">\n<li style=\"text-align: justify;\"><span style=\"font-size: 12pt;\">rozwijanie umiej\u0119tno\u015bci wykonywania i projektowania do\u015bwiadcze\u0144;<\/span><\/li>\n<li style=\"text-align: justify;\"><span style=\"font-size: 12pt;\">wdro\u017cenie uczni\u00f3w do stosowania odpowiedniego aparatu matematycznego do opisu zjawisk fizycznych;<\/span><\/li>\n<\/ul>\n<ul style=\"text-align: justify;\">\n<li><span style=\"font-size: 12pt;\">kszta\u0142cenie umiej\u0119tno\u015bci planowania i samodzielnego wykonywania\u00a0eksperyment\u00f3w;<\/span><\/li>\n<\/ul>\n<ul style=\"text-align: justify;\">\n<li><span style=\"font-size: 12pt;\">kszta\u0142cenie umiej\u0119tno\u015bci opracowywania i prezentowania wynik\u00f3w do\u015bwiadcze\u0144 oraz oceny wiarygodno\u015bci przeprowadzonych eksperyment\u00f3w;<\/span><\/li>\n<\/ul>\n<ul style=\"text-align: justify;\">\n<li style=\"text-align: justify;\"><span style=\"font-size: 12pt;\">kszta\u0142cenie umiej\u0119tno\u015bci pos\u0142ugiwania si\u0119 w fizyce modelami oraz \u015bwiadomo\u015bci\u00a0granic ich stosowalno\u015bci;<\/span><\/li>\n<\/ul>\n<ul style=\"text-align: justify;\">\n<li><span style=\"font-size: 12pt;\">kszta\u0142cenie umiej\u0119tno\u015bci rozwi\u0105zania zagadnienia kilkoma metodami;<\/span><\/li>\n<\/ul>\n<p style=\"text-align: justify;\"><span style=\"font-size: 12pt;\">2) Przygotowanie uczni\u00f3w do egzaminu maturalnego z fizyki na poziomie rozszerzonym<\/span><\/p>\n<p style=\"text-align: justify;\"><span style=\"font-size: 12pt;\">3) Przygotowanie uczni\u00f3w do udzia\u0142u w Olimpiadzie Fizycznej, Olimpiadzie Wiedzy Technicznej oraz Konkurs\u00f3w Fizycznych.<\/span><\/p>\n<p><a href=\"https:\/\/animoto.com\/play\/EXAafxDSY8NILHT0csEYFQ\">https:\/\/animoto.com\/play\/EXAafxDSY8NILHT0csEYFQ<\/a><\/p>\n<div style=\"width: 960px;\" class=\"wp-video\"><!--[if lt IE 9]><script>document.createElement('video');<\/script><![endif]-->\n<video class=\"wp-video-shortcode\" id=\"video-1275-1\" width=\"960\" height=\"720\" loop=\"1\" autoplay=\"1\" preload=\"metadata\" controls=\"controls\"><source type=\"video\/mp4\" src=\"http:\/\/zsokwidzyn.pl\/wp-content\/uploads\/2017\/04\/Kolko-fizyczne-w-I-LO-convert-video-online.com_.mp4?_=1\" \/><a href=\"http:\/\/zsokwidzyn.pl\/wp-content\/uploads\/2017\/04\/Kolko-fizyczne-w-I-LO-convert-video-online.com_.mp4\">http:\/\/zsokwidzyn.pl\/wp-content\/uploads\/2017\/04\/Kolko-fizyczne-w-I-LO-convert-video-online.com_.mp4<\/a><\/video><\/div>\n<p><img loading=\"lazy\" decoding=\"async\" class=\"aligncenter wp-image-1771 size-full\" src=\"http:\/\/zsokwidzyn.pl\/wp-content\/uploads\/2017\/04\/Collage_Fotor.jpg\" alt=\"\" width=\"1200\" height=\"899\" srcset=\"https:\/\/zsokwidzyn.pl\/wp-content\/uploads\/2017\/04\/Collage_Fotor.jpg 1200w, https:\/\/zsokwidzyn.pl\/wp-content\/uploads\/2017\/04\/Collage_Fotor-300x225.jpg 300w, https:\/\/zsokwidzyn.pl\/wp-content\/uploads\/2017\/04\/Collage_Fotor-768x575.jpg 768w, https:\/\/zsokwidzyn.pl\/wp-content\/uploads\/2017\/04\/Collage_Fotor-1024x767.jpg 1024w, https:\/\/zsokwidzyn.pl\/wp-content\/uploads\/2017\/04\/Collage_Fotor-678x509.jpg 678w, https:\/\/zsokwidzyn.pl\/wp-content\/uploads\/2017\/04\/Collage_Fotor-326x245.jpg 326w, https:\/\/zsokwidzyn.pl\/wp-content\/uploads\/2017\/04\/Collage_Fotor-80x60.jpg 80w\" sizes=\"auto, (max-width: 1200px) 100vw, 1200px\" \/><\/p>\n<p style=\"text-align: justify;\"><span style=\"font-size: 12pt;\">\r\n<div class=\"ngg-galleryoverview\" id=\"ngg-gallery-161-1275\">\r\n\r\n\t<!-- Slideshow link -->\r\n\t<div class=\"slideshowlink\">\r\n\t\t<a class=\"slideshowlink\" href=\"https:\/\/zsokwidzyn.pl\/index.php\/kolko-fizyczne\/?show=slide\">\r\n\t\t\t[Show as slideshow]\t\t<\/a>\r\n\t<\/div>\r\n\r\n\t\r\n\t<!-- Thumbnails -->\r\n\t\t\r\n\t<div id=\"ngg-image-1892\" class=\"ngg-gallery-thumbnail-box\"  >\r\n\t\t<div class=\"ngg-gallery-thumbnail\" >\r\n\t\t\t<a href=\"https:\/\/zsokwidzyn.pl\/wp-content\/gallery\/kolko-fizyczne\/dsc7954.jpg\" title=\" \" class=\"shutterset_set_161\" >\r\n\t\t\t\t\t\t\t\t<img loading=\"lazy\" decoding=\"async\" title=\"SONY DSC\" alt=\"SONY DSC\" src=\"https:\/\/zsokwidzyn.pl\/wp-content\/gallery\/kolko-fizyczne\/thumbs\/thumbs_dsc7954.jpg\" width=\"100\" height=\"75\" \/>\r\n\t\t\t\t\t\t\t<\/a>\r\n\t\t<\/div>\r\n\t<\/div>\r\n\t\r\n\t\t\r\n \t\t\r\n\t<div id=\"ngg-image-1893\" class=\"ngg-gallery-thumbnail-box\"  >\r\n\t\t<div class=\"ngg-gallery-thumbnail\" >\r\n\t\t\t<a href=\"https:\/\/zsokwidzyn.pl\/wp-content\/gallery\/kolko-fizyczne\/dsc00285.jpg\" title=\" \" class=\"shutterset_set_161\" >\r\n\t\t\t\t\t\t\t\t<img loading=\"lazy\" decoding=\"async\" title=\"dsc00285\" alt=\"dsc00285\" src=\"https:\/\/zsokwidzyn.pl\/wp-content\/gallery\/kolko-fizyczne\/thumbs\/thumbs_dsc00285.jpg\" width=\"100\" height=\"75\" \/>\r\n\t\t\t\t\t\t\t<\/a>\r\n\t\t<\/div>\r\n\t<\/div>\r\n\t\r\n\t\t\r\n \t\t\r\n\t<div id=\"ngg-image-1894\" class=\"ngg-gallery-thumbnail-box\"  >\r\n\t\t<div class=\"ngg-gallery-thumbnail\" >\r\n\t\t\t<a href=\"https:\/\/zsokwidzyn.pl\/wp-content\/gallery\/kolko-fizyczne\/dsc00854.jpg\" title=\" \" class=\"shutterset_set_161\" >\r\n\t\t\t\t\t\t\t\t<img loading=\"lazy\" decoding=\"async\" title=\"dsc00854\" alt=\"dsc00854\" src=\"https:\/\/zsokwidzyn.pl\/wp-content\/gallery\/kolko-fizyczne\/thumbs\/thumbs_dsc00854.jpg\" width=\"100\" height=\"75\" \/>\r\n\t\t\t\t\t\t\t<\/a>\r\n\t\t<\/div>\r\n\t<\/div>\r\n\t\r\n\t\t\r\n \t\t\r\n\t<div id=\"ngg-image-1895\" class=\"ngg-gallery-thumbnail-box\"  >\r\n\t\t<div class=\"ngg-gallery-thumbnail\" >\r\n\t\t\t<a href=\"https:\/\/zsokwidzyn.pl\/wp-content\/gallery\/kolko-fizyczne\/dsc01040.jpg\" title=\" \" class=\"shutterset_set_161\" >\r\n\t\t\t\t\t\t\t\t<img loading=\"lazy\" decoding=\"async\" title=\"dsc01040\" alt=\"dsc01040\" src=\"https:\/\/zsokwidzyn.pl\/wp-content\/gallery\/kolko-fizyczne\/thumbs\/thumbs_dsc01040.jpg\" width=\"100\" height=\"75\" \/>\r\n\t\t\t\t\t\t\t<\/a>\r\n\t\t<\/div>\r\n\t<\/div>\r\n\t\r\n\t\t\r\n \t\t\r\n\t<div id=\"ngg-image-1896\" class=\"ngg-gallery-thumbnail-box\"  >\r\n\t\t<div class=\"ngg-gallery-thumbnail\" >\r\n\t\t\t<a href=\"https:\/\/zsokwidzyn.pl\/wp-content\/gallery\/kolko-fizyczne\/dsc02475.jpg\" title=\" \" class=\"shutterset_set_161\" >\r\n\t\t\t\t\t\t\t\t<img loading=\"lazy\" decoding=\"async\" title=\"dsc02475\" alt=\"dsc02475\" src=\"https:\/\/zsokwidzyn.pl\/wp-content\/gallery\/kolko-fizyczne\/thumbs\/thumbs_dsc02475.jpg\" width=\"100\" height=\"75\" \/>\r\n\t\t\t\t\t\t\t<\/a>\r\n\t\t<\/div>\r\n\t<\/div>\r\n\t\r\n\t\t\r\n \t\t\r\n\t<div id=\"ngg-image-1897\" class=\"ngg-gallery-thumbnail-box\"  >\r\n\t\t<div class=\"ngg-gallery-thumbnail\" >\r\n\t\t\t<a href=\"https:\/\/zsokwidzyn.pl\/wp-content\/gallery\/kolko-fizyczne\/dsc03556.jpg\" title=\" \" class=\"shutterset_set_161\" >\r\n\t\t\t\t\t\t\t\t<img loading=\"lazy\" decoding=\"async\" title=\"dsc03556\" alt=\"dsc03556\" src=\"https:\/\/zsokwidzyn.pl\/wp-content\/gallery\/kolko-fizyczne\/thumbs\/thumbs_dsc03556.jpg\" width=\"100\" height=\"75\" \/>\r\n\t\t\t\t\t\t\t<\/a>\r\n\t\t<\/div>\r\n\t<\/div>\r\n\t\r\n\t\t\r\n \t\t\r\n\t<div id=\"ngg-image-1898\" class=\"ngg-gallery-thumbnail-box\"  >\r\n\t\t<div class=\"ngg-gallery-thumbnail\" >\r\n\t\t\t<a href=\"https:\/\/zsokwidzyn.pl\/wp-content\/gallery\/kolko-fizyczne\/dsc03564.jpg\" title=\" \" class=\"shutterset_set_161\" >\r\n\t\t\t\t\t\t\t\t<img loading=\"lazy\" decoding=\"async\" title=\"dsc03564\" alt=\"dsc03564\" src=\"https:\/\/zsokwidzyn.pl\/wp-content\/gallery\/kolko-fizyczne\/thumbs\/thumbs_dsc03564.jpg\" width=\"100\" height=\"75\" \/>\r\n\t\t\t\t\t\t\t<\/a>\r\n\t\t<\/div>\r\n\t<\/div>\r\n\t\r\n\t\t\r\n \t\t\r\n\t<div id=\"ngg-image-1899\" class=\"ngg-gallery-thumbnail-box\"  >\r\n\t\t<div class=\"ngg-gallery-thumbnail\" >\r\n\t\t\t<a href=\"https:\/\/zsokwidzyn.pl\/wp-content\/gallery\/kolko-fizyczne\/dsc03603.jpg\" title=\" \" class=\"shutterset_set_161\" >\r\n\t\t\t\t\t\t\t\t<img loading=\"lazy\" decoding=\"async\" title=\"dsc03603\" alt=\"dsc03603\" src=\"https:\/\/zsokwidzyn.pl\/wp-content\/gallery\/kolko-fizyczne\/thumbs\/thumbs_dsc03603.jpg\" width=\"100\" height=\"75\" \/>\r\n\t\t\t\t\t\t\t<\/a>\r\n\t\t<\/div>\r\n\t<\/div>\r\n\t\r\n\t\t\r\n \t\t\r\n\t<div id=\"ngg-image-1900\" class=\"ngg-gallery-thumbnail-box\"  >\r\n\t\t<div class=\"ngg-gallery-thumbnail\" >\r\n\t\t\t<a href=\"https:\/\/zsokwidzyn.pl\/wp-content\/gallery\/kolko-fizyczne\/dsc03814.jpg\" title=\" \" class=\"shutterset_set_161\" >\r\n\t\t\t\t\t\t\t\t<img loading=\"lazy\" decoding=\"async\" title=\"dsc03814\" alt=\"dsc03814\" src=\"https:\/\/zsokwidzyn.pl\/wp-content\/gallery\/kolko-fizyczne\/thumbs\/thumbs_dsc03814.jpg\" width=\"100\" height=\"75\" \/>\r\n\t\t\t\t\t\t\t<\/a>\r\n\t\t<\/div>\r\n\t<\/div>\r\n\t\r\n\t\t\r\n \t\t\r\n\t<div id=\"ngg-image-1901\" class=\"ngg-gallery-thumbnail-box\"  >\r\n\t\t<div class=\"ngg-gallery-thumbnail\" >\r\n\t\t\t<a href=\"https:\/\/zsokwidzyn.pl\/wp-content\/gallery\/kolko-fizyczne\/podsum-030.jpg\" title=\" \" class=\"shutterset_set_161\" >\r\n\t\t\t\t\t\t\t\t<img loading=\"lazy\" decoding=\"async\" title=\"podsum-030\" alt=\"podsum-030\" src=\"https:\/\/zsokwidzyn.pl\/wp-content\/gallery\/kolko-fizyczne\/thumbs\/thumbs_podsum-030.jpg\" width=\"100\" height=\"75\" \/>\r\n\t\t\t\t\t\t\t<\/a>\r\n\t\t<\/div>\r\n\t<\/div>\r\n\t\r\n\t\t\r\n \t\t\r\n\t<div id=\"ngg-image-1902\" class=\"ngg-gallery-thumbnail-box\"  >\r\n\t\t<div class=\"ngg-gallery-thumbnail\" >\r\n\t\t\t<a href=\"https:\/\/zsokwidzyn.pl\/wp-content\/gallery\/kolko-fizyczne\/pokaz4.jpg\" title=\" \" class=\"shutterset_set_161\" >\r\n\t\t\t\t\t\t\t\t<img loading=\"lazy\" decoding=\"async\" title=\"pokaz4\" alt=\"pokaz4\" src=\"https:\/\/zsokwidzyn.pl\/wp-content\/gallery\/kolko-fizyczne\/thumbs\/thumbs_pokaz4.jpg\" width=\"100\" height=\"75\" \/>\r\n\t\t\t\t\t\t\t<\/a>\r\n\t\t<\/div>\r\n\t<\/div>\r\n\t\r\n\t\t\r\n \t \t\r\n\t<!-- Pagination -->\r\n \t<div class=\"ngg-clear\"><\/div> \t\r\n<\/div>\r\n\r\n<\/span><\/p>\n<p>&nbsp;<\/p>\n","protected":false},"excerpt":{"rendered":"<div class=\"mh-excerpt\"><p>Opiekun : Joanna Po\u017aniak Cele : 1)\u00a0 Poszerzanie wiedzy uczni\u00f3w z fizyki; rozwini\u0119cie umiej\u0119tno\u015bci stosowania praw i zasad fizyki do rozwi\u0105zywania zada\u0144 rachunkowych i projektowych; <a class=\"mh-excerpt-more\" href=\"https:\/\/zsokwidzyn.pl\/index.php\/kolko-fizyczne\/\" title=\"K\u00f3\u0142ko fizyczne\">[&#8230;]<\/a><\/p>\n<\/div>","protected":false},"author":1,"featured_media":0,"parent":0,"menu_order":0,"comment_status":"closed","ping_status":"closed","template":"","meta":{"footnotes":""},"class_list":["post-1275","page","type-page","status-publish","hentry"],"_links":{"self":[{"href":"https:\/\/zsokwidzyn.pl\/index.php\/wp-json\/wp\/v2\/pages\/1275","targetHints":{"allow":["GET"]}}],"collection":[{"href":"https:\/\/zsokwidzyn.pl\/index.php\/wp-json\/wp\/v2\/pages"}],"about":[{"href":"https:\/\/zsokwidzyn.pl\/index.php\/wp-json\/wp\/v2\/types\/page"}],"author":[{"embeddable":true,"href":"https:\/\/zsokwidzyn.pl\/index.php\/wp-json\/wp\/v2\/users\/1"}],"replies":[{"embeddable":true,"href":"https:\/\/zsokwidzyn.pl\/index.php\/wp-json\/wp\/v2\/comments?post=1275"}],"version-history":[{"count":11,"href":"https:\/\/zsokwidzyn.pl\/index.php\/wp-json\/wp\/v2\/pages\/1275\/revisions"}],"predecessor-version":[{"id":2135,"href":"https:\/\/zsokwidzyn.pl\/index.php\/wp-json\/wp\/v2\/pages\/1275\/revisions\/2135"}],"wp:attachment":[{"href":"https:\/\/zsokwidzyn.pl\/index.php\/wp-json\/wp\/v2\/media?parent=1275"}],"curies":[{"name":"wp","href":"https:\/\/api.w.org\/{rel}","templated":true}]}}