{"id":1433,"date":"2017-06-13T11:17:40","date_gmt":"2017-06-13T09:17:40","guid":{"rendered":"http:\/\/zsokwidzyn.pl\/?page_id=1433"},"modified":"2017-06-13T11:49:09","modified_gmt":"2017-06-13T09:49:09","slug":"piknik-z-ksiazka","status":"publish","type":"page","link":"https:\/\/zsokwidzyn.pl\/index.php\/piknik-z-ksiazka\/","title":{"rendered":"Piknik z Ksi\u0105\u017ck\u0105"},"content":{"rendered":"<p style=\"text-align: justify;\"><span style=\"font-size: 12pt;\">Co roku, w Dzie\u0144 Dziecka, Samorz\u0105d Uczniowski wraz z nauczycielami organizuje piknik. W tym roku wsp\u00f3lne \u015bwi\u0119towanie po\u0142\u0105czone by\u0142o z og\u00f3lnopolsk\u0105 akcj\u0105 czytelnicz\u0105 &#8222;Jak nie czytam, jak czytam&#8221;. Podczas pikniku promowane by\u0142o czytelnictwo, kt\u00f3re przecie\u017c bardzo rozwija wyobra\u017ani\u0119 ka\u017cdego z nas. Na tle przygotowanych przez licealist\u00f3w a promuj\u0105cych czytelnictwo plakat\u00f3w by\u0142o wsp\u00f3lne robienie zdj\u0119\u0107 z ulubionymi ksi\u0105\u017ckami, przebieranie si\u0119 za ksi\u0105\u017ckowe postacie oraz czytanie zar\u00f3wno w j\u0119zyku polskim, jak i angielskim &#8211; bookworms in action- czyli zapraszamy mole ksi\u0105\u017ckowe na koce piknikowe! Wsp\u00f3ln\u0105 zabaw\u0119 u\u015bwietni\u0142 koncert zespo\u0142u ,, Produkt\u201d oraz go\u015bcinnie wyst\u0119puj\u0105cy zesp\u00f3\u0142 error_404, tym razem wspierany wokalem przez Dominik\u0119 Andrzejewsk\u0105 z klasy 1 d. Ka\u017cdy z nas m\u00f3g\u0142 posili\u0107 si\u0119 pyszn\u0105 kie\u0142bask\u0105 z grilla, wypi\u0107 orze\u017awiaj\u0105c\u0105 lemoniad\u0119 a na deser skosztowa\u0107 smakowit\u0105 dro\u017cd\u017c\u00f3wk\u0119. Po kr\u00f3tkiej przerwie przyszed\u0142 czas na konkurencje sportowe. Rywalizacja by\u0142a bardzo zaci\u0119ta, pogoda sprzyja\u0142a, a kolejny ju\u017c piknik, kt\u00f3ry b\u0119dziemy\u00a0 wspomina\u0107, przeszed\u0142 do historii&#8230;Samorz\u0105d Uczniowski.<\/span><\/p>\n<p><iframe loading=\"lazy\" title=\"I LO KWIDZYN Dzie\u0144 Dziecka - Piknik 2017 r.\" width=\"500\" height=\"375\" src=\"https:\/\/www.youtube.com\/embed\/oIxV3V5A_E8?feature=oembed\" frameborder=\"0\" allow=\"accelerometer; autoplay; clipboard-write; encrypted-media; gyroscope; picture-in-picture; web-share\" referrerpolicy=\"strict-origin-when-cross-origin\" allowfullscreen><\/iframe><\/p>\n<p style=\"text-align: justify;\">\r\n<div class=\"ngg-galleryoverview\" id=\"ngg-gallery-141-1433\">\r\n\r\n\t<!-- Slideshow link -->\r\n\t<div class=\"slideshowlink\">\r\n\t\t<a class=\"slideshowlink\" href=\"https:\/\/zsokwidzyn.pl\/index.php\/piknik-z-ksiazka\/?show=slide\">\r\n\t\t\t[Show as slideshow]\t\t<\/a>\r\n\t<\/div>\r\n\r\n\t\r\n\t<!-- Thumbnails -->\r\n\t\t\r\n\t<div id=\"ngg-image-1659\" class=\"ngg-gallery-thumbnail-box\"  >\r\n\t\t<div class=\"ngg-gallery-thumbnail\" >\r\n\t\t\t<a href=\"https:\/\/zsokwidzyn.pl\/wp-content\/gallery\/piknik-z-ksiazka\/img_1868.jpg\" title=\" \" class=\"shutterset_set_141\" >\r\n\t\t\t\t\t\t\t\t<img loading=\"lazy\" decoding=\"async\" title=\"img_1868\" alt=\"img_1868\" src=\"https:\/\/zsokwidzyn.pl\/wp-content\/gallery\/piknik-z-ksiazka\/thumbs\/thumbs_img_1868.jpg\" width=\"100\" height=\"75\" \/>\r\n\t\t\t\t\t\t\t<\/a>\r\n\t\t<\/div>\r\n\t<\/div>\r\n\t\r\n\t\t\r\n \t\t\r\n\t<div id=\"ngg-image-1660\" class=\"ngg-gallery-thumbnail-box\"  >\r\n\t\t<div class=\"ngg-gallery-thumbnail\" >\r\n\t\t\t<a href=\"https:\/\/zsokwidzyn.pl\/wp-content\/gallery\/piknik-z-ksiazka\/img_1873.jpg\" title=\" \" class=\"shutterset_set_141\" >\r\n\t\t\t\t\t\t\t\t<img loading=\"lazy\" decoding=\"async\" title=\"img_1873\" alt=\"img_1873\" src=\"https:\/\/zsokwidzyn.pl\/wp-content\/gallery\/piknik-z-ksiazka\/thumbs\/thumbs_img_1873.jpg\" width=\"100\" height=\"75\" \/>\r\n\t\t\t\t\t\t\t<\/a>\r\n\t\t<\/div>\r\n\t<\/div>\r\n\t\r\n\t\t\r\n \t\t\r\n\t<div id=\"ngg-image-1661\" class=\"ngg-gallery-thumbnail-box\"  >\r\n\t\t<div class=\"ngg-gallery-thumbnail\" >\r\n\t\t\t<a href=\"https:\/\/zsokwidzyn.pl\/wp-content\/gallery\/piknik-z-ksiazka\/img_1877.jpg\" title=\" \" class=\"shutterset_set_141\" >\r\n\t\t\t\t\t\t\t\t<img loading=\"lazy\" decoding=\"async\" title=\"img_1877\" alt=\"img_1877\" src=\"https:\/\/zsokwidzyn.pl\/wp-content\/gallery\/piknik-z-ksiazka\/thumbs\/thumbs_img_1877.jpg\" width=\"100\" height=\"75\" \/>\r\n\t\t\t\t\t\t\t<\/a>\r\n\t\t<\/div>\r\n\t<\/div>\r\n\t\r\n\t\t\r\n \t\t\r\n\t<div id=\"ngg-image-1662\" class=\"ngg-gallery-thumbnail-box\"  >\r\n\t\t<div class=\"ngg-gallery-thumbnail\" >\r\n\t\t\t<a href=\"https:\/\/zsokwidzyn.pl\/wp-content\/gallery\/piknik-z-ksiazka\/img_2001.jpg\" title=\" \" class=\"shutterset_set_141\" >\r\n\t\t\t\t\t\t\t\t<img loading=\"lazy\" decoding=\"async\" title=\"img_2001\" alt=\"img_2001\" src=\"https:\/\/zsokwidzyn.pl\/wp-content\/gallery\/piknik-z-ksiazka\/thumbs\/thumbs_img_2001.jpg\" width=\"100\" height=\"75\" \/>\r\n\t\t\t\t\t\t\t<\/a>\r\n\t\t<\/div>\r\n\t<\/div>\r\n\t\r\n\t\t\r\n \t\t\r\n\t<div id=\"ngg-image-1663\" class=\"ngg-gallery-thumbnail-box\"  >\r\n\t\t<div class=\"ngg-gallery-thumbnail\" >\r\n\t\t\t<a href=\"https:\/\/zsokwidzyn.pl\/wp-content\/gallery\/piknik-z-ksiazka\/img_8346.jpg\" title=\" \" class=\"shutterset_set_141\" >\r\n\t\t\t\t\t\t\t\t<img loading=\"lazy\" decoding=\"async\" title=\"img_8346\" alt=\"img_8346\" src=\"https:\/\/zsokwidzyn.pl\/wp-content\/gallery\/piknik-z-ksiazka\/thumbs\/thumbs_img_8346.jpg\" width=\"100\" height=\"75\" \/>\r\n\t\t\t\t\t\t\t<\/a>\r\n\t\t<\/div>\r\n\t<\/div>\r\n\t\r\n\t\t\r\n \t\t\r\n\t<div id=\"ngg-image-1664\" class=\"ngg-gallery-thumbnail-box\"  >\r\n\t\t<div class=\"ngg-gallery-thumbnail\" >\r\n\t\t\t<a href=\"https:\/\/zsokwidzyn.pl\/wp-content\/gallery\/piknik-z-ksiazka\/img_8350.jpg\" title=\" \" class=\"shutterset_set_141\" >\r\n\t\t\t\t\t\t\t\t<img loading=\"lazy\" decoding=\"async\" title=\"img_8350\" alt=\"img_8350\" src=\"https:\/\/zsokwidzyn.pl\/wp-content\/gallery\/piknik-z-ksiazka\/thumbs\/thumbs_img_8350.jpg\" width=\"100\" height=\"75\" \/>\r\n\t\t\t\t\t\t\t<\/a>\r\n\t\t<\/div>\r\n\t<\/div>\r\n\t\r\n\t\t\r\n \t\t\r\n\t<div id=\"ngg-image-1665\" class=\"ngg-gallery-thumbnail-box\"  >\r\n\t\t<div class=\"ngg-gallery-thumbnail\" >\r\n\t\t\t<a href=\"https:\/\/zsokwidzyn.pl\/wp-content\/gallery\/piknik-z-ksiazka\/img_8355.jpg\" title=\" \" class=\"shutterset_set_141\" >\r\n\t\t\t\t\t\t\t\t<img loading=\"lazy\" decoding=\"async\" title=\"img_8355\" alt=\"img_8355\" src=\"https:\/\/zsokwidzyn.pl\/wp-content\/gallery\/piknik-z-ksiazka\/thumbs\/thumbs_img_8355.jpg\" width=\"100\" height=\"75\" \/>\r\n\t\t\t\t\t\t\t<\/a>\r\n\t\t<\/div>\r\n\t<\/div>\r\n\t\r\n\t\t\r\n \t\t\r\n\t<div id=\"ngg-image-1666\" class=\"ngg-gallery-thumbnail-box\"  >\r\n\t\t<div class=\"ngg-gallery-thumbnail\" >\r\n\t\t\t<a href=\"https:\/\/zsokwidzyn.pl\/wp-content\/gallery\/piknik-z-ksiazka\/img_8367.jpg\" title=\" \" class=\"shutterset_set_141\" >\r\n\t\t\t\t\t\t\t\t<img loading=\"lazy\" decoding=\"async\" title=\"img_8367\" alt=\"img_8367\" src=\"https:\/\/zsokwidzyn.pl\/wp-content\/gallery\/piknik-z-ksiazka\/thumbs\/thumbs_img_8367.jpg\" width=\"100\" height=\"75\" \/>\r\n\t\t\t\t\t\t\t<\/a>\r\n\t\t<\/div>\r\n\t<\/div>\r\n\t\r\n\t\t\r\n \t\t\r\n\t<div id=\"ngg-image-1667\" class=\"ngg-gallery-thumbnail-box\"  >\r\n\t\t<div class=\"ngg-gallery-thumbnail\" >\r\n\t\t\t<a href=\"https:\/\/zsokwidzyn.pl\/wp-content\/gallery\/piknik-z-ksiazka\/img_8401.jpg\" title=\" \" class=\"shutterset_set_141\" >\r\n\t\t\t\t\t\t\t\t<img loading=\"lazy\" decoding=\"async\" title=\"img_8401\" alt=\"img_8401\" src=\"https:\/\/zsokwidzyn.pl\/wp-content\/gallery\/piknik-z-ksiazka\/thumbs\/thumbs_img_8401.jpg\" width=\"100\" height=\"75\" \/>\r\n\t\t\t\t\t\t\t<\/a>\r\n\t\t<\/div>\r\n\t<\/div>\r\n\t\r\n\t\t\r\n \t\t\r\n\t<div id=\"ngg-image-1668\" class=\"ngg-gallery-thumbnail-box\"  >\r\n\t\t<div class=\"ngg-gallery-thumbnail\" >\r\n\t\t\t<a href=\"https:\/\/zsokwidzyn.pl\/wp-content\/gallery\/piknik-z-ksiazka\/img_8406.jpg\" title=\" \" class=\"shutterset_set_141\" >\r\n\t\t\t\t\t\t\t\t<img loading=\"lazy\" decoding=\"async\" title=\"img_8406\" alt=\"img_8406\" src=\"https:\/\/zsokwidzyn.pl\/wp-content\/gallery\/piknik-z-ksiazka\/thumbs\/thumbs_img_8406.jpg\" width=\"100\" height=\"75\" \/>\r\n\t\t\t\t\t\t\t<\/a>\r\n\t\t<\/div>\r\n\t<\/div>\r\n\t\r\n\t\t\r\n \t\t\r\n\t<div id=\"ngg-image-1669\" class=\"ngg-gallery-thumbnail-box\"  >\r\n\t\t<div class=\"ngg-gallery-thumbnail\" >\r\n\t\t\t<a href=\"https:\/\/zsokwidzyn.pl\/wp-content\/gallery\/piknik-z-ksiazka\/img_8420.jpg\" title=\" \" class=\"shutterset_set_141\" >\r\n\t\t\t\t\t\t\t\t<img loading=\"lazy\" decoding=\"async\" title=\"img_8420\" alt=\"img_8420\" src=\"https:\/\/zsokwidzyn.pl\/wp-content\/gallery\/piknik-z-ksiazka\/thumbs\/thumbs_img_8420.jpg\" width=\"100\" height=\"75\" \/>\r\n\t\t\t\t\t\t\t<\/a>\r\n\t\t<\/div>\r\n\t<\/div>\r\n\t\r\n\t\t\r\n \t\t\r\n\t<div id=\"ngg-image-1670\" class=\"ngg-gallery-thumbnail-box\"  >\r\n\t\t<div class=\"ngg-gallery-thumbnail\" >\r\n\t\t\t<a href=\"https:\/\/zsokwidzyn.pl\/wp-content\/gallery\/piknik-z-ksiazka\/img_8444.jpg\" title=\" \" class=\"shutterset_set_141\" >\r\n\t\t\t\t\t\t\t\t<img loading=\"lazy\" decoding=\"async\" title=\"img_8444\" alt=\"img_8444\" src=\"https:\/\/zsokwidzyn.pl\/wp-content\/gallery\/piknik-z-ksiazka\/thumbs\/thumbs_img_8444.jpg\" width=\"100\" height=\"75\" \/>\r\n\t\t\t\t\t\t\t<\/a>\r\n\t\t<\/div>\r\n\t<\/div>\r\n\t\r\n\t\t\r\n \t\t\r\n\t<div id=\"ngg-image-1671\" class=\"ngg-gallery-thumbnail-box\"  >\r\n\t\t<div class=\"ngg-gallery-thumbnail\" >\r\n\t\t\t<a href=\"https:\/\/zsokwidzyn.pl\/wp-content\/gallery\/piknik-z-ksiazka\/img_8503.jpg\" title=\" \" class=\"shutterset_set_141\" >\r\n\t\t\t\t\t\t\t\t<img loading=\"lazy\" decoding=\"async\" title=\"img_8503\" alt=\"img_8503\" src=\"https:\/\/zsokwidzyn.pl\/wp-content\/gallery\/piknik-z-ksiazka\/thumbs\/thumbs_img_8503.jpg\" width=\"100\" height=\"75\" \/>\r\n\t\t\t\t\t\t\t<\/a>\r\n\t\t<\/div>\r\n\t<\/div>\r\n\t\r\n\t\t\r\n \t\t\r\n\t<div id=\"ngg-image-1702\" class=\"ngg-gallery-thumbnail-box\"  >\r\n\t\t<div class=\"ngg-gallery-thumbnail\" >\r\n\t\t\t<a href=\"https:\/\/zsokwidzyn.pl\/wp-content\/gallery\/piknik-z-ksiazka\/fullsizerender.jpg\" title=\" \" class=\"shutterset_set_141\" >\r\n\t\t\t\t\t\t\t\t<img loading=\"lazy\" decoding=\"async\" title=\"fullsizerender\" alt=\"fullsizerender\" src=\"https:\/\/zsokwidzyn.pl\/wp-content\/gallery\/piknik-z-ksiazka\/thumbs\/thumbs_fullsizerender.jpg\" width=\"100\" height=\"75\" \/>\r\n\t\t\t\t\t\t\t<\/a>\r\n\t\t<\/div>\r\n\t<\/div>\r\n\t\r\n\t\t\r\n \t \t\r\n\t<!-- Pagination -->\r\n \t<div class=\"ngg-clear\"><\/div> \t\r\n<\/div>\r\n\r\n<\/p>\n","protected":false},"excerpt":{"rendered":"<div class=\"mh-excerpt\"><p>Co roku, w Dzie\u0144 Dziecka, Samorz\u0105d Uczniowski wraz z nauczycielami organizuje piknik. W tym roku wsp\u00f3lne \u015bwi\u0119towanie po\u0142\u0105czone by\u0142o z og\u00f3lnopolsk\u0105 akcj\u0105 czytelnicz\u0105 &#8222;Jak nie <a class=\"mh-excerpt-more\" href=\"https:\/\/zsokwidzyn.pl\/index.php\/piknik-z-ksiazka\/\" title=\"Piknik z Ksi\u0105\u017ck\u0105\">[&#8230;]<\/a><\/p>\n<\/div>","protected":false},"author":1,"featured_media":0,"parent":0,"menu_order":0,"comment_status":"closed","ping_status":"closed","template":"","meta":{"footnotes":""},"class_list":["post-1433","page","type-page","status-publish","hentry"],"_links":{"self":[{"href":"https:\/\/zsokwidzyn.pl\/index.php\/wp-json\/wp\/v2\/pages\/1433","targetHints":{"allow":["GET"]}}],"collection":[{"href":"https:\/\/zsokwidzyn.pl\/index.php\/wp-json\/wp\/v2\/pages"}],"about":[{"href":"https:\/\/zsokwidzyn.pl\/index.php\/wp-json\/wp\/v2\/types\/page"}],"author":[{"embeddable":true,"href":"https:\/\/zsokwidzyn.pl\/index.php\/wp-json\/wp\/v2\/users\/1"}],"replies":[{"embeddable":true,"href":"https:\/\/zsokwidzyn.pl\/index.php\/wp-json\/wp\/v2\/comments?post=1433"}],"version-history":[{"count":2,"href":"https:\/\/zsokwidzyn.pl\/index.php\/wp-json\/wp\/v2\/pages\/1433\/revisions"}],"predecessor-version":[{"id":1436,"href":"https:\/\/zsokwidzyn.pl\/index.php\/wp-json\/wp\/v2\/pages\/1433\/revisions\/1436"}],"wp:attachment":[{"href":"https:\/\/zsokwidzyn.pl\/index.php\/wp-json\/wp\/v2\/media?parent=1433"}],"curies":[{"name":"wp","href":"https:\/\/api.w.org\/{rel}","templated":true}]}}