{"id":1552,"date":"2017-09-28T11:46:16","date_gmt":"2017-09-28T09:46:16","guid":{"rendered":"http:\/\/zsokwidzyn.pl\/?page_id=1552"},"modified":"2019-09-26T12:57:36","modified_gmt":"2019-09-26T10:57:36","slug":"ubezpieczenie","status":"publish","type":"page","link":"https:\/\/zsokwidzyn.pl\/index.php\/ubezpieczenie\/","title":{"rendered":"Ubezpieczenie"},"content":{"rendered":"<p style=\"text-align: center;\"><span style=\"font-size: 14pt;\"><strong>Rada Rodzic\u00f3w I LO informuje, i\u017c na zebraniu RR w dniu 12.09.2019 r. zosta\u0142a podj\u0119ta decyzja <\/strong><\/span><\/p>\n<p style=\"text-align: center;\"><span style=\"font-size: 24pt;\"><strong><span style=\"text-decoration: underline;\">o nie przyst\u0119powaniu<\/span> <\/strong><\/span><\/p>\n<p style=\"text-align: center;\"><span style=\"font-size: 14pt;\"><strong>do ubezpieczenia zbiorowego uczni\u00f3w NNW.<\/strong><\/span><\/p>\n","protected":false},"excerpt":{"rendered":"<div class=\"mh-excerpt\"><p>Rada Rodzic\u00f3w I LO informuje, i\u017c na zebraniu RR w dniu 12.09.2019 r. zosta\u0142a podj\u0119ta decyzja o nie przyst\u0119powaniu do ubezpieczenia zbiorowego uczni\u00f3w NNW.<\/p>\n<\/div>","protected":false},"author":1,"featured_media":0,"parent":0,"menu_order":0,"comment_status":"closed","ping_status":"closed","template":"","meta":{"footnotes":""},"class_list":["post-1552","page","type-page","status-publish","hentry"],"_links":{"self":[{"href":"https:\/\/zsokwidzyn.pl\/index.php\/wp-json\/wp\/v2\/pages\/1552","targetHints":{"allow":["GET"]}}],"collection":[{"href":"https:\/\/zsokwidzyn.pl\/index.php\/wp-json\/wp\/v2\/pages"}],"about":[{"href":"https:\/\/zsokwidzyn.pl\/index.php\/wp-json\/wp\/v2\/types\/page"}],"author":[{"embeddable":true,"href":"https:\/\/zsokwidzyn.pl\/index.php\/wp-json\/wp\/v2\/users\/1"}],"replies":[{"embeddable":true,"href":"https:\/\/zsokwidzyn.pl\/index.php\/wp-json\/wp\/v2\/comments?post=1552"}],"version-history":[{"count":7,"href":"https:\/\/zsokwidzyn.pl\/index.php\/wp-json\/wp\/v2\/pages\/1552\/revisions"}],"predecessor-version":[{"id":4697,"href":"https:\/\/zsokwidzyn.pl\/index.php\/wp-json\/wp\/v2\/pages\/1552\/revisions\/4697"}],"wp:attachment":[{"href":"https:\/\/zsokwidzyn.pl\/index.php\/wp-json\/wp\/v2\/media?parent=1552"}],"curies":[{"name":"wp","href":"https:\/\/api.w.org\/{rel}","templated":true}]}}