{"id":1763,"date":"2017-11-02T08:23:14","date_gmt":"2017-11-02T07:23:14","guid":{"rendered":"http:\/\/zsokwidzyn.pl\/?page_id=1763"},"modified":"2017-11-02T08:23:26","modified_gmt":"2017-11-02T07:23:26","slug":"podroz-z-historia","status":"publish","type":"page","link":"https:\/\/zsokwidzyn.pl\/index.php\/podroz-z-historia\/","title":{"rendered":"Podr\u00f3\u017c z histori\u0105"},"content":{"rendered":"<p style=\"text-align: justify;\"><span style=\"font-size: 12pt;\">W dniu 18.10.2017 r. klasa 6b (integracyjna) mia\u0142a przyjemno\u015b\u0107 go\u015bci\u0107 w murach ILO w Kwidzynie. Sz\u00f3stoklasi\u015bci zostali przyj\u0119ci po kr\u00f3lewsku. Zwiedzanie rozpocz\u0119\u0142o si\u0119 w Muzeum Szko\u0142y na drugim pi\u0119trze budynku, gdzie na przyby\u0142ych czekali uczniowie klasy trzeciej o profilu pedagogiczno \u2013 psychologicznym. Najstarsi uczniowie I LO w ciekawy i przyst\u0119pny spos\u00f3b przedstawili histori\u0119 swojej szko\u0142y. oprowadzili po salach muzealnych, odpowiadali na pytania go\u015bci. Za \u201edobre sprawowanie\u201d podczas zwiedzania maturzy\u015bci zabrali uczni\u00f3w klasy 6b do auli, gdzie dw\u00f3ch \u015bmia\u0142k\u00f3w mog\u0142o si\u0119 osobi\u015bcie przekona\u0107 jak jest w \u201ehadesie\u201d, do kt\u00f3rego podczas chrztu zgodnie z kilkudziesi\u0119cioletni\u0105 tradycj\u0105 trafiaj\u0105 niegrzeczni beani (pierwszoklasi\u015bci do momentu chrztu w ILO). Na koniec w bibliotece szkolnej dla uczni\u00f3w z Sz\u00f3stki zorganizowano konkurs wiedzowy. Walka mi\u0119dzy dru\u017cynami by\u0142a zaci\u0119ta. Nad wszystkim czuwali przyszli pedagodzy, kt\u00f3rzy nagrodzili uczestnik\u00f3w zabawy w\u0142asnor\u0119cznie wykonanymi zak\u0142adkami do ksi\u0105\u017cek. (Relacja pani Ewy Wierci\u0144skiej-nauczycielki SP 6.)<\/span><\/p>\n\r\n<div class=\"ngg-galleryoverview\" id=\"ngg-gallery-177-1763\">\r\n\r\n\t<!-- Slideshow link -->\r\n\t<div class=\"slideshowlink\">\r\n\t\t<a class=\"slideshowlink\" href=\"https:\/\/zsokwidzyn.pl\/index.php\/podroz-z-historia\/?show=slide\">\r\n\t\t\t[Show as slideshow]\t\t<\/a>\r\n\t<\/div>\r\n\r\n\t\r\n\t<!-- Thumbnails -->\r\n\t\t\r\n\t<div id=\"ngg-image-2060\" class=\"ngg-gallery-thumbnail-box\"  >\r\n\t\t<div class=\"ngg-gallery-thumbnail\" >\r\n\t\t\t<a href=\"https:\/\/zsokwidzyn.pl\/wp-content\/gallery\/podroz-z-historia\/dsc03152.jpg\" title=\" \" class=\"shutterset_set_177\" >\r\n\t\t\t\t\t\t\t\t<img loading=\"lazy\" decoding=\"async\" title=\"dsc03152\" alt=\"dsc03152\" src=\"https:\/\/zsokwidzyn.pl\/wp-content\/gallery\/podroz-z-historia\/thumbs\/thumbs_dsc03152.jpg\" width=\"100\" height=\"75\" \/>\r\n\t\t\t\t\t\t\t<\/a>\r\n\t\t<\/div>\r\n\t<\/div>\r\n\t\r\n\t\t\r\n \t\t\r\n\t<div id=\"ngg-image-2061\" class=\"ngg-gallery-thumbnail-box\"  >\r\n\t\t<div class=\"ngg-gallery-thumbnail\" >\r\n\t\t\t<a href=\"https:\/\/zsokwidzyn.pl\/wp-content\/gallery\/podroz-z-historia\/dsc03156.jpg\" title=\" \" class=\"shutterset_set_177\" >\r\n\t\t\t\t\t\t\t\t<img loading=\"lazy\" decoding=\"async\" title=\"dsc03156\" alt=\"dsc03156\" src=\"https:\/\/zsokwidzyn.pl\/wp-content\/gallery\/podroz-z-historia\/thumbs\/thumbs_dsc03156.jpg\" width=\"100\" height=\"75\" \/>\r\n\t\t\t\t\t\t\t<\/a>\r\n\t\t<\/div>\r\n\t<\/div>\r\n\t\r\n\t\t\r\n \t\t\r\n\t<div id=\"ngg-image-2062\" class=\"ngg-gallery-thumbnail-box\"  >\r\n\t\t<div class=\"ngg-gallery-thumbnail\" >\r\n\t\t\t<a href=\"https:\/\/zsokwidzyn.pl\/wp-content\/gallery\/podroz-z-historia\/image5.jpg\" title=\" \" class=\"shutterset_set_177\" >\r\n\t\t\t\t\t\t\t\t<img loading=\"lazy\" decoding=\"async\" title=\"image5\" alt=\"image5\" src=\"https:\/\/zsokwidzyn.pl\/wp-content\/gallery\/podroz-z-historia\/thumbs\/thumbs_image5.jpg\" width=\"100\" height=\"75\" \/>\r\n\t\t\t\t\t\t\t<\/a>\r\n\t\t<\/div>\r\n\t<\/div>\r\n\t\r\n\t\t\r\n \t\t\r\n\t<div id=\"ngg-image-2063\" class=\"ngg-gallery-thumbnail-box\"  >\r\n\t\t<div class=\"ngg-gallery-thumbnail\" >\r\n\t\t\t<a href=\"https:\/\/zsokwidzyn.pl\/wp-content\/gallery\/podroz-z-historia\/image8.jpg\" title=\" \" class=\"shutterset_set_177\" >\r\n\t\t\t\t\t\t\t\t<img loading=\"lazy\" decoding=\"async\" title=\"image8\" alt=\"image8\" src=\"https:\/\/zsokwidzyn.pl\/wp-content\/gallery\/podroz-z-historia\/thumbs\/thumbs_image8.jpg\" width=\"100\" height=\"75\" \/>\r\n\t\t\t\t\t\t\t<\/a>\r\n\t\t<\/div>\r\n\t<\/div>\r\n\t\r\n\t\t\r\n \t\t\r\n\t<div id=\"ngg-image-2064\" class=\"ngg-gallery-thumbnail-box\"  >\r\n\t\t<div class=\"ngg-gallery-thumbnail\" >\r\n\t\t\t<a href=\"https:\/\/zsokwidzyn.pl\/wp-content\/gallery\/podroz-z-historia\/image12.jpg\" title=\" \" class=\"shutterset_set_177\" >\r\n\t\t\t\t\t\t\t\t<img loading=\"lazy\" decoding=\"async\" title=\"image12\" alt=\"image12\" src=\"https:\/\/zsokwidzyn.pl\/wp-content\/gallery\/podroz-z-historia\/thumbs\/thumbs_image12.jpg\" width=\"100\" height=\"75\" \/>\r\n\t\t\t\t\t\t\t<\/a>\r\n\t\t<\/div>\r\n\t<\/div>\r\n\t\r\n\t\t\r\n \t\t\r\n\t<div id=\"ngg-image-2065\" class=\"ngg-gallery-thumbnail-box\"  >\r\n\t\t<div class=\"ngg-gallery-thumbnail\" >\r\n\t\t\t<a href=\"https:\/\/zsokwidzyn.pl\/wp-content\/gallery\/podroz-z-historia\/image13.jpg\" title=\" \" class=\"shutterset_set_177\" >\r\n\t\t\t\t\t\t\t\t<img loading=\"lazy\" decoding=\"async\" title=\"image13\" alt=\"image13\" src=\"https:\/\/zsokwidzyn.pl\/wp-content\/gallery\/podroz-z-historia\/thumbs\/thumbs_image13.jpg\" width=\"100\" height=\"75\" \/>\r\n\t\t\t\t\t\t\t<\/a>\r\n\t\t<\/div>\r\n\t<\/div>\r\n\t\r\n\t\t\r\n \t\t\r\n\t<div id=\"ngg-image-2066\" class=\"ngg-gallery-thumbnail-box\"  >\r\n\t\t<div class=\"ngg-gallery-thumbnail\" >\r\n\t\t\t<a href=\"https:\/\/zsokwidzyn.pl\/wp-content\/gallery\/podroz-z-historia\/img_3918.jpg\" title=\" \" class=\"shutterset_set_177\" >\r\n\t\t\t\t\t\t\t\t<img loading=\"lazy\" decoding=\"async\" title=\"img_3918\" alt=\"img_3918\" src=\"https:\/\/zsokwidzyn.pl\/wp-content\/gallery\/podroz-z-historia\/thumbs\/thumbs_img_3918.jpg\" width=\"100\" height=\"75\" \/>\r\n\t\t\t\t\t\t\t<\/a>\r\n\t\t<\/div>\r\n\t<\/div>\r\n\t\r\n\t\t\r\n \t\t\r\n\t<div id=\"ngg-image-2067\" class=\"ngg-gallery-thumbnail-box\"  >\r\n\t\t<div class=\"ngg-gallery-thumbnail\" >\r\n\t\t\t<a href=\"https:\/\/zsokwidzyn.pl\/wp-content\/gallery\/podroz-z-historia\/img_3965.jpg\" title=\" \" class=\"shutterset_set_177\" >\r\n\t\t\t\t\t\t\t\t<img loading=\"lazy\" decoding=\"async\" title=\"img_3965\" alt=\"img_3965\" src=\"https:\/\/zsokwidzyn.pl\/wp-content\/gallery\/podroz-z-historia\/thumbs\/thumbs_img_3965.jpg\" width=\"100\" height=\"75\" \/>\r\n\t\t\t\t\t\t\t<\/a>\r\n\t\t<\/div>\r\n\t<\/div>\r\n\t\r\n\t\t\r\n \t\t\r\n\t<div id=\"ngg-image-2068\" class=\"ngg-gallery-thumbnail-box\"  >\r\n\t\t<div class=\"ngg-gallery-thumbnail\" >\r\n\t\t\t<a href=\"https:\/\/zsokwidzyn.pl\/wp-content\/gallery\/podroz-z-historia\/img_3971.jpg\" title=\" \" class=\"shutterset_set_177\" >\r\n\t\t\t\t\t\t\t\t<img loading=\"lazy\" decoding=\"async\" title=\"img_3971\" alt=\"img_3971\" src=\"https:\/\/zsokwidzyn.pl\/wp-content\/gallery\/podroz-z-historia\/thumbs\/thumbs_img_3971.jpg\" width=\"100\" height=\"75\" \/>\r\n\t\t\t\t\t\t\t<\/a>\r\n\t\t<\/div>\r\n\t<\/div>\r\n\t\r\n\t\t\r\n \t \t\r\n\t<!-- Pagination -->\r\n \t<div class=\"ngg-clear\"><\/div> \t\r\n<\/div>\r\n\r\n\n","protected":false},"excerpt":{"rendered":"<div class=\"mh-excerpt\"><p>W dniu 18.10.2017 r. klasa 6b (integracyjna) mia\u0142a przyjemno\u015b\u0107 go\u015bci\u0107 w murach ILO w Kwidzynie. Sz\u00f3stoklasi\u015bci zostali przyj\u0119ci po kr\u00f3lewsku. Zwiedzanie rozpocz\u0119\u0142o si\u0119 w Muzeum <a class=\"mh-excerpt-more\" href=\"https:\/\/zsokwidzyn.pl\/index.php\/podroz-z-historia\/\" title=\"Podr\u00f3\u017c z histori\u0105\">[&#8230;]<\/a><\/p>\n<\/div>","protected":false},"author":1,"featured_media":0,"parent":0,"menu_order":0,"comment_status":"closed","ping_status":"closed","template":"","meta":{"footnotes":""},"class_list":["post-1763","page","type-page","status-publish","hentry"],"_links":{"self":[{"href":"https:\/\/zsokwidzyn.pl\/index.php\/wp-json\/wp\/v2\/pages\/1763","targetHints":{"allow":["GET"]}}],"collection":[{"href":"https:\/\/zsokwidzyn.pl\/index.php\/wp-json\/wp\/v2\/pages"}],"about":[{"href":"https:\/\/zsokwidzyn.pl\/index.php\/wp-json\/wp\/v2\/types\/page"}],"author":[{"embeddable":true,"href":"https:\/\/zsokwidzyn.pl\/index.php\/wp-json\/wp\/v2\/users\/1"}],"replies":[{"embeddable":true,"href":"https:\/\/zsokwidzyn.pl\/index.php\/wp-json\/wp\/v2\/comments?post=1763"}],"version-history":[{"count":2,"href":"https:\/\/zsokwidzyn.pl\/index.php\/wp-json\/wp\/v2\/pages\/1763\/revisions"}],"predecessor-version":[{"id":1765,"href":"https:\/\/zsokwidzyn.pl\/index.php\/wp-json\/wp\/v2\/pages\/1763\/revisions\/1765"}],"wp:attachment":[{"href":"https:\/\/zsokwidzyn.pl\/index.php\/wp-json\/wp\/v2\/media?parent=1763"}],"curies":[{"name":"wp","href":"https:\/\/api.w.org\/{rel}","templated":true}]}}