{"id":1853,"date":"2017-11-09T08:29:33","date_gmt":"2017-11-09T07:29:33","guid":{"rendered":"http:\/\/zsokwidzyn.pl\/?page_id=1853"},"modified":"2017-11-10T13:21:28","modified_gmt":"2017-11-10T12:21:28","slug":"absolwenci-lo-w-latach-1945-2016","status":"publish","type":"page","link":"https:\/\/zsokwidzyn.pl\/index.php\/absolwenci-lo-w-latach-1945-2016\/","title":{"rendered":"Absolwenci LO w latach 1945-2016"},"content":{"rendered":"<p><strong><a href=\"http:\/\/zsokwidzyn.pl\/wp-content\/uploads\/2016\/12\/absolwenci-1945-\u2013-2016.pdf\" target=\"_blank\" rel=\"noopener\">Absolwenci Liceum Og\u00f3lnokszta\u0142c\u0105cego w Kwidzynie w latach 1945 \u2013 2016<\/a><\/strong><\/p>\n<p>&nbsp;<\/p>\n","protected":false},"excerpt":{"rendered":"<div class=\"mh-excerpt\"><p>Absolwenci Liceum Og\u00f3lnokszta\u0142c\u0105cego w Kwidzynie w latach 1945 \u2013 2016 &nbsp;<\/p>\n<\/div>","protected":false},"author":1,"featured_media":0,"parent":0,"menu_order":0,"comment_status":"closed","ping_status":"closed","template":"","meta":{"footnotes":""},"class_list":["post-1853","page","type-page","status-publish","hentry"],"_links":{"self":[{"href":"https:\/\/zsokwidzyn.pl\/index.php\/wp-json\/wp\/v2\/pages\/1853","targetHints":{"allow":["GET"]}}],"collection":[{"href":"https:\/\/zsokwidzyn.pl\/index.php\/wp-json\/wp\/v2\/pages"}],"about":[{"href":"https:\/\/zsokwidzyn.pl\/index.php\/wp-json\/wp\/v2\/types\/page"}],"author":[{"embeddable":true,"href":"https:\/\/zsokwidzyn.pl\/index.php\/wp-json\/wp\/v2\/users\/1"}],"replies":[{"embeddable":true,"href":"https:\/\/zsokwidzyn.pl\/index.php\/wp-json\/wp\/v2\/comments?post=1853"}],"version-history":[{"count":2,"href":"https:\/\/zsokwidzyn.pl\/index.php\/wp-json\/wp\/v2\/pages\/1853\/revisions"}],"predecessor-version":[{"id":1900,"href":"https:\/\/zsokwidzyn.pl\/index.php\/wp-json\/wp\/v2\/pages\/1853\/revisions\/1900"}],"wp:attachment":[{"href":"https:\/\/zsokwidzyn.pl\/index.php\/wp-json\/wp\/v2\/media?parent=1853"}],"curies":[{"name":"wp","href":"https:\/\/api.w.org\/{rel}","templated":true}]}}