{"id":1885,"date":"2017-11-09T13:38:47","date_gmt":"2017-11-09T12:38:47","guid":{"rendered":"http:\/\/zsokwidzyn.pl\/?page_id=1885"},"modified":"2023-12-07T10:04:57","modified_gmt":"2023-12-07T09:04:57","slug":"rada-rodzicow","status":"publish","type":"page","link":"https:\/\/zsokwidzyn.pl\/index.php\/rada-rodzicow\/","title":{"rendered":"Rada Rodzic\u00f3w"},"content":{"rendered":"<div>\n<p class=\"Standard\" style=\"text-align: center;\"><strong>SK\u0141AD RADY RODZIC\u00d3W W ROKU SZKOLNYM 2023\/2024<\/strong><\/p>\n<\/div>\n<div>\n<p class=\"Standard\">\n<\/div>\n<div>\n<p class=\"Standard\">I A \u2013 Pawe\u0142 Paw\u0142owski<\/p>\n<\/div>\n<div>\n<p class=\"Standard\">I B \u2013 \u0141ukasz Marcheluk<\/p>\n<\/div>\n<div>\n<p class=\"Standard\">I C \u2013 Dorota Wi\u015bniewska<\/p>\n<\/div>\n<div>\n<p class=\"Standard\">I D \u2013 Ewa Janik-Nazorek<\/p>\n<\/div>\n<div>\n<p class=\"Standard\">I E \u2013 Robert Rybka<\/p>\n<\/div>\n<div>\n<p class=\"Standard\">I F \u2013 Katarzyna Szewczyk<\/p>\n<\/div>\n<div>\n<p class=\"Standard\">I G \u2013 Karol D\u0105browski<\/p>\n<\/div>\n<div>\n<p class=\"Standard\">\n<\/div>\n<div>\n<p class=\"Standard\">II A \u2013 Zdzis\u0142awa Wojdaszko<\/p>\n<\/div>\n<div>\n<p class=\"Standard\">II B \u2013 Monika Zi\u0119tal<\/p>\n<\/div>\n<div>\n<p class=\"Standard\">II C \u2013 Katarzyna D\u0105browska<\/p>\n<\/div>\n<div>\n<p class=\"Standard\">II D \u2013 Grzegorz G\u0142uszkiewicz<\/p>\n<\/div>\n<div>\n<p class=\"Standard\">II E \u2013 Bartosz G\u0105siorowski<\/p>\n<\/div>\n<div>\n<p class=\"Standard\">II F \u2013 Sylwia Nadolska<\/p>\n<\/div>\n<div>\n<p class=\"Standard\">\n<\/div>\n<div>\n<p class=\"Standard\">III A \u2013 Ewelina Paczkowska<\/p>\n<\/div>\n<div>\n<p class=\"Standard\">III B \u2013 Kamila Gabriel<\/p>\n<\/div>\n<div>\n<p class=\"Standard\">III C \u2013 Adrianna B\u0105kowska-Lis<\/p>\n<\/div>\n<div>\n<p class=\"Standard\">III D \u2013 Ma\u0142gorzata Choma-Skibi\u0144ska<\/p>\n<\/div>\n<div>\n<p class=\"Standard\">III E \u2013 Karina Chmiel<\/p>\n<\/div>\n<div>\n<p class=\"Standard\">\n<\/div>\n<div>\n<p class=\"Standard\">IV A \u2013 Krystyna Szyszko<\/p>\n<\/div>\n<div>\n<p class=\"Standard\">IV B \u2013 Jacek Urbanowicz<\/p>\n<\/div>\n<div>\n<p class=\"Standard\">IV C \u2013 Paulina Czeszejko<\/p>\n<\/div>\n<div>\n<p class=\"Standard\">IV D \u2013 Katarzyna Ma\u0142kowska<\/p>\n<p>&nbsp;<\/p>\n<\/div>\n<p><strong><a href=\"https:\/\/zsokwidzyn.pl\/wp-content\/uploads\/2023\/11\/Regulamin-Rady-Rodzicow.pdf\">Regulamin Rady Rodzic\u00f3w<\/a><\/strong><\/p>\n<p><strong><a href=\"https:\/\/zsokwidzyn.pl\/wp-content\/uploads\/2023\/11\/Uchwala-nr-1-w-sprawie-zatwierdzenia-skladu-Zarzadu-Rady-Rodzicow.pdf\" target=\"_blank\" rel=\"noopener\">Uchwa\u0142a nr 1 w sprawie zatwierdzenia sk\u0142adu Zarz\u0105du Rady Rodzic\u00f3w<\/a><\/strong><\/p>\n<p><strong><a href=\"https:\/\/zsokwidzyn.pl\/wp-content\/uploads\/2023\/11\/Uchwala-nr-2-w-sprawie-zatwierdzenia-skladu-Komisji-Rewizyjnej-Rady-Rodzicow.pdf\" target=\"_blank\" rel=\"noopener\">Uchwa\u0142a nr 2 w sprawie zatwierdzenia sk\u0142adu Komisji Rewizyjnej Rady Rodzic\u00f3w<\/a><\/strong><\/p>\n<p><strong><a href=\"https:\/\/zsokwidzyn.pl\/wp-content\/uploads\/2023\/11\/Uchwala-nr-3-w-sprawie-zatwierdzenia-wysokosci-skladki-na-Rade-Rodzicow.pdf\" target=\"_blank\" rel=\"noopener\">Uchwa\u0142a nr 3 w sprawie zatwierdzenia wysoko\u015bci sk\u0142adki na Rad\u0119 Rodzic\u00f3w<\/a><\/strong><\/p>\n<p><strong><a href=\"https:\/\/zsokwidzyn.pl\/wp-content\/uploads\/2023\/11\/Uchwala-nr-4-w-sprawie-uchwalenia-programu-wychowawczo-profilaktycznego-na-rok-szkolny-2023-2024.pdf\" target=\"_blank\" rel=\"noopener\">Uchwa\u0142a nr 4 w sprawie uchwalenia programu wychowawczo-profilaktycznego na rok szkolny 2023-2024<\/a><\/strong><\/p>\n<p><strong><a href=\"https:\/\/zsokwidzyn.pl\/wp-content\/uploads\/2023\/11\/Uchwala-nr-5-w-sprawie-zaopiniowania-szkolnego-zestawu-programow-nauczania-i-podrecznikow-w-roku-szkolnym-2023-2024.pdf\" target=\"_blank\" rel=\"noopener\">Uchwa\u0142a nr 5 w sprawie zaopiniowania szkolnego zestawu program\u00f3w nauczania i podr\u0119cznik\u00f3w w roku szkolnym 2023-2024<\/a><\/strong><\/p>\n<p><strong><a href=\"https:\/\/zsokwidzyn.pl\/wp-content\/uploads\/2023\/11\/Uchwala-nr-6-w-sprawie-zaopiniowania-propozycji-dni-wolnych-od-zajec-dydaktyczno-wychowawczych-w-roku-szkolnym-2023-2024.pdf\" target=\"_blank\" rel=\"noopener\">Uchwa\u0142a nr 6 w sprawie zaopiniowania propozycji dni wolnych od zaj\u0119\u0107 dydaktyczno-wychowawczych w roku szkolnym 2023-2024<\/a><\/strong><\/p>\n<p>&nbsp;<\/p>\n","protected":false},"excerpt":{"rendered":"<div class=\"mh-excerpt\"><p>SK\u0141AD RADY RODZIC\u00d3W W ROKU SZKOLNYM 2023\/2024 I A \u2013 Pawe\u0142 Paw\u0142owski I B \u2013 \u0141ukasz Marcheluk I C \u2013 Dorota Wi\u015bniewska I D \u2013 <a class=\"mh-excerpt-more\" href=\"https:\/\/zsokwidzyn.pl\/index.php\/rada-rodzicow\/\" title=\"Rada Rodzic\u00f3w\">[&#8230;]<\/a><\/p>\n<\/div>","protected":false},"author":1,"featured_media":0,"parent":0,"menu_order":0,"comment_status":"closed","ping_status":"closed","template":"","meta":{"footnotes":""},"class_list":["post-1885","page","type-page","status-publish","hentry"],"_links":{"self":[{"href":"https:\/\/zsokwidzyn.pl\/index.php\/wp-json\/wp\/v2\/pages\/1885","targetHints":{"allow":["GET"]}}],"collection":[{"href":"https:\/\/zsokwidzyn.pl\/index.php\/wp-json\/wp\/v2\/pages"}],"about":[{"href":"https:\/\/zsokwidzyn.pl\/index.php\/wp-json\/wp\/v2\/types\/page"}],"author":[{"embeddable":true,"href":"https:\/\/zsokwidzyn.pl\/index.php\/wp-json\/wp\/v2\/users\/1"}],"replies":[{"embeddable":true,"href":"https:\/\/zsokwidzyn.pl\/index.php\/wp-json\/wp\/v2\/comments?post=1885"}],"version-history":[{"count":15,"href":"https:\/\/zsokwidzyn.pl\/index.php\/wp-json\/wp\/v2\/pages\/1885\/revisions"}],"predecessor-version":[{"id":5491,"href":"https:\/\/zsokwidzyn.pl\/index.php\/wp-json\/wp\/v2\/pages\/1885\/revisions\/5491"}],"wp:attachment":[{"href":"https:\/\/zsokwidzyn.pl\/index.php\/wp-json\/wp\/v2\/media?parent=1885"}],"curies":[{"name":"wp","href":"https:\/\/api.w.org\/{rel}","templated":true}]}}