{"id":212,"date":"2016-11-06T11:54:04","date_gmt":"2016-11-06T10:54:04","guid":{"rendered":"http:\/\/zsokwidzyn.pl\/?page_id=212"},"modified":"2025-12-22T10:05:35","modified_gmt":"2025-12-22T09:05:35","slug":"dokumenty-szkolne","status":"publish","type":"page","link":"https:\/\/zsokwidzyn.pl\/index.php\/dokumenty-szkolne\/","title":{"rendered":"Dokumenty szkolne"},"content":{"rendered":"<p><strong><a href=\"https:\/\/zsokwidzyn.pl\/wp-content\/uploads\/2024\/11\/Statut-.pdf\" target=\"_blank\" rel=\"noopener\">Statut Zespo\u0142u Szk\u00f3\u0142 Og\u00f3lnokszta\u0142c\u0105cych Nr 1 w Kwidzynie<\/a><\/strong><\/p>\n<p><strong><a href=\"https:\/\/zsokwidzyn.pl\/wp-content\/uploads\/2025\/12\/Statut-na-strone-szkoly.Obowiazuje-od-11.09.-2025-na-strone-szkoly-pop.docx\" target=\"_blank\" rel=\"noopener\">Statut I LICEUM OG\u00d3LNOKSZTA\u0141C\u0104CEGO IM. DR. W\u0141ADYS\u0141AWA G\u0118BIKA D. POLSKIE GIMNAZJUM W KWIDZYNIE ZESP\u00d3\u0141 SZK\u00d3\u0141 OG\u00d3LNOKSZTA\u0141C\u0104CYCH NR 1 W KWIDZYNIE<\/a><\/strong><\/p>\n<p><span style=\"font-size: 12pt; color: #ff00ff;\"><strong><a style=\"color: #ff00ff;\" href=\"http:\/\/zsokwidzyn.pl\/wp-content\/uploads\/2016\/11\/Zasady-Funkcjonowania-Dziennika-Elektronicznego-II-2017-Za\u0142\u0105cznik-nr-2-do-Statutu.pdf\" target=\"_blank\" rel=\"noopener noreferrer\">Zasady funkcjonowania dziennika elektronicznego w ZSO Nr 1 w Kwidzynie<\/a><\/strong><\/span><\/p>\n<p><span style=\"color: #339966;\"><strong><a style=\"color: #339966;\" href=\"https:\/\/zsokwidzyn.pl\/wp-content\/uploads\/2023\/09\/Program-nauczania-WDZ-w-kl.1-liceum-ogolnoksztalcacego.pdf\" target=\"_blank\" rel=\"noopener\">Program nauczania WD\u017b w kl.1 liceum og\u00f3lnokszta\u0142c\u0105cego<\/a><\/strong><\/span><\/p>\n<p><span style=\"color: #339966;\"><strong><a style=\"color: #339966;\" href=\"https:\/\/zsokwidzyn.pl\/wp-content\/uploads\/2023\/09\/Program-nauczania-WDZ-w-kl.-2-liceum-ogolnoksztalcacego.pdf\" target=\"_blank\" rel=\"noopener\">Program nauczania WD\u017b w kl. 2 liceum og\u00f3lnokszta\u0142c\u0105cego<\/a><\/strong><\/span><\/p>\n<p><span style=\"color: #339966;\"><strong><a style=\"color: #339966;\" href=\"https:\/\/zsokwidzyn.pl\/wp-content\/uploads\/2023\/09\/Program-nauczania-WDZ-w-kl.-3-liceum-ogolnoksztalcacego.pdf\" target=\"_blank\" rel=\"noopener\">Program nauczania WD\u017b w kl. 3 liceum og\u00f3lnokszta\u0142c\u0105cego<\/a><\/strong><\/span><\/p>\n<p><strong><a href=\"https:\/\/zsokwidzyn.pl\/wp-content\/uploads\/2025\/04\/Deklaracja-dostepnosci-na-strone-internetowa-szkoly-2024.docx\" target=\"_blank\" rel=\"noopener\">Deklaracja dost\u0119pno\u015bci<\/a><\/strong><\/p>\n<p><strong><a href=\"https:\/\/zsokwidzyn.pl\/wp-content\/uploads\/2024\/11\/STANDARDY_OCHRONYwersja_skrocona.pdf\" target=\"_blank\" rel=\"noopener\">Standardy Ochrony Ma\u0142oletnich w I LO w Kwidzynie.<\/a><\/strong><\/p>\n<p>&nbsp;<\/p>\n","protected":false},"excerpt":{"rendered":"<div class=\"mh-excerpt\"><p>Statut Zespo\u0142u Szk\u00f3\u0142 Og\u00f3lnokszta\u0142c\u0105cych Nr 1 w Kwidzynie Statut I LICEUM OG\u00d3LNOKSZTA\u0141C\u0104CEGO IM. DR. W\u0141ADYS\u0141AWA G\u0118BIKA D. POLSKIE GIMNAZJUM W KWIDZYNIE ZESP\u00d3\u0141 SZK\u00d3\u0141 OG\u00d3LNOKSZTA\u0141C\u0104CYCH NR <a class=\"mh-excerpt-more\" href=\"https:\/\/zsokwidzyn.pl\/index.php\/dokumenty-szkolne\/\" title=\"Dokumenty szkolne\">[&#8230;]<\/a><\/p>\n<\/div>","protected":false},"author":1,"featured_media":0,"parent":0,"menu_order":0,"comment_status":"closed","ping_status":"closed","template":"","meta":{"footnotes":""},"class_list":["post-212","page","type-page","status-publish","hentry"],"_links":{"self":[{"href":"https:\/\/zsokwidzyn.pl\/index.php\/wp-json\/wp\/v2\/pages\/212","targetHints":{"allow":["GET"]}}],"collection":[{"href":"https:\/\/zsokwidzyn.pl\/index.php\/wp-json\/wp\/v2\/pages"}],"about":[{"href":"https:\/\/zsokwidzyn.pl\/index.php\/wp-json\/wp\/v2\/types\/page"}],"author":[{"embeddable":true,"href":"https:\/\/zsokwidzyn.pl\/index.php\/wp-json\/wp\/v2\/users\/1"}],"replies":[{"embeddable":true,"href":"https:\/\/zsokwidzyn.pl\/index.php\/wp-json\/wp\/v2\/comments?post=212"}],"version-history":[{"count":39,"href":"https:\/\/zsokwidzyn.pl\/index.php\/wp-json\/wp\/v2\/pages\/212\/revisions"}],"predecessor-version":[{"id":10570,"href":"https:\/\/zsokwidzyn.pl\/index.php\/wp-json\/wp\/v2\/pages\/212\/revisions\/10570"}],"wp:attachment":[{"href":"https:\/\/zsokwidzyn.pl\/index.php\/wp-json\/wp\/v2\/media?parent=212"}],"curies":[{"name":"wp","href":"https:\/\/api.w.org\/{rel}","templated":true}]}}