{"id":2357,"date":"2017-12-21T11:38:11","date_gmt":"2017-12-21T10:38:11","guid":{"rendered":"http:\/\/zsokwidzyn.pl\/?page_id=2357"},"modified":"2017-12-21T11:38:11","modified_gmt":"2017-12-21T10:38:11","slug":"beanstwo-i-swieto-szkoly","status":"publish","type":"page","link":"https:\/\/zsokwidzyn.pl\/index.php\/beanstwo-i-swieto-szkoly\/","title":{"rendered":"Bea\u0144stwo i \u015awi\u0119to Szko\u0142y"},"content":{"rendered":"","protected":false},"excerpt":{"rendered":"<div class=\"mh-excerpt\"><\/div>","protected":false},"author":1,"featured_media":0,"parent":0,"menu_order":0,"comment_status":"closed","ping_status":"closed","template":"","meta":{"footnotes":""},"class_list":["post-2357","page","type-page","status-publish","hentry"],"_links":{"self":[{"href":"https:\/\/zsokwidzyn.pl\/index.php\/wp-json\/wp\/v2\/pages\/2357","targetHints":{"allow":["GET"]}}],"collection":[{"href":"https:\/\/zsokwidzyn.pl\/index.php\/wp-json\/wp\/v2\/pages"}],"about":[{"href":"https:\/\/zsokwidzyn.pl\/index.php\/wp-json\/wp\/v2\/types\/page"}],"author":[{"embeddable":true,"href":"https:\/\/zsokwidzyn.pl\/index.php\/wp-json\/wp\/v2\/users\/1"}],"replies":[{"embeddable":true,"href":"https:\/\/zsokwidzyn.pl\/index.php\/wp-json\/wp\/v2\/comments?post=2357"}],"version-history":[{"count":1,"href":"https:\/\/zsokwidzyn.pl\/index.php\/wp-json\/wp\/v2\/pages\/2357\/revisions"}],"predecessor-version":[{"id":2358,"href":"https:\/\/zsokwidzyn.pl\/index.php\/wp-json\/wp\/v2\/pages\/2357\/revisions\/2358"}],"wp:attachment":[{"href":"https:\/\/zsokwidzyn.pl\/index.php\/wp-json\/wp\/v2\/media?parent=2357"}],"curies":[{"name":"wp","href":"https:\/\/api.w.org\/{rel}","templated":true}]}}