{"id":237,"date":"2016-11-06T11:57:43","date_gmt":"2016-11-06T10:57:43","guid":{"rendered":"http:\/\/zsokwidzyn.pl\/?page_id=237"},"modified":"2018-04-20T08:43:45","modified_gmt":"2018-04-20T06:43:45","slug":"kolko-teatralne-jezyka-angielskiego","status":"publish","type":"page","link":"https:\/\/zsokwidzyn.pl\/index.php\/kolko-teatralne-jezyka-angielskiego\/","title":{"rendered":"Drama Club"},"content":{"rendered":"<p style=\"text-align: center;\"><strong><span style=\"font-size: 12pt; color: #000000;\">KO\u0141O TEATRALNE W J\u0118ZYKU ANGIELSKIM<\/span><\/strong><span style=\"font-size: 12pt; color: #000000; background-color: #ffff00;\"><em><strong><br \/>\n<\/strong><\/em><\/span><\/p>\n<p style=\"text-align: center;\"><img loading=\"lazy\" decoding=\"async\" class=\"aligncenter size-full wp-image-1459\" src=\"http:\/\/zsokwidzyn.pl\/wp-content\/uploads\/2016\/11\/zak\u0142adka.jpg\" alt=\"\" width=\"2657\" height=\"591\" srcset=\"https:\/\/zsokwidzyn.pl\/wp-content\/uploads\/2016\/11\/zak\u0142adka.jpg 2657w, https:\/\/zsokwidzyn.pl\/wp-content\/uploads\/2016\/11\/zak\u0142adka-300x67.jpg 300w, https:\/\/zsokwidzyn.pl\/wp-content\/uploads\/2016\/11\/zak\u0142adka-768x171.jpg 768w, https:\/\/zsokwidzyn.pl\/wp-content\/uploads\/2016\/11\/zak\u0142adka-1024x228.jpg 1024w\" sizes=\"auto, (max-width: 2657px) 100vw, 2657px\" \/><\/p>\n<p style=\"text-align: center;\"><strong><span style=\"color: #000000;\"><span style=\"font-size: 12pt;\">OPIEKUNOWIE: Anna Jarzynka,<\/span><span style=\"font-size: 12pt;\">\u00a0 Gra\u017cyna Urbanowicz<\/span><\/span><\/strong><\/p>\n<p style=\"text-align: center;\"><span style=\"font-size: 12pt; color: #000000;\">Zaj\u0119cia szkolnego Drama Club polegaj\u0105 na umiej\u0119tno\u015bci \u0142\u0105czenia zagadnie\u0144 z dziedziny teatru i j\u0119zyka angielskiego.<\/span><\/p>\n<p style=\"text-align: center;\"><span style=\"font-size: 12pt; color: #000000;\">Je\u015bli pragniesz:<\/span><\/p>\n<p style=\"text-align: center;\"><span style=\"font-size: 12pt; color: #000000;\">&#8211; rozwija\u0107 si\u0119 scenicznie;<\/span><\/p>\n<p style=\"text-align: center;\"><span style=\"font-size: 12pt; color: #000000;\">&#8211; nabywa\u0107 umiej\u0119tno\u015bci komunikacji w j\u0119zyku angielskim;<\/span><\/p>\n<p style=\"text-align: center;\"><span style=\"font-size: 12pt; color: #000000;\">&#8211; tw\u00f3rczo sp\u0119dzi\u0107 czas;<\/span><\/p>\n<p style=\"text-align: center;\"><span style=\"font-size: 12pt; color: #000000;\">A dodatkowo jeste\u015b osob\u0105 otwart\u0105 na nowe wyzwania:<\/span><\/p>\n<p style=\"text-align: center;\"><strong><span style=\"font-size: 12pt; color: #0000ff;\">YOU ARE MORE THAN WELCOME TO OUR DRAMA CLUB!<\/span><\/strong><\/p>\n<p style=\"text-align: center;\"><span style=\"font-size: 12pt; color: #000000;\">Dotychczas wystawili\u015bmy na du\u017cej scenie przedstawienie Christmas Carol oraz skecze dla spo\u0142eczno\u015bci szkolnej i miejskiej.<\/span><\/p>\n<p style=\"text-align: center;\"><span style=\"font-size: 12pt; color: #000000;\">Zapraszamy do odwiedzania naszej galerii.<\/span><\/p>\n<p style=\"text-align: justify;\"><span style=\"font-size: 12pt;\"><strong>The Tempest by William Shakespeare<\/strong><\/span><\/p>\n<p style=\"text-align: justify;\"><span style=\"font-size: 12pt;\">\r\n<div class=\"ngg-galleryoverview\" id=\"ngg-gallery-202-237\">\r\n\r\n\t<!-- Slideshow link -->\r\n\t<div class=\"slideshowlink\">\r\n\t\t<a class=\"slideshowlink\" href=\"https:\/\/zsokwidzyn.pl\/index.php\/kolko-teatralne-jezyka-angielskiego\/?show=slide\">\r\n\t\t\t[Show as slideshow]\t\t<\/a>\r\n\t<\/div>\r\n\r\n\t\r\n\t<!-- Thumbnails -->\r\n\t\t\r\n\t<div id=\"ngg-image-2673\" class=\"ngg-gallery-thumbnail-box\"  >\r\n\t\t<div class=\"ngg-gallery-thumbnail\" >\r\n\t\t\t<a href=\"https:\/\/zsokwidzyn.pl\/wp-content\/gallery\/teatralia-2017\/dsc0037.jpg\" title=\" \" class=\"shutterset_set_202\" >\r\n\t\t\t\t\t\t\t\t<img loading=\"lazy\" decoding=\"async\" title=\"dsc0037\" alt=\"dsc0037\" src=\"https:\/\/zsokwidzyn.pl\/wp-content\/gallery\/teatralia-2017\/thumbs\/thumbs_dsc0037.jpg\" width=\"100\" height=\"75\" \/>\r\n\t\t\t\t\t\t\t<\/a>\r\n\t\t<\/div>\r\n\t<\/div>\r\n\t\r\n\t\t\r\n \t\t\r\n\t<div id=\"ngg-image-2674\" class=\"ngg-gallery-thumbnail-box\"  >\r\n\t\t<div class=\"ngg-gallery-thumbnail\" >\r\n\t\t\t<a href=\"https:\/\/zsokwidzyn.pl\/wp-content\/gallery\/teatralia-2017\/dsc0040.jpg\" title=\" \" class=\"shutterset_set_202\" >\r\n\t\t\t\t\t\t\t\t<img loading=\"lazy\" decoding=\"async\" title=\"dsc0040\" alt=\"dsc0040\" src=\"https:\/\/zsokwidzyn.pl\/wp-content\/gallery\/teatralia-2017\/thumbs\/thumbs_dsc0040.jpg\" width=\"100\" height=\"75\" \/>\r\n\t\t\t\t\t\t\t<\/a>\r\n\t\t<\/div>\r\n\t<\/div>\r\n\t\r\n\t\t\r\n \t\t\r\n\t<div id=\"ngg-image-2675\" class=\"ngg-gallery-thumbnail-box\"  >\r\n\t\t<div class=\"ngg-gallery-thumbnail\" >\r\n\t\t\t<a href=\"https:\/\/zsokwidzyn.pl\/wp-content\/gallery\/teatralia-2017\/dsc0071.jpg\" title=\" \" class=\"shutterset_set_202\" >\r\n\t\t\t\t\t\t\t\t<img loading=\"lazy\" decoding=\"async\" title=\"dsc0071\" alt=\"dsc0071\" src=\"https:\/\/zsokwidzyn.pl\/wp-content\/gallery\/teatralia-2017\/thumbs\/thumbs_dsc0071.jpg\" width=\"100\" height=\"75\" \/>\r\n\t\t\t\t\t\t\t<\/a>\r\n\t\t<\/div>\r\n\t<\/div>\r\n\t\r\n\t\t\r\n \t\t\r\n\t<div id=\"ngg-image-2676\" class=\"ngg-gallery-thumbnail-box\"  >\r\n\t\t<div class=\"ngg-gallery-thumbnail\" >\r\n\t\t\t<a href=\"https:\/\/zsokwidzyn.pl\/wp-content\/gallery\/teatralia-2017\/dsc0075.jpg\" title=\" \" class=\"shutterset_set_202\" >\r\n\t\t\t\t\t\t\t\t<img loading=\"lazy\" decoding=\"async\" title=\"dsc0075\" alt=\"dsc0075\" src=\"https:\/\/zsokwidzyn.pl\/wp-content\/gallery\/teatralia-2017\/thumbs\/thumbs_dsc0075.jpg\" width=\"100\" height=\"75\" \/>\r\n\t\t\t\t\t\t\t<\/a>\r\n\t\t<\/div>\r\n\t<\/div>\r\n\t\r\n\t\t\r\n \t\t\r\n\t<div id=\"ngg-image-2677\" class=\"ngg-gallery-thumbnail-box\"  >\r\n\t\t<div class=\"ngg-gallery-thumbnail\" >\r\n\t\t\t<a href=\"https:\/\/zsokwidzyn.pl\/wp-content\/gallery\/teatralia-2017\/dsc0091.jpg\" title=\" \" class=\"shutterset_set_202\" >\r\n\t\t\t\t\t\t\t\t<img loading=\"lazy\" decoding=\"async\" title=\"dsc0091\" alt=\"dsc0091\" src=\"https:\/\/zsokwidzyn.pl\/wp-content\/gallery\/teatralia-2017\/thumbs\/thumbs_dsc0091.jpg\" width=\"100\" height=\"75\" \/>\r\n\t\t\t\t\t\t\t<\/a>\r\n\t\t<\/div>\r\n\t<\/div>\r\n\t\r\n\t\t\r\n \t\t\r\n\t<div id=\"ngg-image-2678\" class=\"ngg-gallery-thumbnail-box\"  >\r\n\t\t<div class=\"ngg-gallery-thumbnail\" >\r\n\t\t\t<a href=\"https:\/\/zsokwidzyn.pl\/wp-content\/gallery\/teatralia-2017\/dsc0106.jpg\" title=\" \" class=\"shutterset_set_202\" >\r\n\t\t\t\t\t\t\t\t<img loading=\"lazy\" decoding=\"async\" title=\"dsc0106\" alt=\"dsc0106\" src=\"https:\/\/zsokwidzyn.pl\/wp-content\/gallery\/teatralia-2017\/thumbs\/thumbs_dsc0106.jpg\" width=\"100\" height=\"75\" \/>\r\n\t\t\t\t\t\t\t<\/a>\r\n\t\t<\/div>\r\n\t<\/div>\r\n\t\r\n\t\t\r\n \t\t\r\n\t<div id=\"ngg-image-2679\" class=\"ngg-gallery-thumbnail-box\"  >\r\n\t\t<div class=\"ngg-gallery-thumbnail\" >\r\n\t\t\t<a href=\"https:\/\/zsokwidzyn.pl\/wp-content\/gallery\/teatralia-2017\/dsc_2223.jpg\" title=\" \" class=\"shutterset_set_202\" >\r\n\t\t\t\t\t\t\t\t<img loading=\"lazy\" decoding=\"async\" title=\"dsc_2223\" alt=\"dsc_2223\" src=\"https:\/\/zsokwidzyn.pl\/wp-content\/gallery\/teatralia-2017\/thumbs\/thumbs_dsc_2223.jpg\" width=\"100\" height=\"75\" \/>\r\n\t\t\t\t\t\t\t<\/a>\r\n\t\t<\/div>\r\n\t<\/div>\r\n\t\r\n\t\t\r\n \t\t\r\n\t<div id=\"ngg-image-2680\" class=\"ngg-gallery-thumbnail-box\"  >\r\n\t\t<div class=\"ngg-gallery-thumbnail\" >\r\n\t\t\t<a href=\"https:\/\/zsokwidzyn.pl\/wp-content\/gallery\/teatralia-2017\/dsc_2226.jpg\" title=\" \" class=\"shutterset_set_202\" >\r\n\t\t\t\t\t\t\t\t<img loading=\"lazy\" decoding=\"async\" title=\"dsc_2226\" alt=\"dsc_2226\" src=\"https:\/\/zsokwidzyn.pl\/wp-content\/gallery\/teatralia-2017\/thumbs\/thumbs_dsc_2226.jpg\" width=\"100\" height=\"75\" \/>\r\n\t\t\t\t\t\t\t<\/a>\r\n\t\t<\/div>\r\n\t<\/div>\r\n\t\r\n\t\t\r\n \t\t\r\n\t<div id=\"ngg-image-2681\" class=\"ngg-gallery-thumbnail-box\"  >\r\n\t\t<div class=\"ngg-gallery-thumbnail\" >\r\n\t\t\t<a href=\"https:\/\/zsokwidzyn.pl\/wp-content\/gallery\/teatralia-2017\/dsc_2235.jpg\" title=\" \" class=\"shutterset_set_202\" >\r\n\t\t\t\t\t\t\t\t<img loading=\"lazy\" decoding=\"async\" title=\"dsc_2235\" alt=\"dsc_2235\" src=\"https:\/\/zsokwidzyn.pl\/wp-content\/gallery\/teatralia-2017\/thumbs\/thumbs_dsc_2235.jpg\" width=\"100\" height=\"75\" \/>\r\n\t\t\t\t\t\t\t<\/a>\r\n\t\t<\/div>\r\n\t<\/div>\r\n\t\r\n\t\t\r\n \t\t\r\n\t<div id=\"ngg-image-2682\" class=\"ngg-gallery-thumbnail-box\"  >\r\n\t\t<div class=\"ngg-gallery-thumbnail\" >\r\n\t\t\t<a href=\"https:\/\/zsokwidzyn.pl\/wp-content\/gallery\/teatralia-2017\/dsc_2238.jpg\" title=\" \" class=\"shutterset_set_202\" >\r\n\t\t\t\t\t\t\t\t<img loading=\"lazy\" decoding=\"async\" title=\"dsc_2238\" alt=\"dsc_2238\" src=\"https:\/\/zsokwidzyn.pl\/wp-content\/gallery\/teatralia-2017\/thumbs\/thumbs_dsc_2238.jpg\" width=\"100\" height=\"75\" \/>\r\n\t\t\t\t\t\t\t<\/a>\r\n\t\t<\/div>\r\n\t<\/div>\r\n\t\r\n\t\t\r\n \t \t\r\n\t<!-- Pagination -->\r\n \t<div class=\"ngg-clear\"><\/div> \t\r\n<\/div>\r\n\r\n<\/span><\/p>\n<p style=\"text-align: justify;\"><span style=\"font-size: 12pt;\"><strong>Christmas Carol by Charles Dickens<\/strong> <\/span><\/p>\n<p style=\"text-align: justify;\"><span style=\"font-size: 12pt; color: #000000;\">\r\n<div class=\"ngg-galleryoverview\" id=\"ngg-gallery-80-237\">\r\n\r\n\t<!-- Slideshow link -->\r\n\t<div class=\"slideshowlink\">\r\n\t\t<a class=\"slideshowlink\" href=\"https:\/\/zsokwidzyn.pl\/index.php\/kolko-teatralne-jezyka-angielskiego\/?show=slide\">\r\n\t\t\t[Show as slideshow]\t\t<\/a>\r\n\t<\/div>\r\n\r\n\t\r\n\t<!-- Thumbnails -->\r\n\t\t\r\n\t<div id=\"ngg-image-983\" class=\"ngg-gallery-thumbnail-box\"  >\r\n\t\t<div class=\"ngg-gallery-thumbnail\" >\r\n\t\t\t<a href=\"https:\/\/zsokwidzyn.pl\/wp-content\/gallery\/j-angielski-opowiesc\/christmascarolposter.jpg\" title=\" \" class=\"shutterset_set_80\" >\r\n\t\t\t\t\t\t\t\t<img loading=\"lazy\" decoding=\"async\" title=\"christmascarolposter\" alt=\"christmascarolposter\" src=\"https:\/\/zsokwidzyn.pl\/wp-content\/gallery\/j-angielski-opowiesc\/thumbs\/thumbs_christmascarolposter.jpg\" width=\"100\" height=\"75\" \/>\r\n\t\t\t\t\t\t\t<\/a>\r\n\t\t<\/div>\r\n\t<\/div>\r\n\t\r\n\t\t\r\n \t\t\r\n\t<div id=\"ngg-image-984\" class=\"ngg-gallery-thumbnail-box\"  >\r\n\t\t<div class=\"ngg-gallery-thumbnail\" >\r\n\t\t\t<a href=\"https:\/\/zsokwidzyn.pl\/wp-content\/gallery\/j-angielski-opowiesc\/dsc_9528.jpg\" title=\" \" class=\"shutterset_set_80\" >\r\n\t\t\t\t\t\t\t\t<img loading=\"lazy\" decoding=\"async\" title=\"dsc_9528\" alt=\"dsc_9528\" src=\"https:\/\/zsokwidzyn.pl\/wp-content\/gallery\/j-angielski-opowiesc\/thumbs\/thumbs_dsc_9528.jpg\" width=\"100\" height=\"75\" \/>\r\n\t\t\t\t\t\t\t<\/a>\r\n\t\t<\/div>\r\n\t<\/div>\r\n\t\r\n\t\t\r\n \t\t\r\n\t<div id=\"ngg-image-985\" class=\"ngg-gallery-thumbnail-box\"  >\r\n\t\t<div class=\"ngg-gallery-thumbnail\" >\r\n\t\t\t<a href=\"https:\/\/zsokwidzyn.pl\/wp-content\/gallery\/j-angielski-opowiesc\/dsc_9529.jpg\" title=\" \" class=\"shutterset_set_80\" >\r\n\t\t\t\t\t\t\t\t<img loading=\"lazy\" decoding=\"async\" title=\"dsc_9529\" alt=\"dsc_9529\" src=\"https:\/\/zsokwidzyn.pl\/wp-content\/gallery\/j-angielski-opowiesc\/thumbs\/thumbs_dsc_9529.jpg\" width=\"100\" height=\"75\" \/>\r\n\t\t\t\t\t\t\t<\/a>\r\n\t\t<\/div>\r\n\t<\/div>\r\n\t\r\n\t\t\r\n \t\t\r\n\t<div id=\"ngg-image-986\" class=\"ngg-gallery-thumbnail-box\"  >\r\n\t\t<div class=\"ngg-gallery-thumbnail\" >\r\n\t\t\t<a href=\"https:\/\/zsokwidzyn.pl\/wp-content\/gallery\/j-angielski-opowiesc\/dsc_9614.jpg\" title=\" \" class=\"shutterset_set_80\" >\r\n\t\t\t\t\t\t\t\t<img loading=\"lazy\" decoding=\"async\" title=\"dsc_9614\" alt=\"dsc_9614\" src=\"https:\/\/zsokwidzyn.pl\/wp-content\/gallery\/j-angielski-opowiesc\/thumbs\/thumbs_dsc_9614.jpg\" width=\"100\" height=\"75\" \/>\r\n\t\t\t\t\t\t\t<\/a>\r\n\t\t<\/div>\r\n\t<\/div>\r\n\t\r\n\t\t\r\n \t\t\r\n\t<div id=\"ngg-image-987\" class=\"ngg-gallery-thumbnail-box\"  >\r\n\t\t<div class=\"ngg-gallery-thumbnail\" >\r\n\t\t\t<a href=\"https:\/\/zsokwidzyn.pl\/wp-content\/gallery\/j-angielski-opowiesc\/spektak.jpg\" title=\" \" class=\"shutterset_set_80\" >\r\n\t\t\t\t\t\t\t\t<img loading=\"lazy\" decoding=\"async\" title=\"spektak\" alt=\"spektak\" src=\"https:\/\/zsokwidzyn.pl\/wp-content\/gallery\/j-angielski-opowiesc\/thumbs\/thumbs_spektak.jpg\" width=\"100\" height=\"75\" \/>\r\n\t\t\t\t\t\t\t<\/a>\r\n\t\t<\/div>\r\n\t<\/div>\r\n\t\r\n\t\t\r\n \t\t\r\n\t<div id=\"ngg-image-988\" class=\"ngg-gallery-thumbnail-box\"  >\r\n\t\t<div class=\"ngg-gallery-thumbnail\" >\r\n\t\t\t<a href=\"https:\/\/zsokwidzyn.pl\/wp-content\/gallery\/j-angielski-opowiesc\/spektaklanny.jpg\" title=\" \" class=\"shutterset_set_80\" >\r\n\t\t\t\t\t\t\t\t<img loading=\"lazy\" decoding=\"async\" title=\"spektaklanny\" alt=\"spektaklanny\" src=\"https:\/\/zsokwidzyn.pl\/wp-content\/gallery\/j-angielski-opowiesc\/thumbs\/thumbs_spektaklanny.jpg\" width=\"100\" height=\"75\" \/>\r\n\t\t\t\t\t\t\t<\/a>\r\n\t\t<\/div>\r\n\t<\/div>\r\n\t\r\n\t\t\r\n \t\t\r\n\t<div id=\"ngg-image-989\" class=\"ngg-gallery-thumbnail-box\"  >\r\n\t\t<div class=\"ngg-gallery-thumbnail\" >\r\n\t\t\t<a href=\"https:\/\/zsokwidzyn.pl\/wp-content\/gallery\/j-angielski-opowiesc\/spektani.jpg\" title=\" \" class=\"shutterset_set_80\" >\r\n\t\t\t\t\t\t\t\t<img loading=\"lazy\" decoding=\"async\" title=\"spektani\" alt=\"spektani\" src=\"https:\/\/zsokwidzyn.pl\/wp-content\/gallery\/j-angielski-opowiesc\/thumbs\/thumbs_spektani.jpg\" width=\"100\" height=\"75\" \/>\r\n\t\t\t\t\t\t\t<\/a>\r\n\t\t<\/div>\r\n\t<\/div>\r\n\t\r\n\t\t\r\n \t \t\r\n\t<!-- Pagination -->\r\n \t<div class=\"ngg-clear\"><\/div> \t\r\n<\/div>\r\n\r\n<\/span><\/p>\n<p style=\"text-align: justify;\"><span style=\"font-size: 12pt;\"><strong>Comedy Sketches<\/strong> <\/span><\/p>\n<p style=\"text-align: justify;\"><span style=\"font-size: 12pt; color: #000000;\">\r\n<div class=\"ngg-galleryoverview\" id=\"ngg-gallery-78-237\">\r\n\r\n\t<!-- Slideshow link -->\r\n\t<div class=\"slideshowlink\">\r\n\t\t<a class=\"slideshowlink\" href=\"https:\/\/zsokwidzyn.pl\/index.php\/kolko-teatralne-jezyka-angielskiego\/?show=slide\">\r\n\t\t\t[Show as slideshow]\t\t<\/a>\r\n\t<\/div>\r\n\r\n\t\r\n\t<!-- Thumbnails -->\r\n\t\t\r\n\t<div id=\"ngg-image-990\" class=\"ngg-gallery-thumbnail-box\"  >\r\n\t\t<div class=\"ngg-gallery-thumbnail\" >\r\n\t\t\t<a href=\"https:\/\/zsokwidzyn.pl\/wp-content\/gallery\/j-angielski-skecze\/1.jpg\" title=\" \" class=\"shutterset_set_78\" >\r\n\t\t\t\t\t\t\t\t<img loading=\"lazy\" decoding=\"async\" title=\"1\" alt=\"1\" src=\"https:\/\/zsokwidzyn.pl\/wp-content\/gallery\/j-angielski-skecze\/thumbs\/thumbs_1.jpg\" width=\"100\" height=\"75\" \/>\r\n\t\t\t\t\t\t\t<\/a>\r\n\t\t<\/div>\r\n\t<\/div>\r\n\t\r\n\t\t\r\n \t\t\r\n\t<div id=\"ngg-image-991\" class=\"ngg-gallery-thumbnail-box\"  >\r\n\t\t<div class=\"ngg-gallery-thumbnail\" >\r\n\t\t\t<a href=\"https:\/\/zsokwidzyn.pl\/wp-content\/gallery\/j-angielski-skecze\/dsc_0023.jpg\" title=\" \" class=\"shutterset_set_78\" >\r\n\t\t\t\t\t\t\t\t<img loading=\"lazy\" decoding=\"async\" title=\"dsc_0023\" alt=\"dsc_0023\" src=\"https:\/\/zsokwidzyn.pl\/wp-content\/gallery\/j-angielski-skecze\/thumbs\/thumbs_dsc_0023.jpg\" width=\"100\" height=\"75\" \/>\r\n\t\t\t\t\t\t\t<\/a>\r\n\t\t<\/div>\r\n\t<\/div>\r\n\t\r\n\t\t\r\n \t\t\r\n\t<div id=\"ngg-image-992\" class=\"ngg-gallery-thumbnail-box\"  >\r\n\t\t<div class=\"ngg-gallery-thumbnail\" >\r\n\t\t\t<a href=\"https:\/\/zsokwidzyn.pl\/wp-content\/gallery\/j-angielski-skecze\/dsc_0026.jpg\" title=\" \" class=\"shutterset_set_78\" >\r\n\t\t\t\t\t\t\t\t<img loading=\"lazy\" decoding=\"async\" title=\"dsc_0026\" alt=\"dsc_0026\" src=\"https:\/\/zsokwidzyn.pl\/wp-content\/gallery\/j-angielski-skecze\/thumbs\/thumbs_dsc_0026.jpg\" width=\"100\" height=\"75\" \/>\r\n\t\t\t\t\t\t\t<\/a>\r\n\t\t<\/div>\r\n\t<\/div>\r\n\t\r\n\t\t\r\n \t\t\r\n\t<div id=\"ngg-image-993\" class=\"ngg-gallery-thumbnail-box\"  >\r\n\t\t<div class=\"ngg-gallery-thumbnail\" >\r\n\t\t\t<a href=\"https:\/\/zsokwidzyn.pl\/wp-content\/gallery\/j-angielski-skecze\/dsc_0027.jpg\" title=\" \" class=\"shutterset_set_78\" >\r\n\t\t\t\t\t\t\t\t<img loading=\"lazy\" decoding=\"async\" title=\"dsc_0027\" alt=\"dsc_0027\" src=\"https:\/\/zsokwidzyn.pl\/wp-content\/gallery\/j-angielski-skecze\/thumbs\/thumbs_dsc_0027.jpg\" width=\"100\" height=\"75\" \/>\r\n\t\t\t\t\t\t\t<\/a>\r\n\t\t<\/div>\r\n\t<\/div>\r\n\t\r\n\t\t\r\n \t\t\r\n\t<div id=\"ngg-image-994\" class=\"ngg-gallery-thumbnail-box\"  >\r\n\t\t<div class=\"ngg-gallery-thumbnail\" >\r\n\t\t\t<a href=\"https:\/\/zsokwidzyn.pl\/wp-content\/gallery\/j-angielski-skecze\/dsc_0030.jpg\" title=\" \" class=\"shutterset_set_78\" >\r\n\t\t\t\t\t\t\t\t<img loading=\"lazy\" decoding=\"async\" title=\"dsc_0030\" alt=\"dsc_0030\" src=\"https:\/\/zsokwidzyn.pl\/wp-content\/gallery\/j-angielski-skecze\/thumbs\/thumbs_dsc_0030.jpg\" width=\"100\" height=\"75\" \/>\r\n\t\t\t\t\t\t\t<\/a>\r\n\t\t<\/div>\r\n\t<\/div>\r\n\t\r\n\t\t\r\n \t\t\r\n\t<div id=\"ngg-image-995\" class=\"ngg-gallery-thumbnail-box\"  >\r\n\t\t<div class=\"ngg-gallery-thumbnail\" >\r\n\t\t\t<a href=\"https:\/\/zsokwidzyn.pl\/wp-content\/gallery\/j-angielski-skecze\/dsc_0031.jpg\" title=\" \" class=\"shutterset_set_78\" >\r\n\t\t\t\t\t\t\t\t<img loading=\"lazy\" decoding=\"async\" title=\"dsc_0031\" alt=\"dsc_0031\" src=\"https:\/\/zsokwidzyn.pl\/wp-content\/gallery\/j-angielski-skecze\/thumbs\/thumbs_dsc_0031.jpg\" width=\"100\" height=\"75\" \/>\r\n\t\t\t\t\t\t\t<\/a>\r\n\t\t<\/div>\r\n\t<\/div>\r\n\t\r\n\t\t\r\n \t\t\r\n\t<div id=\"ngg-image-996\" class=\"ngg-gallery-thumbnail-box\"  >\r\n\t\t<div class=\"ngg-gallery-thumbnail\" >\r\n\t\t\t<a href=\"https:\/\/zsokwidzyn.pl\/wp-content\/gallery\/j-angielski-skecze\/dsc_0033.jpg\" title=\" \" class=\"shutterset_set_78\" >\r\n\t\t\t\t\t\t\t\t<img loading=\"lazy\" decoding=\"async\" title=\"dsc_0033\" alt=\"dsc_0033\" src=\"https:\/\/zsokwidzyn.pl\/wp-content\/gallery\/j-angielski-skecze\/thumbs\/thumbs_dsc_0033.jpg\" width=\"100\" height=\"75\" \/>\r\n\t\t\t\t\t\t\t<\/a>\r\n\t\t<\/div>\r\n\t<\/div>\r\n\t\r\n\t\t\r\n \t \t\r\n\t<!-- Pagination -->\r\n \t<div class=\"ngg-clear\"><\/div> \t\r\n<\/div>\r\n\r\n<\/span><\/p>\n<p style=\"text-align: left;\"><iframe loading=\"lazy\" src=\"\/\/www.youtube.com\/embed\/RRjCnA3ZW8s\" width=\"560\" height=\"314\" allowfullscreen=\"allowfullscreen\"><\/iframe><\/p>\n<p><iframe loading=\"lazy\" title=\"I LO KWIDZYN - TEATRALIA CZ. 2\" width=\"500\" height=\"281\" src=\"https:\/\/www.youtube.com\/embed\/WnlwqnggEwQ?feature=oembed\" frameborder=\"0\" allow=\"accelerometer; autoplay; clipboard-write; encrypted-media; gyroscope; picture-in-picture; web-share\" referrerpolicy=\"strict-origin-when-cross-origin\" allowfullscreen><\/iframe><\/p>\n<p><iframe loading=\"lazy\" title=\"I LO KWIDZYN - TEATRALIA CZ. 3\" width=\"500\" height=\"281\" src=\"https:\/\/www.youtube.com\/embed\/UccrXaeLKeo?feature=oembed\" frameborder=\"0\" allow=\"accelerometer; autoplay; clipboard-write; encrypted-media; gyroscope; picture-in-picture; web-share\" referrerpolicy=\"strict-origin-when-cross-origin\" allowfullscreen><\/iframe><\/p>\n<p><iframe loading=\"lazy\" title=\"I LO KWIDZYN - TEATRALIA CZ. 4\" width=\"500\" height=\"281\" src=\"https:\/\/www.youtube.com\/embed\/hfSs19rZZNg?feature=oembed\" frameborder=\"0\" allow=\"accelerometer; autoplay; clipboard-write; encrypted-media; gyroscope; picture-in-picture; web-share\" referrerpolicy=\"strict-origin-when-cross-origin\" allowfullscreen><\/iframe><\/p>\n<p><iframe loading=\"lazy\" title=\"I LO KWIDZYN - TEATRALIA CZ. 5\" width=\"500\" height=\"281\" src=\"https:\/\/www.youtube.com\/embed\/pibV0QbCXak?feature=oembed\" frameborder=\"0\" allow=\"accelerometer; autoplay; clipboard-write; encrypted-media; gyroscope; picture-in-picture; web-share\" referrerpolicy=\"strict-origin-when-cross-origin\" allowfullscreen><\/iframe><\/p>\n<p>&nbsp;<\/p>\n","protected":false},"excerpt":{"rendered":"<div class=\"mh-excerpt\"><p>KO\u0141O TEATRALNE W J\u0118ZYKU ANGIELSKIM OPIEKUNOWIE: Anna Jarzynka,\u00a0 Gra\u017cyna Urbanowicz Zaj\u0119cia szkolnego Drama Club polegaj\u0105 na umiej\u0119tno\u015bci \u0142\u0105czenia zagadnie\u0144 z dziedziny teatru i j\u0119zyka angielskiego. <a class=\"mh-excerpt-more\" href=\"https:\/\/zsokwidzyn.pl\/index.php\/kolko-teatralne-jezyka-angielskiego\/\" title=\"Drama Club\">[&#8230;]<\/a><\/p>\n<\/div>","protected":false},"author":1,"featured_media":0,"parent":0,"menu_order":0,"comment_status":"closed","ping_status":"closed","template":"","meta":{"footnotes":""},"class_list":["post-237","page","type-page","status-publish","hentry"],"_links":{"self":[{"href":"https:\/\/zsokwidzyn.pl\/index.php\/wp-json\/wp\/v2\/pages\/237","targetHints":{"allow":["GET"]}}],"collection":[{"href":"https:\/\/zsokwidzyn.pl\/index.php\/wp-json\/wp\/v2\/pages"}],"about":[{"href":"https:\/\/zsokwidzyn.pl\/index.php\/wp-json\/wp\/v2\/types\/page"}],"author":[{"embeddable":true,"href":"https:\/\/zsokwidzyn.pl\/index.php\/wp-json\/wp\/v2\/users\/1"}],"replies":[{"embeddable":true,"href":"https:\/\/zsokwidzyn.pl\/index.php\/wp-json\/wp\/v2\/comments?post=237"}],"version-history":[{"count":17,"href":"https:\/\/zsokwidzyn.pl\/index.php\/wp-json\/wp\/v2\/pages\/237\/revisions"}],"predecessor-version":[{"id":2910,"href":"https:\/\/zsokwidzyn.pl\/index.php\/wp-json\/wp\/v2\/pages\/237\/revisions\/2910"}],"wp:attachment":[{"href":"https:\/\/zsokwidzyn.pl\/index.php\/wp-json\/wp\/v2\/media?parent=237"}],"curies":[{"name":"wp","href":"https:\/\/api.w.org\/{rel}","templated":true}]}}