{"id":239,"date":"2016-11-06T11:58:06","date_gmt":"2016-11-06T10:58:06","guid":{"rendered":"http:\/\/zsokwidzyn.pl\/?page_id=239"},"modified":"2017-11-03T13:04:23","modified_gmt":"2017-11-03T12:04:23","slug":"kolko-chemiczne","status":"publish","type":"page","link":"https:\/\/zsokwidzyn.pl\/index.php\/kolko-chemiczne\/","title":{"rendered":"K\u00f3\u0142ko chemiczne"},"content":{"rendered":"<h1 style=\"text-align: left;\"><span style=\"font-size: 14pt;\">Opiekun: Dorota Gerlach<\/span><\/h1>\n<p style=\"text-align: justify;\"><span style=\"font-size: 12pt;\">Celem ko\u0142a chemicznego jest:<\/span><\/p>\n<p style=\"text-align: justify;\"><span style=\"font-size: 12pt;\">a) rozwijanie zainteresowania chemi\u0105 poprzez:<\/span><\/p>\n<p style=\"text-align: justify;\"><span style=\"font-size: 12pt;\">&#8211; pog\u0142\u0119bianie wiedzy chemicznej.<\/span><\/p>\n<p style=\"text-align: justify;\"><span style=\"font-size: 12pt;\">&#8211; rozwijanie umiej\u0119tno\u015bci eksperymentowania.<\/span><\/p>\n<p style=\"text-align: justify;\"><span style=\"font-size: 12pt;\">&#8211; zainteresowanie literatur\u0105 popularnonaukow\u0105.<\/span><\/p>\n<p style=\"text-align: justify;\"><span style=\"font-size: 12pt;\">&#8211; rozwijanie umiej\u0119tno\u015bci rozwi\u0105zywania zada\u0144 chemicznych.<\/span><\/p>\n<p style=\"text-align: justify;\"><span style=\"font-size: 12pt;\">&#8211; popularyzacja wiedzy chemicznej na terenie szko\u0142y i poza szko\u0142\u0105.<\/span><\/p>\n<p style=\"text-align: justify;\"><span style=\"font-size: 12pt;\">b) przygotowanie do egzaminu maturalnego z chemii na poziomie rozszerzonym, by studiowa\u0107 chemi\u0119 lub kierunki pokrewne w tym biologi\u0119, nauki medyczne, farmacj\u0119, ochron\u0119 \u015brodowiska itp.<\/span><\/p>\n<p style=\"text-align: justify;\"><span style=\"font-size: 12pt;\">c) przygotowanie uczni\u00f3w do udzia\u0142u w Olimpiadzie i Konkursach Chemicznych.<\/span><\/p>\n<p><a href=\"https:\/\/animoto.com\/play\/pCzBIVBbZsa2wNyY0hmYew\">https:\/\/animoto.com\/play\/pCzBIVBbZsa2wNyY0hmYew<\/a><\/p>\n<p><img loading=\"lazy\" decoding=\"async\" class=\"aligncenter wp-image-1788 size-full\" src=\"http:\/\/zsokwidzyn.pl\/wp-content\/uploads\/2016\/11\/IMG_1260.jpg\" alt=\"\" width=\"3490\" height=\"3490\" srcset=\"https:\/\/zsokwidzyn.pl\/wp-content\/uploads\/2016\/11\/IMG_1260.jpg 3490w, https:\/\/zsokwidzyn.pl\/wp-content\/uploads\/2016\/11\/IMG_1260-150x150.jpg 150w, https:\/\/zsokwidzyn.pl\/wp-content\/uploads\/2016\/11\/IMG_1260-300x300.jpg 300w, https:\/\/zsokwidzyn.pl\/wp-content\/uploads\/2016\/11\/IMG_1260-768x768.jpg 768w, https:\/\/zsokwidzyn.pl\/wp-content\/uploads\/2016\/11\/IMG_1260-1024x1024.jpg 1024w\" sizes=\"auto, (max-width: 3490px) 100vw, 3490px\" \/><\/p>\n<p style=\"text-align: justify;\"><span style=\"font-size: 12pt;\">\r\n<div class=\"ngg-galleryoverview\" id=\"ngg-gallery-120-239\">\r\n\r\n\t<!-- Slideshow link -->\r\n\t<div class=\"slideshowlink\">\r\n\t\t<a class=\"slideshowlink\" href=\"https:\/\/zsokwidzyn.pl\/index.php\/kolko-chemiczne\/?show=slide\">\r\n\t\t\t[Show as slideshow]\t\t<\/a>\r\n\t<\/div>\r\n\r\n\t\r\n\t<!-- Thumbnails -->\r\n\t\t\r\n\t<div id=\"ngg-image-1440\" class=\"ngg-gallery-thumbnail-box\"  >\r\n\t\t<div class=\"ngg-gallery-thumbnail\" >\r\n\t\t\t<a href=\"https:\/\/zsokwidzyn.pl\/wp-content\/gallery\/kolo-chemiczne\/kolo-chem1.jpg\" title=\" \" class=\"shutterset_set_120\" >\r\n\t\t\t\t\t\t\t\t<img loading=\"lazy\" decoding=\"async\" title=\"kolo-chem1\" alt=\"kolo-chem1\" src=\"https:\/\/zsokwidzyn.pl\/wp-content\/gallery\/kolo-chemiczne\/thumbs\/thumbs_kolo-chem1.jpg\" width=\"100\" height=\"75\" \/>\r\n\t\t\t\t\t\t\t<\/a>\r\n\t\t<\/div>\r\n\t<\/div>\r\n\t\r\n\t\t\r\n \t\t\r\n\t<div id=\"ngg-image-1441\" class=\"ngg-gallery-thumbnail-box\"  >\r\n\t\t<div class=\"ngg-gallery-thumbnail\" >\r\n\t\t\t<a href=\"https:\/\/zsokwidzyn.pl\/wp-content\/gallery\/kolo-chemiczne\/kolo-chem2.jpg\" title=\" \" class=\"shutterset_set_120\" >\r\n\t\t\t\t\t\t\t\t<img loading=\"lazy\" decoding=\"async\" title=\"dav\" alt=\"dav\" src=\"https:\/\/zsokwidzyn.pl\/wp-content\/gallery\/kolo-chemiczne\/thumbs\/thumbs_kolo-chem2.jpg\" width=\"100\" height=\"75\" \/>\r\n\t\t\t\t\t\t\t<\/a>\r\n\t\t<\/div>\r\n\t<\/div>\r\n\t\r\n\t\t\r\n \t\t\r\n\t<div id=\"ngg-image-1442\" class=\"ngg-gallery-thumbnail-box\"  >\r\n\t\t<div class=\"ngg-gallery-thumbnail\" >\r\n\t\t\t<a href=\"https:\/\/zsokwidzyn.pl\/wp-content\/gallery\/kolo-chemiczne\/kolo-chem4.jpg\" title=\" \" class=\"shutterset_set_120\" >\r\n\t\t\t\t\t\t\t\t<img loading=\"lazy\" decoding=\"async\" title=\"kolo-chem4\" alt=\"kolo-chem4\" src=\"https:\/\/zsokwidzyn.pl\/wp-content\/gallery\/kolo-chemiczne\/thumbs\/thumbs_kolo-chem4.jpg\" width=\"100\" height=\"75\" \/>\r\n\t\t\t\t\t\t\t<\/a>\r\n\t\t<\/div>\r\n\t<\/div>\r\n\t\r\n\t\t\r\n \t\t\r\n\t<div id=\"ngg-image-1443\" class=\"ngg-gallery-thumbnail-box\"  >\r\n\t\t<div class=\"ngg-gallery-thumbnail\" >\r\n\t\t\t<a href=\"https:\/\/zsokwidzyn.pl\/wp-content\/gallery\/kolo-chemiczne\/kolo-chem5.jpg\" title=\" \" class=\"shutterset_set_120\" >\r\n\t\t\t\t\t\t\t\t<img loading=\"lazy\" decoding=\"async\" title=\"kolo-chem5\" alt=\"kolo-chem5\" src=\"https:\/\/zsokwidzyn.pl\/wp-content\/gallery\/kolo-chemiczne\/thumbs\/thumbs_kolo-chem5.jpg\" width=\"100\" height=\"75\" \/>\r\n\t\t\t\t\t\t\t<\/a>\r\n\t\t<\/div>\r\n\t<\/div>\r\n\t\r\n\t\t\r\n \t\t\r\n\t<div id=\"ngg-image-1444\" class=\"ngg-gallery-thumbnail-box\"  >\r\n\t\t<div class=\"ngg-gallery-thumbnail\" >\r\n\t\t\t<a href=\"https:\/\/zsokwidzyn.pl\/wp-content\/gallery\/kolo-chemiczne\/kolo-chem6.jpg\" title=\" \" class=\"shutterset_set_120\" >\r\n\t\t\t\t\t\t\t\t<img loading=\"lazy\" decoding=\"async\" title=\"kolo-chem6\" alt=\"kolo-chem6\" src=\"https:\/\/zsokwidzyn.pl\/wp-content\/gallery\/kolo-chemiczne\/thumbs\/thumbs_kolo-chem6.jpg\" width=\"100\" height=\"75\" \/>\r\n\t\t\t\t\t\t\t<\/a>\r\n\t\t<\/div>\r\n\t<\/div>\r\n\t\r\n\t\t\r\n \t\t\r\n\t<div id=\"ngg-image-1445\" class=\"ngg-gallery-thumbnail-box\"  >\r\n\t\t<div class=\"ngg-gallery-thumbnail\" >\r\n\t\t\t<a href=\"https:\/\/zsokwidzyn.pl\/wp-content\/gallery\/kolo-chemiczne\/kolo-chem7.jpg\" title=\" \" class=\"shutterset_set_120\" >\r\n\t\t\t\t\t\t\t\t<img loading=\"lazy\" decoding=\"async\" title=\"kolo-chem7\" alt=\"kolo-chem7\" src=\"https:\/\/zsokwidzyn.pl\/wp-content\/gallery\/kolo-chemiczne\/thumbs\/thumbs_kolo-chem7.jpg\" width=\"100\" height=\"75\" \/>\r\n\t\t\t\t\t\t\t<\/a>\r\n\t\t<\/div>\r\n\t<\/div>\r\n\t\r\n\t\t\r\n \t\t\r\n\t<div id=\"ngg-image-1446\" class=\"ngg-gallery-thumbnail-box\"  >\r\n\t\t<div class=\"ngg-gallery-thumbnail\" >\r\n\t\t\t<a href=\"https:\/\/zsokwidzyn.pl\/wp-content\/gallery\/kolo-chemiczne\/kolo-chem8.jpg\" title=\" \" class=\"shutterset_set_120\" >\r\n\t\t\t\t\t\t\t\t<img loading=\"lazy\" decoding=\"async\" title=\"kolo-chem8\" alt=\"kolo-chem8\" src=\"https:\/\/zsokwidzyn.pl\/wp-content\/gallery\/kolo-chemiczne\/thumbs\/thumbs_kolo-chem8.jpg\" width=\"100\" height=\"75\" \/>\r\n\t\t\t\t\t\t\t<\/a>\r\n\t\t<\/div>\r\n\t<\/div>\r\n\t\r\n\t\t\r\n \t\t\r\n\t<div id=\"ngg-image-1447\" class=\"ngg-gallery-thumbnail-box\"  >\r\n\t\t<div class=\"ngg-gallery-thumbnail\" >\r\n\t\t\t<a href=\"https:\/\/zsokwidzyn.pl\/wp-content\/gallery\/kolo-chemiczne\/kolo-chem9.jpg\" title=\" \" class=\"shutterset_set_120\" >\r\n\t\t\t\t\t\t\t\t<img loading=\"lazy\" decoding=\"async\" title=\"kolo-chem9\" alt=\"kolo-chem9\" src=\"https:\/\/zsokwidzyn.pl\/wp-content\/gallery\/kolo-chemiczne\/thumbs\/thumbs_kolo-chem9.jpg\" width=\"100\" height=\"75\" \/>\r\n\t\t\t\t\t\t\t<\/a>\r\n\t\t<\/div>\r\n\t<\/div>\r\n\t\r\n\t\t\r\n \t\t\r\n\t<div id=\"ngg-image-1450\" class=\"ngg-gallery-thumbnail-box\"  >\r\n\t\t<div class=\"ngg-gallery-thumbnail\" >\r\n\t\t\t<a href=\"https:\/\/zsokwidzyn.pl\/wp-content\/gallery\/kolo-chemiczne\/kolochem.jpg\" title=\" \" class=\"shutterset_set_120\" >\r\n\t\t\t\t\t\t\t\t<img loading=\"lazy\" decoding=\"async\" title=\"kolochem\" alt=\"kolochem\" src=\"https:\/\/zsokwidzyn.pl\/wp-content\/gallery\/kolo-chemiczne\/thumbs\/thumbs_kolochem.jpg\" width=\"100\" height=\"75\" \/>\r\n\t\t\t\t\t\t\t<\/a>\r\n\t\t<\/div>\r\n\t<\/div>\r\n\t\r\n\t\t\r\n \t \t\r\n\t<!-- Pagination -->\r\n \t<div class=\"ngg-clear\"><\/div> \t\r\n<\/div>\r\n\r\n<\/span><\/p>\n","protected":false},"excerpt":{"rendered":"<div class=\"mh-excerpt\"><p>Opiekun: Dorota Gerlach Celem ko\u0142a chemicznego jest: a) rozwijanie zainteresowania chemi\u0105 poprzez: &#8211; pog\u0142\u0119bianie wiedzy chemicznej. &#8211; rozwijanie umiej\u0119tno\u015bci eksperymentowania. &#8211; zainteresowanie literatur\u0105 popularnonaukow\u0105. &#8211; <a class=\"mh-excerpt-more\" href=\"https:\/\/zsokwidzyn.pl\/index.php\/kolko-chemiczne\/\" title=\"K\u00f3\u0142ko chemiczne\">[&#8230;]<\/a><\/p>\n<\/div>","protected":false},"author":1,"featured_media":0,"parent":0,"menu_order":0,"comment_status":"closed","ping_status":"closed","template":"","meta":{"footnotes":""},"class_list":["post-239","page","type-page","status-publish","hentry"],"_links":{"self":[{"href":"https:\/\/zsokwidzyn.pl\/index.php\/wp-json\/wp\/v2\/pages\/239","targetHints":{"allow":["GET"]}}],"collection":[{"href":"https:\/\/zsokwidzyn.pl\/index.php\/wp-json\/wp\/v2\/pages"}],"about":[{"href":"https:\/\/zsokwidzyn.pl\/index.php\/wp-json\/wp\/v2\/types\/page"}],"author":[{"embeddable":true,"href":"https:\/\/zsokwidzyn.pl\/index.php\/wp-json\/wp\/v2\/users\/1"}],"replies":[{"embeddable":true,"href":"https:\/\/zsokwidzyn.pl\/index.php\/wp-json\/wp\/v2\/comments?post=239"}],"version-history":[{"count":11,"href":"https:\/\/zsokwidzyn.pl\/index.php\/wp-json\/wp\/v2\/pages\/239\/revisions"}],"predecessor-version":[{"id":1796,"href":"https:\/\/zsokwidzyn.pl\/index.php\/wp-json\/wp\/v2\/pages\/239\/revisions\/1796"}],"wp:attachment":[{"href":"https:\/\/zsokwidzyn.pl\/index.php\/wp-json\/wp\/v2\/media?parent=239"}],"curies":[{"name":"wp","href":"https:\/\/api.w.org\/{rel}","templated":true}]}}