{"id":241,"date":"2016-11-06T11:58:18","date_gmt":"2016-11-06T10:58:18","guid":{"rendered":"http:\/\/zsokwidzyn.pl\/?page_id=241"},"modified":"2017-11-03T13:14:04","modified_gmt":"2017-11-03T12:14:04","slug":"kolko-filmowe","status":"publish","type":"page","link":"https:\/\/zsokwidzyn.pl\/index.php\/kolko-filmowe\/","title":{"rendered":"K\u00f3\u0142ko filmowe"},"content":{"rendered":"<p style=\"text-align: center;\"><strong><span style=\"font-size: 12pt; color: #0000ff;\">Szkolny Dyskusyjny Klub Filmowy \u201eKlaps\u201d<\/span><\/strong><\/p>\n<p style=\"text-align: justify;\"><span style=\"font-size: 12pt;\"><img loading=\"lazy\" decoding=\"async\" class=\"size-medium wp-image-978 alignleft\" src=\"http:\/\/zsokwidzyn.pl\/wp-content\/uploads\/2016\/11\/DSC_4998-300x208.jpg\" alt=\"\" width=\"300\" height=\"208\" srcset=\"https:\/\/zsokwidzyn.pl\/wp-content\/uploads\/2016\/11\/DSC_4998-300x208.jpg 300w, https:\/\/zsokwidzyn.pl\/wp-content\/uploads\/2016\/11\/DSC_4998-768x532.jpg 768w, https:\/\/zsokwidzyn.pl\/wp-content\/uploads\/2016\/11\/DSC_4998-676x468.jpg 676w, https:\/\/zsokwidzyn.pl\/wp-content\/uploads\/2016\/11\/DSC_4998.jpg 800w\" sizes=\"auto, (max-width: 300px) 100vw, 300px\" \/>Szkolny DKF \u201eKlaps\u201d istnieje od 2011 roku. Tworzy go kilka szczeg\u00f3lnie zaanga\u017cowanych os\u00f3b zajmuj\u0105cych si\u0119 organizacj\u0105 kolejnych spotka\u0144. Doborem repertuaru zajmujemy si\u0119 wszyscy. Ka\u017cdy uczestnik mo\u017ce zarekomendowa\u0107 film. Dzi\u0119ki temu ogl\u0105damy bardzo r\u00f3\u017cne utwory o r\u00f3\u017cnej tematyce, reprezentuj\u0105ce r\u00f3\u017cne kinematografie. Zauwa\u017cyli\u015bmy, \u017ce cz\u0119sto si\u0119gamy po nowe kino europejskie, ambitne i czasem nie\u0142atwe w odbiorze. Du\u017cym u\u0142atwieniem dla nas jest Ustawa z 1 kwietnia 2004 roku o prawach autorskich dopuszczaj\u0105ca mo\u017cliwo\u015b\u0107 korzystania z utwor\u00f3w bez zgody autora do cel\u00f3w edukacyjnych. Daje nam to niemal\u017ce nieograniczone mo\u017cliwo\u015bci w doborze film\u00f3w.\u00a0<\/span><span style=\"font-size: 12pt;\">Celem spotka\u0144 Klubu jest przede wszystkim zdobycie wiedzy o filmie ale r\u00f3wnie\u017c wymiana pogl\u0105d\u00f3w, poznanie r\u00f3\u017cnorodnej tematyki filmowej, poszerzenie horyzont\u00f3w. Wybieramy filmy o r\u00f3\u017cnej tematyce, po to aby dowiedzie\u0107 si\u0119 jak najwi\u0119cej o ka\u017cdym gatunku. Najciekawsze dla nas okaza\u0142y si\u0119 filmy ukazuj\u0105ce cz\u0142owieka i jego postawy w r\u00f3\u017cnych, czasem skrajnych sytuacjach \u017cyciowych. Po ka\u017cdym obejrzanym filmie mo\u017cemy przy fili\u017cance herbaty porozmawia\u0107 , podzieli\u0107 si\u0119 wra\u017ceniami. G\u0142\u00f3wnym tematem tych dyskusji jest gra aktor\u00f3w, bogactwo scen, ocena scenariusza filmu oraz to, jakie mia\u0142 walory, b\u0105d\u017a czego zabrak\u0142o. Spotkania odbywaj\u0105 si\u0119 w klasie multimedialnej, dzi\u0119ki czemu mamy du\u017cy komfort ogl\u0105dania. W ramach popularyzacji wiedzy o filmie uczestnicy pisz\u0105 recenzje, kt\u00f3re zamieszczamy w gazetce klubu oraz przygotowuj\u0105\u00a0 prezentacje dotycz\u0105ce gatunk\u00f3w filmowych oraz j\u0119zyka filmu, kt\u00f3re s\u0105 p\u00f3\u017aniej wykorzystane przez prowadz\u0105c\u0105 klub p. Wasiniak na lekcjach WOK-u. Informacje o spotkaniach zawsze rozwieszamy w ca\u0142ej szkole tydzie\u0144 przed, aby zach\u0119ci\u0107 do przyj\u015bcia tak\u017ce inne osoby. W spotkaniach Klubu mo\u017ce wzi\u0105\u0107 udzia\u0142 ka\u017cdy zainteresowany ucze\u0144. Zapraszamy!<\/span><\/p>\n<p style=\"text-align: justify;\"><img loading=\"lazy\" decoding=\"async\" class=\"aligncenter wp-image-1797 size-full\" src=\"http:\/\/zsokwidzyn.pl\/wp-content\/uploads\/2016\/11\/Collage_Fotor_Fotor1.jpg\" alt=\"\" width=\"2100\" height=\"2800\" srcset=\"https:\/\/zsokwidzyn.pl\/wp-content\/uploads\/2016\/11\/Collage_Fotor_Fotor1.jpg 2100w, https:\/\/zsokwidzyn.pl\/wp-content\/uploads\/2016\/11\/Collage_Fotor_Fotor1-225x300.jpg 225w, https:\/\/zsokwidzyn.pl\/wp-content\/uploads\/2016\/11\/Collage_Fotor_Fotor1-768x1024.jpg 768w\" sizes=\"auto, (max-width: 2100px) 100vw, 2100px\" \/><\/p>\n<p style=\"text-align: justify;\">\n","protected":false},"excerpt":{"rendered":"<div class=\"mh-excerpt\"><p>Szkolny Dyskusyjny Klub Filmowy \u201eKlaps\u201d Szkolny DKF \u201eKlaps\u201d istnieje od 2011 roku. Tworzy go kilka szczeg\u00f3lnie zaanga\u017cowanych os\u00f3b zajmuj\u0105cych si\u0119 organizacj\u0105 kolejnych spotka\u0144. Doborem repertuaru <a class=\"mh-excerpt-more\" href=\"https:\/\/zsokwidzyn.pl\/index.php\/kolko-filmowe\/\" title=\"K\u00f3\u0142ko filmowe\">[&#8230;]<\/a><\/p>\n<\/div>","protected":false},"author":1,"featured_media":0,"parent":0,"menu_order":0,"comment_status":"closed","ping_status":"closed","template":"","meta":{"footnotes":""},"class_list":["post-241","page","type-page","status-publish","hentry"],"_links":{"self":[{"href":"https:\/\/zsokwidzyn.pl\/index.php\/wp-json\/wp\/v2\/pages\/241","targetHints":{"allow":["GET"]}}],"collection":[{"href":"https:\/\/zsokwidzyn.pl\/index.php\/wp-json\/wp\/v2\/pages"}],"about":[{"href":"https:\/\/zsokwidzyn.pl\/index.php\/wp-json\/wp\/v2\/types\/page"}],"author":[{"embeddable":true,"href":"https:\/\/zsokwidzyn.pl\/index.php\/wp-json\/wp\/v2\/users\/1"}],"replies":[{"embeddable":true,"href":"https:\/\/zsokwidzyn.pl\/index.php\/wp-json\/wp\/v2\/comments?post=241"}],"version-history":[{"count":5,"href":"https:\/\/zsokwidzyn.pl\/index.php\/wp-json\/wp\/v2\/pages\/241\/revisions"}],"predecessor-version":[{"id":1799,"href":"https:\/\/zsokwidzyn.pl\/index.php\/wp-json\/wp\/v2\/pages\/241\/revisions\/1799"}],"wp:attachment":[{"href":"https:\/\/zsokwidzyn.pl\/index.php\/wp-json\/wp\/v2\/media?parent=241"}],"curies":[{"name":"wp","href":"https:\/\/api.w.org\/{rel}","templated":true}]}}