{"id":243,"date":"2016-11-06T11:58:27","date_gmt":"2016-11-06T10:58:27","guid":{"rendered":"http:\/\/zsokwidzyn.pl\/?page_id=243"},"modified":"2017-11-16T13:40:57","modified_gmt":"2017-11-16T12:40:57","slug":"informatyka","status":"publish","type":"page","link":"https:\/\/zsokwidzyn.pl\/index.php\/informatyka\/","title":{"rendered":"Informatyka"},"content":{"rendered":"<p style=\"text-align: center;\"><strong>Opiekun: Iwona Kruszy\u0144ska<\/strong><\/p>\n<p><img loading=\"lazy\" decoding=\"async\" class=\"aligncenter wp-image-1240 \" src=\"http:\/\/zsokwidzyn.pl\/wp-content\/uploads\/2016\/11\/IMG_3804-1024x683.jpg\" alt=\"\" width=\"671\" height=\"447\" srcset=\"https:\/\/zsokwidzyn.pl\/wp-content\/uploads\/2016\/11\/IMG_3804-1024x683.jpg 1024w, https:\/\/zsokwidzyn.pl\/wp-content\/uploads\/2016\/11\/IMG_3804-300x200.jpg 300w, https:\/\/zsokwidzyn.pl\/wp-content\/uploads\/2016\/11\/IMG_3804-768x512.jpg 768w, https:\/\/zsokwidzyn.pl\/wp-content\/uploads\/2016\/11\/IMG_3804.jpg 1200w\" sizes=\"auto, (max-width: 671px) 100vw, 671px\" \/><\/p>\n<p>&nbsp;<\/p>\n<p><span style=\"color: #0000ff; font-size: 12pt;\"><strong>Robotyka \u2013 program:<\/strong><\/span><\/p>\n<ul>\n<li><span style=\"font-size: 12pt;\">Podstawy elektroniki cyfrowej, robotyki i sterowania;<\/span><\/li>\n<li><span style=\"font-size: 12pt;\">Wprowadzenie do programowania robot\u00f3w LEGO MINDSTORMS: jednostka centralna (brick), sensory, silniki, okablowanie, klocki;<\/span><\/li>\n<li><span style=\"font-size: 12pt;\">Oprogramowanie instalowane na komputerze lub na tablecie (system operacyjny Android);<\/span><\/li>\n<li><span style=\"font-size: 12pt;\">Budowa pojazd\u00f3w i maszyn, wykorzystanie sensor\u00f3w;<\/span><\/li>\n<li><span style=\"font-size: 12pt;\">Tworzenie program\u00f3w steruj\u0105cych kt\u00f3re zamieni\u0105 maszyny lub pojazdy w roboty, wchodz\u0105ce w interakcje z otoczeniem;<\/span><\/li>\n<li><span style=\"font-size: 12pt;\">Realizacja przyk\u0142adowych \u015bcie\u017cek warsztatowych: budowa i programowanie robot\u00f3w.<\/span><\/li>\n<\/ul>\n<p>&nbsp;<\/p>\n<p><img loading=\"lazy\" decoding=\"async\" class=\"aligncenter wp-image-1972\" src=\"http:\/\/zsokwidzyn.pl\/wp-content\/uploads\/2016\/11\/IMG_20170321_095252-1-1024x575.jpg\" alt=\"\" width=\"511\" height=\"287\" srcset=\"https:\/\/zsokwidzyn.pl\/wp-content\/uploads\/2016\/11\/IMG_20170321_095252-1.jpg 1024w, https:\/\/zsokwidzyn.pl\/wp-content\/uploads\/2016\/11\/IMG_20170321_095252-1-300x168.jpg 300w, https:\/\/zsokwidzyn.pl\/wp-content\/uploads\/2016\/11\/IMG_20170321_095252-1-768x431.jpg 768w, https:\/\/zsokwidzyn.pl\/wp-content\/uploads\/2016\/11\/IMG_20170321_095252-1-678x381.jpg 678w\" sizes=\"auto, (max-width: 511px) 100vw, 511px\" \/><\/p>\n<p><img loading=\"lazy\" decoding=\"async\" class=\"aligncenter wp-image-1967\" src=\"http:\/\/zsokwidzyn.pl\/wp-content\/uploads\/2016\/11\/robotyka1-1024x683.jpg\" alt=\"\" width=\"512\" height=\"341\" srcset=\"https:\/\/zsokwidzyn.pl\/wp-content\/uploads\/2016\/11\/robotyka1-1024x683.jpg 1024w, https:\/\/zsokwidzyn.pl\/wp-content\/uploads\/2016\/11\/robotyka1-300x200.jpg 300w, https:\/\/zsokwidzyn.pl\/wp-content\/uploads\/2016\/11\/robotyka1-768x512.jpg 768w\" sizes=\"auto, (max-width: 512px) 100vw, 512px\" \/><\/p>\n<p><img loading=\"lazy\" decoding=\"async\" class=\"aligncenter wp-image-1966\" src=\"http:\/\/zsokwidzyn.pl\/wp-content\/uploads\/2016\/11\/robotyka-1024x683.jpg\" alt=\"\" width=\"514\" height=\"343\" srcset=\"https:\/\/zsokwidzyn.pl\/wp-content\/uploads\/2016\/11\/robotyka-1024x683.jpg 1024w, https:\/\/zsokwidzyn.pl\/wp-content\/uploads\/2016\/11\/robotyka-300x200.jpg 300w, https:\/\/zsokwidzyn.pl\/wp-content\/uploads\/2016\/11\/robotyka-768x512.jpg 768w\" sizes=\"auto, (max-width: 514px) 100vw, 514px\" \/><\/p>\n<div style=\"width: 1920px;\" class=\"wp-video\"><!--[if lt IE 9]><script>document.createElement('video');<\/script><![endif]-->\n<video class=\"wp-video-shortcode\" id=\"video-243-1\" width=\"1920\" height=\"1080\" preload=\"metadata\" controls=\"controls\"><source type=\"video\/mp4\" src=\"http:\/\/zsokwidzyn.pl\/wp-content\/uploads\/2016\/11\/robotyka.mp4?_=1\" \/><a href=\"http:\/\/zsokwidzyn.pl\/wp-content\/uploads\/2016\/11\/robotyka.mp4\">http:\/\/zsokwidzyn.pl\/wp-content\/uploads\/2016\/11\/robotyka.mp4<\/a><\/video><\/div>\n<p>&nbsp;<\/p>\n<div style=\"width: 1920px;\" class=\"wp-video\"><video class=\"wp-video-shortcode\" id=\"video-243-2\" width=\"1920\" height=\"1080\" preload=\"metadata\" controls=\"controls\"><source type=\"video\/mp4\" src=\"http:\/\/zsokwidzyn.pl\/wp-content\/uploads\/2016\/11\/VID_20170321_095424.mp4?_=2\" \/><a href=\"http:\/\/zsokwidzyn.pl\/wp-content\/uploads\/2016\/11\/VID_20170321_095424.mp4\">http:\/\/zsokwidzyn.pl\/wp-content\/uploads\/2016\/11\/VID_20170321_095424.mp4<\/a><\/video><\/div>\n<p>&nbsp;<\/p>\n<p>&nbsp;<\/p>\n","protected":false},"excerpt":{"rendered":"<div class=\"mh-excerpt\"><p>Opiekun: Iwona Kruszy\u0144ska &nbsp; Robotyka \u2013 program: Podstawy elektroniki cyfrowej, robotyki i sterowania; Wprowadzenie do programowania robot\u00f3w LEGO MINDSTORMS: jednostka centralna (brick), sensory, silniki, okablowanie, <a class=\"mh-excerpt-more\" href=\"https:\/\/zsokwidzyn.pl\/index.php\/informatyka\/\" title=\"Informatyka\">[&#8230;]<\/a><\/p>\n<\/div>","protected":false},"author":1,"featured_media":0,"parent":0,"menu_order":0,"comment_status":"closed","ping_status":"closed","template":"","meta":{"footnotes":""},"class_list":["post-243","page","type-page","status-publish","hentry"],"_links":{"self":[{"href":"https:\/\/zsokwidzyn.pl\/index.php\/wp-json\/wp\/v2\/pages\/243","targetHints":{"allow":["GET"]}}],"collection":[{"href":"https:\/\/zsokwidzyn.pl\/index.php\/wp-json\/wp\/v2\/pages"}],"about":[{"href":"https:\/\/zsokwidzyn.pl\/index.php\/wp-json\/wp\/v2\/types\/page"}],"author":[{"embeddable":true,"href":"https:\/\/zsokwidzyn.pl\/index.php\/wp-json\/wp\/v2\/users\/1"}],"replies":[{"embeddable":true,"href":"https:\/\/zsokwidzyn.pl\/index.php\/wp-json\/wp\/v2\/comments?post=243"}],"version-history":[{"count":18,"href":"https:\/\/zsokwidzyn.pl\/index.php\/wp-json\/wp\/v2\/pages\/243\/revisions"}],"predecessor-version":[{"id":1983,"href":"https:\/\/zsokwidzyn.pl\/index.php\/wp-json\/wp\/v2\/pages\/243\/revisions\/1983"}],"wp:attachment":[{"href":"https:\/\/zsokwidzyn.pl\/index.php\/wp-json\/wp\/v2\/media?parent=243"}],"curies":[{"name":"wp","href":"https:\/\/api.w.org\/{rel}","templated":true}]}}