{"id":245,"date":"2016-11-06T11:58:42","date_gmt":"2016-11-06T10:58:42","guid":{"rendered":"http:\/\/zsokwidzyn.pl\/?page_id=245"},"modified":"2018-08-19T15:22:06","modified_gmt":"2018-08-19T13:22:06","slug":"samorzad-uczniowski","status":"publish","type":"page","link":"https:\/\/zsokwidzyn.pl\/index.php\/samorzad-uczniowski\/","title":{"rendered":"Archiwum"},"content":{"rendered":"<p style=\"text-align: center;\"><span style=\"color: #0000ff; font-size: 12pt;\"><strong><em>Samorz\u0105d Uczniowski wybrany!!!<\/em><\/strong><\/span><\/p>\n<p style=\"text-align: justify;\"><span style=\"font-size: 12pt;\">\u00a0\u00a0\u00a0\u00a0\u00a0\u00a0\u00a0\u00a0\u00a0\u00a0\u00a0 8 lutego 2017 r. odby\u0142y si\u0119 wybory uzupe\u0142niaj\u0105ce do Samorz\u0105du Uczniowskiego. Wszyscy uczniowie mogli g\u0142osowa\u0107 na swoich przedstawicieli z klas pierwszych i drugich.\u00a0<\/span><\/p>\n<p style=\"text-align: justify;\"><span style=\"font-size: 12pt;\">\u00a0\u00a0\u00a0\u00a0\u00a0\u00a0\u00a0\u00a0\u00a0\u00a0\u00a0 \u00a0Wybory tradycyjnie\u00a0 poprzedzi\u0142a kampania wyborcza oraz\u00a0 zaplanowana na dn. 7 lutego debata przedwyborcza. \u00a0Ka\u017cdy z kandydat\u00f3w mia\u0142 szans\u0119 przedstawi\u0107 si\u0119 i wyg\u0142osi\u0107 pokr\u00f3tce sw\u00f3j program. Byli tacy, kt\u00f3rzy zaprezentowali spoty wyborcze.\u00a0 Po\u00a0 prezentacji kandydat\u00f3w nast\u0105pi\u0142a seria kr\u00f3tkich pyta\u0144 od prowadz\u0105cych a na zako\u0144czenie niespodzianka-uk\u0142adanie kostek rubika, z r\u00f3\u017cnym powodzeniem, przy pomocy wybranych os\u00f3b z publiczno\u015bci. \u00a0Przekazanie obowi\u0105zk\u00f3w Samorz\u0105dowi Uczniowskiemu nast\u0105pi\u0142o 13 lutego 2017 r. w obecno\u015bci Dyrekcji oraz przedstawicieli klas-Tr\u00f3jek Klasowych. Wszystkim zwyci\u0119zcom serdecznie gratulujemy!!!<\/span><\/p>\n<p style=\"text-align: center;\"><span style=\"color: #0000ff; font-size: 12pt;\"><strong><em>\u00a0<\/em><\/strong><strong><em>Sk\u0142ad Samorz\u0105du Uczniowskiego<\/em><\/strong><\/span><\/p>\n<p><span style=\"font-size: 12pt;\">przedstawia si\u0119 nast\u0119puj\u0105co:<\/span><\/p>\n<ol>\n<li><span style=\"font-size: 12pt;\">przewodnicz\u0105cy: Kacper Nogowski- kl. II D<\/span><\/li>\n<li><span style=\"font-size: 12pt;\">Jakub Konieczek &#8211; kl. II B<\/span><\/li>\n<li><span style=\"font-size: 12pt;\">Micha\u0142 Morawski &#8211; kl. II C<\/span><\/li>\n<li><span style=\"font-size: 12pt;\">Magda Szyma\u0144ska &#8211; kl. II D<\/span><\/li>\n<li><span style=\"font-size: 12pt;\">Alan Wi\u015bniewski &#8211; kl. II A<\/span><\/li>\n<li><span style=\"font-size: 12pt;\">Aleksandra Czarnuch &#8211; kl. I B<\/span><\/li>\n<li><span style=\"font-size: 12pt;\">Maja Widlarz &#8211; kl. I B<\/span><\/li>\n<li><span style=\"font-size: 12pt;\">Wiktoria Krzemie\u0144 &#8211; kl. I D<\/span><\/li>\n<li><span style=\"font-size: 12pt;\">Laura Adamczyk &#8211; kl. II A<\/span><\/li>\n<li><span style=\"font-size: 12pt;\">Micha\u0142 Bury &#8211; kl. II A<\/span><\/li>\n<li><span style=\"font-size: 12pt;\">Mateusz Krasi\u0144ski &#8211; kl. II B<\/span><\/li>\n<li><span style=\"font-size: 12pt;\">Kinga Zar\u0119ba &#8211; kl. II B<\/span><\/li>\n<li><span style=\"font-size: 12pt;\">Kamil Krupa &#8211; kl. II C<\/span><\/li>\n<li><span style=\"font-size: 12pt;\">Natalia D\u0105bek &#8211; kl. II C<\/span><\/li>\n<li><span style=\"font-size: 12pt;\">Marcin Nie\u015bcigorski &#8211; kl. II D.<\/span><\/li>\n<\/ol>\n\r\n<div class=\"ngg-galleryoverview\" id=\"ngg-gallery-116-245\">\r\n\r\n\t<!-- Slideshow link -->\r\n\t<div class=\"slideshowlink\">\r\n\t\t<a class=\"slideshowlink\" href=\"https:\/\/zsokwidzyn.pl\/index.php\/samorzad-uczniowski\/?show=slide\">\r\n\t\t\t[Show as slideshow]\t\t<\/a>\r\n\t<\/div>\r\n\r\n\t\r\n\t<!-- Thumbnails -->\r\n\t\t\r\n\t<div id=\"ngg-image-1400\" class=\"ngg-gallery-thumbnail-box\"  >\r\n\t\t<div class=\"ngg-gallery-thumbnail\" >\r\n\t\t\t<a href=\"https:\/\/zsokwidzyn.pl\/wp-content\/gallery\/samorzad-2017\/dsc00011.jpg\" title=\" \" class=\"shutterset_set_116\" >\r\n\t\t\t\t\t\t\t\t<img loading=\"lazy\" decoding=\"async\" title=\"dsc00011\" alt=\"dsc00011\" src=\"https:\/\/zsokwidzyn.pl\/wp-content\/gallery\/samorzad-2017\/thumbs\/thumbs_dsc00011.jpg\" width=\"100\" height=\"75\" \/>\r\n\t\t\t\t\t\t\t<\/a>\r\n\t\t<\/div>\r\n\t<\/div>\r\n\t\r\n\t\t\r\n \t\t\r\n\t<div id=\"ngg-image-1401\" class=\"ngg-gallery-thumbnail-box\"  >\r\n\t\t<div class=\"ngg-gallery-thumbnail\" >\r\n\t\t\t<a href=\"https:\/\/zsokwidzyn.pl\/wp-content\/gallery\/samorzad-2017\/dsc00018.jpg\" title=\" \" class=\"shutterset_set_116\" >\r\n\t\t\t\t\t\t\t\t<img loading=\"lazy\" decoding=\"async\" title=\"dsc00018\" alt=\"dsc00018\" src=\"https:\/\/zsokwidzyn.pl\/wp-content\/gallery\/samorzad-2017\/thumbs\/thumbs_dsc00018.jpg\" width=\"100\" height=\"75\" \/>\r\n\t\t\t\t\t\t\t<\/a>\r\n\t\t<\/div>\r\n\t<\/div>\r\n\t\r\n\t\t\r\n \t\t\r\n\t<div id=\"ngg-image-1402\" class=\"ngg-gallery-thumbnail-box\"  >\r\n\t\t<div class=\"ngg-gallery-thumbnail\" >\r\n\t\t\t<a href=\"https:\/\/zsokwidzyn.pl\/wp-content\/gallery\/samorzad-2017\/dsc00024.jpg\" title=\" \" class=\"shutterset_set_116\" >\r\n\t\t\t\t\t\t\t\t<img loading=\"lazy\" decoding=\"async\" title=\"dsc00024\" alt=\"dsc00024\" src=\"https:\/\/zsokwidzyn.pl\/wp-content\/gallery\/samorzad-2017\/thumbs\/thumbs_dsc00024.jpg\" width=\"100\" height=\"75\" \/>\r\n\t\t\t\t\t\t\t<\/a>\r\n\t\t<\/div>\r\n\t<\/div>\r\n\t\r\n\t\t\r\n \t\t\r\n\t<div id=\"ngg-image-1403\" class=\"ngg-gallery-thumbnail-box\"  >\r\n\t\t<div class=\"ngg-gallery-thumbnail\" >\r\n\t\t\t<a href=\"https:\/\/zsokwidzyn.pl\/wp-content\/gallery\/samorzad-2017\/dsc00042.jpg\" title=\" \" class=\"shutterset_set_116\" >\r\n\t\t\t\t\t\t\t\t<img loading=\"lazy\" decoding=\"async\" title=\"dsc00042\" alt=\"dsc00042\" src=\"https:\/\/zsokwidzyn.pl\/wp-content\/gallery\/samorzad-2017\/thumbs\/thumbs_dsc00042.jpg\" width=\"100\" height=\"75\" \/>\r\n\t\t\t\t\t\t\t<\/a>\r\n\t\t<\/div>\r\n\t<\/div>\r\n\t\r\n\t\t\r\n \t\t\r\n\t<div id=\"ngg-image-1404\" class=\"ngg-gallery-thumbnail-box\"  >\r\n\t\t<div class=\"ngg-gallery-thumbnail\" >\r\n\t\t\t<a href=\"https:\/\/zsokwidzyn.pl\/wp-content\/gallery\/samorzad-2017\/dsc00052.jpg\" title=\" \" class=\"shutterset_set_116\" >\r\n\t\t\t\t\t\t\t\t<img loading=\"lazy\" decoding=\"async\" title=\"dsc00052\" alt=\"dsc00052\" src=\"https:\/\/zsokwidzyn.pl\/wp-content\/gallery\/samorzad-2017\/thumbs\/thumbs_dsc00052.jpg\" width=\"100\" height=\"75\" \/>\r\n\t\t\t\t\t\t\t<\/a>\r\n\t\t<\/div>\r\n\t<\/div>\r\n\t\r\n\t\t\r\n \t\t\r\n\t<div id=\"ngg-image-1405\" class=\"ngg-gallery-thumbnail-box\"  >\r\n\t\t<div class=\"ngg-gallery-thumbnail\" >\r\n\t\t\t<a href=\"https:\/\/zsokwidzyn.pl\/wp-content\/gallery\/samorzad-2017\/dsc00054.jpg\" title=\" \" class=\"shutterset_set_116\" >\r\n\t\t\t\t\t\t\t\t<img loading=\"lazy\" decoding=\"async\" title=\"dsc00054\" alt=\"dsc00054\" src=\"https:\/\/zsokwidzyn.pl\/wp-content\/gallery\/samorzad-2017\/thumbs\/thumbs_dsc00054.jpg\" width=\"100\" height=\"75\" \/>\r\n\t\t\t\t\t\t\t<\/a>\r\n\t\t<\/div>\r\n\t<\/div>\r\n\t\r\n\t\t\r\n \t\t\r\n\t<div id=\"ngg-image-1406\" class=\"ngg-gallery-thumbnail-box\"  >\r\n\t\t<div class=\"ngg-gallery-thumbnail\" >\r\n\t\t\t<a href=\"https:\/\/zsokwidzyn.pl\/wp-content\/gallery\/samorzad-2017\/dsc00055.jpg\" title=\" \" class=\"shutterset_set_116\" >\r\n\t\t\t\t\t\t\t\t<img loading=\"lazy\" decoding=\"async\" title=\"dsc00055\" alt=\"dsc00055\" src=\"https:\/\/zsokwidzyn.pl\/wp-content\/gallery\/samorzad-2017\/thumbs\/thumbs_dsc00055.jpg\" width=\"100\" height=\"75\" \/>\r\n\t\t\t\t\t\t\t<\/a>\r\n\t\t<\/div>\r\n\t<\/div>\r\n\t\r\n\t\t\r\n \t\t\r\n\t<div id=\"ngg-image-1407\" class=\"ngg-gallery-thumbnail-box\"  >\r\n\t\t<div class=\"ngg-gallery-thumbnail\" >\r\n\t\t\t<a href=\"https:\/\/zsokwidzyn.pl\/wp-content\/gallery\/samorzad-2017\/dsc00057.jpg\" title=\" \" class=\"shutterset_set_116\" >\r\n\t\t\t\t\t\t\t\t<img loading=\"lazy\" decoding=\"async\" title=\"dsc00057\" alt=\"dsc00057\" src=\"https:\/\/zsokwidzyn.pl\/wp-content\/gallery\/samorzad-2017\/thumbs\/thumbs_dsc00057.jpg\" width=\"100\" height=\"75\" \/>\r\n\t\t\t\t\t\t\t<\/a>\r\n\t\t<\/div>\r\n\t<\/div>\r\n\t\r\n\t\t\r\n \t\t\r\n\t<div id=\"ngg-image-1408\" class=\"ngg-gallery-thumbnail-box\"  >\r\n\t\t<div class=\"ngg-gallery-thumbnail\" >\r\n\t\t\t<a href=\"https:\/\/zsokwidzyn.pl\/wp-content\/gallery\/samorzad-2017\/dsc00075.jpg\" title=\" \" class=\"shutterset_set_116\" >\r\n\t\t\t\t\t\t\t\t<img loading=\"lazy\" decoding=\"async\" title=\"dsc00075\" alt=\"dsc00075\" src=\"https:\/\/zsokwidzyn.pl\/wp-content\/gallery\/samorzad-2017\/thumbs\/thumbs_dsc00075.jpg\" width=\"100\" height=\"75\" \/>\r\n\t\t\t\t\t\t\t<\/a>\r\n\t\t<\/div>\r\n\t<\/div>\r\n\t\r\n\t\t\r\n \t\t\r\n\t<div id=\"ngg-image-1409\" class=\"ngg-gallery-thumbnail-box\"  >\r\n\t\t<div class=\"ngg-gallery-thumbnail\" >\r\n\t\t\t<a href=\"https:\/\/zsokwidzyn.pl\/wp-content\/gallery\/samorzad-2017\/dsc00082.jpg\" title=\" \" class=\"shutterset_set_116\" >\r\n\t\t\t\t\t\t\t\t<img loading=\"lazy\" decoding=\"async\" title=\"dsc00082\" alt=\"dsc00082\" src=\"https:\/\/zsokwidzyn.pl\/wp-content\/gallery\/samorzad-2017\/thumbs\/thumbs_dsc00082.jpg\" width=\"100\" height=\"75\" \/>\r\n\t\t\t\t\t\t\t<\/a>\r\n\t\t<\/div>\r\n\t<\/div>\r\n\t\r\n\t\t\r\n \t\t\r\n\t<div id=\"ngg-image-1410\" class=\"ngg-gallery-thumbnail-box\"  >\r\n\t\t<div class=\"ngg-gallery-thumbnail\" >\r\n\t\t\t<a href=\"https:\/\/zsokwidzyn.pl\/wp-content\/gallery\/samorzad-2017\/dsc00108.jpg\" title=\" \" class=\"shutterset_set_116\" >\r\n\t\t\t\t\t\t\t\t<img loading=\"lazy\" decoding=\"async\" title=\"dsc00108\" alt=\"dsc00108\" src=\"https:\/\/zsokwidzyn.pl\/wp-content\/gallery\/samorzad-2017\/thumbs\/thumbs_dsc00108.jpg\" width=\"100\" height=\"75\" \/>\r\n\t\t\t\t\t\t\t<\/a>\r\n\t\t<\/div>\r\n\t<\/div>\r\n\t\r\n\t\t\r\n \t\t\r\n\t<div id=\"ngg-image-1415\" class=\"ngg-gallery-thumbnail-box\"  >\r\n\t\t<div class=\"ngg-gallery-thumbnail\" >\r\n\t\t\t<a href=\"https:\/\/zsokwidzyn.pl\/wp-content\/gallery\/samorzad-2017\/dsc00030.jpg\" title=\" \" class=\"shutterset_set_116\" >\r\n\t\t\t\t\t\t\t\t<img loading=\"lazy\" decoding=\"async\" title=\"dsc00030\" alt=\"dsc00030\" src=\"https:\/\/zsokwidzyn.pl\/wp-content\/gallery\/samorzad-2017\/thumbs\/thumbs_dsc00030.jpg\" width=\"100\" height=\"75\" \/>\r\n\t\t\t\t\t\t\t<\/a>\r\n\t\t<\/div>\r\n\t<\/div>\r\n\t\r\n\t\t\r\n \t\t\r\n\t<div id=\"ngg-image-1416\" class=\"ngg-gallery-thumbnail-box\"  >\r\n\t\t<div class=\"ngg-gallery-thumbnail\" >\r\n\t\t\t<a href=\"https:\/\/zsokwidzyn.pl\/wp-content\/gallery\/samorzad-2017\/dsc00036.jpg\" title=\" \" class=\"shutterset_set_116\" >\r\n\t\t\t\t\t\t\t\t<img loading=\"lazy\" decoding=\"async\" title=\"dsc00036\" alt=\"dsc00036\" src=\"https:\/\/zsokwidzyn.pl\/wp-content\/gallery\/samorzad-2017\/thumbs\/thumbs_dsc00036.jpg\" width=\"100\" height=\"75\" \/>\r\n\t\t\t\t\t\t\t<\/a>\r\n\t\t<\/div>\r\n\t<\/div>\r\n\t\r\n\t\t\r\n \t\t\r\n\t<div id=\"ngg-image-1417\" class=\"ngg-gallery-thumbnail-box\"  >\r\n\t\t<div class=\"ngg-gallery-thumbnail\" >\r\n\t\t\t<a href=\"https:\/\/zsokwidzyn.pl\/wp-content\/gallery\/samorzad-2017\/dsc00048.jpg\" title=\" \" class=\"shutterset_set_116\" >\r\n\t\t\t\t\t\t\t\t<img loading=\"lazy\" decoding=\"async\" title=\"dsc00048\" alt=\"dsc00048\" src=\"https:\/\/zsokwidzyn.pl\/wp-content\/gallery\/samorzad-2017\/thumbs\/thumbs_dsc00048.jpg\" width=\"100\" height=\"75\" \/>\r\n\t\t\t\t\t\t\t<\/a>\r\n\t\t<\/div>\r\n\t<\/div>\r\n\t\r\n\t\t\r\n \t\t\r\n\t<div id=\"ngg-image-1418\" class=\"ngg-gallery-thumbnail-box\"  >\r\n\t\t<div class=\"ngg-gallery-thumbnail\" >\r\n\t\t\t<a href=\"https:\/\/zsokwidzyn.pl\/wp-content\/gallery\/samorzad-2017\/1.jpg\" title=\" \" class=\"shutterset_set_116\" >\r\n\t\t\t\t\t\t\t\t<img loading=\"lazy\" decoding=\"async\" title=\"1\" alt=\"1\" src=\"https:\/\/zsokwidzyn.pl\/wp-content\/gallery\/samorzad-2017\/thumbs\/thumbs_1.jpg\" width=\"100\" height=\"75\" \/>\r\n\t\t\t\t\t\t\t<\/a>\r\n\t\t<\/div>\r\n\t<\/div>\r\n\t\r\n\t\t\r\n \t\t\r\n\t<div id=\"ngg-image-1419\" class=\"ngg-gallery-thumbnail-box\"  >\r\n\t\t<div class=\"ngg-gallery-thumbnail\" >\r\n\t\t\t<a href=\"https:\/\/zsokwidzyn.pl\/wp-content\/gallery\/samorzad-2017\/3.jpg\" title=\" \" class=\"shutterset_set_116\" >\r\n\t\t\t\t\t\t\t\t<img loading=\"lazy\" decoding=\"async\" title=\"3\" alt=\"3\" src=\"https:\/\/zsokwidzyn.pl\/wp-content\/gallery\/samorzad-2017\/thumbs\/thumbs_3.jpg\" width=\"100\" height=\"75\" \/>\r\n\t\t\t\t\t\t\t<\/a>\r\n\t\t<\/div>\r\n\t<\/div>\r\n\t\r\n\t\t\r\n \t\t\r\n\t<div id=\"ngg-image-1420\" class=\"ngg-gallery-thumbnail-box\"  >\r\n\t\t<div class=\"ngg-gallery-thumbnail\" >\r\n\t\t\t<a href=\"https:\/\/zsokwidzyn.pl\/wp-content\/gallery\/samorzad-2017\/7.jpg\" title=\" \" class=\"shutterset_set_116\" >\r\n\t\t\t\t\t\t\t\t<img loading=\"lazy\" decoding=\"async\" title=\"7\" alt=\"7\" src=\"https:\/\/zsokwidzyn.pl\/wp-content\/gallery\/samorzad-2017\/thumbs\/thumbs_7.jpg\" width=\"100\" height=\"75\" \/>\r\n\t\t\t\t\t\t\t<\/a>\r\n\t\t<\/div>\r\n\t<\/div>\r\n\t\r\n\t\t\r\n \t\t\r\n\t<div id=\"ngg-image-1421\" class=\"ngg-gallery-thumbnail-box\"  >\r\n\t\t<div class=\"ngg-gallery-thumbnail\" >\r\n\t\t\t<a href=\"https:\/\/zsokwidzyn.pl\/wp-content\/gallery\/samorzad-2017\/8.jpg\" title=\" \" class=\"shutterset_set_116\" >\r\n\t\t\t\t\t\t\t\t<img loading=\"lazy\" decoding=\"async\" title=\"8\" alt=\"8\" src=\"https:\/\/zsokwidzyn.pl\/wp-content\/gallery\/samorzad-2017\/thumbs\/thumbs_8.jpg\" width=\"100\" height=\"75\" \/>\r\n\t\t\t\t\t\t\t<\/a>\r\n\t\t<\/div>\r\n\t<\/div>\r\n\t\r\n\t\t\r\n \t\t\r\n\t<div id=\"ngg-image-1422\" class=\"ngg-gallery-thumbnail-box\"  >\r\n\t\t<div class=\"ngg-gallery-thumbnail\" >\r\n\t\t\t<a href=\"https:\/\/zsokwidzyn.pl\/wp-content\/gallery\/samorzad-2017\/9.jpg\" title=\" \" class=\"shutterset_set_116\" >\r\n\t\t\t\t\t\t\t\t<img loading=\"lazy\" decoding=\"async\" title=\"9\" alt=\"9\" src=\"https:\/\/zsokwidzyn.pl\/wp-content\/gallery\/samorzad-2017\/thumbs\/thumbs_9.jpg\" width=\"100\" height=\"75\" \/>\r\n\t\t\t\t\t\t\t<\/a>\r\n\t\t<\/div>\r\n\t<\/div>\r\n\t\r\n\t\t\r\n \t\t\r\n\t<div id=\"ngg-image-1423\" class=\"ngg-gallery-thumbnail-box\"  >\r\n\t\t<div class=\"ngg-gallery-thumbnail\" >\r\n\t\t\t<a href=\"https:\/\/zsokwidzyn.pl\/wp-content\/gallery\/samorzad-2017\/dsc00177.jpg\" title=\" \" class=\"shutterset_set_116\" >\r\n\t\t\t\t\t\t\t\t<img loading=\"lazy\" decoding=\"async\" title=\"dsc00177\" alt=\"dsc00177\" src=\"https:\/\/zsokwidzyn.pl\/wp-content\/gallery\/samorzad-2017\/thumbs\/thumbs_dsc00177.jpg\" width=\"100\" height=\"75\" \/>\r\n\t\t\t\t\t\t\t<\/a>\r\n\t\t<\/div>\r\n\t<\/div>\r\n\t\r\n\t\t\r\n \t\t\r\n\t<div id=\"ngg-image-1424\" class=\"ngg-gallery-thumbnail-box\"  >\r\n\t\t<div class=\"ngg-gallery-thumbnail\" >\r\n\t\t\t<a href=\"https:\/\/zsokwidzyn.pl\/wp-content\/gallery\/samorzad-2017\/dsc00180.jpg\" title=\" \" class=\"shutterset_set_116\" >\r\n\t\t\t\t\t\t\t\t<img loading=\"lazy\" decoding=\"async\" title=\"dsc00180\" alt=\"dsc00180\" src=\"https:\/\/zsokwidzyn.pl\/wp-content\/gallery\/samorzad-2017\/thumbs\/thumbs_dsc00180.jpg\" width=\"100\" height=\"75\" \/>\r\n\t\t\t\t\t\t\t<\/a>\r\n\t\t<\/div>\r\n\t<\/div>\r\n\t\r\n\t\t\r\n \t\t\r\n\t<div id=\"ngg-image-1425\" class=\"ngg-gallery-thumbnail-box\"  >\r\n\t\t<div class=\"ngg-gallery-thumbnail\" >\r\n\t\t\t<a href=\"https:\/\/zsokwidzyn.pl\/wp-content\/gallery\/samorzad-2017\/dsc00189.jpg\" title=\" \" class=\"shutterset_set_116\" >\r\n\t\t\t\t\t\t\t\t<img loading=\"lazy\" decoding=\"async\" title=\"dsc00189\" alt=\"dsc00189\" src=\"https:\/\/zsokwidzyn.pl\/wp-content\/gallery\/samorzad-2017\/thumbs\/thumbs_dsc00189.jpg\" width=\"100\" height=\"75\" \/>\r\n\t\t\t\t\t\t\t<\/a>\r\n\t\t<\/div>\r\n\t<\/div>\r\n\t\r\n\t\t\r\n \t\t\r\n\t<div id=\"ngg-image-1426\" class=\"ngg-gallery-thumbnail-box\"  >\r\n\t\t<div class=\"ngg-gallery-thumbnail\" >\r\n\t\t\t<a href=\"https:\/\/zsokwidzyn.pl\/wp-content\/gallery\/samorzad-2017\/dsc00197.jpg\" title=\" \" class=\"shutterset_set_116\" >\r\n\t\t\t\t\t\t\t\t<img loading=\"lazy\" decoding=\"async\" title=\"dsc00197\" alt=\"dsc00197\" src=\"https:\/\/zsokwidzyn.pl\/wp-content\/gallery\/samorzad-2017\/thumbs\/thumbs_dsc00197.jpg\" width=\"100\" height=\"75\" \/>\r\n\t\t\t\t\t\t\t<\/a>\r\n\t\t<\/div>\r\n\t<\/div>\r\n\t\r\n\t\t\r\n \t\t\r\n\t<div id=\"ngg-image-1427\" class=\"ngg-gallery-thumbnail-box\"  >\r\n\t\t<div class=\"ngg-gallery-thumbnail\" >\r\n\t\t\t<a href=\"https:\/\/zsokwidzyn.pl\/wp-content\/gallery\/samorzad-2017\/dsc00203.jpg\" title=\" \" class=\"shutterset_set_116\" >\r\n\t\t\t\t\t\t\t\t<img loading=\"lazy\" decoding=\"async\" title=\"dsc00203\" alt=\"dsc00203\" src=\"https:\/\/zsokwidzyn.pl\/wp-content\/gallery\/samorzad-2017\/thumbs\/thumbs_dsc00203.jpg\" width=\"100\" height=\"75\" \/>\r\n\t\t\t\t\t\t\t<\/a>\r\n\t\t<\/div>\r\n\t<\/div>\r\n\t\r\n\t\t\r\n \t\t\r\n\t<div id=\"ngg-image-1428\" class=\"ngg-gallery-thumbnail-box\"  >\r\n\t\t<div class=\"ngg-gallery-thumbnail\" >\r\n\t\t\t<a href=\"https:\/\/zsokwidzyn.pl\/wp-content\/gallery\/samorzad-2017\/dsc00206.jpg\" title=\" \" class=\"shutterset_set_116\" >\r\n\t\t\t\t\t\t\t\t<img loading=\"lazy\" decoding=\"async\" title=\"dsc00206\" alt=\"dsc00206\" src=\"https:\/\/zsokwidzyn.pl\/wp-content\/gallery\/samorzad-2017\/thumbs\/thumbs_dsc00206.jpg\" width=\"100\" height=\"75\" \/>\r\n\t\t\t\t\t\t\t<\/a>\r\n\t\t<\/div>\r\n\t<\/div>\r\n\t\r\n\t\t\r\n \t\t\r\n\t<div id=\"ngg-image-1429\" class=\"ngg-gallery-thumbnail-box\"  >\r\n\t\t<div class=\"ngg-gallery-thumbnail\" >\r\n\t\t\t<a href=\"https:\/\/zsokwidzyn.pl\/wp-content\/gallery\/samorzad-2017\/dsc00234.jpg\" title=\" \" class=\"shutterset_set_116\" >\r\n\t\t\t\t\t\t\t\t<img loading=\"lazy\" decoding=\"async\" title=\"dsc00234\" alt=\"dsc00234\" src=\"https:\/\/zsokwidzyn.pl\/wp-content\/gallery\/samorzad-2017\/thumbs\/thumbs_dsc00234.jpg\" width=\"100\" height=\"75\" \/>\r\n\t\t\t\t\t\t\t<\/a>\r\n\t\t<\/div>\r\n\t<\/div>\r\n\t\r\n\t\t\r\n \t\t\r\n\t<div id=\"ngg-image-1451\" class=\"ngg-gallery-thumbnail-box\"  >\r\n\t\t<div class=\"ngg-gallery-thumbnail\" >\r\n\t\t\t<a href=\"https:\/\/zsokwidzyn.pl\/wp-content\/gallery\/samorzad-2017\/20170223_095618.jpg\" title=\" \" class=\"shutterset_set_116\" >\r\n\t\t\t\t\t\t\t\t<img loading=\"lazy\" decoding=\"async\" title=\"20170223_095618\" alt=\"20170223_095618\" src=\"https:\/\/zsokwidzyn.pl\/wp-content\/gallery\/samorzad-2017\/thumbs\/thumbs_20170223_095618.jpg\" width=\"100\" height=\"75\" \/>\r\n\t\t\t\t\t\t\t<\/a>\r\n\t\t<\/div>\r\n\t<\/div>\r\n\t\r\n\t\t\r\n \t \t\r\n\t<!-- Pagination -->\r\n \t<div class=\"ngg-clear\"><\/div> \t\r\n<\/div>\r\n\r\n\n<p><span style=\"font-size: 12pt;\"><strong><a href=\"http:\/\/zsokwidzyn.pl\/wp-content\/uploads\/2016\/11\/Wybory-do-Samorz\u0105du-Uczniowskiego-2016.pdf\" target=\"_blank\" rel=\"noopener\">Wybory do Samorz\u0105du Uczniowskiego 2016<\/a><\/strong><\/span><\/p>\n\r\n<div class=\"ngg-galleryoverview\" id=\"ngg-gallery-9-245\">\r\n\r\n\t<!-- Slideshow link -->\r\n\t<div class=\"slideshowlink\">\r\n\t\t<a class=\"slideshowlink\" href=\"https:\/\/zsokwidzyn.pl\/index.php\/samorzad-uczniowski\/?show=slide\">\r\n\t\t\t[Show as slideshow]\t\t<\/a>\r\n\t<\/div>\r\n\r\n\t\r\n\t<!-- Thumbnails -->\r\n\t\t\r\n\t<div id=\"ngg-image-19\" class=\"ngg-gallery-thumbnail-box\"  >\r\n\t\t<div class=\"ngg-gallery-thumbnail\" >\r\n\t\t\t<a href=\"https:\/\/zsokwidzyn.pl\/wp-content\/gallery\/samorzad-wybory\/1.jpg\" title=\" \" class=\"shutterset_set_9\" >\r\n\t\t\t\t\t\t\t\t<img loading=\"lazy\" decoding=\"async\" title=\"1\" alt=\"1\" src=\"https:\/\/zsokwidzyn.pl\/wp-content\/gallery\/samorzad-wybory\/thumbs\/thumbs_1.jpg\" width=\"100\" height=\"75\" \/>\r\n\t\t\t\t\t\t\t<\/a>\r\n\t\t<\/div>\r\n\t<\/div>\r\n\t\r\n\t\t\r\n \t\t\r\n\t<div id=\"ngg-image-20\" class=\"ngg-gallery-thumbnail-box\"  >\r\n\t\t<div class=\"ngg-gallery-thumbnail\" >\r\n\t\t\t<a href=\"https:\/\/zsokwidzyn.pl\/wp-content\/gallery\/samorzad-wybory\/2.jpg\" title=\" \" class=\"shutterset_set_9\" >\r\n\t\t\t\t\t\t\t\t<img loading=\"lazy\" decoding=\"async\" title=\"2\" alt=\"2\" src=\"https:\/\/zsokwidzyn.pl\/wp-content\/gallery\/samorzad-wybory\/thumbs\/thumbs_2.jpg\" width=\"100\" height=\"75\" \/>\r\n\t\t\t\t\t\t\t<\/a>\r\n\t\t<\/div>\r\n\t<\/div>\r\n\t\r\n\t\t\r\n \t\t\r\n\t<div id=\"ngg-image-21\" class=\"ngg-gallery-thumbnail-box\"  >\r\n\t\t<div class=\"ngg-gallery-thumbnail\" >\r\n\t\t\t<a href=\"https:\/\/zsokwidzyn.pl\/wp-content\/gallery\/samorzad-wybory\/2aa.jpg\" title=\" \" class=\"shutterset_set_9\" >\r\n\t\t\t\t\t\t\t\t<img loading=\"lazy\" decoding=\"async\" title=\"2aa\" alt=\"2aa\" src=\"https:\/\/zsokwidzyn.pl\/wp-content\/gallery\/samorzad-wybory\/thumbs\/thumbs_2aa.jpg\" width=\"100\" height=\"75\" \/>\r\n\t\t\t\t\t\t\t<\/a>\r\n\t\t<\/div>\r\n\t<\/div>\r\n\t\r\n\t\t\r\n \t\t\r\n\t<div id=\"ngg-image-22\" class=\"ngg-gallery-thumbnail-box\"  >\r\n\t\t<div class=\"ngg-gallery-thumbnail\" >\r\n\t\t\t<a href=\"https:\/\/zsokwidzyn.pl\/wp-content\/gallery\/samorzad-wybory\/4.jpg\" title=\" \" class=\"shutterset_set_9\" >\r\n\t\t\t\t\t\t\t\t<img loading=\"lazy\" decoding=\"async\" title=\"4\" alt=\"4\" src=\"https:\/\/zsokwidzyn.pl\/wp-content\/gallery\/samorzad-wybory\/thumbs\/thumbs_4.jpg\" width=\"100\" height=\"75\" \/>\r\n\t\t\t\t\t\t\t<\/a>\r\n\t\t<\/div>\r\n\t<\/div>\r\n\t\r\n\t\t\r\n \t\t\r\n\t<div id=\"ngg-image-23\" class=\"ngg-gallery-thumbnail-box\"  >\r\n\t\t<div class=\"ngg-gallery-thumbnail\" >\r\n\t\t\t<a href=\"https:\/\/zsokwidzyn.pl\/wp-content\/gallery\/samorzad-wybory\/5.jpg\" title=\" \" class=\"shutterset_set_9\" >\r\n\t\t\t\t\t\t\t\t<img loading=\"lazy\" decoding=\"async\" title=\"5\" alt=\"5\" src=\"https:\/\/zsokwidzyn.pl\/wp-content\/gallery\/samorzad-wybory\/thumbs\/thumbs_5.jpg\" width=\"100\" height=\"75\" \/>\r\n\t\t\t\t\t\t\t<\/a>\r\n\t\t<\/div>\r\n\t<\/div>\r\n\t\r\n\t\t\r\n \t\t\r\n\t<div id=\"ngg-image-24\" class=\"ngg-gallery-thumbnail-box\"  >\r\n\t\t<div class=\"ngg-gallery-thumbnail\" >\r\n\t\t\t<a href=\"https:\/\/zsokwidzyn.pl\/wp-content\/gallery\/samorzad-wybory\/7aa.jpg\" title=\" \" class=\"shutterset_set_9\" >\r\n\t\t\t\t\t\t\t\t<img loading=\"lazy\" decoding=\"async\" title=\"7aa\" alt=\"7aa\" src=\"https:\/\/zsokwidzyn.pl\/wp-content\/gallery\/samorzad-wybory\/thumbs\/thumbs_7aa.jpg\" width=\"100\" height=\"75\" \/>\r\n\t\t\t\t\t\t\t<\/a>\r\n\t\t<\/div>\r\n\t<\/div>\r\n\t\r\n\t\t\r\n \t \t\r\n\t<!-- Pagination -->\r\n \t<div class=\"ngg-clear\"><\/div> \t\r\n<\/div>\r\n\r\n\n\r\n<div class=\"ngg-galleryoverview\" id=\"ngg-gallery-8-245\">\r\n\r\n\t<!-- Slideshow link -->\r\n\t<div class=\"slideshowlink\">\r\n\t\t<a class=\"slideshowlink\" href=\"https:\/\/zsokwidzyn.pl\/index.php\/samorzad-uczniowski\/?show=slide\">\r\n\t\t\t[Show as slideshow]\t\t<\/a>\r\n\t<\/div>\r\n\r\n\t\r\n\t<!-- Thumbnails -->\r\n\t\t\r\n\t<div id=\"ngg-image-17\" class=\"ngg-gallery-thumbnail-box\"  >\r\n\t\t<div class=\"ngg-gallery-thumbnail\" >\r\n\t\t\t<a href=\"https:\/\/zsokwidzyn.pl\/wp-content\/gallery\/samorzad-przekazanie-wladzy\/3.jpg\" title=\" \" class=\"shutterset_set_8\" >\r\n\t\t\t\t\t\t\t\t<img loading=\"lazy\" decoding=\"async\" title=\"3\" alt=\"3\" src=\"https:\/\/zsokwidzyn.pl\/wp-content\/gallery\/samorzad-przekazanie-wladzy\/thumbs\/thumbs_3.jpg\" width=\"100\" height=\"75\" \/>\r\n\t\t\t\t\t\t\t<\/a>\r\n\t\t<\/div>\r\n\t<\/div>\r\n\t\r\n\t\t\r\n \t \t\r\n\t<!-- Pagination -->\r\n \t<div class=\"ngg-clear\"><\/div> \t\r\n<\/div>\r\n\r\n\n","protected":false},"excerpt":{"rendered":"<div class=\"mh-excerpt\"><p>Samorz\u0105d Uczniowski wybrany!!! \u00a0\u00a0\u00a0\u00a0\u00a0\u00a0\u00a0\u00a0\u00a0\u00a0\u00a0 8 lutego 2017 r. odby\u0142y si\u0119 wybory uzupe\u0142niaj\u0105ce do Samorz\u0105du Uczniowskiego. Wszyscy uczniowie mogli g\u0142osowa\u0107 na swoich przedstawicieli z klas pierwszych <a class=\"mh-excerpt-more\" href=\"https:\/\/zsokwidzyn.pl\/index.php\/samorzad-uczniowski\/\" title=\"Archiwum\">[&#8230;]<\/a><\/p>\n<\/div>","protected":false},"author":1,"featured_media":0,"parent":0,"menu_order":0,"comment_status":"closed","ping_status":"closed","template":"","meta":{"footnotes":""},"class_list":["post-245","page","type-page","status-publish","hentry"],"_links":{"self":[{"href":"https:\/\/zsokwidzyn.pl\/index.php\/wp-json\/wp\/v2\/pages\/245","targetHints":{"allow":["GET"]}}],"collection":[{"href":"https:\/\/zsokwidzyn.pl\/index.php\/wp-json\/wp\/v2\/pages"}],"about":[{"href":"https:\/\/zsokwidzyn.pl\/index.php\/wp-json\/wp\/v2\/types\/page"}],"author":[{"embeddable":true,"href":"https:\/\/zsokwidzyn.pl\/index.php\/wp-json\/wp\/v2\/users\/1"}],"replies":[{"embeddable":true,"href":"https:\/\/zsokwidzyn.pl\/index.php\/wp-json\/wp\/v2\/comments?post=245"}],"version-history":[{"count":20,"href":"https:\/\/zsokwidzyn.pl\/index.php\/wp-json\/wp\/v2\/pages\/245\/revisions"}],"predecessor-version":[{"id":3238,"href":"https:\/\/zsokwidzyn.pl\/index.php\/wp-json\/wp\/v2\/pages\/245\/revisions\/3238"}],"wp:attachment":[{"href":"https:\/\/zsokwidzyn.pl\/index.php\/wp-json\/wp\/v2\/media?parent=245"}],"curies":[{"name":"wp","href":"https:\/\/api.w.org\/{rel}","templated":true}]}}