{"id":250,"date":"2016-11-06T09:59:12","date_gmt":"2016-11-06T08:59:12","guid":{"rendered":"http:\/\/zsokwidzyn.pl\/?page_id=250"},"modified":"2025-07-22T12:31:31","modified_gmt":"2025-07-22T10:31:31","slug":"podreczniki","status":"publish","type":"page","link":"https:\/\/zsokwidzyn.pl\/index.php\/podreczniki\/","title":{"rendered":"Podr\u0119czniki"},"content":{"rendered":"<p><strong><span style=\"color: #0000ff;\"><a style=\"color: #0000ff;\" href=\"https:\/\/zsokwidzyn.pl\/wp-content\/uploads\/2025\/07\/KLASA-1-2025-2026-podreczniki.pdf\" target=\"_blank\" rel=\"noopener\">KLASA 1 2025-2026 podr\u0119czniki<\/a><\/span><\/strong><\/p>\n<p><strong><span style=\"color: #0000ff;\"><a style=\"color: #0000ff;\" href=\"https:\/\/zsokwidzyn.pl\/wp-content\/uploads\/2025\/07\/KLASA-2-2025-2026-podreczniki.pdf\" target=\"_blank\" rel=\"noopener\">KLASA 2 2025-2026 podr\u0119czniki<\/a> <\/span><\/strong><\/p>\n<p><strong><span style=\"color: #0000ff;\"><a style=\"color: #0000ff;\" href=\"https:\/\/zsokwidzyn.pl\/wp-content\/uploads\/2025\/07\/KLASA-3-2025-2026-podreczniki.pdf\" target=\"_blank\" rel=\"noopener\">KLASA 3 2025-2026 podr\u0119czniki<\/a> <\/span><\/strong><\/p>\n<p><strong><span style=\"color: #0000ff;\"><a style=\"color: #0000ff;\" href=\"https:\/\/zsokwidzyn.pl\/wp-content\/uploads\/2025\/07\/KLASA-4-2025-2026-podreczniki.pdf\" target=\"_blank\" rel=\"noopener\">KLASA 4 2025-2026 podr\u0119czniki<\/a><\/span><\/strong><\/p>\n<p>&nbsp;<\/p>\n<p>&nbsp;<\/p>\n<p>&nbsp;<\/p>\n<p>&nbsp;<\/p>\n","protected":false},"excerpt":{"rendered":"<div class=\"mh-excerpt\"><p>KLASA 1 2025-2026 podr\u0119czniki KLASA 2 2025-2026 podr\u0119czniki KLASA 3 2025-2026 podr\u0119czniki KLASA 4 2025-2026 podr\u0119czniki &nbsp; &nbsp; &nbsp; &nbsp;<\/p>\n<\/div>","protected":false},"author":1,"featured_media":0,"parent":0,"menu_order":0,"comment_status":"closed","ping_status":"closed","template":"","meta":{"footnotes":""},"class_list":["post-250","page","type-page","status-publish","hentry"],"_links":{"self":[{"href":"https:\/\/zsokwidzyn.pl\/index.php\/wp-json\/wp\/v2\/pages\/250","targetHints":{"allow":["GET"]}}],"collection":[{"href":"https:\/\/zsokwidzyn.pl\/index.php\/wp-json\/wp\/v2\/pages"}],"about":[{"href":"https:\/\/zsokwidzyn.pl\/index.php\/wp-json\/wp\/v2\/types\/page"}],"author":[{"embeddable":true,"href":"https:\/\/zsokwidzyn.pl\/index.php\/wp-json\/wp\/v2\/users\/1"}],"replies":[{"embeddable":true,"href":"https:\/\/zsokwidzyn.pl\/index.php\/wp-json\/wp\/v2\/comments?post=250"}],"version-history":[{"count":33,"href":"https:\/\/zsokwidzyn.pl\/index.php\/wp-json\/wp\/v2\/pages\/250\/revisions"}],"predecessor-version":[{"id":9447,"href":"https:\/\/zsokwidzyn.pl\/index.php\/wp-json\/wp\/v2\/pages\/250\/revisions\/9447"}],"wp:attachment":[{"href":"https:\/\/zsokwidzyn.pl\/index.php\/wp-json\/wp\/v2\/media?parent=250"}],"curies":[{"name":"wp","href":"https:\/\/api.w.org\/{rel}","templated":true}]}}