{"id":2543,"date":"2018-02-27T13:04:21","date_gmt":"2018-02-27T12:04:21","guid":{"rendered":"http:\/\/zsokwidzyn.pl\/?page_id=2543"},"modified":"2018-02-27T13:07:37","modified_gmt":"2018-02-27T12:07:37","slug":"biblioteka-pedagogiczna","status":"publish","type":"page","link":"https:\/\/zsokwidzyn.pl\/index.php\/biblioteka-pedagogiczna\/","title":{"rendered":"Biblioteka pedagogiczna"},"content":{"rendered":"<p style=\"text-align: justify;\"><span style=\"font-size: 12pt;\">W miesi\u0105cu listopadzie 2017 roku wzi\u0119li\u015bmy udzia\u0142 w Wielkiej Wymianie Ksi\u0105\u017cek w bibliotece pedagogicznej w Kwidzynie. Nasi uczniowie przygotowli plakaty promuj\u0105ce czytelnictwo, by w ten spos\u00f3b podkre\u015bli\u0107 swoje zainteresowanie czytaniem. Z du\u017cym zaanga\u017cowaniem przegl\u0105dali ksi\u0105\u017cki, by znale\u017a\u0107 co\u015b dla siebie. Uda\u0142o si\u0119! Ka\u017cdy od\u015bwie\u017cy\u0142 swoj\u0105 biblioteczk\u0119. B\u0119dzie co czyta\u0107&#8230;<\/span><\/p>\n\r\n<div class=\"ngg-galleryoverview\" id=\"ngg-gallery-226-2543\">\r\n\r\n\t<!-- Slideshow link -->\r\n\t<div class=\"slideshowlink\">\r\n\t\t<a class=\"slideshowlink\" href=\"https:\/\/zsokwidzyn.pl\/index.php\/biblioteka-pedagogiczna\/?show=slide\">\r\n\t\t\t[Show as slideshow]\t\t<\/a>\r\n\t<\/div>\r\n\r\n\t\r\n\t<!-- Thumbnails -->\r\n\t\t\r\n\t<div id=\"ngg-image-3340\" class=\"ngg-gallery-thumbnail-box\"  >\r\n\t\t<div class=\"ngg-gallery-thumbnail\" >\r\n\t\t\t<a href=\"https:\/\/zsokwidzyn.pl\/wp-content\/gallery\/biblioteka-pedagogiczna\/24093797_1489117627868879_1877379589_o.jpg\" title=\" \" class=\"shutterset_set_226\" >\r\n\t\t\t\t\t\t\t\t<img loading=\"lazy\" decoding=\"async\" title=\"24093797_1489117627868879_1877379589_o\" alt=\"24093797_1489117627868879_1877379589_o\" src=\"https:\/\/zsokwidzyn.pl\/wp-content\/gallery\/biblioteka-pedagogiczna\/thumbs\/thumbs_24093797_1489117627868879_1877379589_o.jpg\" width=\"100\" height=\"75\" \/>\r\n\t\t\t\t\t\t\t<\/a>\r\n\t\t<\/div>\r\n\t<\/div>\r\n\t\r\n\t\t\r\n \t\t\r\n\t<div id=\"ngg-image-3341\" class=\"ngg-gallery-thumbnail-box\"  >\r\n\t\t<div class=\"ngg-gallery-thumbnail\" >\r\n\t\t\t<a href=\"https:\/\/zsokwidzyn.pl\/wp-content\/gallery\/biblioteka-pedagogiczna\/24623454_1489117054535603_57335402_o.jpg\" title=\" \" class=\"shutterset_set_226\" >\r\n\t\t\t\t\t\t\t\t<img loading=\"lazy\" decoding=\"async\" title=\"24623454_1489117054535603_57335402_o\" alt=\"24623454_1489117054535603_57335402_o\" src=\"https:\/\/zsokwidzyn.pl\/wp-content\/gallery\/biblioteka-pedagogiczna\/thumbs\/thumbs_24623454_1489117054535603_57335402_o.jpg\" width=\"100\" height=\"75\" \/>\r\n\t\t\t\t\t\t\t<\/a>\r\n\t\t<\/div>\r\n\t<\/div>\r\n\t\r\n\t\t\r\n \t\t\r\n\t<div id=\"ngg-image-3342\" class=\"ngg-gallery-thumbnail-box\"  >\r\n\t\t<div class=\"ngg-gallery-thumbnail\" >\r\n\t\t\t<a href=\"https:\/\/zsokwidzyn.pl\/wp-content\/gallery\/biblioteka-pedagogiczna\/24623465_1489115834535725_886175103_o.jpg\" title=\" \" class=\"shutterset_set_226\" >\r\n\t\t\t\t\t\t\t\t<img loading=\"lazy\" decoding=\"async\" title=\"24623465_1489115834535725_886175103_o\" alt=\"24623465_1489115834535725_886175103_o\" src=\"https:\/\/zsokwidzyn.pl\/wp-content\/gallery\/biblioteka-pedagogiczna\/thumbs\/thumbs_24623465_1489115834535725_886175103_o.jpg\" width=\"100\" height=\"75\" \/>\r\n\t\t\t\t\t\t\t<\/a>\r\n\t\t<\/div>\r\n\t<\/div>\r\n\t\r\n\t\t\r\n \t\t\r\n\t<div id=\"ngg-image-3343\" class=\"ngg-gallery-thumbnail-box\"  >\r\n\t\t<div class=\"ngg-gallery-thumbnail\" >\r\n\t\t\t<a href=\"https:\/\/zsokwidzyn.pl\/wp-content\/gallery\/biblioteka-pedagogiczna\/24623520_1489115807869061_755379901_o.jpg\" title=\" \" class=\"shutterset_set_226\" >\r\n\t\t\t\t\t\t\t\t<img loading=\"lazy\" decoding=\"async\" title=\"24623520_1489115807869061_755379901_o\" alt=\"24623520_1489115807869061_755379901_o\" src=\"https:\/\/zsokwidzyn.pl\/wp-content\/gallery\/biblioteka-pedagogiczna\/thumbs\/thumbs_24623520_1489115807869061_755379901_o.jpg\" width=\"100\" height=\"75\" \/>\r\n\t\t\t\t\t\t\t<\/a>\r\n\t\t<\/div>\r\n\t<\/div>\r\n\t\r\n\t\t\r\n \t\t\r\n\t<div id=\"ngg-image-3344\" class=\"ngg-gallery-thumbnail-box\"  >\r\n\t\t<div class=\"ngg-gallery-thumbnail\" >\r\n\t\t\t<a href=\"https:\/\/zsokwidzyn.pl\/wp-content\/gallery\/biblioteka-pedagogiczna\/24623567_1489116971202278_388343969_o.jpg\" title=\" \" class=\"shutterset_set_226\" >\r\n\t\t\t\t\t\t\t\t<img loading=\"lazy\" decoding=\"async\" title=\"24623567_1489116971202278_388343969_o\" alt=\"24623567_1489116971202278_388343969_o\" src=\"https:\/\/zsokwidzyn.pl\/wp-content\/gallery\/biblioteka-pedagogiczna\/thumbs\/thumbs_24623567_1489116971202278_388343969_o.jpg\" width=\"100\" height=\"75\" \/>\r\n\t\t\t\t\t\t\t<\/a>\r\n\t\t<\/div>\r\n\t<\/div>\r\n\t\r\n\t\t\r\n \t\t\r\n\t<div id=\"ngg-image-3345\" class=\"ngg-gallery-thumbnail-box\"  >\r\n\t\t<div class=\"ngg-gallery-thumbnail\" >\r\n\t\t\t<a href=\"https:\/\/zsokwidzyn.pl\/wp-content\/gallery\/biblioteka-pedagogiczna\/24623597_1489115881202387_1686365267_o.jpg\" title=\" \" class=\"shutterset_set_226\" >\r\n\t\t\t\t\t\t\t\t<img loading=\"lazy\" decoding=\"async\" title=\"24623597_1489115881202387_1686365267_o\" alt=\"24623597_1489115881202387_1686365267_o\" src=\"https:\/\/zsokwidzyn.pl\/wp-content\/gallery\/biblioteka-pedagogiczna\/thumbs\/thumbs_24623597_1489115881202387_1686365267_o.jpg\" width=\"100\" height=\"75\" \/>\r\n\t\t\t\t\t\t\t<\/a>\r\n\t\t<\/div>\r\n\t<\/div>\r\n\t\r\n\t\t\r\n \t\t\r\n\t<div id=\"ngg-image-3346\" class=\"ngg-gallery-thumbnail-box\"  >\r\n\t\t<div class=\"ngg-gallery-thumbnail\" >\r\n\t\t\t<a href=\"https:\/\/zsokwidzyn.pl\/wp-content\/gallery\/biblioteka-pedagogiczna\/24623724_1489117694535539_1767992439_o.jpg\" title=\" \" class=\"shutterset_set_226\" >\r\n\t\t\t\t\t\t\t\t<img loading=\"lazy\" decoding=\"async\" title=\"24623724_1489117694535539_1767992439_o\" alt=\"24623724_1489117694535539_1767992439_o\" src=\"https:\/\/zsokwidzyn.pl\/wp-content\/gallery\/biblioteka-pedagogiczna\/thumbs\/thumbs_24623724_1489117694535539_1767992439_o.jpg\" width=\"100\" height=\"75\" \/>\r\n\t\t\t\t\t\t\t<\/a>\r\n\t\t<\/div>\r\n\t<\/div>\r\n\t\r\n\t\t\r\n \t\t\r\n\t<div id=\"ngg-image-3347\" class=\"ngg-gallery-thumbnail-box\"  >\r\n\t\t<div class=\"ngg-gallery-thumbnail\" >\r\n\t\t\t<a href=\"https:\/\/zsokwidzyn.pl\/wp-content\/gallery\/biblioteka-pedagogiczna\/24623780_1489116771202298_399545558_o.jpg\" title=\" \" class=\"shutterset_set_226\" >\r\n\t\t\t\t\t\t\t\t<img loading=\"lazy\" decoding=\"async\" title=\"24623780_1489116771202298_399545558_o\" alt=\"24623780_1489116771202298_399545558_o\" src=\"https:\/\/zsokwidzyn.pl\/wp-content\/gallery\/biblioteka-pedagogiczna\/thumbs\/thumbs_24623780_1489116771202298_399545558_o.jpg\" width=\"100\" height=\"75\" \/>\r\n\t\t\t\t\t\t\t<\/a>\r\n\t\t<\/div>\r\n\t<\/div>\r\n\t\r\n\t\t\r\n \t\t\r\n\t<div id=\"ngg-image-3348\" class=\"ngg-gallery-thumbnail-box\"  >\r\n\t\t<div class=\"ngg-gallery-thumbnail\" >\r\n\t\t\t<a href=\"https:\/\/zsokwidzyn.pl\/wp-content\/gallery\/biblioteka-pedagogiczna\/24623811_1489115901202385_1913694885_o.jpg\" title=\" \" class=\"shutterset_set_226\" >\r\n\t\t\t\t\t\t\t\t<img loading=\"lazy\" decoding=\"async\" title=\"24623811_1489115901202385_1913694885_o\" alt=\"24623811_1489115901202385_1913694885_o\" src=\"https:\/\/zsokwidzyn.pl\/wp-content\/gallery\/biblioteka-pedagogiczna\/thumbs\/thumbs_24623811_1489115901202385_1913694885_o.jpg\" width=\"100\" height=\"75\" \/>\r\n\t\t\t\t\t\t\t<\/a>\r\n\t\t<\/div>\r\n\t<\/div>\r\n\t\r\n\t\t\r\n \t\t\r\n\t<div id=\"ngg-image-3349\" class=\"ngg-gallery-thumbnail-box\"  >\r\n\t\t<div class=\"ngg-gallery-thumbnail\" >\r\n\t\t\t<a href=\"https:\/\/zsokwidzyn.pl\/wp-content\/gallery\/biblioteka-pedagogiczna\/24650750_1489117654535543_102860882_o.jpg\" title=\" \" class=\"shutterset_set_226\" >\r\n\t\t\t\t\t\t\t\t<img loading=\"lazy\" decoding=\"async\" title=\"24650750_1489117654535543_102860882_o\" alt=\"24650750_1489117654535543_102860882_o\" src=\"https:\/\/zsokwidzyn.pl\/wp-content\/gallery\/biblioteka-pedagogiczna\/thumbs\/thumbs_24650750_1489117654535543_102860882_o.jpg\" width=\"100\" height=\"75\" \/>\r\n\t\t\t\t\t\t\t<\/a>\r\n\t\t<\/div>\r\n\t<\/div>\r\n\t\r\n\t\t\r\n \t\t\r\n\t<div id=\"ngg-image-3350\" class=\"ngg-gallery-thumbnail-box\"  >\r\n\t\t<div class=\"ngg-gallery-thumbnail\" >\r\n\t\t\t<a href=\"https:\/\/zsokwidzyn.pl\/wp-content\/gallery\/biblioteka-pedagogiczna\/24650946_1489115924535716_801386028_o.jpg\" title=\" \" class=\"shutterset_set_226\" >\r\n\t\t\t\t\t\t\t\t<img loading=\"lazy\" decoding=\"async\" title=\"24650946_1489115924535716_801386028_o\" alt=\"24650946_1489115924535716_801386028_o\" src=\"https:\/\/zsokwidzyn.pl\/wp-content\/gallery\/biblioteka-pedagogiczna\/thumbs\/thumbs_24650946_1489115924535716_801386028_o.jpg\" width=\"100\" height=\"75\" \/>\r\n\t\t\t\t\t\t\t<\/a>\r\n\t\t<\/div>\r\n\t<\/div>\r\n\t\r\n\t\t\r\n \t\t\r\n\t<div id=\"ngg-image-3351\" class=\"ngg-gallery-thumbnail-box\"  >\r\n\t\t<div class=\"ngg-gallery-thumbnail\" >\r\n\t\t\t<a href=\"https:\/\/zsokwidzyn.pl\/wp-content\/gallery\/biblioteka-pedagogiczna\/24726327_1489115951202380_1172636619_o.jpg\" title=\" \" class=\"shutterset_set_226\" >\r\n\t\t\t\t\t\t\t\t<img loading=\"lazy\" decoding=\"async\" title=\"24726327_1489115951202380_1172636619_o\" alt=\"24726327_1489115951202380_1172636619_o\" src=\"https:\/\/zsokwidzyn.pl\/wp-content\/gallery\/biblioteka-pedagogiczna\/thumbs\/thumbs_24726327_1489115951202380_1172636619_o.jpg\" width=\"100\" height=\"75\" \/>\r\n\t\t\t\t\t\t\t<\/a>\r\n\t\t<\/div>\r\n\t<\/div>\r\n\t\r\n\t\t\r\n \t\t\r\n\t<div id=\"ngg-image-3352\" class=\"ngg-gallery-thumbnail-box\"  >\r\n\t\t<div class=\"ngg-gallery-thumbnail\" >\r\n\t\t\t<a href=\"https:\/\/zsokwidzyn.pl\/wp-content\/gallery\/biblioteka-pedagogiczna\/24739983_1489117017868940_1409321849_o.jpg\" title=\" \" class=\"shutterset_set_226\" >\r\n\t\t\t\t\t\t\t\t<img loading=\"lazy\" decoding=\"async\" title=\"24739983_1489117017868940_1409321849_o\" alt=\"24739983_1489117017868940_1409321849_o\" src=\"https:\/\/zsokwidzyn.pl\/wp-content\/gallery\/biblioteka-pedagogiczna\/thumbs\/thumbs_24739983_1489117017868940_1409321849_o.jpg\" width=\"100\" height=\"75\" \/>\r\n\t\t\t\t\t\t\t<\/a>\r\n\t\t<\/div>\r\n\t<\/div>\r\n\t\r\n\t\t\r\n \t \t\r\n\t<!-- Pagination -->\r\n \t<div class=\"ngg-clear\"><\/div> \t\r\n<\/div>\r\n\r\n\n","protected":false},"excerpt":{"rendered":"<div class=\"mh-excerpt\"><p>W miesi\u0105cu listopadzie 2017 roku wzi\u0119li\u015bmy udzia\u0142 w Wielkiej Wymianie Ksi\u0105\u017cek w bibliotece pedagogicznej w Kwidzynie. Nasi uczniowie przygotowli plakaty promuj\u0105ce czytelnictwo, by w ten <a class=\"mh-excerpt-more\" href=\"https:\/\/zsokwidzyn.pl\/index.php\/biblioteka-pedagogiczna\/\" title=\"Biblioteka pedagogiczna\">[&#8230;]<\/a><\/p>\n<\/div>","protected":false},"author":1,"featured_media":0,"parent":0,"menu_order":0,"comment_status":"closed","ping_status":"closed","template":"","meta":{"footnotes":""},"class_list":["post-2543","page","type-page","status-publish","hentry"],"_links":{"self":[{"href":"https:\/\/zsokwidzyn.pl\/index.php\/wp-json\/wp\/v2\/pages\/2543","targetHints":{"allow":["GET"]}}],"collection":[{"href":"https:\/\/zsokwidzyn.pl\/index.php\/wp-json\/wp\/v2\/pages"}],"about":[{"href":"https:\/\/zsokwidzyn.pl\/index.php\/wp-json\/wp\/v2\/types\/page"}],"author":[{"embeddable":true,"href":"https:\/\/zsokwidzyn.pl\/index.php\/wp-json\/wp\/v2\/users\/1"}],"replies":[{"embeddable":true,"href":"https:\/\/zsokwidzyn.pl\/index.php\/wp-json\/wp\/v2\/comments?post=2543"}],"version-history":[{"count":3,"href":"https:\/\/zsokwidzyn.pl\/index.php\/wp-json\/wp\/v2\/pages\/2543\/revisions"}],"predecessor-version":[{"id":2547,"href":"https:\/\/zsokwidzyn.pl\/index.php\/wp-json\/wp\/v2\/pages\/2543\/revisions\/2547"}],"wp:attachment":[{"href":"https:\/\/zsokwidzyn.pl\/index.php\/wp-json\/wp\/v2\/media?parent=2543"}],"curies":[{"name":"wp","href":"https:\/\/api.w.org\/{rel}","templated":true}]}}