{"id":255,"date":"2016-11-06T11:59:41","date_gmt":"2016-11-06T10:59:41","guid":{"rendered":"http:\/\/zsokwidzyn.pl\/?page_id=255"},"modified":"2023-10-11T15:51:16","modified_gmt":"2023-10-11T13:51:16","slug":"kadra","status":"publish","type":"page","link":"https:\/\/zsokwidzyn.pl\/index.php\/kadra\/","title":{"rendered":"Kadra"},"content":{"rendered":"<p style=\"text-align: left;\"><strong>Dyrektor Szko\u0142y<\/strong><\/p>\n<p style=\"text-align: left;\">Joanna Po\u017aniak<\/p>\n<p style=\"text-align: left;\"><strong>Wicedyrektor<\/strong><\/p>\n<p style=\"text-align: left;\">Anna Krzeszowska<\/p>\n<p style=\"text-align: left;\"><strong>Pedagog Szkolny <\/strong><\/p>\n<p style=\"text-align: left;\">Sylwia Smagowska &#8211; \u017bemojtel<\/p>\n<p style=\"text-align: left;\"><strong>Psycholog Szkolny <\/strong><\/p>\n<p style=\"text-align: left;\">Joanna Majsak &#8211; Sulecka<\/p>\n<p style=\"text-align: left;\"><strong>Pedagog Specjalny <\/strong><\/p>\n<p style=\"text-align: left;\">Joanna Wicik<\/p>\n<p>&nbsp;<\/p>\n<table class=\" alignleft\" style=\"width: 51%; height: 4594px;\">\n<tbody>\n<tr>\n<td width=\"229\">Kali\u0144czak Jolanta<\/td>\n<td width=\"260\">Biblioteka<\/td>\n<\/tr>\n<tr>\n<td width=\"229\">Wo\u017aniak Marta<\/td>\n<td width=\"260\">Biblioteka<\/td>\n<\/tr>\n<tr>\n<td width=\"229\">Klonowska Dorota<\/td>\n<td width=\"260\">Biologia<\/td>\n<\/tr>\n<tr>\n<td width=\"229\">Wojta\u015b Wojciech<\/td>\n<td width=\"260\">Biologia<\/td>\n<\/tr>\n<tr>\n<td width=\"229\">Wo\u017aniak Marta<\/td>\n<td width=\"260\">Biologia<\/td>\n<\/tr>\n<tr>\n<td width=\"229\">Gerlach Dorota<\/td>\n<td width=\"260\">Chemia<\/td>\n<\/tr>\n<tr>\n<td width=\"229\">Kowalak Janusz<\/td>\n<td width=\"260\">Chemia<\/td>\n<\/tr>\n<tr>\n<td width=\"229\">Fifielska Izabela<\/td>\n<td width=\"260\">Chemia<\/td>\n<\/tr>\n<tr>\n<td width=\"229\">Bie\u0144kowska Anna<\/td>\n<td width=\"260\">Edukacja dla Bezpiecze\u0144stwa<\/td>\n<\/tr>\n<tr>\n<td width=\"229\">Walkiewicz Leszek<\/td>\n<td width=\"260\">Edukacja Dziennikarska<\/td>\n<\/tr>\n<tr>\n<td width=\"229\">Krzeszowska-Sarzyniak Beata<\/td>\n<td width=\"260\">Edukacja Prawna<\/td>\n<\/tr>\n<tr>\n<td width=\"229\">Klonowska Dorota<\/td>\n<td width=\"260\">Edukacja Ratownictwa Medycznego<\/td>\n<\/tr>\n<tr>\n<td width=\"229\">Fifielska Izabella<\/td>\n<td width=\"260\">Fizyka<\/td>\n<\/tr>\n<tr>\n<td width=\"229\">Kruszy\u0144ska Iwona<\/td>\n<td width=\"260\">Fizyka<\/td>\n<\/tr>\n<tr>\n<td width=\"229\">Po\u017aniak Joanna<\/td>\n<td width=\"260\">Fizyka<\/td>\n<\/tr>\n<tr>\n<td width=\"229\">Klonowska Dorota<\/td>\n<td width=\"260\">Geografia<\/td>\n<\/tr>\n<tr>\n<td width=\"229\">Roszczyk Danuta<\/td>\n<td width=\"260\">Geografia<\/td>\n<\/tr>\n<tr>\n<td width=\"229\">Weso\u0142owski Mariusz<\/td>\n<td width=\"260\">Geografia<\/td>\n<\/tr>\n<tr>\n<td width=\"229\">Weso\u0142owska Edyta<\/td>\n<td width=\"260\">Geometria Analityczna<\/td>\n<\/tr>\n<tr>\n<td width=\"229\">Bie\u0144kowska Anna<\/td>\n<td width=\"260\">Historia<\/td>\n<\/tr>\n<tr>\n<td width=\"229\">Krzeszowska Anna<\/td>\n<td width=\"260\">Historia<\/td>\n<\/tr>\n<tr>\n<td width=\"229\">Tomczak Piotr<\/td>\n<td width=\"260\">Historia<\/td>\n<\/tr>\n<tr>\n<td width=\"229\">Wojta\u015b Wojciech<\/td>\n<td width=\"260\">Historia<\/td>\n<\/tr>\n<tr>\n<td width=\"229\">Bie\u0144kowska Anna<\/td>\n<td width=\"260\">Historia i Tera\u017aniejszo\u015b\u0107<\/td>\n<\/tr>\n<tr>\n<td width=\"229\">Scholz Beata<\/td>\n<td width=\"260\">Historia i Tera\u017aniejszo\u015b\u0107<\/td>\n<\/tr>\n<tr>\n<td width=\"229\">Wojta\u015b Wojciech<\/td>\n<td width=\"260\">Historia i Tera\u017aniejszo\u015b\u0107<\/td>\n<\/tr>\n<tr>\n<td width=\"229\">D\u0105browski Henryk<\/td>\n<td width=\"260\">Informatyka<\/td>\n<\/tr>\n<tr>\n<td width=\"229\">Kruszy\u0144ska Iwona<\/td>\n<td width=\"260\">Informatyka<\/td>\n<\/tr>\n<tr>\n<td width=\"229\">Czarnobaj Aleksandra<\/td>\n<td width=\"260\">Informatyka<\/td>\n<\/tr>\n<tr>\n<td width=\"229\">Srebrowska-Budek Katarzyna<\/td>\n<td width=\"260\">Informatyka<\/td>\n<\/tr>\n<tr>\n<td width=\"229\">Wcis\u0142o Zbigniew<\/td>\n<td width=\"260\">Informatyka<\/td>\n<\/tr>\n<tr>\n<td width=\"229\">Jarzynka Anna<\/td>\n<td width=\"260\">J\u0119zyk angielski<\/td>\n<\/tr>\n<tr>\n<td width=\"229\">Kuffel Karolina<\/td>\n<td width=\"260\">J\u0119zyk angielski<\/td>\n<\/tr>\n<tr>\n<td width=\"229\">Lema\u0144ski Marcin<\/td>\n<td width=\"260\">J\u0119zyk angielski<\/td>\n<\/tr>\n<tr>\n<td width=\"229\">Makowska Julianna<\/td>\n<td width=\"260\">J\u0119zyk angielski<\/td>\n<\/tr>\n<tr>\n<td width=\"229\">Opacian Piotr<\/td>\n<td width=\"260\">J\u0119zyk angielski<\/td>\n<\/tr>\n<tr>\n<td width=\"229\">Urbanowicz Gra\u017cyna<\/td>\n<td width=\"260\">J\u0119zyk angielski<\/td>\n<\/tr>\n<tr>\n<td width=\"229\">Szulca Arkadiusz<\/td>\n<td width=\"260\">J\u0119zyk hiszpa\u0144ski<\/td>\n<\/tr>\n<tr>\n<td width=\"229\">Trzaska Aleksandra<\/td>\n<td width=\"260\">J\u0119zyk hiszpa\u0144ski<\/td>\n<\/tr>\n<tr>\n<td width=\"229\">Sagrera Ribas Jordi<\/td>\n<td width=\"260\">J\u0119zyk hiszpa\u0144ski<\/td>\n<\/tr>\n<tr>\n<td width=\"229\">Trzaska Aleksandra<\/td>\n<td width=\"260\">J\u0119zyk niemiecki<\/td>\n<\/tr>\n<tr>\n<td width=\"229\">Sosnowska Jolanta<\/td>\n<td width=\"260\">J\u0119zyk polski<\/td>\n<\/tr>\n<tr>\n<td width=\"229\">W\u0105sik Ewelina<\/td>\n<td width=\"260\">J\u0119zyk polski<\/td>\n<\/tr>\n<tr>\n<td width=\"229\">Dutko Jaros\u0142aw<\/td>\n<td width=\"260\">J\u0119zyk polski<\/td>\n<\/tr>\n<tr>\n<td width=\"229\">Duzinkiewicz Albert<\/td>\n<td width=\"260\">J\u0119zyk polski<\/td>\n<\/tr>\n<tr>\n<td width=\"229\">Gnitecka-Podlawska Alicja<\/td>\n<td width=\"260\">J\u0119zyk polski<\/td>\n<\/tr>\n<tr>\n<td width=\"229\">Jagiellak Miros\u0142aw<\/td>\n<td width=\"260\">J\u0119zyk polski<\/td>\n<\/tr>\n<tr>\n<td width=\"229\">Labuszewski Adam<\/td>\n<td width=\"260\">J\u0119zyk polski<\/td>\n<\/tr>\n<tr>\n<td width=\"229\">Sitarz Paulina<\/td>\n<td width=\"260\">J\u0119zyk polski<\/td>\n<\/tr>\n<tr>\n<td width=\"229\">Walkiewicz Leszek<\/td>\n<td width=\"260\">J\u0119zyk polski<\/td>\n<\/tr>\n<tr>\n<td width=\"229\">Sowi\u0144ska-Tissler Zuzanna<\/td>\n<td width=\"260\">J\u0119zyk polski dodatkowy<\/td>\n<\/tr>\n<tr>\n<td width=\"229\">Grabowski Jerzy<\/td>\n<td width=\"260\">J\u0119zyk rosyjski<\/td>\n<\/tr>\n<tr>\n<td width=\"229\">Jagiellak Mariola<\/td>\n<td width=\"260\">Matematyka<\/td>\n<\/tr>\n<tr>\n<td width=\"229\">Kaczor Ma\u0142gorzata<\/td>\n<td width=\"260\">Matematyka<\/td>\n<\/tr>\n<tr>\n<td width=\"229\">Kosi\u0144ska Hanna<\/td>\n<td width=\"260\">Matematyka<\/td>\n<\/tr>\n<tr>\n<td width=\"229\">Koz\u0142owska Irena<\/td>\n<td width=\"260\">Matematyka<\/td>\n<\/tr>\n<tr>\n<td width=\"229\">Kwiatecka-Witko Lidia<\/td>\n<td width=\"260\">Matematyka<\/td>\n<\/tr>\n<tr>\n<td width=\"229\">Radomska Wioletta<\/td>\n<td width=\"260\">Matematyka<\/td>\n<\/tr>\n<tr>\n<td width=\"229\">Czarnota Justyna<\/td>\n<td width=\"260\">Matematyka<\/td>\n<\/tr>\n<tr>\n<td width=\"229\">Kowalak Janusz<\/td>\n<td width=\"260\">Matematyka<\/td>\n<\/tr>\n<tr>\n<td width=\"229\">Weso\u0142owska Edyta<\/td>\n<td width=\"260\">Matematyka<\/td>\n<\/tr>\n<tr>\n<td width=\"229\">Krzeszowska-Sarzyniak Beata<\/td>\n<td width=\"260\">Muzyka<\/td>\n<\/tr>\n<tr>\n<td width=\"229\">Januszewski Tadeusz<\/td>\n<td width=\"260\">Podstawy Przedsi\u0119biorczo\u015bci<\/td>\n<\/tr>\n<tr>\n<td width=\"229\">Tomczak Piotr<\/td>\n<td width=\"260\">Podstawy Przedsi\u0119biorczo\u015bci<\/td>\n<\/tr>\n<tr>\n<td width=\"229\">Majsak\u00a0 &#8211; Sulecka Joanna<\/td>\n<td width=\"260\">Podstawy Psychologii<\/td>\n<\/tr>\n<tr>\n<td width=\"229\">Ks. Gniotek Krzysztof<\/td>\n<td width=\"260\">Religia<\/td>\n<\/tr>\n<tr>\n<td width=\"229\">Rzoska Tomasz<\/td>\n<td width=\"260\">Religia<\/td>\n<\/tr>\n<tr>\n<td width=\"229\">Czarnobaj Aleksandra<\/td>\n<td width=\"260\">Robotyka<\/td>\n<\/tr>\n<tr>\n<td width=\"229\">Krzeszowska-Sarzyniak Beata<\/td>\n<td width=\"260\">Wiedza o spo\u0142ecze\u0144stwie<\/td>\n<\/tr>\n<tr>\n<td width=\"229\">Smagowska-\u017bemojtel Sylwia<\/td>\n<td width=\"260\">Wychowanie do \u017cycia w rodzinie<\/td>\n<\/tr>\n<tr>\n<td width=\"229\">D\u0105browski Henryk<\/td>\n<td width=\"260\">Wychowanie fizyczne<\/td>\n<\/tr>\n<tr>\n<td width=\"229\">Fukowska Aleksandra<\/td>\n<td width=\"260\">Wychowanie fizyczne<\/td>\n<\/tr>\n<tr>\n<td width=\"229\">Kali\u0144czak Bogdan<\/td>\n<td width=\"260\">Wychowanie fizyczne<\/td>\n<\/tr>\n<tr>\n<td width=\"229\">Nowicka \u2013 Klawitter Ma\u0142gorzata<\/td>\n<td width=\"260\">Wychowanie fizyczne<\/td>\n<\/tr>\n<tr>\n<td width=\"229\">Szachmytowski Artur &#8211; wf<\/td>\n<td width=\"260\">Wychowanie fizyczne<\/td>\n<\/tr>\n<\/tbody>\n<\/table>\n<p>&nbsp;<\/p>\n<p>&nbsp;<\/p>\n<p>&nbsp;<\/p>\n<p>&nbsp;<\/p>\n<p>&nbsp;<\/p>\n<p>&nbsp;<\/p>\n<p>&nbsp;<\/p>\n<p>&nbsp;<\/p>\n<p>&nbsp;<\/p>\n<p>&nbsp;<\/p>\n<p>&nbsp;<\/p>\n<p>&nbsp;<\/p>\n<p>&nbsp;<\/p>\n<p>&nbsp;<\/p>\n<p>&nbsp;<\/p>\n<p>&nbsp;<\/p>\n<p>&nbsp;<\/p>\n<p>&nbsp;<\/p>\n<p>&nbsp;<\/p>\n<p>&nbsp;<\/p>\n<p>&nbsp;<\/p>\n<p>&nbsp;<\/p>\n<p>&nbsp;<\/p>\n<p>&nbsp;<\/p>\n<p>&nbsp;<\/p>\n<p>&nbsp;<\/p>\n<p>&nbsp;<\/p>\n<p>&nbsp;<\/p>\n<p>&nbsp;<\/p>\n<p>&nbsp;<\/p>\n<p>&nbsp;<\/p>\n<p>&nbsp;<\/p>\n<p>&nbsp;<\/p>\n<p>&nbsp;<\/p>\n<p>&nbsp;<\/p>\n<p>&nbsp;<\/p>\n<p>&nbsp;<\/p>\n<p>&nbsp;<\/p>\n<p>&nbsp;<\/p>\n<p>&nbsp;<\/p>\n<p>&nbsp;<\/p>\n<p>&nbsp;<\/p>\n<p>&nbsp;<\/p>\n<p>&nbsp;<\/p>\n<p>&nbsp;<\/p>\n<p>&nbsp;<\/p>\n<p>&nbsp;<\/p>\n<p>&nbsp;<\/p>\n<p>&nbsp;<\/p>\n<p>&nbsp;<\/p>\n<p>&nbsp;<\/p>\n<p>&nbsp;<\/p>\n<p>&nbsp;<\/p>\n<p>&nbsp;<\/p>\n<p>&nbsp;<\/p>\n<p>&nbsp;<\/p>\n<p>&nbsp;<\/p>\n<p>&nbsp;<\/p>\n<p>&nbsp;<\/p>\n<p>&nbsp;<\/p>\n<p>&nbsp;<\/p>\n<p>&nbsp;<\/p>\n<p>&nbsp;<\/p>\n<p>&nbsp;<\/p>\n<p>&nbsp;<\/p>\n<p>&nbsp;<\/p>\n<p>&nbsp;<\/p>\n<p>&nbsp;<\/p>\n<p>&nbsp;<\/p>\n<p>&nbsp;<\/p>\n<p>&nbsp;<\/p>\n<p>&nbsp;<\/p>\n<p>&nbsp;<\/p>\n<p>&nbsp;<\/p>\n<p>&nbsp;<\/p>\n<p>&nbsp;<\/p>\n<p>&nbsp;<\/p>\n<p>&nbsp;<\/p>\n<p>&nbsp;<\/p>\n<p>&nbsp;<\/p>\n<p>&nbsp;<\/p>\n<p>&nbsp;<\/p>\n<p>&nbsp;<\/p>\n<p>&nbsp;<\/p>\n<p>&nbsp;<\/p>\n<p>&nbsp;<\/p>\n<p>&nbsp;<\/p>\n<p>&nbsp;<\/p>\n<p>&nbsp;<\/p>\n<p>&nbsp;<\/p>\n<p>&nbsp;<\/p>\n<p>&nbsp;<\/p>\n<p>&nbsp;<\/p>\n<p>&nbsp;<\/p>\n<p>&nbsp;<\/p>\n<p>&nbsp;<\/p>\n<p>&nbsp;<\/p>\n<p>&nbsp;<\/p>\n<p>&nbsp;<\/p>\n<p>&nbsp;<\/p>\n<p>&nbsp;<\/p>\n<p>&nbsp;<\/p>\n<p>&nbsp;<\/p>\n<p>&nbsp;<\/p>\n<p>&nbsp;<\/p>\n<p>&nbsp;<\/p>\n<p>&nbsp;<\/p>\n<p>&nbsp;<\/p>\n<p>&nbsp;<\/p>\n<p>&nbsp;<\/p>\n","protected":false},"excerpt":{"rendered":"<div class=\"mh-excerpt\"><p>Dyrektor Szko\u0142y Joanna Po\u017aniak Wicedyrektor Anna Krzeszowska Pedagog Szkolny Sylwia Smagowska &#8211; \u017bemojtel Psycholog Szkolny Joanna Majsak &#8211; Sulecka Pedagog Specjalny Joanna Wicik &nbsp; Kali\u0144czak <a class=\"mh-excerpt-more\" href=\"https:\/\/zsokwidzyn.pl\/index.php\/kadra\/\" title=\"Kadra\">[&#8230;]<\/a><\/p>\n<\/div>","protected":false},"author":1,"featured_media":0,"parent":0,"menu_order":0,"comment_status":"closed","ping_status":"closed","template":"","meta":{"footnotes":""},"class_list":["post-255","page","type-page","status-publish","hentry"],"_links":{"self":[{"href":"https:\/\/zsokwidzyn.pl\/index.php\/wp-json\/wp\/v2\/pages\/255","targetHints":{"allow":["GET"]}}],"collection":[{"href":"https:\/\/zsokwidzyn.pl\/index.php\/wp-json\/wp\/v2\/pages"}],"about":[{"href":"https:\/\/zsokwidzyn.pl\/index.php\/wp-json\/wp\/v2\/types\/page"}],"author":[{"embeddable":true,"href":"https:\/\/zsokwidzyn.pl\/index.php\/wp-json\/wp\/v2\/users\/1"}],"replies":[{"embeddable":true,"href":"https:\/\/zsokwidzyn.pl\/index.php\/wp-json\/wp\/v2\/comments?post=255"}],"version-history":[{"count":28,"href":"https:\/\/zsokwidzyn.pl\/index.php\/wp-json\/wp\/v2\/pages\/255\/revisions"}],"predecessor-version":[{"id":1749,"href":"https:\/\/zsokwidzyn.pl\/index.php\/wp-json\/wp\/v2\/pages\/255\/revisions\/1749"}],"wp:attachment":[{"href":"https:\/\/zsokwidzyn.pl\/index.php\/wp-json\/wp\/v2\/media?parent=255"}],"curies":[{"name":"wp","href":"https:\/\/api.w.org\/{rel}","templated":true}]}}