{"id":259,"date":"2016-11-06T12:00:07","date_gmt":"2016-11-06T11:00:07","guid":{"rendered":"http:\/\/zsokwidzyn.pl\/?page_id=259"},"modified":"2023-11-04T17:59:38","modified_gmt":"2023-11-04T16:59:38","slug":"wplaty-na-rade-rodzicow","status":"publish","type":"page","link":"https:\/\/zsokwidzyn.pl\/index.php\/wplaty-na-rade-rodzicow\/","title":{"rendered":"Wp\u0142aty na Rad\u0119 Rodzic\u00f3w"},"content":{"rendered":"<div>\n<p class=\"Textbody\" style=\"text-align: center;\" align=\"center\">Szanowni Rodzice<\/p>\n<\/div>\n<div>\n<p class=\"Textbody\">\n<\/div>\n<div>\n<p class=\"Textbody\">Uchwa\u0142\u0105 Rady Rodzic\u00f3w w roku szkolnym 2023-2024 sugerowana sk\u0142adka na fundusz Rady Rodzic\u00f3w wynosi\u00a0<span class=\"StrongEmphasis\">50 z\u0142<\/span>.<\/p>\n<p>&nbsp;<\/p>\n<\/div>\n<div>\n<p class=\"Textbody\">Jest to oczywi\u015bcie sk\u0142adka dobrowolna i je\u015bli kto\u015b wp\u0142aci 5, 10, 20 z\u0142 to spo\u0142eczno\u015b\u0107 szkolna, a w szczeg\u00f3lno\u015bci Nasi uczniowie b\u0119d\u0105 wdzi\u0119czni.<\/p>\n<\/div>\n<div>\n<p class=\"Textbody\">\n<\/div>\n<div>\n<p class=\"Textbody\">\u015arodki z funduszu Rady Rodzic\u00f3w s\u0105 przeznaczane na r\u00f3\u017cne wydarzenia i imprezy\u00a0 zwi\u0105zane z Naszymi uczniami, takie jak \u201eChrzest Bean\u00f3w\u201d, pikniki, nagrody, itp.<\/p>\n<\/div>\n<div>\n<p class=\"Textbody\">\n<\/div>\n<div>\n<p class=\"Textbody\">Staramy si\u0119 zebrane \u015brodki wydawa\u0107 jak najlepiej, aby wydarzenia szkolne by\u0142y atrakcyjne.<\/p>\n<\/div>\n<div>\n<p class=\"Textbody\">\n<\/div>\n<div>\n<p class=\"Textbody\">Wp\u0142aty na Rad\u0119 Rodzic\u00f3w prosimy\u00a0dokonywa\u0107 na rachunek:<\/p>\n<\/div>\n<div>\n<p class=\"Textbody\" align=\"center\"><strong><span class=\"StrongEmphasis\">61 8300 0009 0006 7769 2000 0010<\/span><\/strong><\/p>\n<\/div>\n<div>\n<p class=\"Textbody\">lub przekazywa\u0107 je w trakcie wywiad\u00f3wki klasowej.<\/p>\n<\/div>\n<div>\n<p class=\"Textbody\">\n<\/div>\n<div>\n<p class=\"Textbody\" style=\"text-align: justify;\">Ka\u017cdy z rodzic\u00f3w jest uprawniony do informacji dotycz\u0105cych wysoko\u015bci wp\u0142at na fundusz Rady Rodzic\u00f3w oraz wydatk\u00f3w ponoszonych z tego funduszu.<\/p>\n<\/div>\n<div>\n<p class=\"Textbody\">\n<\/div>\n<div>\n<p class=\"Textbody\">Z powa\u017caniem<\/p>\n<\/div>\n<div>\n<p class=\"Textbody\">Przewodnicz\u0105cy Rady Rodzic\u00f3w<\/p>\n<\/div>\n<div>\n<p class=\"Textbody\">Bartosz G\u0105siorowski<\/p>\n<\/div>\n<div>\n<p class=\"Standard\">\n<\/div>\n<div>\n<p class=\"Textbody\">\n<\/div>\n","protected":false},"excerpt":{"rendered":"<div class=\"mh-excerpt\"><p>Szanowni Rodzice Uchwa\u0142\u0105 Rady Rodzic\u00f3w w roku szkolnym 2023-2024 sugerowana sk\u0142adka na fundusz Rady Rodzic\u00f3w wynosi\u00a050 z\u0142. &nbsp; Jest to oczywi\u015bcie sk\u0142adka dobrowolna i je\u015bli <a class=\"mh-excerpt-more\" href=\"https:\/\/zsokwidzyn.pl\/index.php\/wplaty-na-rade-rodzicow\/\" title=\"Wp\u0142aty na Rad\u0119 Rodzic\u00f3w\">[&#8230;]<\/a><\/p>\n<\/div>","protected":false},"author":1,"featured_media":0,"parent":0,"menu_order":0,"comment_status":"closed","ping_status":"closed","template":"","meta":{"footnotes":""},"class_list":["post-259","page","type-page","status-publish","hentry"],"_links":{"self":[{"href":"https:\/\/zsokwidzyn.pl\/index.php\/wp-json\/wp\/v2\/pages\/259","targetHints":{"allow":["GET"]}}],"collection":[{"href":"https:\/\/zsokwidzyn.pl\/index.php\/wp-json\/wp\/v2\/pages"}],"about":[{"href":"https:\/\/zsokwidzyn.pl\/index.php\/wp-json\/wp\/v2\/types\/page"}],"author":[{"embeddable":true,"href":"https:\/\/zsokwidzyn.pl\/index.php\/wp-json\/wp\/v2\/users\/1"}],"replies":[{"embeddable":true,"href":"https:\/\/zsokwidzyn.pl\/index.php\/wp-json\/wp\/v2\/comments?post=259"}],"version-history":[{"count":16,"href":"https:\/\/zsokwidzyn.pl\/index.php\/wp-json\/wp\/v2\/pages\/259\/revisions"}],"predecessor-version":[{"id":7190,"href":"https:\/\/zsokwidzyn.pl\/index.php\/wp-json\/wp\/v2\/pages\/259\/revisions\/7190"}],"wp:attachment":[{"href":"https:\/\/zsokwidzyn.pl\/index.php\/wp-json\/wp\/v2\/media?parent=259"}],"curies":[{"name":"wp","href":"https:\/\/api.w.org\/{rel}","templated":true}]}}