{"id":271,"date":"2016-11-06T12:01:26","date_gmt":"2016-11-06T11:01:26","guid":{"rendered":"http:\/\/zsokwidzyn.pl\/?page_id=271"},"modified":"2022-03-21T20:56:10","modified_gmt":"2022-03-21T19:56:10","slug":"kontakt","status":"publish","type":"page","link":"https:\/\/zsokwidzyn.pl\/index.php\/kontakt\/","title":{"rendered":"Kontakt"},"content":{"rendered":"<h2 class=\"text-light no-margin\" style=\"text-align: center;\">ZESP\u00d3\u0141 SZK\u00d3\u0141 OG\u00d3LNOKSZTA\u0141C\u0104CYCH NR 1<br \/>\nW KWIDZYNIE<\/h2>\n<h2 style=\"text-align: center;\"><span style=\"font-size: 12pt; font-family: arial black, sans-serif;\">I LICEUM OG\u00d3LNOKSZTA\u0141C\u0104CE IM. DR. W\u0141ADYS\u0141AWA G\u0118BIKA<br \/>\nD. POLSKIE GIMNAZJUM W KWIDZYNIE <\/span><br \/>\n<span style=\"font-size: 12pt; font-family: arial black, sans-serif;\">ZESP\u00d3\u0141 SZK\u00d3\u0141 OG\u00d3LNOKSZTA\u0141C\u0104CYCH NR 1 W KWIDZYNIE<\/span><\/h2>\n<h2 style=\"text-align: center;\"><span style=\"font-size: 12pt; font-family: arial black, sans-serif;\">LICEUM OG\u00d3LNOKSZTA\u0141C\u0104CE DLA DOROS\u0141YCH W KWIDZYNIE <\/span><br \/>\n<span style=\"font-size: 12pt; font-family: arial black, sans-serif;\">ZESP\u00d3\u0141 SZK\u00d3\u0141 OG\u00d3LNOKSZTA\u0141C\u0104CYCH NR 1 W KWIDZYNIE<\/span><\/h2>\n<p>&nbsp;<\/p>\n<p style=\"text-align: center;\"><strong><span style=\"font-size: 12pt;\">Dyrektor szko\u0142y\u00a0<\/span><\/strong><\/p>\n<p style=\"text-align: center;\"><span style=\"color: #0000ff; font-size: 14pt;\"><strong>mgr Joanna Po\u017aniak<\/strong><\/span><\/p>\n<p>&nbsp;<\/p>\n<p style=\"text-align: center;\"><strong><span style=\"font-size: 12pt;\">Wicedyrektor szko\u0142y<\/span><\/strong><\/p>\n<p style=\"text-align: center;\"><span style=\"font-size: 14pt;\"><strong><span style=\"color: #0000ff;\">mgr Anna Krzeszowska<\/span><\/strong><\/span><\/p>\n<p>&nbsp;<\/p>\n<p style=\"text-align: center;\"><span style=\"font-size: 12pt;\">Konarskiego 12<\/span><br \/>\n<span style=\"font-size: 12pt;\"> 82-500 Kwidzyn<\/span><br \/>\n<span style=\"font-size: 12pt;\"> tel\/fax (55) 279 39 35<\/span><br \/>\n<span style=\"font-size: 12pt;\"> e-mail: <a href=\"mailto:sekretariat@zsokwidzyn.pl\">sekretariat@zsokwidzyn.pl<\/a><\/span><\/p>\n<p style=\"text-align: center;\"><span style=\"font-size: 12pt;\"><strong>Godziny pracy sekretariatu:<\/strong><\/span><br \/>\n<span style=\"font-size: 12pt;\"> poniedzia\u0142ek-pi\u0105tek 8:00-15:00<\/span><\/p>\n<p style=\"text-align: center;\"><span style=\"font-size: 12pt;\"><strong>Dyrektor szko\u0142y:<\/strong><\/span><br \/>\n<span style=\"font-size: 12pt;\"> tel. (55) 279 39 35<\/span><br \/>\n<span style=\"font-size: 12pt;\"> e-mail: <u>dyrektor@zsokwidzyn.pl<\/u><\/span><br \/>\n<span style=\"font-size: 12pt;\"> godziny przyj\u0119\u0107 interesant\u00f3w:<\/span><br \/>\n<span style=\"font-size: 12pt;\"> poniedzia\u0142ek-pi\u0105tek 8:00-15:00<\/span><\/p>\n<p><img loading=\"lazy\" decoding=\"async\" class=\"aligncenter wp-image-1844\" src=\"http:\/\/zsokwidzyn.pl\/wp-content\/uploads\/2016\/11\/Logo-D-300x300.png\" alt=\"\" width=\"254\" height=\"254\" \/><\/p>\n<p>&nbsp;<\/p>\n","protected":false},"excerpt":{"rendered":"<div class=\"mh-excerpt\"><p>ZESP\u00d3\u0141 SZK\u00d3\u0141 OG\u00d3LNOKSZTA\u0141C\u0104CYCH NR 1 W KWIDZYNIE I LICEUM OG\u00d3LNOKSZTA\u0141C\u0104CE IM. DR. W\u0141ADYS\u0141AWA G\u0118BIKA D. POLSKIE GIMNAZJUM W KWIDZYNIE ZESP\u00d3\u0141 SZK\u00d3\u0141 OG\u00d3LNOKSZTA\u0141C\u0104CYCH NR 1 W <a class=\"mh-excerpt-more\" href=\"https:\/\/zsokwidzyn.pl\/index.php\/kontakt\/\" title=\"Kontakt\">[&#8230;]<\/a><\/p>\n<\/div>","protected":false},"author":1,"featured_media":0,"parent":0,"menu_order":0,"comment_status":"closed","ping_status":"closed","template":"","meta":{"footnotes":""},"class_list":["post-271","page","type-page","status-publish","hentry"],"_links":{"self":[{"href":"https:\/\/zsokwidzyn.pl\/index.php\/wp-json\/wp\/v2\/pages\/271","targetHints":{"allow":["GET"]}}],"collection":[{"href":"https:\/\/zsokwidzyn.pl\/index.php\/wp-json\/wp\/v2\/pages"}],"about":[{"href":"https:\/\/zsokwidzyn.pl\/index.php\/wp-json\/wp\/v2\/types\/page"}],"author":[{"embeddable":true,"href":"https:\/\/zsokwidzyn.pl\/index.php\/wp-json\/wp\/v2\/users\/1"}],"replies":[{"embeddable":true,"href":"https:\/\/zsokwidzyn.pl\/index.php\/wp-json\/wp\/v2\/comments?post=271"}],"version-history":[{"count":14,"href":"https:\/\/zsokwidzyn.pl\/index.php\/wp-json\/wp\/v2\/pages\/271\/revisions"}],"predecessor-version":[{"id":6263,"href":"https:\/\/zsokwidzyn.pl\/index.php\/wp-json\/wp\/v2\/pages\/271\/revisions\/6263"}],"wp:attachment":[{"href":"https:\/\/zsokwidzyn.pl\/index.php\/wp-json\/wp\/v2\/media?parent=271"}],"curies":[{"name":"wp","href":"https:\/\/api.w.org\/{rel}","templated":true}]}}