{"id":299,"date":"2016-11-06T12:08:45","date_gmt":"2016-11-06T11:08:45","guid":{"rendered":"http:\/\/zsokwidzyn.pl\/?page_id=299"},"modified":"2026-03-19T11:09:02","modified_gmt":"2026-03-19T10:09:02","slug":"konkursy-i-olimpiady-2","status":"publish","type":"page","link":"https:\/\/zsokwidzyn.pl\/index.php\/konkursy-i-olimpiady-2\/","title":{"rendered":"Indeksy"},"content":{"rendered":"<p>&nbsp;<\/p>\n<p>&nbsp;<\/p>\n<p>Indeksy:<\/p>\n<p><strong>Rok szkolny 2024\/2025<\/strong><\/p>\n<table width=\"710\">\n<tbody>\n<tr>\n<td width=\"38\"><strong>Lp.<\/strong><\/td>\n<td width=\"185\"><strong>Nazwa olimpiady\/ konkursu<\/strong><\/td>\n<td width=\"123\"><strong>Liczba uczni\u00f3w otrzymuj\u0105cych indeks<\/strong><\/td>\n<td width=\"161\"><strong>Imi\u0119 i Nazwisko ucznia<\/strong><\/td>\n<td width=\"204\"><strong>Nazwa uczelni<\/strong><\/td>\n<\/tr>\n<tr>\n<td width=\"38\">1.<\/td>\n<td width=\"185\">Olimpiada Wiedzy Elektrycznej i Energetycznej EUROELEKTRA<\/td>\n<td width=\"123\">1<\/td>\n<td width=\"161\">Tomasz Paziewski<\/td>\n<td width=\"204\">Uczelnie Wy\u017csze Techniczne, AGH w Krakowie i inne<\/td>\n<\/tr>\n<tr>\n<td width=\"38\"><\/td>\n<td width=\"185\">Og\u00f3lnopolski Konkurs Fizyczny \u201eWygraj Indeks\u201d Politechniki Gda\u0144skiej.<\/td>\n<td width=\"123\">1<\/td>\n<td width=\"161\">Wiktor Lange<\/td>\n<td width=\"204\">Politechnik Gda\u0144ska<\/p>\n<p>Wydzia\u0142 FTiMS<\/td>\n<\/tr>\n<tr>\n<td width=\"38\">2.<\/p>\n<p>&nbsp;<\/td>\n<td width=\"185\">Og\u00f3lnopolski Konkurs Bieg po Indeks Politechniki Koszali\u0144skiej<\/td>\n<td width=\"123\">2<\/td>\n<td width=\"161\">Tomasz Paziewski<\/p>\n<p>Igor Pomierski<\/td>\n<td width=\"204\">\u00a0Politechnika Koszali\u0144ska<\/p>\n<p>&nbsp;<\/td>\n<\/tr>\n<tr>\n<td width=\"38\">3.<\/td>\n<td width=\"185\">\u00a0XXXV Olimpiada Teologii Katolickiej<\/td>\n<td width=\"123\">1<\/td>\n<td width=\"161\">Pawe\u0142 Garczarczyk<\/td>\n<td width=\"204\">Mi\u0119dzy innymi: Uniwersytet Miko\u0142aja Kopernika w Toruniu,<\/td>\n<\/tr>\n<tr>\n<td width=\"38\">4.<\/td>\n<td width=\"185\">Og\u00f3lnopolska Olimpiada Wiedzy o Spo\u0142ecze\u0144stwie COPTIOSH<\/td>\n<td width=\"123\">1<\/td>\n<td width=\"161\">Wiktor Wo\u017aniak<\/td>\n<td width=\"204\">Uniwersytet Warszawski, Uniwersytet Adama Mickiewicza w Poznaniu, Politechnika Bia\u0142ostocka i inne<\/td>\n<\/tr>\n<tr>\n<td width=\"38\">5.<\/td>\n<td width=\"185\">Og\u00f3lnopolski Konkurs Projektowy \u201eWygraj Indeks\u201d WETI<\/td>\n<td width=\"123\">1<\/td>\n<td width=\"161\">Wiktor Lange<\/td>\n<td width=\"204\">Politechnika Gda\u0144ska wydzia\u0142<\/p>\n<p>WETI<\/td>\n<\/tr>\n<\/tbody>\n<\/table>\n<p><strong>\u00a0<\/strong><\/p>\n<p><strong>\u00a0<\/strong><\/p>\n<p><strong>Rok szkolny 2023\/2024<\/strong><\/p>\n<table width=\"710\">\n<tbody>\n<tr>\n<td width=\"38\"><strong>Lp.<\/strong><\/td>\n<td width=\"185\"><strong>Nazwa olimpiady\/ konkursu<\/strong><\/td>\n<td width=\"123\"><strong>Liczba uczni\u00f3w otrzymuj\u0105cych indeks<\/strong><\/td>\n<td width=\"161\"><strong>Imi\u0119 i Nazwisko ucznia<\/strong><\/td>\n<td width=\"204\"><strong>Nazwa uczelni<\/strong><\/td>\n<\/tr>\n<tr>\n<td width=\"38\">1.<\/td>\n<td width=\"185\">Olimpiada Wiedzy o Wynalazczo\u015bci<\/td>\n<td width=\"123\">1<\/td>\n<td width=\"161\">Natalia Po\u017aniak<\/td>\n<td width=\"204\">\u00a0Uczelnie Wy\u017csze Techniczne, Gda\u0144ski Uniwersytet Medyczny, AGH w Krakowie i inne<\/td>\n<\/tr>\n<tr>\n<td width=\"38\">2.<\/p>\n<p>&nbsp;<\/td>\n<td width=\"185\">Og\u00f3lnopolski Konkurs Bieg po Indeks Politechniki Koszali\u0144skiej<\/td>\n<td width=\"123\">3<\/td>\n<td width=\"161\">Tomasz Paziewski<\/p>\n<p>Bartek Br\u00f3dka<\/p>\n<p>Kamil Szych<\/td>\n<td width=\"204\">\u00a0Politechnika Koszali\u0144ska<\/p>\n<p>&nbsp;<\/td>\n<\/tr>\n<tr>\n<td width=\"38\">3.<\/td>\n<td width=\"185\">Og\u00f3lnopolski Konkurs Naukowy E(x)plory 2024<\/p>\n<p>( fina\u0142 w pa\u017adzierniku 2024)<\/td>\n<td width=\"123\">3<\/td>\n<td width=\"161\">Ewa Kawczy\u0144ska<\/p>\n<p>Zuzanna \u0141ukia\u0144czyk<\/td>\n<td width=\"204\">Gda\u0144ski Uniwersytet Medyczny<\/td>\n<\/tr>\n<tr>\n<td width=\"38\">4.<\/td>\n<td width=\"185\">Og\u00f3lnopolska Olimpiada Wiedzy o Spo\u0142ecze\u0144stwie COPTIOSH<\/td>\n<td width=\"123\">2<\/td>\n<td width=\"161\">Jakub Piekarski<\/p>\n<p>Wiktor Wo\u017aniak<\/td>\n<td width=\"204\">Uniwersytet Warszawski, Uniwersytet Adama Mickiewicza w Poznaniu, Politechnika Bia\u0142ostocka i inne<\/td>\n<\/tr>\n<tr>\n<td width=\"38\">5.<\/td>\n<td width=\"185\">Olimpiada Innowacji Technicznych w Ochronie \u015arodowiska<\/td>\n<td width=\"123\">2<\/p>\n<p>&nbsp;<\/td>\n<td width=\"161\">\u00a0Martyna Budzich<\/p>\n<p>Kamil Szych<\/p>\n<p>&nbsp;<\/td>\n<td width=\"204\">Uczelnie Wy\u017csze Techniczne, Gda\u0144ski Uniwersytet Medyczny, AGH w Krakowie i inne<\/td>\n<\/tr>\n<\/tbody>\n<\/table>\n<p>&nbsp;<\/p>\n<p><strong>Rok szkolny 2022\/2023<\/strong><\/p>\n<table width=\"710\">\n<tbody>\n<tr>\n<td width=\"38\"><strong>Lp.<\/strong><\/td>\n<td width=\"185\"><strong>Nazwa olimpiady\/ konkursu<\/strong><\/td>\n<td width=\"123\"><strong>Liczba uczni\u00f3w otrzymuj\u0105cych indeks<\/strong><\/td>\n<td width=\"161\"><strong>Imi\u0119 i Nazwisko ucznia<\/strong><\/td>\n<td width=\"204\"><strong>Nazwa uczelni<\/strong><\/td>\n<\/tr>\n<tr>\n<td width=\"38\">1.<\/td>\n<td width=\"185\">Olimpiada Innowacji Technicznych w Telekomunikacji i Informatyce<\/td>\n<td width=\"123\">3<\/td>\n<td width=\"161\">Hubert Doro\u015b<\/p>\n<p>Zuzanna Por\u0119bna<\/p>\n<p>Konrad Browalski<\/td>\n<td width=\"204\">\u00a0Uczelnie Wy\u017csze Techniczne, Gda\u0144ski Uniwersytet Medyczny, AGH w Krakowie i inne<\/td>\n<\/tr>\n<tr>\n<td width=\"38\">2.<\/p>\n<p>&nbsp;<\/td>\n<td width=\"185\">Og\u00f3lnopolski Konkurs Bieg po Indeks Politechniki Koszali\u0144skiej<\/td>\n<td width=\"123\">3<\/td>\n<td width=\"161\">Hubert Doro\u015b<\/p>\n<p>Micha\u0142 Matysiak<\/p>\n<p>Oliwier Ostrzy\u017cek<\/p>\n<p>&nbsp;<\/td>\n<td width=\"204\">\u00a0Politechnika Koszali\u0144ska<\/p>\n<p>&nbsp;<\/td>\n<\/tr>\n<tr>\n<td width=\"38\">3.<\/td>\n<td width=\"185\">Og\u00f3lnopolski Konkurs Naukowy E(x)plory 2023<\/p>\n<p>( fina\u0142 w pa\u017adzierniku 2023)<\/td>\n<td width=\"123\">3<\/td>\n<td width=\"161\">Natalia Po\u017aniak<\/p>\n<p>Marta Kacprzyk<\/p>\n<p>Lena Szachmytowska<\/td>\n<td width=\"204\">Gda\u0144ski Uniwersytet Medyczny<\/td>\n<\/tr>\n<tr>\n<td width=\"38\">4.<\/td>\n<td width=\"185\">Og\u00f3lnopolski Konkurs \u201eZr\u00f3wnowa\u017cone \u015arodowisko\u201d Politechniki Warszawskiej<\/td>\n<td width=\"123\">2<\/td>\n<td width=\"161\">Lena Szmelter<\/p>\n<p>Natalia Piotrowska<\/td>\n<td width=\"204\">Wydzia\u0142 Instalacji Budowlanych, Hydrotechniki i In\u017cynierii \u015arodowiska Politechniki Warszawskiej<\/td>\n<\/tr>\n<tr>\n<td width=\"38\">5.<\/td>\n<td width=\"185\"><\/td>\n<td width=\"123\"><\/td>\n<td width=\"161\"><\/td>\n<td width=\"204\"><\/td>\n<\/tr>\n<\/tbody>\n<\/table>\n<p>&nbsp;<\/p>\n<p><strong>Rok szkolny 2021\/2022<\/strong><\/p>\n<table width=\"710\">\n<tbody>\n<tr>\n<td width=\"38\"><strong>Lp.<\/strong><\/td>\n<td width=\"185\"><strong>Nazwa olimpiady\/ konkursu<\/strong><\/td>\n<td width=\"123\"><strong>Liczba uczni\u00f3w otrzymuj\u0105cych indeks<\/strong><\/td>\n<td width=\"161\"><strong>Imi\u0119 i Nazwisko ucznia<\/strong><\/td>\n<td width=\"204\"><strong>Nazwa uczelni<\/strong><\/td>\n<\/tr>\n<tr>\n<td width=\"38\">1.<\/td>\n<td width=\"185\">Og\u00f3lnopolska Olimpiada Wiedzy Historycznej COPTIOSH<\/p>\n<p>&nbsp;<\/td>\n<td width=\"123\">1<\/td>\n<td width=\"161\">Antoni Kuczy\u0144ski<\/td>\n<td width=\"204\">\u00a0Uniwersytet Warszawski, Uniwersytet Adama Mickiewicza w Poznaniu, Politechnika Bia\u0142ostocka i inne<\/p>\n<p>&nbsp;<\/td>\n<\/tr>\n<tr>\n<td width=\"38\">2.<\/p>\n<p>&nbsp;<\/p>\n<p>&nbsp;<\/td>\n<td width=\"185\">Olimpiada Innowacji Technicznych i Wynalazczo\u015bci \u2013 Blok A<\/p>\n<p>&nbsp;<\/td>\n<td width=\"123\">3<\/td>\n<td width=\"161\">Martyna Grzybi\u0144ska<\/p>\n<p>Lena Szmelter<\/p>\n<p>Natalia Piotrowska<\/td>\n<td width=\"204\">\u00a0Uczelnie Wy\u017csze Techniczne, Gda\u0144ski Uniwersytet Medyczny, AGH w Krakowie i inne<\/p>\n<p>&nbsp;<\/td>\n<\/tr>\n<tr>\n<td width=\"38\">3.<\/td>\n<td width=\"185\">Olimpiada Innowacji Technicznych i Wynalazczo\u015bci \u2013 Blok B<\/p>\n<p>&nbsp;<\/td>\n<td width=\"123\">1<\/td>\n<td width=\"161\">Alicja Lipi\u0144ska<\/td>\n<td width=\"204\">Uczelnie Wy\u017csze Techniczne, Gda\u0144ski Uniwersytet Medyczny, AGH w Krakowie i inne<\/p>\n<p>&nbsp;<\/td>\n<\/tr>\n<tr>\n<td width=\"38\">4.<\/td>\n<td width=\"185\">Og\u00f3lnopolska Olimpiada Teologii Katolickiej<\/p>\n<p>&nbsp;<\/td>\n<td width=\"123\">1<\/td>\n<td width=\"161\">Przemys\u0142aw Dubik<\/td>\n<td width=\"204\">Mi\u0119dzy innymi: Uniwersytet Miko\u0142aja Kopernika w Toruniu,<\/td>\n<\/tr>\n<tr>\n<td width=\"38\">5.<\/td>\n<td width=\"185\">Og\u00f3lnopolski Konkurs Naukowy E(x)plory 2022<\/p>\n<p>( fina\u0142 w pa\u017adzierniku 2022)<\/p>\n<p>&nbsp;<\/td>\n<td width=\"123\">1<\/td>\n<td width=\"161\">Dagna Wi\u0119ckowska<\/p>\n<p>&nbsp;<\/td>\n<td width=\"204\">Gda\u0144ski Uniwersytet Medyczny<\/td>\n<\/tr>\n<\/tbody>\n<\/table>\n<p><strong>\u00a0<\/strong><\/p>\n<p><strong>\u00a0<\/strong><\/p>\n<p><strong>Rok szkolny 2020\/2021<\/strong><\/p>\n<p>&nbsp;<\/p>\n<table width=\"710\">\n<tbody>\n<tr>\n<td width=\"38\"><strong>Lp.<\/strong><\/td>\n<td width=\"185\"><strong>Nazwa olimpiady\/ konkursu<\/strong><\/td>\n<td width=\"123\"><strong>Liczba uczni\u00f3w otrzymuj\u0105cych indeks<\/strong><\/td>\n<td width=\"161\"><strong>Imi\u0119 i Nazwisko ucznia<\/strong><\/td>\n<td width=\"204\"><strong>Nazwa uczelni<\/strong><\/td>\n<\/tr>\n<tr>\n<td width=\"38\">1.<\/td>\n<td width=\"185\">Olimpiada Innowacji Technicznych i Wynalazczo\u015bci \u2013 Blok A<\/p>\n<p>&nbsp;<\/td>\n<td width=\"123\">1<\/td>\n<td width=\"161\">Natalia Po\u017aniak<\/td>\n<td width=\"204\">\u00a0Uczelnie Wy\u017csze Techniczne, Gda\u0144ski Uniwersytet Medyczny, AGH w Krakowie i inne<\/p>\n<p>&nbsp;<\/td>\n<\/tr>\n<tr>\n<td width=\"38\">2.<\/p>\n<p>&nbsp;<\/p>\n<p>&nbsp;<\/td>\n<td width=\"185\">Olimpiada Wiedzy Technicznej<\/p>\n<p>&nbsp;<\/td>\n<td width=\"123\">1<\/td>\n<td width=\"161\">Aleksander Sarzyniak<\/td>\n<td width=\"204\">Uczelnie Wy\u017csze Techniczne, Gda\u0144ski Uniwersytet Medyczny, AGH w Krakowie i inne<\/p>\n<p>&nbsp;<\/td>\n<\/tr>\n<tr>\n<td width=\"38\">3.<\/td>\n<td width=\"185\">Og\u00f3lnopolski Konkurs Fizyczny \u201eWygraj Indeks\u201d Politechniki Gda\u0144skiej<\/p>\n<p>&nbsp;<\/td>\n<td width=\"123\">1<\/td>\n<td width=\"161\">Aleksander Sarzyniak<\/td>\n<td width=\"204\">Wydzia\u0142 FTiMS Politechniki Gda\u0144skiej<\/td>\n<\/tr>\n<tr>\n<td width=\"38\">4.<\/td>\n<td width=\"185\">Og\u00f3lnopolski Konkurs Naukowy E(x)plory 2021<\/p>\n<p>( fina\u0142 w pa\u017adzierniku 2021)<\/p>\n<p>&nbsp;<\/td>\n<td width=\"123\">4<\/td>\n<td width=\"161\">Kornelia Kowalska<\/p>\n<p>Alicja Lipi\u0144ska<\/p>\n<p>Wiktoria Piotrowska<\/p>\n<p>Laura Powier\u017ca<\/p>\n<p>&nbsp;<\/td>\n<td width=\"204\">Gda\u0144ski Uniwersytet Medyczny<\/td>\n<\/tr>\n<\/tbody>\n<\/table>\n<p>&nbsp;<\/p>\n<p>&nbsp;<\/p>\n<p>&nbsp;<\/p>\n<p>&nbsp;<\/p>\n<p>&nbsp;<\/p>\n<p>&nbsp;<\/p>\n","protected":false},"excerpt":{"rendered":"<div class=\"mh-excerpt\"><p>&nbsp; &nbsp; Indeksy: Rok szkolny 2024\/2025 Lp. Nazwa olimpiady\/ konkursu Liczba uczni\u00f3w otrzymuj\u0105cych indeks Imi\u0119 i Nazwisko ucznia Nazwa uczelni 1. Olimpiada Wiedzy Elektrycznej i <a class=\"mh-excerpt-more\" href=\"https:\/\/zsokwidzyn.pl\/index.php\/konkursy-i-olimpiady-2\/\" title=\"Indeksy\">[&#8230;]<\/a><\/p>\n<\/div>","protected":false},"author":1,"featured_media":0,"parent":0,"menu_order":0,"comment_status":"closed","ping_status":"closed","template":"","meta":{"footnotes":""},"class_list":["post-299","page","type-page","status-publish","hentry"],"_links":{"self":[{"href":"https:\/\/zsokwidzyn.pl\/index.php\/wp-json\/wp\/v2\/pages\/299","targetHints":{"allow":["GET"]}}],"collection":[{"href":"https:\/\/zsokwidzyn.pl\/index.php\/wp-json\/wp\/v2\/pages"}],"about":[{"href":"https:\/\/zsokwidzyn.pl\/index.php\/wp-json\/wp\/v2\/types\/page"}],"author":[{"embeddable":true,"href":"https:\/\/zsokwidzyn.pl\/index.php\/wp-json\/wp\/v2\/users\/1"}],"replies":[{"embeddable":true,"href":"https:\/\/zsokwidzyn.pl\/index.php\/wp-json\/wp\/v2\/comments?post=299"}],"version-history":[{"count":21,"href":"https:\/\/zsokwidzyn.pl\/index.php\/wp-json\/wp\/v2\/pages\/299\/revisions"}],"predecessor-version":[{"id":11035,"href":"https:\/\/zsokwidzyn.pl\/index.php\/wp-json\/wp\/v2\/pages\/299\/revisions\/11035"}],"wp:attachment":[{"href":"https:\/\/zsokwidzyn.pl\/index.php\/wp-json\/wp\/v2\/media?parent=299"}],"curies":[{"name":"wp","href":"https:\/\/api.w.org\/{rel}","templated":true}]}}