{"id":3017,"date":"2018-05-15T14:53:47","date_gmt":"2018-05-15T12:53:47","guid":{"rendered":"http:\/\/zsokwidzyn.pl\/?page_id=3017"},"modified":"2026-03-19T11:57:29","modified_gmt":"2026-03-19T10:57:29","slug":"terminy-rekrutacji","status":"publish","type":"page","link":"https:\/\/zsokwidzyn.pl\/index.php\/terminy-rekrutacji\/","title":{"rendered":"Terminy rekrutacji"},"content":{"rendered":"<p><strong>Terminy przeprowadzenia post\u0119powania rekrutacyjnego i uzupe\u0142niaj\u0105cego, w tym terminy sk\u0142adania dokument\u00f3w do klas I publicznych<br \/>\nszk\u00f3\u0142 ponadpodstawowych, klas wst\u0119pnych, o kt\u00f3rych mowa w art. 25 ust. 3 ustawy Prawo o\u015bwiatowe w wojew\u00f3dztwie pomorskim<br \/>\nna rok szkolny <\/strong><strong>2026\/2027 <\/strong><\/p>\n<p>&nbsp;<\/p>\n<table width=\"964\">\n<tbody>\n<tr>\n<td width=\"44\">Lp.<\/td>\n<td width=\"570\"><strong>Rodzaj czynno\u015bci<\/strong><\/td>\n<td width=\"180\"><strong>Termin<br \/>\nw post\u0119powaniu rekrutacyjnym<\/strong><\/td>\n<td width=\"170\"><strong>Termin<br \/>\nw post\u0119powaniu uzupe\u0142niaj\u0105cym<\/strong><\/td>\n<\/tr>\n<tr>\n<td width=\"44\">1<\/td>\n<td width=\"570\">2<\/td>\n<td width=\"180\">3<\/td>\n<td width=\"170\">4<\/td>\n<\/tr>\n<tr>\n<td width=\"44\">1.<\/td>\n<td width=\"570\">Z\u0142o\u017cenie wniosku, w tym zmiana wniosku wraz z dokumentami (podpisanego przez<br \/>\nco najmniej jednego rodzica\/prawnego opiekuna) o przyj\u0119cie do szko\u0142y ponadpodstawowej dwuj\u0119zycznej, oddzia\u0142u dwuj\u0119zycznego, oddzia\u0142u mi\u0119dzynarodowego, oddzia\u0142u wst\u0119pnego, oddzia\u0142u przygotowania wojskowego w szkole ponadpodstawowej, oddzia\u0142\u00f3w wymagaj\u0105cych od kandydat\u00f3w szczeg\u00f3lnych indywidualnych predyspozycji oraz do szk\u00f3\u0142 i oddzia\u0142\u00f3w prowadz\u0105cych szkolenie sportowe w szko\u0142ach ponadpodstawowych.<\/td>\n<td width=\"180\">od<strong> 15 maja 2026 r.<br \/>\n<\/strong>od godz. 8:00do<strong> 29 maja 2026 r.<\/strong>do godz. 15.00<\/td>\n<td width=\"170\">od<strong> 21 lipca 2026 r.<\/strong><\/p>\n<p>do<strong> 23 lipca 2026 r.<br \/>\n<\/strong>do godz. 15.00<\/td>\n<\/tr>\n<tr>\n<td width=\"44\">2.<\/td>\n<td width=\"570\">Z\u0142o\u017cenie wniosku, w tym zmiana wniosku o przyj\u0119cie do szko\u0142y ponadpodstawowej wraz<br \/>\nz dokumentami (podpisanego przez co najmniej jednego rodzica\/prawnego opiekuna)<br \/>\n<strong><u>z wy\u0142\u0105czeniem<\/u><\/strong> szk\u00f3\u0142 i oddzia\u0142\u00f3w dwuj\u0119zycznych i oddzia\u0142\u00f3w mi\u0119dzynarodowych, oddzia\u0142\u00f3w wst\u0119pnych, oddzia\u0142\u00f3w przygotowania wojskowego, oddzia\u0142\u00f3w wymagaj\u0105cych od kandydat\u00f3w szczeg\u00f3lnych indywidualnych predyspozycji oraz szk\u00f3\u0142 i oddzia\u0142\u00f3w prowadz\u0105cych szkolenie sportowe.<\/td>\n<td width=\"180\"><strong>\u00a0<\/strong><\/p>\n<p>od<strong> 15 maja 2026 r.<br \/>\n<\/strong>od godz. 8:00<\/p>\n<p>do<strong> 12 czerwca 2026 r.<\/strong><\/p>\n<p>do godz. 15.00<\/td>\n<td width=\"170\">od<strong> 21 lipca 2026 r.<\/strong><\/p>\n<p>do<strong> 23 lipca 2026 r.<br \/>\n<\/strong>do godz. 15.00<\/td>\n<\/tr>\n<tr>\n<td width=\"44\">3.<\/td>\n<td width=\"570\"><strong>Uzupe\u0142nienie wniosku<\/strong> o przyj\u0119cie do szko\u0142y ponadpodstawowej o kopi\u0119 lub orygina\u0142 \u015bwiadectwa uko\u0144czenia szko\u0142y podstawowej i o za\u015bwiadczenie o wyniku egzaminu \u00f3smoklasisty oraz z\u0142o\u017cenie nowego wniosku, w tym zmiana przez kandydata wniosku<br \/>\no przyj\u0119cie, z uwagi na zamian\u0119 szk\u00f3\u0142 do kt\u00f3rych kandyduje <strong><u>z wy\u0142\u0105czeniem<\/u><\/strong> szk\u00f3\u0142<br \/>\ni oddzia\u0142\u00f3w dwuj\u0119zycznych i oddzia\u0142\u00f3w mi\u0119dzynarodowych, oddzia\u0142\u00f3w wst\u0119pnych, oddzia\u0142\u00f3w przygotowania wojskowego, oddzia\u0142\u00f3w wymagaj\u0105cych od kandydat\u00f3w szczeg\u00f3lnych indywidualnych predyspozycji oraz szk\u00f3\u0142 i oddzia\u0142\u00f3w prowadz\u0105cych szkolenie sportowe.<\/td>\n<td width=\"180\">od<strong> 03 lipca 2026 r.<\/strong><\/p>\n<p>od godz. 8:00<\/p>\n<p>do<strong> 08 lipca 2026 r.<\/strong><\/p>\n<p>do godz. 15.00<\/td>\n<td width=\"170\"><\/td>\n<\/tr>\n<tr>\n<td width=\"44\">4.<\/td>\n<td width=\"570\">Z\u0142o\u017cenie nowego wniosku (podpisanego przez co najmniej jednego rodzica\/prawnego opiekuna) wraz z dokumentami, w tym zmiana przez kandydata wniosku o przyj\u0119cie do szko\u0142y ponadpodstawowej dwuj\u0119zycznej, oddzia\u0142u dwuj\u0119zycznego, oddzia\u0142u mi\u0119dzynarodowego, oddzia\u0142u wst\u0119pnego, oddzia\u0142u przygotowania wojskowego w szkole ponadpodstawowej, oddzia\u0142\u00f3w wymagaj\u0105cych od kandydat\u00f3w szczeg\u00f3lnych indywidualnych predyspozycji oraz do szk\u00f3\u0142 i oddzia\u0142\u00f3w prowadz\u0105cych szkolenie sportowe w szko\u0142ach ponadpodstawowych.<\/td>\n<td width=\"180\">od<strong> 22 czerwca 2026 r. <\/strong>od godz. 8:00<\/p>\n<p>do<strong> 26 czerwca 2026 r.<br \/>\n<\/strong>do godz. 15:00<\/td>\n<td width=\"170\"><\/td>\n<\/tr>\n<tr>\n<td width=\"44\">5.<\/td>\n<td width=\"570\">Podanie do publicznej wiadomo\u015bci przez dyrektora szko\u0142y, o kt\u00f3rej mowa w pkt 1, terminu przeprowadzenia sprawdzianu lub pr\u00f3b sprawno\u015bci, o kt\u00f3rych mowa w pkt 6-7<\/td>\n<td colspan=\"2\" width=\"350\">do<strong> 08 maja 2026 r.<\/strong><\/td>\n<\/tr>\n<tr>\n<td width=\"44\">6.<\/td>\n<td width=\"570\">Przeprowadzenie sprawdzianu:<\/p>\n<p>1)\u00a0\u00a0\u00a0\u00a0 uzdolnie\u0144 kierunkowych*<\/p>\n<p>2)\u00a0\u00a0\u00a0\u00a0 pr\u00f3b sprawno\u015bci fizycznej*<\/p>\n<p>3)\u00a0\u00a0\u00a0\u00a0 kompetencji j\u0119zykowych,*<\/p>\n<p>4)\u00a0\u00a0\u00a0\u00a0 predyspozycji j\u0119zykowych (klasy wst\u0119pne)*<\/td>\n<td width=\"180\">od<strong> 01 czerwca 2026 r.<br \/>\n<\/strong>do<strong> 11 czerwca 2026 r.<\/strong><strong>\u00a0<\/strong><strong>II termin<\/strong><a href=\"#page2\">[1] <\/a><\/p>\n<p>od <strong>29 czerwca 2026 r. <\/strong>do<strong> 02 lipca 2026 r.<\/strong><\/td>\n<td width=\"170\">od<strong> 24 lipca 2026 r.<br \/>\n<\/strong>do <strong>29 lipca 2026 r.<\/strong><\/td>\n<\/tr>\n<tr>\n<td width=\"44\">7.<\/td>\n<td width=\"570\">Podanie do wiadomo\u015bci przez komisj\u0119 rekrutacyjn\u0105 listy kandydat\u00f3w, kt\u00f3rzy uzyskali pozytywny wynik sprawdzianu:<\/p>\n<p>1)\u00a0\u00a0\u00a0\u00a0 uzdolnie\u0144 kierunkowych,<\/p>\n<p>2)\u00a0\u00a0\u00a0\u00a0 pr\u00f3b sprawno\u015bci fizycznej,<\/p>\n<p>3)\u00a0\u00a0\u00a0\u00a0 kompetencji j\u0119zykowych,<\/p>\n<p>4) \u00a0\u00a0predyspozycji j\u0119zykowych (klasy wst\u0119pne)<\/td>\n<td width=\"180\"><strong>I termin<br \/>\n<\/strong>do <strong>12 czerwca 2026 r.;<\/strong><strong>\u00a0<\/strong><strong>II termin<\/strong>1<strong><br \/>\n<\/strong>do<strong> 03 lipca 2026 r.<\/strong><\/td>\n<td width=\"170\"><strong>\u00a0<\/strong><\/p>\n<p><strong>\u00a0<\/strong><\/p>\n<p>do<strong> 30 lipca 2026 r.<\/strong><\/td>\n<\/tr>\n<tr>\n<td width=\"44\">8.<\/td>\n<td width=\"570\"><strong>Weryfikacja<\/strong> przez komisj\u0119 rekrutacyjn\u0105 wniosk\u00f3w o przyj\u0119cie do szko\u0142y ponadpodstawowej<br \/>\ni dokument\u00f3w potwierdzaj\u0105cych spe\u0142nianie przez kandydata warunk\u00f3w po\u015bwiadczanych<br \/>\nw o\u015bwiadczeniach, w tym dokonanie przez przewodnicz\u0105cego komisji rekrutacyjnej czynno\u015bci zwi\u0105zanych z ustaleniem tych okoliczno\u015bci.<\/td>\n<td width=\"180\">do<strong> 08 lipca 2026 r.<\/strong><\/p>\n<p><strong>\u00a0<\/strong><\/td>\n<td width=\"170\">do<strong> 24 lipca<\/strong><strong> 2026 r.<\/strong><\/p>\n<p><strong>\u00a0<\/strong><\/td>\n<\/tr>\n<tr>\n<td width=\"44\">9.<\/td>\n<td width=\"570\">Weryfikacja przez komisj\u0119 rekrutacyjn\u0105 wniosk\u00f3w o przyj\u0119cie do szko\u0142y ponadpodstawowej<br \/>\ni dokument\u00f3w potwierdzaj\u0105cych spe\u0142nianie przez kandydata warunk\u00f3w lub kryteri\u00f3w branych pod uwag\u0119 w post\u0119powaniu rekrutacyjnym, w tym okoliczno\u015bci zweryfikowanych przez w\u00f3jta (burmistrza lub prezydenta) wskazanych w o\u015bwiadczeniach.<\/td>\n<td width=\"180\">do <strong>14 lipca 2026 r.<\/strong><\/p>\n<p><strong>\u00a0<\/strong><\/td>\n<td width=\"170\">do<strong> 30 lipca 2026 r.<\/strong><\/td>\n<\/tr>\n<tr>\n<td width=\"44\"><strong>10.<\/strong><\/td>\n<td width=\"570\"><strong>Podanie do publicznej wiadomo\u015bci przez komisj\u0119 rekrutacyjn\u0105 listy kandydat\u00f3w\u00a0 <u>zakwalifikowanych<\/u> i kandydat\u00f3w <u>niezakwalifikowanych<\/u>.<\/strong><\/td>\n<td width=\"180\"><strong>15 lipca 2026 r.<br \/>\n<\/strong>do godz. 15.00<\/td>\n<td width=\"170\"><strong>31 lipca 2026 r.<br \/>\n<\/strong>do godz. 15.00<\/td>\n<\/tr>\n<tr>\n<td width=\"44\">11.<\/td>\n<td width=\"570\">Wydanie przez szko\u0142\u0119 prowadz\u0105c\u0105 kszta\u0142cenie zawodowe skierowania na badanie lekarskie.<\/p>\n<p><strong>\u00a0<\/strong><\/td>\n<td width=\"180\">do<strong> 16 lipca 2026 r.<\/strong><\/p>\n<p>&nbsp;<\/td>\n<td width=\"170\">od<strong> 21 lipca 2026 r.<\/strong><\/p>\n<p>do<strong> 31 lipca 2026 r.<\/strong><\/td>\n<\/tr>\n<tr>\n<td width=\"44\">12.<\/td>\n<td width=\"570\">Potwierdzenie woli przyj\u0119cia w postaci przed\u0142o\u017cenia orygina\u0142u \u015bwiadectwa uko\u0144czenia szko\u0142y i orygina\u0142u za\u015bwiadczenia o wynikach egzaminu zewn\u0119trznego, o ile nie zosta\u0142y one z\u0142o\u017cone<br \/>\nw uzupe\u0142nieniu wniosku o przyj\u0119cie do szko\u0142y ponadpodstawowej, a w przypadku szko\u0142y prowadz\u0105cej kszta\u0142cenie zawodowe \u2212 tak\u017ce za\u015bwiadczenia lekarskiego zawieraj\u0105cego orzeczenie o braku przeciwskaza\u0144 zdrowotnych do podj\u0119cia praktycznej nauki zawodu oraz odpowiednio orzeczenia lekarskiego o braku przeciwwskaza\u0144 zdrowotnych do kierowania pojazdami i orzeczenia psychologicznego o braku przeciwwskaza\u0144 psychologicznych<br \/>\ndo kierowania pojazdem.<\/td>\n<td width=\"180\">do<strong> 20 lipca 2026 r.<\/strong><\/p>\n<p>do godz. 15.00<\/p>\n<p><strong>\u00a0 <\/strong><\/td>\n<td width=\"170\">od<strong> 03 sierpnia 2026 r.<br \/>\n<\/strong>do<strong> 06 sierpnia 2026 r.<br \/>\n<\/strong>do godz. 15.00<\/td>\n<\/tr>\n<tr>\n<td width=\"44\"><strong>13.<\/strong><\/td>\n<td width=\"570\"><strong>Podanie do publicznej wiadomo\u015bci przez komisj\u0119 rekrutacyjn\u0105 listy kandydat\u00f3w <u>przyj\u0119tych<\/u> i kandydat\u00f3w <u>nieprzyj\u0119tych.<\/u><\/strong><\/td>\n<td width=\"180\"><strong>21 lipca 2026 r.<\/strong><\/p>\n<p>do godz. 14.00<\/td>\n<td width=\"170\"><strong>07 sierpnia 2026 r.<br \/>\n<\/strong>do godz. 14.00<\/td>\n<\/tr>\n<tr>\n<td width=\"44\">14.<\/td>\n<td width=\"570\">Poinformowanie przez dyrektora szko\u0142y ponadpodstawowej kuratora o\u015bwiaty<br \/>\no liczbie wolnych miejsc w szkole.<\/td>\n<td width=\"180\"><strong>21 lipca 2026 r.<br \/>\n<\/strong>do godz. 14.00<\/td>\n<td width=\"170\"><strong>07 sierpnia 2026 r.<br \/>\n<\/strong>do godz. 14.00<\/td>\n<\/tr>\n<tr>\n<td width=\"44\">15.<\/td>\n<td width=\"570\">Opublikowanie przez w\u0142a\u015bciwego Kuratora o\u015bwiaty informacji o liczbie wolnych miejsc w szko\u0142ach ponadpodstawowych.<\/p>\n<p><strong>\u00a0<\/strong><\/td>\n<td width=\"180\">do<strong> 22 lipca 2026 r.<\/strong><\/td>\n<td width=\"170\">do<strong> 10 sierpnia 2026 r.<\/strong><\/p>\n<p><strong>\u00a0<\/strong><\/td>\n<\/tr>\n<\/tbody>\n<\/table>\n<p>&nbsp;<\/p>\n<p><a href=\"#_ftnref1\" name=\"_ftn1\">[1]<\/a> Dyrektor szko\u0142y &#8211; wyznacza II termin dla kandydat\u00f3w, kt\u00f3rzy z przyczyn niezale\u017cnych od nich nie mogli przyst\u0105pi\u0107 do sprawdzianu lub pr\u00f3b sprawno\u015bci w pierwszym terminie, nie p\u00f3\u017aniej jednak ni\u017c w terminie poprzedzaj\u0105cym podanie do wiadomo\u015bci list wynik\u00f3w, o kt\u00f3rych mowa w pkt 8-10 .<\/p>\n<p><sup>\u00a0<\/sup><\/p>\n<p>* Dyrektor szko\u0142y okre\u015bla szczeg\u00f3\u0142owy termin sprawdzianu uzdolnie\u0144 kierunkowych, sprawdzianu kompetencji j\u0119zykowych, sprawdzianu predyspozycji j\u0119zykowych oraz<br \/>\npr\u00f3b sprawno\u015bci fizycznej.<\/p>\n<p><sup>\u00a0<\/sup><\/p>\n<p><sup>\u00a0<\/sup><\/p>\n<p>&nbsp;<\/p>\n","protected":false},"excerpt":{"rendered":"<div class=\"mh-excerpt\"><p>Terminy przeprowadzenia post\u0119powania rekrutacyjnego i uzupe\u0142niaj\u0105cego, w tym terminy sk\u0142adania dokument\u00f3w do klas I publicznych szk\u00f3\u0142 ponadpodstawowych, klas wst\u0119pnych, o kt\u00f3rych mowa w art. 25 <a class=\"mh-excerpt-more\" href=\"https:\/\/zsokwidzyn.pl\/index.php\/terminy-rekrutacji\/\" title=\"Terminy rekrutacji\">[&#8230;]<\/a><\/p>\n<\/div>","protected":false},"author":1,"featured_media":0,"parent":0,"menu_order":0,"comment_status":"closed","ping_status":"closed","template":"","meta":{"footnotes":""},"class_list":["post-3017","page","type-page","status-publish","hentry"],"_links":{"self":[{"href":"https:\/\/zsokwidzyn.pl\/index.php\/wp-json\/wp\/v2\/pages\/3017","targetHints":{"allow":["GET"]}}],"collection":[{"href":"https:\/\/zsokwidzyn.pl\/index.php\/wp-json\/wp\/v2\/pages"}],"about":[{"href":"https:\/\/zsokwidzyn.pl\/index.php\/wp-json\/wp\/v2\/types\/page"}],"author":[{"embeddable":true,"href":"https:\/\/zsokwidzyn.pl\/index.php\/wp-json\/wp\/v2\/users\/1"}],"replies":[{"embeddable":true,"href":"https:\/\/zsokwidzyn.pl\/index.php\/wp-json\/wp\/v2\/comments?post=3017"}],"version-history":[{"count":28,"href":"https:\/\/zsokwidzyn.pl\/index.php\/wp-json\/wp\/v2\/pages\/3017\/revisions"}],"predecessor-version":[{"id":11039,"href":"https:\/\/zsokwidzyn.pl\/index.php\/wp-json\/wp\/v2\/pages\/3017\/revisions\/11039"}],"wp:attachment":[{"href":"https:\/\/zsokwidzyn.pl\/index.php\/wp-json\/wp\/v2\/media?parent=3017"}],"curies":[{"name":"wp","href":"https:\/\/api.w.org\/{rel}","templated":true}]}}