{"id":303,"date":"2016-11-06T12:10:22","date_gmt":"2016-11-06T11:10:22","guid":{"rendered":"http:\/\/zsokwidzyn.pl\/?page_id=303"},"modified":"2018-09-11T09:37:49","modified_gmt":"2018-09-11T07:37:49","slug":"biblioteka-2","status":"publish","type":"page","link":"https:\/\/zsokwidzyn.pl\/index.php\/biblioteka-2\/","title":{"rendered":"Biblioteka"},"content":{"rendered":"<p style=\"text-align: center;\"><img loading=\"lazy\" decoding=\"async\" class=\"aligncenter size-full wp-image-530\" src=\"http:\/\/zsokwidzyn.pl\/wp-content\/uploads\/2016\/11\/12953040_934318243348823_980809214_o.jpg\" alt=\"12953040_934318243348823_980809214_o\" width=\"1280\" height=\"878\" srcset=\"https:\/\/zsokwidzyn.pl\/wp-content\/uploads\/2016\/11\/12953040_934318243348823_980809214_o.jpg 1280w, https:\/\/zsokwidzyn.pl\/wp-content\/uploads\/2016\/11\/12953040_934318243348823_980809214_o-300x206.jpg 300w, https:\/\/zsokwidzyn.pl\/wp-content\/uploads\/2016\/11\/12953040_934318243348823_980809214_o-768x527.jpg 768w, https:\/\/zsokwidzyn.pl\/wp-content\/uploads\/2016\/11\/12953040_934318243348823_980809214_o-1024x702.jpg 1024w, https:\/\/zsokwidzyn.pl\/wp-content\/uploads\/2016\/11\/12953040_934318243348823_980809214_o-676x464.jpg 676w\" sizes=\"auto, (max-width: 1280px) 100vw, 1280px\" \/><\/p>\n<p style=\"text-align: center;\"><em><span style=\"font-size: 12pt;\">&#8221; Kto czyta, \u017cyje wielokrotnie\u201d<\/span><\/em><\/p>\n<p style=\"text-align: center;\"><em><span style=\"font-size: 12pt;\">\u00a0Umberto Eco<\/span><\/em><\/p>\n<p style=\"text-align: center;\"><span style=\"font-size: 14pt;\"><strong><em>\u00a0<\/em>Zbiory biblioteczne<\/strong><\/span><\/p>\n<p style=\"text-align: justify;\"><span style=\"font-size: 12pt;\">Ksi\u0119gozbi\u00f3r biblioteki liczy ponad 15 tys. wolumin\u00f3w. W wi\u0119kszo\u015bci s\u0105 to lektury, literatura popularno-naukowa oraz beletrystyka. Wyodr\u0119bnili\u015bmy ksi\u0119gozbi\u00f3r podr\u0119czny, a w nim encyklopedie, s\u0142owniki, leksykony (og\u00f3lne i przedmiotowe), albumy i atlasy. Gromadzimy r\u00f3wnie\u017c zbiory audiowizualne (p\u0142yty CD, DVD), w tym tak\u017ce monta\u017ce s\u0142owno-muzyczne z okazji \u015awi\u0119ta Szko\u0142y. Zbiory biblioteki gromadzone s\u0105 zgodnie z potrzebami uczni\u00f3w i nauczycieli.<\/span><\/p>\n<p style=\"text-align: justify;\"><img loading=\"lazy\" decoding=\"async\" class=\"aligncenter size-large wp-image-531\" src=\"http:\/\/zsokwidzyn.pl\/wp-content\/uploads\/2016\/11\/15134043_1107483649365614_656518595_o-1024x576.jpg\" alt=\"15134043_1107483649365614_656518595_o\" width=\"676\" height=\"380\" srcset=\"https:\/\/zsokwidzyn.pl\/wp-content\/uploads\/2016\/11\/15134043_1107483649365614_656518595_o-1024x576.jpg 1024w, https:\/\/zsokwidzyn.pl\/wp-content\/uploads\/2016\/11\/15134043_1107483649365614_656518595_o-300x169.jpg 300w, https:\/\/zsokwidzyn.pl\/wp-content\/uploads\/2016\/11\/15134043_1107483649365614_656518595_o-768x432.jpg 768w, https:\/\/zsokwidzyn.pl\/wp-content\/uploads\/2016\/11\/15134043_1107483649365614_656518595_o-676x380.jpg 676w, https:\/\/zsokwidzyn.pl\/wp-content\/uploads\/2016\/11\/15134043_1107483649365614_656518595_o.jpg 1280w\" sizes=\"auto, (max-width: 676px) 100vw, 676px\" \/><\/p>\n<p style=\"text-align: justify;\"><span style=\"font-size: 12pt;\">Publikacje patrona szko\u0142y, dra W\u0142adys\u0142awa G\u0119bika, znajduj\u0105ce si\u0119 w naszym ksi\u0119gozbiorze:<\/span><\/p>\n<ul style=\"text-align: justify;\">\n<li><span style=\"font-size: 12pt;\"><em>Burzom dziej\u00f3w nie dali si\u0119 zgnie\u015b\u0107<\/em><\/span><\/li>\n<li><span style=\"font-size: 12pt;\"><em>Ch\u0142opcy z Rzeczypospolitej kwidzy\u0144skiej<\/em><\/span><\/li>\n<li><span style=\"font-size: 12pt;\"><em>Dla nas s\u0142o\u0144ce nie zachodzi<\/em><\/span><\/li>\n<li><span style=\"font-size: 12pt;\"><em>Kwidzyniacy: opowie\u015b\u0107 o m\u0142odzie\u017cy walcz\u0105cej<\/em><\/span><\/li>\n<li><span style=\"font-size: 12pt;\"><em>Pod warmi\u0144skim niebem<\/em><\/span><\/li>\n<li><span style=\"font-size: 12pt;\"><em>Prawo i pi\u0119\u015b\u0107<\/em><\/span><\/li>\n<li><span style=\"font-size: 12pt;\"><em>Z diab\u0142ami na ty<\/em><\/span><\/li>\n<li><span style=\"font-size: 12pt;\"><em>Kiermasz bajek: Feliks Sum, Sk\u0105py trzy razy traci, Warma, Grosz dany w potrzebie z\u0142otem wr\u00f3ci do ciebie, Zaczarowana \u017cabka<\/em><\/span><\/li>\n<\/ul>\n<p style=\"text-align: justify;\"><span style=\"font-size: 12pt;\"><em>\u00a0<\/em>W czytelni znajduje si\u0119 5 stanowisk komputerowych z dost\u0119pem do Internetu.<\/span><\/p>\n<p><strong><a href=\"http:\/\/zsokwidzyn.pl\/wp-content\/uploads\/2016\/11\/godziny-pracy-biblioteki.pdf\" target=\"_blank\" rel=\"noopener\">Godziny pracy biblioteki<\/a><\/strong><\/p>\n<p><strong><span style=\"font-size: 12pt; color: #0000ff;\"><a style=\"color: #0000ff;\" href=\"http:\/\/zsokwidzyn.pl\/wp-content\/uploads\/2016\/11\/regulamin-pracowni.pdf\" target=\"_blank\" rel=\"noopener\">Regulamin pracowni multimedialnej<\/a><\/span><\/strong><\/p>\n<p><strong><span style=\"color: #0000ff; font-size: 12pt;\"><a style=\"color: #0000ff;\" href=\"http:\/\/zsokwidzyn.pl\/wp-content\/uploads\/2016\/11\/REGULAMIN-BIBLIOTEKI.pdf\">Regulamin biblioteki<\/a><\/span><\/strong><\/p>\n<p style=\"text-align: justify;\"><span style=\"font-size: 12pt;\">\u00a0\u00a0<\/span><\/p>\n<p style=\"text-align: justify;\">\n","protected":false},"excerpt":{"rendered":"<div class=\"mh-excerpt\"><p>&#8221; Kto czyta, \u017cyje wielokrotnie\u201d \u00a0Umberto Eco \u00a0Zbiory biblioteczne Ksi\u0119gozbi\u00f3r biblioteki liczy ponad 15 tys. wolumin\u00f3w. W wi\u0119kszo\u015bci s\u0105 to lektury, literatura popularno-naukowa oraz beletrystyka. <a class=\"mh-excerpt-more\" href=\"https:\/\/zsokwidzyn.pl\/index.php\/biblioteka-2\/\" title=\"Biblioteka\">[&#8230;]<\/a><\/p>\n<\/div>","protected":false},"author":1,"featured_media":0,"parent":0,"menu_order":0,"comment_status":"closed","ping_status":"closed","template":"","meta":{"footnotes":""},"class_list":["post-303","page","type-page","status-publish","hentry"],"_links":{"self":[{"href":"https:\/\/zsokwidzyn.pl\/index.php\/wp-json\/wp\/v2\/pages\/303","targetHints":{"allow":["GET"]}}],"collection":[{"href":"https:\/\/zsokwidzyn.pl\/index.php\/wp-json\/wp\/v2\/pages"}],"about":[{"href":"https:\/\/zsokwidzyn.pl\/index.php\/wp-json\/wp\/v2\/types\/page"}],"author":[{"embeddable":true,"href":"https:\/\/zsokwidzyn.pl\/index.php\/wp-json\/wp\/v2\/users\/1"}],"replies":[{"embeddable":true,"href":"https:\/\/zsokwidzyn.pl\/index.php\/wp-json\/wp\/v2\/comments?post=303"}],"version-history":[{"count":17,"href":"https:\/\/zsokwidzyn.pl\/index.php\/wp-json\/wp\/v2\/pages\/303\/revisions"}],"predecessor-version":[{"id":3324,"href":"https:\/\/zsokwidzyn.pl\/index.php\/wp-json\/wp\/v2\/pages\/303\/revisions\/3324"}],"wp:attachment":[{"href":"https:\/\/zsokwidzyn.pl\/index.php\/wp-json\/wp\/v2\/media?parent=303"}],"curies":[{"name":"wp","href":"https:\/\/api.w.org\/{rel}","templated":true}]}}