{"id":305,"date":"2016-11-06T12:10:32","date_gmt":"2016-11-06T11:10:32","guid":{"rendered":"http:\/\/zsokwidzyn.pl\/?page_id=305"},"modified":"2018-09-11T10:36:14","modified_gmt":"2018-09-11T08:36:14","slug":"stypendysci-2","status":"publish","type":"page","link":"https:\/\/zsokwidzyn.pl\/index.php\/stypendysci-2\/","title":{"rendered":"Stypendy\u015bci"},"content":{"rendered":"<p><span style=\"font-size: 12pt; color: #0000ff;\"><strong><a href=\"http:\/\/zsokwidzyn.pl\/wp-content\/uploads\/2016\/11\/Stypendy\u015bci-Zespo\u0142u-Szk\u00f3\u0142-Og\u00f3lnokszta\u0142c\u0105cych-w-roku-szkolnym-2018-19.pdf\" target=\"_blank\" rel=\"noopener\">Stypendy\u015bci w roku szkolnym 2018\/2019<\/a><\/strong><\/span><\/p>\n<p><span style=\"font-size: 12pt; color: #0000ff;\"><strong><a href=\"http:\/\/zsokwidzyn.pl\/wp-content\/uploads\/2016\/11\/Stypendy\u015bci-Zespo\u0142u-Szk\u00f3\u0142-Og\u00f3lnokszta\u0142c\u0105cych-w-roku-szkolnym-2017-18-_1_.pdf\" target=\"_blank\" rel=\"noopener\">Stypendy\u015bci w roku szkolnym 2017\/2018<\/a><\/strong><\/span><\/p>\n<p><span style=\"font-size: 12pt; color: #0000ff;\"><strong><a href=\"http:\/\/zsokwidzyn.pl\/wp-content\/uploads\/2016\/11\/Stypendy\u015bci-Zespo\u0142u-Szk\u00f3\u0142-Og\u00f3lnokszta\u0142c\u0105cych-w-roku-szkolnym-2016-17-1-1.pdf\" target=\"_blank\" rel=\"noopener\">Stypendy\u015bci w roku szkolnym 2016\/2017<\/a><\/strong><\/span><\/p>\n<p>&nbsp;<\/p>\n","protected":false},"excerpt":{"rendered":"<div class=\"mh-excerpt\"><p>Stypendy\u015bci w roku szkolnym 2018\/2019 Stypendy\u015bci w roku szkolnym 2017\/2018 Stypendy\u015bci w roku szkolnym 2016\/2017 &nbsp;<\/p>\n<\/div>","protected":false},"author":1,"featured_media":0,"parent":0,"menu_order":0,"comment_status":"closed","ping_status":"closed","template":"","meta":{"footnotes":""},"class_list":["post-305","page","type-page","status-publish","hentry"],"_links":{"self":[{"href":"https:\/\/zsokwidzyn.pl\/index.php\/wp-json\/wp\/v2\/pages\/305","targetHints":{"allow":["GET"]}}],"collection":[{"href":"https:\/\/zsokwidzyn.pl\/index.php\/wp-json\/wp\/v2\/pages"}],"about":[{"href":"https:\/\/zsokwidzyn.pl\/index.php\/wp-json\/wp\/v2\/types\/page"}],"author":[{"embeddable":true,"href":"https:\/\/zsokwidzyn.pl\/index.php\/wp-json\/wp\/v2\/users\/1"}],"replies":[{"embeddable":true,"href":"https:\/\/zsokwidzyn.pl\/index.php\/wp-json\/wp\/v2\/comments?post=305"}],"version-history":[{"count":13,"href":"https:\/\/zsokwidzyn.pl\/index.php\/wp-json\/wp\/v2\/pages\/305\/revisions"}],"predecessor-version":[{"id":3331,"href":"https:\/\/zsokwidzyn.pl\/index.php\/wp-json\/wp\/v2\/pages\/305\/revisions\/3331"}],"wp:attachment":[{"href":"https:\/\/zsokwidzyn.pl\/index.php\/wp-json\/wp\/v2\/media?parent=305"}],"curies":[{"name":"wp","href":"https:\/\/api.w.org\/{rel}","templated":true}]}}