{"id":3232,"date":"2018-08-19T15:06:17","date_gmt":"2018-08-19T13:06:17","guid":{"rendered":"http:\/\/zsokwidzyn.pl\/?page_id=3232"},"modified":"2018-08-19T15:14:46","modified_gmt":"2018-08-19T13:14:46","slug":"samorzad-uczniowski-2","status":"publish","type":"page","link":"https:\/\/zsokwidzyn.pl\/index.php\/samorzad-uczniowski-2\/","title":{"rendered":"Samorz\u0105d Uczniowski"},"content":{"rendered":"<p style=\"text-align: justify;\"><span style=\"font-size: 12pt;\">Za nami kampania wyborcza, debata a 19 stycznia 2018 r. wybory, liczenie g\u0142os\u00f3w i wszystko jasne. Samorz\u0105d Uczniowski wybrany!<\/span><\/p>\n<p style=\"text-align: justify;\"><span style=\"font-size: 12pt;\">Podsumowanie dzia\u0142a\u0144 poprzedniego sk\u0142adu Samorz\u0105du Uczniowskiego oraz przekazanie obowi\u0105zk\u00f3w nowo wybranemu odby\u0142o si\u0119 dnia 23 stycznia 2018 r. w obecno\u015bci Dyrekcji szko\u0142y oraz przedstawicieli klas- Tr\u00f3jek Klasowych. Zwyci\u0119zcom serdecznie gratulujemy!<\/span><\/p>\n<p style=\"text-align: justify;\"><span style=\"font-size: 12pt;\">Sk\u0142ad Samorz\u0105du Uczniowskiego przedstawia si\u0119 nast\u0119puj\u0105co:<\/span><\/p>\n<ol>\n<li style=\"text-align: justify;\"><span style=\"font-size: 12pt;\">Maja Widlarz \u2013 przewodnicz\u0105ca<\/span><\/li>\n<li style=\"text-align: justify;\"><span style=\"font-size: 12pt;\">Wiktoria Krzemie\u0144<\/span><\/li>\n<li style=\"text-align: justify;\"><span style=\"font-size: 12pt;\">Aleksandra Czarnuch<\/span><\/li>\n<li style=\"text-align: justify;\"><span style=\"font-size: 12pt;\">El\u017cbieta Pohl<\/span><\/li>\n<li style=\"text-align: justify;\"><span style=\"font-size: 12pt;\">Pawe\u0142 Gorczycki<\/span><\/li>\n<li style=\"text-align: justify;\"><span style=\"font-size: 12pt;\">Mateusz Grzywacz<\/span><\/li>\n<li style=\"text-align: justify;\"><span style=\"font-size: 12pt;\">Mieszko Wierci\u0144ski<\/span><\/li>\n<li style=\"text-align: justify;\"><span style=\"font-size: 12pt;\">Jakub Kowalski<\/span><\/li>\n<li style=\"text-align: justify;\"><span style=\"font-size: 12pt;\">Marta Borkowska<\/span><\/li>\n<li style=\"text-align: justify;\"><span style=\"font-size: 12pt;\">Marcelina Oku\u0144ska<\/span><\/li>\n<\/ol>\n<p style=\"text-align: justify;\"><span style=\"font-size: 12pt;\">\r\n<div class=\"ngg-galleryoverview\" id=\"ngg-gallery-269-3232\">\r\n\r\n\t<!-- Slideshow link -->\r\n\t<div class=\"slideshowlink\">\r\n\t\t<a class=\"slideshowlink\" href=\"https:\/\/zsokwidzyn.pl\/index.php\/samorzad-uczniowski-2\/?show=slide\">\r\n\t\t\t[Show as slideshow]\t\t<\/a>\r\n\t<\/div>\r\n\r\n\t\r\n\t<!-- Thumbnails -->\r\n\t\t\r\n\t<div id=\"ngg-image-4706\" class=\"ngg-gallery-thumbnail-box\"  >\r\n\t\t<div class=\"ngg-gallery-thumbnail\" >\r\n\t\t\t<a href=\"https:\/\/zsokwidzyn.pl\/wp-content\/gallery\/samorzad-wybory-2018\/20180123_110418.jpg\" title=\" \" class=\"shutterset_set_269\" >\r\n\t\t\t\t\t\t\t\t<img loading=\"lazy\" decoding=\"async\" title=\"20180123_110418\" alt=\"20180123_110418\" src=\"https:\/\/zsokwidzyn.pl\/wp-content\/gallery\/samorzad-wybory-2018\/thumbs\/thumbs_20180123_110418.jpg\" width=\"100\" height=\"75\" \/>\r\n\t\t\t\t\t\t\t<\/a>\r\n\t\t<\/div>\r\n\t<\/div>\r\n\t\r\n\t\t\r\n \t\t\r\n\t<div id=\"ngg-image-4707\" class=\"ngg-gallery-thumbnail-box\"  >\r\n\t\t<div class=\"ngg-gallery-thumbnail\" >\r\n\t\t\t<a href=\"https:\/\/zsokwidzyn.pl\/wp-content\/gallery\/samorzad-wybory-2018\/received_1440672702725024.jpg\" title=\" \" class=\"shutterset_set_269\" >\r\n\t\t\t\t\t\t\t\t<img loading=\"lazy\" decoding=\"async\" title=\"received_1440672702725024\" alt=\"received_1440672702725024\" src=\"https:\/\/zsokwidzyn.pl\/wp-content\/gallery\/samorzad-wybory-2018\/thumbs\/thumbs_received_1440672702725024.jpg\" width=\"100\" height=\"75\" \/>\r\n\t\t\t\t\t\t\t<\/a>\r\n\t\t<\/div>\r\n\t<\/div>\r\n\t\r\n\t\t\r\n \t\t\r\n\t<div id=\"ngg-image-4708\" class=\"ngg-gallery-thumbnail-box\"  >\r\n\t\t<div class=\"ngg-gallery-thumbnail\" >\r\n\t\t\t<a href=\"https:\/\/zsokwidzyn.pl\/wp-content\/gallery\/samorzad-wybory-2018\/received_1440672739391687.jpg\" title=\" \" class=\"shutterset_set_269\" >\r\n\t\t\t\t\t\t\t\t<img loading=\"lazy\" decoding=\"async\" title=\"received_1440672739391687\" alt=\"received_1440672739391687\" src=\"https:\/\/zsokwidzyn.pl\/wp-content\/gallery\/samorzad-wybory-2018\/thumbs\/thumbs_received_1440672739391687.jpg\" width=\"100\" height=\"75\" \/>\r\n\t\t\t\t\t\t\t<\/a>\r\n\t\t<\/div>\r\n\t<\/div>\r\n\t\r\n\t\t\r\n \t\t\r\n\t<div id=\"ngg-image-4709\" class=\"ngg-gallery-thumbnail-box\"  >\r\n\t\t<div class=\"ngg-gallery-thumbnail\" >\r\n\t\t\t<a href=\"https:\/\/zsokwidzyn.pl\/wp-content\/gallery\/samorzad-wybory-2018\/received_1440672922725002.jpg\" title=\" \" class=\"shutterset_set_269\" >\r\n\t\t\t\t\t\t\t\t<img loading=\"lazy\" decoding=\"async\" title=\"received_1440672922725002\" alt=\"received_1440672922725002\" src=\"https:\/\/zsokwidzyn.pl\/wp-content\/gallery\/samorzad-wybory-2018\/thumbs\/thumbs_received_1440672922725002.jpg\" width=\"100\" height=\"75\" \/>\r\n\t\t\t\t\t\t\t<\/a>\r\n\t\t<\/div>\r\n\t<\/div>\r\n\t\r\n\t\t\r\n \t\t\r\n\t<div id=\"ngg-image-4710\" class=\"ngg-gallery-thumbnail-box\"  >\r\n\t\t<div class=\"ngg-gallery-thumbnail\" >\r\n\t\t\t<a href=\"https:\/\/zsokwidzyn.pl\/wp-content\/gallery\/samorzad-wybory-2018\/received_1440673216058306.jpg\" title=\" \" class=\"shutterset_set_269\" >\r\n\t\t\t\t\t\t\t\t<img loading=\"lazy\" decoding=\"async\" title=\"received_1440673216058306\" alt=\"received_1440673216058306\" src=\"https:\/\/zsokwidzyn.pl\/wp-content\/gallery\/samorzad-wybory-2018\/thumbs\/thumbs_received_1440673216058306.jpg\" width=\"100\" height=\"75\" \/>\r\n\t\t\t\t\t\t\t<\/a>\r\n\t\t<\/div>\r\n\t<\/div>\r\n\t\r\n\t\t\r\n \t\t\r\n\t<div id=\"ngg-image-4711\" class=\"ngg-gallery-thumbnail-box\"  >\r\n\t\t<div class=\"ngg-gallery-thumbnail\" >\r\n\t\t\t<a href=\"https:\/\/zsokwidzyn.pl\/wp-content\/gallery\/samorzad-wybory-2018\/received_1440673279391633.jpg\" title=\" \" class=\"shutterset_set_269\" >\r\n\t\t\t\t\t\t\t\t<img loading=\"lazy\" decoding=\"async\" title=\"received_1440673279391633\" alt=\"received_1440673279391633\" src=\"https:\/\/zsokwidzyn.pl\/wp-content\/gallery\/samorzad-wybory-2018\/thumbs\/thumbs_received_1440673279391633.jpg\" width=\"100\" height=\"75\" \/>\r\n\t\t\t\t\t\t\t<\/a>\r\n\t\t<\/div>\r\n\t<\/div>\r\n\t\r\n\t\t\r\n \t\t\r\n\t<div id=\"ngg-image-4712\" class=\"ngg-gallery-thumbnail-box\"  >\r\n\t\t<div class=\"ngg-gallery-thumbnail\" >\r\n\t\t\t<a href=\"https:\/\/zsokwidzyn.pl\/wp-content\/gallery\/samorzad-wybory-2018\/received_1440673322724962.jpg\" title=\" \" class=\"shutterset_set_269\" >\r\n\t\t\t\t\t\t\t\t<img loading=\"lazy\" decoding=\"async\" title=\"received_1440673322724962\" alt=\"received_1440673322724962\" src=\"https:\/\/zsokwidzyn.pl\/wp-content\/gallery\/samorzad-wybory-2018\/thumbs\/thumbs_received_1440673322724962.jpg\" width=\"100\" height=\"75\" \/>\r\n\t\t\t\t\t\t\t<\/a>\r\n\t\t<\/div>\r\n\t<\/div>\r\n\t\r\n\t\t\r\n \t\t\r\n\t<div id=\"ngg-image-4713\" class=\"ngg-gallery-thumbnail-box\"  >\r\n\t\t<div class=\"ngg-gallery-thumbnail\" >\r\n\t\t\t<a href=\"https:\/\/zsokwidzyn.pl\/wp-content\/gallery\/samorzad-wybory-2018\/received_1440673382724956.jpg\" title=\" \" class=\"shutterset_set_269\" >\r\n\t\t\t\t\t\t\t\t<img loading=\"lazy\" decoding=\"async\" title=\"received_1440673382724956\" alt=\"received_1440673382724956\" src=\"https:\/\/zsokwidzyn.pl\/wp-content\/gallery\/samorzad-wybory-2018\/thumbs\/thumbs_received_1440673382724956.jpg\" width=\"100\" height=\"75\" \/>\r\n\t\t\t\t\t\t\t<\/a>\r\n\t\t<\/div>\r\n\t<\/div>\r\n\t\r\n\t\t\r\n \t\t\r\n\t<div id=\"ngg-image-4714\" class=\"ngg-gallery-thumbnail-box\"  >\r\n\t\t<div class=\"ngg-gallery-thumbnail\" >\r\n\t\t\t<a href=\"https:\/\/zsokwidzyn.pl\/wp-content\/gallery\/samorzad-wybory-2018\/received_1440673419391619.jpg\" title=\" \" class=\"shutterset_set_269\" >\r\n\t\t\t\t\t\t\t\t<img loading=\"lazy\" decoding=\"async\" title=\"received_1440673419391619\" alt=\"received_1440673419391619\" src=\"https:\/\/zsokwidzyn.pl\/wp-content\/gallery\/samorzad-wybory-2018\/thumbs\/thumbs_received_1440673419391619.jpg\" width=\"100\" height=\"75\" \/>\r\n\t\t\t\t\t\t\t<\/a>\r\n\t\t<\/div>\r\n\t<\/div>\r\n\t\r\n\t\t\r\n \t\t\r\n\t<div id=\"ngg-image-4715\" class=\"ngg-gallery-thumbnail-box\"  >\r\n\t\t<div class=\"ngg-gallery-thumbnail\" >\r\n\t\t\t<a href=\"https:\/\/zsokwidzyn.pl\/wp-content\/gallery\/samorzad-wybory-2018\/received_1440673519391609.jpg\" title=\" \" class=\"shutterset_set_269\" >\r\n\t\t\t\t\t\t\t\t<img loading=\"lazy\" decoding=\"async\" title=\"received_1440673519391609\" alt=\"received_1440673519391609\" src=\"https:\/\/zsokwidzyn.pl\/wp-content\/gallery\/samorzad-wybory-2018\/thumbs\/thumbs_received_1440673519391609.jpg\" width=\"100\" height=\"75\" \/>\r\n\t\t\t\t\t\t\t<\/a>\r\n\t\t<\/div>\r\n\t<\/div>\r\n\t\r\n\t\t\r\n \t\t\r\n\t<div id=\"ngg-image-4716\" class=\"ngg-gallery-thumbnail-box\"  >\r\n\t\t<div class=\"ngg-gallery-thumbnail\" >\r\n\t\t\t<a href=\"https:\/\/zsokwidzyn.pl\/wp-content\/gallery\/samorzad-wybory-2018\/received_1440673562724938.jpg\" title=\" \" class=\"shutterset_set_269\" >\r\n\t\t\t\t\t\t\t\t<img loading=\"lazy\" decoding=\"async\" title=\"received_1440673562724938\" alt=\"received_1440673562724938\" src=\"https:\/\/zsokwidzyn.pl\/wp-content\/gallery\/samorzad-wybory-2018\/thumbs\/thumbs_received_1440673562724938.jpg\" width=\"100\" height=\"75\" \/>\r\n\t\t\t\t\t\t\t<\/a>\r\n\t\t<\/div>\r\n\t<\/div>\r\n\t\r\n\t\t\r\n \t\t\r\n\t<div id=\"ngg-image-4717\" class=\"ngg-gallery-thumbnail-box\"  >\r\n\t\t<div class=\"ngg-gallery-thumbnail\" >\r\n\t\t\t<a href=\"https:\/\/zsokwidzyn.pl\/wp-content\/gallery\/samorzad-wybory-2018\/received_1440673622724932.jpg\" title=\" \" class=\"shutterset_set_269\" >\r\n\t\t\t\t\t\t\t\t<img loading=\"lazy\" decoding=\"async\" title=\"received_1440673622724932\" alt=\"received_1440673622724932\" src=\"https:\/\/zsokwidzyn.pl\/wp-content\/gallery\/samorzad-wybory-2018\/thumbs\/thumbs_received_1440673622724932.jpg\" width=\"100\" height=\"75\" \/>\r\n\t\t\t\t\t\t\t<\/a>\r\n\t\t<\/div>\r\n\t<\/div>\r\n\t\r\n\t\t\r\n \t\t\r\n\t<div id=\"ngg-image-4718\" class=\"ngg-gallery-thumbnail-box\"  >\r\n\t\t<div class=\"ngg-gallery-thumbnail\" >\r\n\t\t\t<a href=\"https:\/\/zsokwidzyn.pl\/wp-content\/gallery\/samorzad-wybory-2018\/received_1440673746058253.jpg\" title=\" \" class=\"shutterset_set_269\" >\r\n\t\t\t\t\t\t\t\t<img loading=\"lazy\" decoding=\"async\" title=\"received_1440673746058253\" alt=\"received_1440673746058253\" src=\"https:\/\/zsokwidzyn.pl\/wp-content\/gallery\/samorzad-wybory-2018\/thumbs\/thumbs_received_1440673746058253.jpg\" width=\"100\" height=\"75\" \/>\r\n\t\t\t\t\t\t\t<\/a>\r\n\t\t<\/div>\r\n\t<\/div>\r\n\t\r\n\t\t\r\n \t\t\r\n\t<div id=\"ngg-image-4719\" class=\"ngg-gallery-thumbnail-box\"  >\r\n\t\t<div class=\"ngg-gallery-thumbnail\" >\r\n\t\t\t<a href=\"https:\/\/zsokwidzyn.pl\/wp-content\/gallery\/samorzad-wybory-2018\/received_1440673986058229.jpg\" title=\" \" class=\"shutterset_set_269\" >\r\n\t\t\t\t\t\t\t\t<img loading=\"lazy\" decoding=\"async\" title=\"received_1440673986058229\" alt=\"received_1440673986058229\" src=\"https:\/\/zsokwidzyn.pl\/wp-content\/gallery\/samorzad-wybory-2018\/thumbs\/thumbs_received_1440673986058229.jpg\" width=\"100\" height=\"75\" \/>\r\n\t\t\t\t\t\t\t<\/a>\r\n\t\t<\/div>\r\n\t<\/div>\r\n\t\r\n\t\t\r\n \t\t\r\n\t<div id=\"ngg-image-4720\" class=\"ngg-gallery-thumbnail-box\"  >\r\n\t\t<div class=\"ngg-gallery-thumbnail\" >\r\n\t\t\t<a href=\"https:\/\/zsokwidzyn.pl\/wp-content\/gallery\/samorzad-wybory-2018\/received_1440674026058225.jpg\" title=\" \" class=\"shutterset_set_269\" >\r\n\t\t\t\t\t\t\t\t<img loading=\"lazy\" decoding=\"async\" title=\"received_1440674026058225\" alt=\"received_1440674026058225\" src=\"https:\/\/zsokwidzyn.pl\/wp-content\/gallery\/samorzad-wybory-2018\/thumbs\/thumbs_received_1440674026058225.jpg\" width=\"100\" height=\"75\" \/>\r\n\t\t\t\t\t\t\t<\/a>\r\n\t\t<\/div>\r\n\t<\/div>\r\n\t\r\n\t\t\r\n \t\t\r\n\t<div id=\"ngg-image-4721\" class=\"ngg-gallery-thumbnail-box\"  >\r\n\t\t<div class=\"ngg-gallery-thumbnail\" >\r\n\t\t\t<a href=\"https:\/\/zsokwidzyn.pl\/wp-content\/gallery\/samorzad-wybory-2018\/received_1440674036058224.jpg\" title=\" \" class=\"shutterset_set_269\" >\r\n\t\t\t\t\t\t\t\t<img loading=\"lazy\" decoding=\"async\" title=\"received_1440674036058224\" alt=\"received_1440674036058224\" src=\"https:\/\/zsokwidzyn.pl\/wp-content\/gallery\/samorzad-wybory-2018\/thumbs\/thumbs_received_1440674036058224.jpg\" width=\"100\" height=\"75\" \/>\r\n\t\t\t\t\t\t\t<\/a>\r\n\t\t<\/div>\r\n\t<\/div>\r\n\t\r\n\t\t\r\n \t \t\r\n\t<!-- Pagination -->\r\n \t<div class=\"ngg-clear\"><\/div> \t\r\n<\/div>\r\n\r\n<\/span><\/p>\n<p><iframe loading=\"lazy\" title=\"I LO KWIDZYN - Spot Samorz\u0105du Uczniowskiego\" width=\"500\" height=\"281\" src=\"https:\/\/www.youtube.com\/embed\/3nvhGcsy2EI?feature=oembed\" frameborder=\"0\" allow=\"accelerometer; autoplay; clipboard-write; encrypted-media; gyroscope; picture-in-picture; web-share\" referrerpolicy=\"strict-origin-when-cross-origin\" allowfullscreen><\/iframe><\/p>\n<p>&nbsp;<\/p>\n","protected":false},"excerpt":{"rendered":"<div class=\"mh-excerpt\"><p>Za nami kampania wyborcza, debata a 19 stycznia 2018 r. wybory, liczenie g\u0142os\u00f3w i wszystko jasne. Samorz\u0105d Uczniowski wybrany! Podsumowanie dzia\u0142a\u0144 poprzedniego sk\u0142adu Samorz\u0105du Uczniowskiego <a class=\"mh-excerpt-more\" href=\"https:\/\/zsokwidzyn.pl\/index.php\/samorzad-uczniowski-2\/\" title=\"Samorz\u0105d Uczniowski\">[&#8230;]<\/a><\/p>\n<\/div>","protected":false},"author":1,"featured_media":0,"parent":0,"menu_order":0,"comment_status":"closed","ping_status":"closed","template":"","meta":{"footnotes":""},"class_list":["post-3232","page","type-page","status-publish","hentry"],"_links":{"self":[{"href":"https:\/\/zsokwidzyn.pl\/index.php\/wp-json\/wp\/v2\/pages\/3232","targetHints":{"allow":["GET"]}}],"collection":[{"href":"https:\/\/zsokwidzyn.pl\/index.php\/wp-json\/wp\/v2\/pages"}],"about":[{"href":"https:\/\/zsokwidzyn.pl\/index.php\/wp-json\/wp\/v2\/types\/page"}],"author":[{"embeddable":true,"href":"https:\/\/zsokwidzyn.pl\/index.php\/wp-json\/wp\/v2\/users\/1"}],"replies":[{"embeddable":true,"href":"https:\/\/zsokwidzyn.pl\/index.php\/wp-json\/wp\/v2\/comments?post=3232"}],"version-history":[{"count":3,"href":"https:\/\/zsokwidzyn.pl\/index.php\/wp-json\/wp\/v2\/pages\/3232\/revisions"}],"predecessor-version":[{"id":3235,"href":"https:\/\/zsokwidzyn.pl\/index.php\/wp-json\/wp\/v2\/pages\/3232\/revisions\/3235"}],"wp:attachment":[{"href":"https:\/\/zsokwidzyn.pl\/index.php\/wp-json\/wp\/v2\/media?parent=3232"}],"curies":[{"name":"wp","href":"https:\/\/api.w.org\/{rel}","templated":true}]}}