{"id":3289,"date":"2018-09-04T12:31:13","date_gmt":"2018-09-04T10:31:13","guid":{"rendered":"http:\/\/zsokwidzyn.pl\/?page_id=3289"},"modified":"2023-03-15T14:28:19","modified_gmt":"2023-03-15T13:28:19","slug":"rodo","status":"publish","type":"page","link":"https:\/\/zsokwidzyn.pl\/index.php\/rodo\/","title":{"rendered":"Rodo"},"content":{"rendered":"<p style=\"text-align: center;\"><span style=\"font-size: 12pt;\">\u00a0<strong>Klauzula informacyjna<\/strong><\/span><\/p>\n<p style=\"text-align: justify;\"><span style=\"font-size: 12pt;\">Zgodnie z art. 13 ust. 1 i 2 Rozporz\u0105dzenia Parlamentu Europejskiego i Rady (UE) 2016\/679 z dnia 27 kwietnia 2016r. w sprawie ochrony os\u00f3b fizycznych w zwi\u0105zku z przetwarzaniem danych osobowych i\u00a0w\u00a0sprawie swobodnego przep\u0142ywu takich danych oraz uchylenia dyrektywy 95\/46\/WE (og\u00f3lne rozporz\u0105dzenie o ochronie danych) zwanego dalej RODO informuj\u0119, i\u017c:<\/span><\/p>\n<ol style=\"text-align: justify;\">\n<li><span style=\"font-size: 12pt;\">Administratorem danych osobowych jest Zesp\u00f3\u0142 Szk\u00f3\u0142 Og\u00f3lnokszta\u0142c\u0105cych Nr 1 w Kwidzynie zwany dalej Szko\u0142\u0105.<\/span><\/li>\n<\/ol>\n<p style=\"text-align: justify;\"><span style=\"font-size: 12pt;\">\u00a0\u00a0\u00a0\u00a0\u00a0\u00a0\u00a0\u00a0\u00a0\u00a0\u00a0 Dane kontaktowe:<\/span><\/p>\n<p style=\"text-align: justify;\"><span style=\"font-size: 12pt;\">\u00a0\u00a0\u00a0\u00a0\u00a0\u00a0\u00a0\u00a0\u00a0\u00a0\u00a0 Konarskiego 12<\/span><\/p>\n<p style=\"text-align: justify;\"><span style=\"font-size: 12pt;\">\u00a0\u00a0\u00a0\u00a0\u00a0\u00a0\u00a0\u00a0\u00a0\u00a0\u00a0 82-500 Kwidzyn<\/span><\/p>\n<p style=\"text-align: justify;\"><span style=\"font-size: 12pt;\">\u00a0\u00a0\u00a0\u00a0\u00a0\u00a0\u00a0\u00a0\u00a0\u00a0\u00a0 e-mail: <a href=\"mailto:sekretariat@zsokwidzyn.pl\">sekretariat@zsokwidzyn.pl<\/a><\/span><\/p>\n<p style=\"text-align: justify;\"><span style=\"font-size: 12pt;\">\u00a0\u00a0\u00a0\u00a0\u00a0\u00a0\u00a0\u00a0\u00a0\u00a0\u00a0 tel: 55\u00a0279 39 35<\/span><\/p>\n<ol style=\"text-align: justify;\" start=\"2\">\n<li><span style=\"font-size: 12pt;\">Przedstawicielem Szko\u0142y jest dyrektor \u2013<strong> Joanna Po\u017aniak<\/strong><\/span><\/li>\n<li><span style=\"font-size: 12pt;\">Dane osobowe dotycz\u0105:<\/span><\/li>\n<\/ol>\n<p style=\"text-align: justify;\"><span style=\"font-size: 12pt;\">\u00a0\u00a0\u00a0\u00a0\u00a0\u00a0\u00a0\u00a0\u00a0\u00a0\u00a0 Pracownik\u00f3w Szko\u0142y,<\/span><\/p>\n<p style=\"text-align: justify;\"><span style=\"font-size: 12pt;\">\u00a0\u00a0\u00a0\u00a0\u00a0\u00a0\u00a0\u00a0\u00a0\u00a0\u00a0 Uczni\u00f3w\/s\u0142uchaczy Szko\u0142y,<\/span><\/p>\n<p style=\"text-align: justify;\"><span style=\"font-size: 12pt;\">\u00a0\u00a0\u00a0\u00a0\u00a0\u00a0\u00a0\u00a0\u00a0\u00a0\u00a0 Rodzic\u00f3w \/ opiekun\u00f3w prawnych uczni\u00f3w \/ s\u0142uchaczy Szko\u0142y,<\/span><\/p>\n<ol style=\"text-align: justify;\" start=\"4\">\n<li><span style=\"font-size: 12pt;\">Inspektorem Ochrony Danych Szko\u0142y jest <strong>Aleksandra Czarnobaj<\/strong><\/span><\/li>\n<\/ol>\n<p style=\"text-align: justify;\"><span style=\"font-size: 12pt;\">\u00a0\u00a0\u00a0\u00a0\u00a0\u00a0\u00a0\u00a0\u00a0\u00a0\u00a0 Dane kontaktowe: tel. 602 255 075<\/span><\/p>\n<p style=\"text-align: justify;\"><span style=\"font-size: 12pt;\">\u00a0 \u00a0 \u00a0 \u00a0 \u00a0 \u00a0 \u00a0 \u00a0 \u00a0 \u00a0 \u00a0 \u00a0 \u00a0 \u00a0 \u00a0 \u00a0 \u00a0 \u00a0 \u00a0 \u00a0 \u00a0 \u00a0 \u00a0 e-mail:\u00a0iod@e-atc.pl.<\/span><\/p>\n<ol style=\"text-align: justify;\" start=\"5\">\n<li><span style=\"font-size: 12pt;\">Dane osobowe przetwarzane b\u0119d\u0105 w celach okre\u015blonych w Statucie Szko\u0142y na\u00a0podstawie:<\/span><\/li>\n<\/ol>\n<p style=\"text-align: justify;\"><span style=\"font-size: 12pt;\">obowi\u0105zk\u00f3w prawnych ci\u0105\u017c\u0105cych na administratorze (zgodnie z art. 6 ust. 1 lit. c RODO);<\/span><\/p>\n<p style=\"text-align: justify;\"><span style=\"font-size: 12pt;\">zada\u0144 realizowanych w interesie publicznym lub w ramach sprawowania w\u0142adzy publicznej powierzonej\u00a0\u00a0\u00a0\u00a0\u00a0 <\/span><span style=\"font-size: 12pt;\">administratorowi (zgodnie z art. 6 ust. 1 lit. e RODO);<\/span><\/p>\n<p style=\"text-align: justify;\"><span style=\"font-size: 12pt;\">zgody na przetwarzanie danych osobowych w jednym lub wi\u0119kszej liczbie okre\u015blonych cel\u00f3w (zgodnie z art. 6 ust. 1 lit. a RODO);<\/span><\/p>\n<p style=\"text-align: justify;\"><span style=\"font-size: 12pt;\">umowy, kt\u00f3rej stron\u0105 jest osoba, kt\u00f3rej dane dotycz\u0105, lub dzia\u0142a\u0144 na \u017c\u0105danie osoby, kt\u00f3rej dane dotycz\u0105, przed zawarciem umowy (zgodnie z art. 6 ust. 1 lit. b RODO<\/span><\/p>\n<ol start=\"6\">\n<li style=\"text-align: justify;\"><span style=\"font-size: 12pt;\">Odbiorcami danych osobowych s\u0105 wy\u0142\u0105cznie podmioty uprawnione do uzyskania danych osobowych na podstawie przepis\u00f3w prawa.<\/span><\/li>\n<li style=\"text-align: justify;\"><span style=\"font-size: 12pt;\">Dane osobowe przechowywane s\u0105 przez okres niezb\u0119dny do realizacji cel\u00f3w wskazanych w\u00a0Statucie Szko\u0142y, a po tym czasie okres oraz zakres okre\u015blony jest przepisami prawa.<\/span><\/li>\n<li style=\"text-align: justify;\"><span style=\"font-size: 12pt;\">Osoba, kt\u00f3rej dane osobowe przetwarza administrator danych, posiada prawo do dost\u0119pu do tre\u015bci danych, sprostowania danych, usuni\u0119cia danych, ograniczenia przetwarzania danych, przenoszenia danych, prawo do wniesienia sprzeciwu cofni\u0119cia zgody w dowolnym momencie bez wp\u0142ywu na\u00a0zgodno\u015b\u0107 z prawem przetwarzania<em>,<\/em> kt\u00f3rego dokonano na podstawie zgody przed jej cofni\u0119ciem z\u00a0zastrze\u017ceniem ogranicze\u0144 wynikaj\u0105cych z przepis\u00f3w prawa.<\/span><\/li>\n<li style=\"text-align: justify;\"><span style=\"font-size: 12pt;\">Osoba, kt\u00f3rej dane osobowe przetwarza Szko\u0142a, posiada prawo wniesienia skargi do\u00a0organu nadzorczego &#8211; Prezesa Urz\u0119du Ochrony Danych Osobowych, w przypadku uznania, \u017ce\u00a0przetwarzanie danych osobowych narusza przepisy RODO.<\/span><\/li>\n<li style=\"text-align: justify;\"><span style=\"font-size: 12pt;\">Dane osobowe nie s\u0105 przetwarzane przez Szko\u0142\u0119 w spos\u00f3b zautomatyzowany i\u00a0nie\u00a0s\u0105 poddawane profilowaniu.<\/span><\/li>\n<li style=\"text-align: justify;\"><span style=\"font-size: 12pt;\">Dane osobowe nie s\u0105 przekazywane do pa\u0144stwa trzeciego. Wyj\u0105tek stanowi sytuacja przewidziana przepisami prawa krajowego.<\/span><\/li>\n<\/ol>\n","protected":false},"excerpt":{"rendered":"<div class=\"mh-excerpt\"><p>\u00a0Klauzula informacyjna Zgodnie z art. 13 ust. 1 i 2 Rozporz\u0105dzenia Parlamentu Europejskiego i Rady (UE) 2016\/679 z dnia 27 kwietnia 2016r. w sprawie ochrony <a class=\"mh-excerpt-more\" href=\"https:\/\/zsokwidzyn.pl\/index.php\/rodo\/\" title=\"Rodo\">[&#8230;]<\/a><\/p>\n<\/div>","protected":false},"author":1,"featured_media":0,"parent":0,"menu_order":0,"comment_status":"closed","ping_status":"closed","template":"","meta":{"footnotes":""},"class_list":["post-3289","page","type-page","status-publish","hentry"],"_links":{"self":[{"href":"https:\/\/zsokwidzyn.pl\/index.php\/wp-json\/wp\/v2\/pages\/3289","targetHints":{"allow":["GET"]}}],"collection":[{"href":"https:\/\/zsokwidzyn.pl\/index.php\/wp-json\/wp\/v2\/pages"}],"about":[{"href":"https:\/\/zsokwidzyn.pl\/index.php\/wp-json\/wp\/v2\/types\/page"}],"author":[{"embeddable":true,"href":"https:\/\/zsokwidzyn.pl\/index.php\/wp-json\/wp\/v2\/users\/1"}],"replies":[{"embeddable":true,"href":"https:\/\/zsokwidzyn.pl\/index.php\/wp-json\/wp\/v2\/comments?post=3289"}],"version-history":[{"count":7,"href":"https:\/\/zsokwidzyn.pl\/index.php\/wp-json\/wp\/v2\/pages\/3289\/revisions"}],"predecessor-version":[{"id":6832,"href":"https:\/\/zsokwidzyn.pl\/index.php\/wp-json\/wp\/v2\/pages\/3289\/revisions\/6832"}],"wp:attachment":[{"href":"https:\/\/zsokwidzyn.pl\/index.php\/wp-json\/wp\/v2\/media?parent=3289"}],"curies":[{"name":"wp","href":"https:\/\/api.w.org\/{rel}","templated":true}]}}