{"id":335,"date":"2016-11-06T12:26:47","date_gmt":"2016-11-06T11:26:47","guid":{"rendered":"http:\/\/zsokwidzyn.pl\/?page_id=335"},"modified":"2017-11-13T17:49:08","modified_gmt":"2017-11-13T16:49:08","slug":"wolontariat-2","status":"publish","type":"page","link":"https:\/\/zsokwidzyn.pl\/index.php\/wolontariat-2\/","title":{"rendered":"Wolontariat"},"content":{"rendered":"<p style=\"text-align: justify;\"><span style=\"font-size: 12pt;\">Szkolne Ko\u0142o Wolontariatu \u201ePrimum non nocere\u201d dzia\u0142aj\u0105ce przy I LO w Kwidzynie zosta\u0142o za\u0142o\u017cone przez p. Sylwi\u0119 Wi\u0119ckowsk\u0105 w 2006 roku. Od wrze\u015bnia 2011 roku opiek\u0119 przej\u0119\u0142a p. Dorota Klonowska. Wolontariusze ch\u0119tnie bior\u0105 udzia\u0142 w akcjach charytatywnych. Udzia\u0142 w Smakach Jesieni, Wielkiej Orkiestrze \u015awi\u0105tecznej Pomocy czy \u201ePodziel si\u0119 posi\u0142kiem\u201d na sta\u0142e zago\u015bci\u0142y w kalendarzu szkolnym. Opr\u00f3cz tego m\u0142odzie\u017c zbiera nakr\u0119tki, organizuje paczki miko\u0142ajkowe czy zbi\u00f3rki pieni\u0119dzy na leczenie os\u00f3b potrzebuj\u0105cych.<\/span><\/p>\n<p style=\"text-align: justify;\"><span style=\"font-size: 12pt;\">Og\u00f3lne cele SKW \u201ePrimum non nocere\u201d:<\/span><\/p>\n<ul>\n<li style=\"text-align: justify;\"><span style=\"font-size: 12pt;\">kszta\u0142towanie postaw prospo\u0142ecznych oraz obywatelskich<\/span><\/li>\n<li style=\"text-align: justify;\"><span style=\"font-size: 12pt;\">rozwijanie empatii u m\u0142odzie\u017cy<\/span><\/li>\n<li style=\"text-align: justify;\"><span style=\"font-size: 12pt;\">budowanie tw\u00f3rczej atmosfery w szkole, sprzyjaj\u0105cej samorealizacji i\u00a0poszerzaniu w\u0142asnych zainteresowa\u0144,<\/span><\/li>\n<li style=\"text-align: justify;\"><span style=\"font-size: 12pt;\">nabywanie oraz doskonalenie do\u015bwiadcze\u0144 i umiej\u0119tno\u015bci spo\u0142ecznych<\/span><\/li>\n<li style=\"text-align: justify;\"><span style=\"font-size: 12pt;\">wsp\u00f3\u0142dzia\u0142anie uczni\u00f3w i wzajemne wspieranie si\u0119<\/span><\/li>\n<li style=\"text-align: justify;\"><span style=\"font-size: 12pt;\">wsp\u00f3\u0142dzia\u0142anie z organizacjami i instytucjami<\/span><\/li>\n<\/ul>\n","protected":false},"excerpt":{"rendered":"<div class=\"mh-excerpt\"><p>Szkolne Ko\u0142o Wolontariatu \u201ePrimum non nocere\u201d dzia\u0142aj\u0105ce przy I LO w Kwidzynie zosta\u0142o za\u0142o\u017cone przez p. Sylwi\u0119 Wi\u0119ckowsk\u0105 w 2006 roku. Od wrze\u015bnia 2011 roku <a class=\"mh-excerpt-more\" href=\"https:\/\/zsokwidzyn.pl\/index.php\/wolontariat-2\/\" title=\"Wolontariat\">[&#8230;]<\/a><\/p>\n<\/div>","protected":false},"author":1,"featured_media":0,"parent":0,"menu_order":0,"comment_status":"closed","ping_status":"closed","template":"","meta":{"footnotes":""},"class_list":["post-335","page","type-page","status-publish","hentry"],"_links":{"self":[{"href":"https:\/\/zsokwidzyn.pl\/index.php\/wp-json\/wp\/v2\/pages\/335","targetHints":{"allow":["GET"]}}],"collection":[{"href":"https:\/\/zsokwidzyn.pl\/index.php\/wp-json\/wp\/v2\/pages"}],"about":[{"href":"https:\/\/zsokwidzyn.pl\/index.php\/wp-json\/wp\/v2\/types\/page"}],"author":[{"embeddable":true,"href":"https:\/\/zsokwidzyn.pl\/index.php\/wp-json\/wp\/v2\/users\/1"}],"replies":[{"embeddable":true,"href":"https:\/\/zsokwidzyn.pl\/index.php\/wp-json\/wp\/v2\/comments?post=335"}],"version-history":[{"count":8,"href":"https:\/\/zsokwidzyn.pl\/index.php\/wp-json\/wp\/v2\/pages\/335\/revisions"}],"predecessor-version":[{"id":1926,"href":"https:\/\/zsokwidzyn.pl\/index.php\/wp-json\/wp\/v2\/pages\/335\/revisions\/1926"}],"wp:attachment":[{"href":"https:\/\/zsokwidzyn.pl\/index.php\/wp-json\/wp\/v2\/media?parent=335"}],"curies":[{"name":"wp","href":"https:\/\/api.w.org\/{rel}","templated":true}]}}