{"id":3998,"date":"2019-01-03T11:59:33","date_gmt":"2019-01-03T10:59:33","guid":{"rendered":"http:\/\/zsokwidzyn.pl\/?page_id=3998"},"modified":"2019-01-03T13:53:40","modified_gmt":"2019-01-03T12:53:40","slug":"nprcz","status":"publish","type":"page","link":"https:\/\/zsokwidzyn.pl\/index.php\/nprcz\/","title":{"rendered":"NPRCZ"},"content":{"rendered":"\r\n<p style=\"text-align: justify;\">Kupujemy i czytamy! Tak dzia\u0142a projekt realizowany w ramach Narodowego Programu Rozwoju czytelnictwa w I LO w Kwidzynie.<\/p>\r\n\r\n\r\n\r\n<p style=\"text-align: justify;\">\u00a0\u00a0\u00a0\u00a0\u00a0\u00a0\u00a0\u00a0\u00a0\u00a0\u00a0 W miesi\u0105cu czerwcu znale\u017ali\u015bmy si\u0119 w\u015br\u00f3d szk\u00f3\u0142, kt\u00f3re zakwalifikowa\u0142y si\u0119 do programu ,,Narodowy Program Rozwoju Czytelnictwa\u201d \u2013 Priorytet 3. i otrzymali\u015bmy wsparcie finansowe z przeznaczeniem na zakup nowo\u015bci wydawniczych. W ramach tego projekty zakupili\u015bmy 543 ksi\u0105\u017cki na kwot\u0119 12 000 z\u0142, w tym 13,34 % stanowi\u0105 lektury. Pierwsze tytu\u0142y, zgodnie z propozycjami uczni\u00f3w, rodzic\u00f3w i nauczycieli\u00a0 zakupili\u015bmy ju\u017c w miesi\u0105cu czerwcu i wypo\u017cyczali\u015bmy na wakacje oraz promowali\u015bmy podczas og\u00f3lnopolskiej akcji ,,Jak nie czytam, jak czytam\u201d. M\u0142odzie\u017c wpad\u0142a na pomys\u0142, by promowa\u0107 zakupione ksi\u0105\u017cki poprzez robienie sobie selfie z czytan\u0105 ksi\u0105\u017ck\u0105, st\u0105d akcja ,,Selfie z ksi\u0105\u017ck\u0105\u201d. Zdaniem m\u0142odzie\u017cy to najskuteczniejsza forma trafienia do znajomych i przekonania do si\u0119gni\u0119cia po ksi\u0105\u017ck\u0119 i, jak twierdz\u0105 uczennice klasy trzeciej Maja Widlarz i Ola Czarnuch, czytaniem mo\u017cna i trzeba si\u0119 chwali\u0107.<\/p>\r\n\r\n\r\n\r\n<p style=\"text-align: justify;\">\u00a0\u00a0\u00a0\u00a0\u00a0\u00a0\u00a0\u00a0\u00a0\u00a0\u00a0 W\u015br\u00f3d zakupionych nowo\u015bci znalaz\u0142y si\u0119 tytu\u0142y zaproponowane przez organizator\u00f3w Wielkiego Maratonu Czytelniczego ,,Na literackim szlaku\u201d. Dzi\u0119ki wsparciu finansowemu od wrze\u015bnia ,, przecieramy literacki szlak\u201d a uczniowie mieli mo\u017cliwo\u015b\u0107 si\u0119gni\u0119cia po powie\u015b\u0107\u00a0 Marioli Kruszewskiej ,,Czere\u015bnie b\u0119d\u0105 dzicze\u0107\u201d -pierwsz\u0105 z listy lektur, za\u015b najlepsi marato\u0144czycy wzi\u0119cia udzia\u0142u w spotkaniu autorskim zorganizowanym przez Wojew\u00f3dzk\u0105 i Miejsk\u0105 Bibilotek\u0119 Publiczn\u0105 w Gda\u0144sku. Udzia\u0142 w spotkaniu z autork\u0105 przeczytanej ksi\u0105\u017cki, \u017cywa dyskusja nad powstaniem i problematyk\u0105 powie\u015bci to niew\u0105tpliwie zach\u0119ta do si\u0119gni\u0119cia po kolejne teksty. Maraton trwa, uczniowie czytaj\u0105 , przesy\u0142aj\u0105 kolejne recenzje i czytelnicze propozyzje, a w ramach projektu ,,Upoluj swoj\u0105 ksi\u0105\u017ck\u0119\u201d, dzi\u0119ki darmowej aplikacji,,, polowali\u201d na bestsellery.<\/p>\r\n\r\n\r\n\r\n<p style=\"text-align: justify;\">\u00a0\u00a0\u00a0\u00a0\u00a0\u00a0\u00a0\u00a0\u00a0\u00a0\u00a0 Zach\u0119ceni nowymi tytu\u0142ami tworzyli r\u00f3wnie\u017c ksi\u0105\u017ckowe rekomendacje, by nie tylko porzez s\u0142owo, ale tak\u017ce obraz zach\u0119ci\u0107 do czytania. St\u0105d zrodzi\u0142 si\u0119 pomys\u0142 nagrania filmu. Uczennice: Patrycja K\u0119pa, Katarzyna Dr\u0105g, Agnieszka Fecowycz i Krysia Charzy\u0144ska, jak same m\u00f3wi\u0105, lubi\u0105 czyta\u0107, wi\u0119c postanowi\u0142y wypromowa\u0107 ulubione tytu\u0142y, a jako \u017ce lubi\u0105 r\u00f3wnie\u017c malowa\u0107, wi\u0119c zaprezentowa\u0142y przeczytane teksty w nieco inny, z wykorzystaniem umiej\u0119tno\u015bci plastycznych, spos\u00f3b. W ko\u0144cu ksi\u0105\u017cka to niezwyk\u0142e \u017ar\u00f3d\u0142o inspiracji. Uda\u0142o si\u0119. Filmik zamie\u015bcili\u015bmy nie tylko na portalach spo\u0142eczno\u015bciowych, ale te\u017c zg\u0142osili\u015bmy do konkursu,,#cojaczytam\u201d.<\/p>\r\n\r\n\r\n\r\n<p style=\"text-align: justify;\">\u00a0\u00a0\u00a0\u00a0\u00a0\u00a0\u00a0\u00a0\u00a0\u00a0\u00a0 Id\u0105c tym tropem w miesi\u0105cu pa\u017adzierniku og\u0142osili\u015bmy Szkolny Konkurs Plastyczny Promuj\u0105cy Czytelnictwo.\u00a0 15 listopada 2018 roku w bibliotece szkolnej nast\u0105pi\u0142o podsumowanie konkursu. M\u0142odzie\u017c, w du\u017cej mierze korzystaj\u0105c ze szkolnego ksi\u0119gozbioru, poprzez wykonany plakat, zach\u0119ca\u0142a do czytania. Ale na tym nie koniec. Uczestnicy konkursu przywo\u0142ywali teksty, kt\u00f3re zainspirowa\u0142y ich do tworzenia pojawiaj\u0105cych si\u0119 na plakatach obraz\u00f3w, cytat\u00f3w&#8230; Na jednym z plakat\u00f3w pojawi\u0142a si\u0119 ksi\u0105\u017cka otoczona morskim \u015bwiatem bo, zdaniem autorki, Darii Kiedrowskiej, ,, zar\u00f3wno w ksi\u0105\u017ckach, jak i oceanach znajdziemy co\u015b nowego, nieodkrytego czyli- ,,niezmierzon\u0105 g\u0142\u0119bi\u0119\u201d. ,,Gra o tron\u201d, ,,Igrzyska \u015bmierci\u201d, ,,Cudowny ch\u0142opak\u201d, ,,Ania z Zielonego Wzg\u00f3rza\u201d, motywy z ksi\u0105\u017cek Harrego Pottera czy Stephena Kinga to tylko niekt\u00f3re pozycje, kt\u00f3re mogli\u015bmy obejrze\u0107 na przedstawionych plakatach, a kt\u00f3rych fragmenty odczytywali nam autorzy prac.<\/p>\r\n\r\n\r\n\r\n<p style=\"text-align: justify;\">\u00a0\u00a0\u00a0\u00a0\u00a0\u00a0\u00a0\u00a0\u00a0\u00a0\u00a0 Kolejne dzia\u0142ania podj\u0119te w ramach projektu to warsztaty przygotowane z okazji Mi\u0119dzynarodowego Miesi\u0105ca Bibliotek Szkolnych, na kt\u00f3rych go\u015bcili\u015bmy gimnazjalist\u00f3w ze SP Nr 5 w Kwidzynie. By\u0142 czytelniczy quiz i wspania\u0142e rekomendacje przeczytanych przez gimnazjalist\u00f3w ksi\u0105\u017cek, bo, jak wszyscy zgodnie stwierdzili, :,,Warto czyta\u0107!\u201d. ,,Spotkania z Ksi\u0105\u017ck\u0105\u201d to z kolei zaj\u0119cia prowadzone przez uczni\u00f3w klas o profilu pedagogiczno-psychologicznym w Przedszkolu Ekologicznym w Kwidzynie. Liceali\u015bci czytaj\u0105 teksty oraz oraz organizuj\u0105 zabawy zwi\u0105zane z bajkowymi motywami, kt\u00f3re dostarczaj\u0105 maluchom wiele rado\u015bci i kt\u00f3re czekaj\u0105 na kolejne historie. Od po\u0142owy listopada\u00a0 uczniowie, nauczyciele i rodzice si\u0119gaj\u0105 po kolejne tytu\u0142y, a to za spraw\u0105 IV Edycji Wielkiej Wymiany Ksi\u0105\u017cek zorganizowanej w szkolnej bibliotece. To znakomita okazja, by da\u0107 ksi\u0105\u017ckom drugie \u017cycie, wymieni\u0107 przeczytane pozycje na tytu\u0142y przyniesione przez innych czytelnik\u00f3w. Tradycyjnie pozosta\u0142e z Wymiany ksi\u0105\u017cki trafiaj\u0105 na nasz\u0105 szkoln\u0105 p\u00f3\u0142k\u0119 bookcrossingow\u0105, by w wolnych chwilach, w czasie przerw si\u0119gn\u0105\u0107 po kolejn\u0105 lektur\u0119.To tylko niekt\u00f3re etapy realizowanego projektu, dzi\u0119ki kt\u00f3remu mogli\u015bmy zakupi\u0107 znikaj\u0105ce z p\u00f3\u0142ek nowo\u015bci, a zdaniem m\u0142odzie\u017cy ,,poczu\u0107 si\u0119 jak w ksi\u0119garni\u201d:)\u00a0\u00a0<\/p>\r\n\r\n\r\n\r\n<p style=\"font-size: 0px; text-align: justify;\">koordynator projektu<\/p>\r\n\r\n\r\n\r\n<p style=\"text-align: right;\">koordynator projektu<\/p>\r\n<p style=\"text-align: right;\">Jolanta Kali\u0144czak<\/p>\r\n<p>&nbsp;<\/p>\r\n<p style=\"text-align: left;\"><iframe loading=\"lazy\" src=\"\/\/www.youtube.com\/embed\/GtcAlKZFfaM\" width=\"560\" height=\"314\" allowfullscreen=\"allowfullscreen\"><\/iframe><\/p>\r\n<figure class=\"wp-block-embed-youtube wp-block-embed is-type-video is-provider-youtube wp-embed-aspect-4-3 wp-has-aspect-ratio\" style=\"text-align: justify;\">\r\n<div>\u00a0<\/div>\r\n<\/figure>\r\n\r\n\r\n\r\n<p style=\"text-align: justify;\">\u00a0<\/p>\r\n","protected":false},"excerpt":{"rendered":"<div class=\"mh-excerpt\"><p>Kupujemy i czytamy! Tak dzia\u0142a projekt realizowany w ramach Narodowego Programu Rozwoju czytelnictwa w I LO w Kwidzynie. \u00a0\u00a0\u00a0\u00a0\u00a0\u00a0\u00a0\u00a0\u00a0\u00a0\u00a0 W miesi\u0105cu czerwcu znale\u017ali\u015bmy si\u0119 w\u015br\u00f3d <a class=\"mh-excerpt-more\" href=\"https:\/\/zsokwidzyn.pl\/index.php\/nprcz\/\" title=\"NPRCZ\">[&#8230;]<\/a><\/p>\n<\/div>","protected":false},"author":1,"featured_media":0,"parent":0,"menu_order":0,"comment_status":"closed","ping_status":"closed","template":"","meta":{"footnotes":""},"class_list":["post-3998","page","type-page","status-publish","hentry"],"_links":{"self":[{"href":"https:\/\/zsokwidzyn.pl\/index.php\/wp-json\/wp\/v2\/pages\/3998","targetHints":{"allow":["GET"]}}],"collection":[{"href":"https:\/\/zsokwidzyn.pl\/index.php\/wp-json\/wp\/v2\/pages"}],"about":[{"href":"https:\/\/zsokwidzyn.pl\/index.php\/wp-json\/wp\/v2\/types\/page"}],"author":[{"embeddable":true,"href":"https:\/\/zsokwidzyn.pl\/index.php\/wp-json\/wp\/v2\/users\/1"}],"replies":[{"embeddable":true,"href":"https:\/\/zsokwidzyn.pl\/index.php\/wp-json\/wp\/v2\/comments?post=3998"}],"version-history":[{"count":5,"href":"https:\/\/zsokwidzyn.pl\/index.php\/wp-json\/wp\/v2\/pages\/3998\/revisions"}],"predecessor-version":[{"id":4007,"href":"https:\/\/zsokwidzyn.pl\/index.php\/wp-json\/wp\/v2\/pages\/3998\/revisions\/4007"}],"wp:attachment":[{"href":"https:\/\/zsokwidzyn.pl\/index.php\/wp-json\/wp\/v2\/media?parent=3998"}],"curies":[{"name":"wp","href":"https:\/\/api.w.org\/{rel}","templated":true}]}}