{"id":4526,"date":"2019-05-16T01:00:53","date_gmt":"2019-05-15T23:00:53","guid":{"rendered":"http:\/\/zsokwidzyn.pl\/?page_id=4526"},"modified":"2024-02-29T13:14:52","modified_gmt":"2024-02-29T12:14:52","slug":"kryteria-rekrutacji-szkola-podstawowa","status":"publish","type":"page","link":"https:\/\/zsokwidzyn.pl\/index.php\/kryteria-rekrutacji-szkola-podstawowa\/","title":{"rendered":"Kryteria rekrutacji"},"content":{"rendered":"<p style=\"text-align: center;\"><span style=\"font-size: 14pt;\"><strong><u>Kryteria naboru kandydat\u00f3w do klas pierwszych do<\/u> <\/strong><\/span><\/p>\n<p style=\"text-align: center;\"><span style=\"font-size: 12pt;\"><strong>I LICEUM OG\u00d3LNOKSZTA\u0141C\u0104CE IM. DR. W\u0141ADYS\u0141AWA G\u0118BIKA<\/strong><\/span><br \/>\n<span style=\"font-size: 12pt;\"><strong>D. POLSKIE GIMNAZJUM W KWIDZYNIE<\/strong><\/span><\/p>\n<p style=\"text-align: left;\"><img loading=\"lazy\" decoding=\"async\" class=\"alignnone size-large wp-image-7353\" src=\"https:\/\/zsokwidzyn.pl\/wp-content\/uploads\/2024\/02\/oferta-ZSO-nr-1-na-rok-szkolny-2024-2025-zatwierdzona-1024x724.jpg\" alt=\"\" width=\"1024\" height=\"724\" srcset=\"https:\/\/zsokwidzyn.pl\/wp-content\/uploads\/2024\/02\/oferta-ZSO-nr-1-na-rok-szkolny-2024-2025-zatwierdzona-1024x724.jpg 1024w, https:\/\/zsokwidzyn.pl\/wp-content\/uploads\/2024\/02\/oferta-ZSO-nr-1-na-rok-szkolny-2024-2025-zatwierdzona-300x212.jpg 300w, https:\/\/zsokwidzyn.pl\/wp-content\/uploads\/2024\/02\/oferta-ZSO-nr-1-na-rok-szkolny-2024-2025-zatwierdzona-768x543.jpg 768w, https:\/\/zsokwidzyn.pl\/wp-content\/uploads\/2024\/02\/oferta-ZSO-nr-1-na-rok-szkolny-2024-2025-zatwierdzona-1536x1086.jpg 1536w, https:\/\/zsokwidzyn.pl\/wp-content\/uploads\/2024\/02\/oferta-ZSO-nr-1-na-rok-szkolny-2024-2025-zatwierdzona-2048x1448.jpg 2048w\" sizes=\"auto, (max-width: 1024px) 100vw, 1024px\" \/><\/p>\n","protected":false},"excerpt":{"rendered":"<div class=\"mh-excerpt\"><p>Kryteria naboru kandydat\u00f3w do klas pierwszych do I LICEUM OG\u00d3LNOKSZTA\u0141C\u0104CE IM. DR. W\u0141ADYS\u0141AWA G\u0118BIKA D. POLSKIE GIMNAZJUM W KWIDZYNIE<\/p>\n<\/div>","protected":false},"author":1,"featured_media":0,"parent":0,"menu_order":0,"comment_status":"closed","ping_status":"closed","template":"","meta":{"footnotes":""},"class_list":["post-4526","page","type-page","status-publish","hentry"],"_links":{"self":[{"href":"https:\/\/zsokwidzyn.pl\/index.php\/wp-json\/wp\/v2\/pages\/4526","targetHints":{"allow":["GET"]}}],"collection":[{"href":"https:\/\/zsokwidzyn.pl\/index.php\/wp-json\/wp\/v2\/pages"}],"about":[{"href":"https:\/\/zsokwidzyn.pl\/index.php\/wp-json\/wp\/v2\/types\/page"}],"author":[{"embeddable":true,"href":"https:\/\/zsokwidzyn.pl\/index.php\/wp-json\/wp\/v2\/users\/1"}],"replies":[{"embeddable":true,"href":"https:\/\/zsokwidzyn.pl\/index.php\/wp-json\/wp\/v2\/comments?post=4526"}],"version-history":[{"count":13,"href":"https:\/\/zsokwidzyn.pl\/index.php\/wp-json\/wp\/v2\/pages\/4526\/revisions"}],"predecessor-version":[{"id":7372,"href":"https:\/\/zsokwidzyn.pl\/index.php\/wp-json\/wp\/v2\/pages\/4526\/revisions\/7372"}],"wp:attachment":[{"href":"https:\/\/zsokwidzyn.pl\/index.php\/wp-json\/wp\/v2\/media?parent=4526"}],"curies":[{"name":"wp","href":"https:\/\/api.w.org\/{rel}","templated":true}]}}