{"id":5124,"date":"2020-08-12T09:20:35","date_gmt":"2020-08-12T07:20:35","guid":{"rendered":"http:\/\/zsokwidzyn.pl\/?page_id=5124"},"modified":"2020-08-19T13:21:12","modified_gmt":"2020-08-19T11:21:12","slug":"rekrutacja-2020-1a","status":"publish","type":"page","link":"https:\/\/zsokwidzyn.pl\/index.php\/rekrutacja-2020-1a\/","title":{"rendered":"Rekrutacja 2020-2021  1A &#8211; prawniczo-j\u0119zykowa"},"content":{"rendered":"<table width=\"526\">\n<tbody>\n<tr>\n<td colspan=\"4\" width=\"447\">I Liceum Og\u00f3lnokszta\u0142c\u0105ce w Kwidzynie<\/td>\n<td width=\"79\"><\/td>\n<\/tr>\n<tr>\n<td colspan=\"4\" width=\"447\">Lista przyj\u0119tych<\/td>\n<td><\/td>\n<\/tr>\n<tr>\n<td><\/td>\n<td><\/td>\n<td><\/td>\n<td><\/td>\n<td><\/td>\n<\/tr>\n<tr>\n<td colspan=\"4\" width=\"447\">A &#8211; prawniczo &#8211; j\u0119zykowa<\/td>\n<td><\/td>\n<\/tr>\n<tr>\n<td colspan=\"4\" width=\"447\">Pr\u00f3g punktowy = 130,25<\/td>\n<td><\/td>\n<\/tr>\n<tr>\n<td width=\"47\">L.p.<\/td>\n<td width=\"113\">Imi\u0119<\/td>\n<td width=\"113\">Drugie imi\u0119<\/td>\n<td width=\"174\">Nazwisko<\/td>\n<td><\/td>\n<\/tr>\n<tr>\n<td width=\"47\">1<\/td>\n<td width=\"113\">Kamila<\/td>\n<td width=\"113\"><\/td>\n<td width=\"174\">Andrzejewska<\/td>\n<td>przyj\u0119ty<\/td>\n<\/tr>\n<tr>\n<td width=\"47\">2<\/td>\n<td width=\"113\">Weronika<\/td>\n<td width=\"113\"><\/td>\n<td width=\"174\">Andrzejewska<\/td>\n<td>przyj\u0119ty<\/td>\n<\/tr>\n<tr>\n<td width=\"47\">3<\/td>\n<td width=\"113\">Micha\u0142<\/td>\n<td width=\"113\"><\/td>\n<td width=\"174\">Arbart<\/td>\n<td>przyj\u0119ty<\/td>\n<\/tr>\n<tr>\n<td width=\"47\">4<\/td>\n<td width=\"113\">Natalia<\/td>\n<td width=\"113\"><\/td>\n<td width=\"174\">Bieniek<\/td>\n<td>przyj\u0119ty<\/td>\n<\/tr>\n<tr>\n<td width=\"47\">5<\/td>\n<td width=\"113\">Jan<\/td>\n<td width=\"113\"><\/td>\n<td width=\"174\">Ciemiecki<\/td>\n<td>przyj\u0119ty<\/td>\n<\/tr>\n<tr>\n<td width=\"47\">6<\/td>\n<td width=\"113\">Anna<\/td>\n<td width=\"113\">Gabriela<\/td>\n<td width=\"174\">Itrich<\/td>\n<td>przyj\u0119ty<\/td>\n<\/tr>\n<tr>\n<td width=\"47\">7<\/td>\n<td width=\"113\">Konstancja<\/td>\n<td width=\"113\">Maria<\/td>\n<td width=\"174\">Janicka<\/td>\n<td>przyj\u0119ty<\/td>\n<\/tr>\n<tr>\n<td width=\"47\">8<\/td>\n<td width=\"113\">Marcel<\/td>\n<td width=\"113\">Pawe\u0142<\/td>\n<td width=\"174\">Jasiewicz<\/td>\n<td>przyj\u0119ty<\/td>\n<\/tr>\n<tr>\n<td width=\"47\">9<\/td>\n<td width=\"113\">Dominika<\/td>\n<td width=\"113\"><\/td>\n<td width=\"174\">Koz\u0142owska<\/td>\n<td>przyj\u0119ty<\/td>\n<\/tr>\n<tr>\n<td width=\"47\">10<\/td>\n<td width=\"113\">Ma\u0142gorzata<\/td>\n<td width=\"113\"><\/td>\n<td width=\"174\">Kr\u00f3l<\/td>\n<td>przyj\u0119ty<\/td>\n<\/tr>\n<tr>\n<td width=\"47\">11<\/td>\n<td width=\"113\">Nadia<\/td>\n<td width=\"113\"><\/td>\n<td width=\"174\">Kwiatkowska<\/td>\n<td>przyj\u0119ty<\/td>\n<\/tr>\n<tr>\n<td width=\"47\">12<\/td>\n<td width=\"113\">Mykola<\/td>\n<td width=\"113\"><\/td>\n<td width=\"174\">Lukin<\/td>\n<td>przyj\u0119ty<\/td>\n<\/tr>\n<tr>\n<td width=\"47\">13<\/td>\n<td width=\"113\">Julia<\/td>\n<td width=\"113\">Klaudia<\/td>\n<td width=\"174\">Mejer<\/td>\n<td>przyj\u0119ty<\/td>\n<\/tr>\n<tr>\n<td width=\"47\">14<\/td>\n<td width=\"113\">Julia<\/td>\n<td width=\"113\"><\/td>\n<td width=\"174\">Miko\u0142ajk\u00f3w<\/td>\n<td>przyj\u0119ty<\/td>\n<\/tr>\n<tr>\n<td width=\"47\">15<\/td>\n<td width=\"113\">Wiktoria<\/td>\n<td width=\"113\"><\/td>\n<td width=\"174\">Nowi\u0144ska<\/td>\n<td>przyj\u0119ty<\/td>\n<\/tr>\n<tr>\n<td width=\"47\">16<\/td>\n<td width=\"113\">Nikola<\/td>\n<td width=\"113\">Dominika<\/td>\n<td width=\"174\">Pankowska<\/td>\n<td>przyj\u0119ty<\/td>\n<\/tr>\n<tr>\n<td width=\"47\">17<\/td>\n<td width=\"113\">Szymon<\/td>\n<td width=\"113\"><\/td>\n<td width=\"174\">Paurowski<\/td>\n<td>przyj\u0119ty<\/td>\n<\/tr>\n<tr>\n<td width=\"47\">18<\/td>\n<td width=\"113\">Jakub<\/td>\n<td width=\"113\"><\/td>\n<td width=\"174\">Piekarski<\/td>\n<td>przyj\u0119ty<\/td>\n<\/tr>\n<tr>\n<td width=\"47\">19<\/td>\n<td width=\"113\">Kornelia<\/td>\n<td width=\"113\"><\/td>\n<td width=\"174\">Prusik<\/td>\n<td>przyj\u0119ty<\/td>\n<\/tr>\n<tr>\n<td width=\"47\">20<\/td>\n<td width=\"113\">Kinga<\/td>\n<td width=\"113\">Karolina<\/td>\n<td width=\"174\">Rygielska<\/td>\n<td>przyj\u0119ty<\/td>\n<\/tr>\n<tr>\n<td width=\"47\">21<\/td>\n<td width=\"113\">Iga<\/td>\n<td width=\"113\">Stanis\u0142awa<\/td>\n<td width=\"174\">Rzoska<\/td>\n<td>przyj\u0119ty<\/td>\n<\/tr>\n<tr>\n<td width=\"47\">22<\/td>\n<td width=\"113\">Amelia<\/td>\n<td width=\"113\">Brak<\/td>\n<td width=\"174\">Sadowska<\/td>\n<td>przyj\u0119ty<\/td>\n<\/tr>\n<tr>\n<td width=\"47\">23<\/td>\n<td width=\"113\">Miko\u0142aj<\/td>\n<td width=\"113\">W\u0142adys\u0142aw<\/td>\n<td width=\"174\">Ska\u0142a<\/td>\n<td>przyj\u0119ty<\/td>\n<\/tr>\n<tr>\n<td width=\"47\">24<\/td>\n<td width=\"113\">Dagmara<\/td>\n<td width=\"113\">Maria<\/td>\n<td width=\"174\">Stasiewicz<\/td>\n<td>przyj\u0119ty<\/td>\n<\/tr>\n<tr>\n<td width=\"47\">25<\/td>\n<td width=\"113\">Milena<\/td>\n<td width=\"113\">Zofia<\/td>\n<td width=\"174\">Szczepaniak<\/td>\n<td>przyj\u0119ty<\/td>\n<\/tr>\n<tr>\n<td width=\"47\">26<\/td>\n<td width=\"113\">Weronika<\/td>\n<td width=\"113\"><\/td>\n<td width=\"174\">Szych<\/td>\n<td>przyj\u0119ty<\/td>\n<\/tr>\n<tr>\n<td width=\"47\">27<\/td>\n<td width=\"113\">Zuzanna<\/td>\n<td width=\"113\"><\/td>\n<td width=\"174\">Szyszko<\/td>\n<td>przyj\u0119ty<\/td>\n<\/tr>\n<tr>\n<td width=\"47\">28<\/td>\n<td width=\"113\">Igor<\/td>\n<td width=\"113\"><\/td>\n<td width=\"174\">\u015alusarenko<\/td>\n<td>przyj\u0119ty<\/td>\n<\/tr>\n<tr>\n<td width=\"47\">29<\/td>\n<td width=\"113\">Alicja<\/td>\n<td width=\"113\"><\/td>\n<td width=\"174\">Warchlewska<\/td>\n<td>przyj\u0119ty<\/td>\n<\/tr>\n<tr>\n<td width=\"47\">30<\/td>\n<td width=\"113\">Martyna<\/td>\n<td width=\"113\"><\/td>\n<td width=\"174\">Witusi\u0144ska<\/td>\n<td>przyj\u0119ty<\/td>\n<\/tr>\n<tr>\n<td width=\"47\">31<\/td>\n<td width=\"113\">Wiktoria<\/td>\n<td width=\"113\"><\/td>\n<td width=\"174\">Zakrzewska<\/td>\n<td>przyj\u0119ty<\/td>\n<\/tr>\n<\/tbody>\n<\/table>\n<p><span style=\"font-size: 18pt;\"><strong>Wolne miejsca: 1<br \/>\n<\/strong><\/span><\/p>\n","protected":false},"excerpt":{"rendered":"<div class=\"mh-excerpt\"><p>I Liceum Og\u00f3lnokszta\u0142c\u0105ce w Kwidzynie Lista przyj\u0119tych A &#8211; prawniczo &#8211; j\u0119zykowa Pr\u00f3g punktowy = 130,25 L.p. Imi\u0119 Drugie imi\u0119 Nazwisko 1 Kamila Andrzejewska przyj\u0119ty <a class=\"mh-excerpt-more\" href=\"https:\/\/zsokwidzyn.pl\/index.php\/rekrutacja-2020-1a\/\" title=\"Rekrutacja 2020-2021  1A &#8211; prawniczo-j\u0119zykowa\">[&#8230;]<\/a><\/p>\n<\/div>","protected":false},"author":1,"featured_media":0,"parent":0,"menu_order":0,"comment_status":"closed","ping_status":"closed","template":"","meta":{"footnotes":""},"class_list":["post-5124","page","type-page","status-publish","hentry"],"_links":{"self":[{"href":"https:\/\/zsokwidzyn.pl\/index.php\/wp-json\/wp\/v2\/pages\/5124","targetHints":{"allow":["GET"]}}],"collection":[{"href":"https:\/\/zsokwidzyn.pl\/index.php\/wp-json\/wp\/v2\/pages"}],"about":[{"href":"https:\/\/zsokwidzyn.pl\/index.php\/wp-json\/wp\/v2\/types\/page"}],"author":[{"embeddable":true,"href":"https:\/\/zsokwidzyn.pl\/index.php\/wp-json\/wp\/v2\/users\/1"}],"replies":[{"embeddable":true,"href":"https:\/\/zsokwidzyn.pl\/index.php\/wp-json\/wp\/v2\/comments?post=5124"}],"version-history":[{"count":7,"href":"https:\/\/zsokwidzyn.pl\/index.php\/wp-json\/wp\/v2\/pages\/5124\/revisions"}],"predecessor-version":[{"id":5169,"href":"https:\/\/zsokwidzyn.pl\/index.php\/wp-json\/wp\/v2\/pages\/5124\/revisions\/5169"}],"wp:attachment":[{"href":"https:\/\/zsokwidzyn.pl\/index.php\/wp-json\/wp\/v2\/media?parent=5124"}],"curies":[{"name":"wp","href":"https:\/\/api.w.org\/{rel}","templated":true}]}}