{"id":5132,"date":"2020-08-12T09:34:15","date_gmt":"2020-08-12T07:34:15","guid":{"rendered":"http:\/\/zsokwidzyn.pl\/?page_id=5132"},"modified":"2020-08-21T11:01:43","modified_gmt":"2020-08-21T09:01:43","slug":"rekrutacja-2020-2021-klasa-1-b1-politechniczno-ekonomiczna-matematyczno-fizyczna","status":"publish","type":"page","link":"https:\/\/zsokwidzyn.pl\/index.php\/rekrutacja-2020-2021-klasa-1-b1-politechniczno-ekonomiczna-matematyczno-fizyczna\/","title":{"rendered":"Rekrutacja 2020-2021  Klasa 1 B1\u00a0&#8211; politechniczno &#8211; ekonomiczna (matematyczno &#8211; fizyczna)"},"content":{"rendered":"<table width=\"585\">\n<tbody>\n<tr>\n<td colspan=\"4\" width=\"507\">I Liceum Og\u00f3lnokszta\u0142c\u0105ce w Kwidzynie<\/td>\n<td width=\"78\"><\/td>\n<\/tr>\n<tr>\n<td colspan=\"4\" width=\"507\">Lista przyj\u0119tych<\/td>\n<td><\/td>\n<\/tr>\n<tr>\n<td><\/td>\n<td><\/td>\n<td><\/td>\n<td><\/td>\n<td><\/td>\n<\/tr>\n<tr>\n<td colspan=\"4\" width=\"507\">B1 &#8211; politechniczno &#8211; ekonomiczna (matematyczno &#8211; fizyczna)<\/td>\n<td><\/td>\n<\/tr>\n<tr>\n<td colspan=\"4\" width=\"507\">Pr\u00f3g punktowy = 139,45<\/td>\n<td><\/td>\n<\/tr>\n<tr>\n<td width=\"57\">L.p.<\/td>\n<td width=\"113\">Imi\u0119<\/td>\n<td width=\"113\">Drugie imi\u0119<\/td>\n<td width=\"224\">Nazwisko<\/td>\n<td><\/td>\n<\/tr>\n<tr>\n<td width=\"57\">1.<\/td>\n<td width=\"113\">Fabian<\/td>\n<td width=\"113\"><\/td>\n<td width=\"224\">Arbat<\/td>\n<td>przyj\u0119ty<\/td>\n<\/tr>\n<tr>\n<td width=\"57\">2.<\/td>\n<td width=\"113\">Sebastian<\/td>\n<td width=\"113\"><\/td>\n<td width=\"224\">Bara\u0144ski<\/td>\n<td>przyj\u0119ty<\/td>\n<\/tr>\n<tr>\n<td width=\"57\">3.<\/td>\n<td width=\"113\">Julia<\/td>\n<td width=\"113\"><\/td>\n<td width=\"224\">Czarnuch<\/td>\n<td>przyj\u0119ty<\/td>\n<\/tr>\n<tr>\n<td width=\"57\">4.<\/td>\n<td width=\"113\">Grzegorz<\/td>\n<td width=\"113\">Marek<\/td>\n<td width=\"224\">Dudkiewicz<\/td>\n<td>przyj\u0119ty<\/td>\n<\/tr>\n<tr>\n<td width=\"57\">5.<\/td>\n<td width=\"113\">Kajetan<\/td>\n<td width=\"113\">Mateusz<\/td>\n<td width=\"224\">G\u00f3ralczyk<\/td>\n<td>przyj\u0119ty<\/td>\n<\/tr>\n<tr>\n<td width=\"57\">6.<\/td>\n<td width=\"113\">Franciszek<\/td>\n<td width=\"113\"><\/td>\n<td width=\"224\">Grosser<\/td>\n<td>przyj\u0119ty<\/td>\n<\/tr>\n<tr>\n<td width=\"57\">7.<\/td>\n<td width=\"113\">Wiktor<\/td>\n<td width=\"113\">Ksawery<\/td>\n<td width=\"224\">Grunt<\/td>\n<td>przyj\u0119ty<\/td>\n<\/tr>\n<tr>\n<td width=\"57\">8.<\/td>\n<td width=\"113\">Martyna<\/td>\n<td width=\"113\"><\/td>\n<td width=\"224\">Grzybi\u0144ska<\/td>\n<td>przyj\u0119ty<\/td>\n<\/tr>\n<tr>\n<td width=\"57\">9.<\/td>\n<td width=\"113\">Ewa<\/td>\n<td width=\"113\"><\/td>\n<td width=\"224\">Guzman<\/td>\n<td>przyj\u0119ty<\/td>\n<\/tr>\n<tr>\n<td width=\"57\">10.<\/td>\n<td width=\"113\">Mateusz<\/td>\n<td width=\"113\">Bartosz<\/td>\n<td width=\"224\">Ili\u0144ski<\/td>\n<td>przyj\u0119ty<\/td>\n<\/tr>\n<tr>\n<td width=\"57\">11.<\/td>\n<td width=\"113\">Marta<\/td>\n<td width=\"113\"><\/td>\n<td width=\"224\">Kacprzyk<\/td>\n<td>przyj\u0119ty<\/td>\n<\/tr>\n<tr>\n<td width=\"57\">12.<\/td>\n<td width=\"113\">Micha\u0142<\/td>\n<td width=\"113\"><\/td>\n<td width=\"224\">Kasikowski<\/td>\n<td>przyj\u0119ty<\/td>\n<\/tr>\n<tr>\n<td width=\"57\">13.<\/td>\n<td width=\"113\">Alicja<\/td>\n<td width=\"113\"><\/td>\n<td width=\"224\">Klawitter<\/td>\n<td>przyj\u0119ty<\/td>\n<\/tr>\n<tr>\n<td width=\"57\">14.<\/td>\n<td width=\"113\">Rita<\/td>\n<td width=\"113\">Maria<\/td>\n<td width=\"224\">Krawczyk<\/td>\n<td>przyj\u0119ty<\/td>\n<\/tr>\n<tr>\n<td width=\"57\">15.<\/td>\n<td width=\"113\">Maja<\/td>\n<td width=\"113\">Anna<\/td>\n<td width=\"224\">Krzeszowska<\/td>\n<td>przyj\u0119ty<\/td>\n<\/tr>\n<tr>\n<td width=\"57\">16.<\/td>\n<td width=\"113\">Maciej<\/td>\n<td width=\"113\"><\/td>\n<td width=\"224\">Lewicki<\/td>\n<td>przyj\u0119ty<\/td>\n<\/tr>\n<tr>\n<td width=\"57\">17.<\/td>\n<td width=\"113\">Filip<\/td>\n<td width=\"113\"><\/td>\n<td width=\"224\">Liegmann<\/td>\n<td>przyj\u0119ty<\/td>\n<\/tr>\n<tr>\n<td width=\"57\">18.<\/td>\n<td width=\"113\">Aleksander<\/td>\n<td width=\"113\">Maksymilian<\/td>\n<td width=\"224\">Liss<\/td>\n<td>przyj\u0119ty<\/td>\n<\/tr>\n<tr>\n<td width=\"57\">19.<\/td>\n<td width=\"113\">Jacek<\/td>\n<td width=\"113\"><\/td>\n<td width=\"224\">\u0141ubi\u0144ski<\/td>\n<td>przyj\u0119ty<\/td>\n<\/tr>\n<tr>\n<td width=\"57\">20.<\/td>\n<td width=\"113\">Adam<\/td>\n<td width=\"113\"><\/td>\n<td width=\"224\">Pietkiewicz<\/td>\n<td>przyj\u0119ty<\/td>\n<\/tr>\n<tr>\n<td width=\"57\">21.<\/td>\n<td width=\"113\">Natalia<\/td>\n<td width=\"113\"><\/td>\n<td width=\"224\">Piotrowska<\/td>\n<td>przyj\u0119ty<\/td>\n<\/tr>\n<tr>\n<td width=\"57\">22.<\/td>\n<td width=\"113\">Natalia<\/td>\n<td width=\"113\">Joanna<\/td>\n<td width=\"224\">Po\u017aniak<\/td>\n<td>przyj\u0119ty<\/td>\n<\/tr>\n<tr>\n<td width=\"57\">23.<\/td>\n<td width=\"113\">Zofia<\/td>\n<td width=\"113\"><\/td>\n<td width=\"224\">Przy\u0142ucka<\/td>\n<td>przyj\u0119ty<\/td>\n<\/tr>\n<tr>\n<td width=\"57\">24.<\/td>\n<td width=\"113\">Grzegorz<\/td>\n<td width=\"113\">Rechnio<\/td>\n<td width=\"224\">Rechnio<\/td>\n<td>przyj\u0119ty<\/td>\n<\/tr>\n<tr>\n<td width=\"57\">25.<\/td>\n<td width=\"113\">Lena<\/td>\n<td width=\"113\"><\/td>\n<td width=\"224\">Szmelter<\/td>\n<td>przyj\u0119ty<\/td>\n<\/tr>\n<tr>\n<td width=\"57\">26.<\/td>\n<td width=\"113\">Jacek<\/td>\n<td width=\"113\"><\/td>\n<td width=\"224\">Urbanowicz<\/td>\n<td>przyj\u0119ty<\/td>\n<\/tr>\n<tr>\n<td width=\"57\">27.<\/td>\n<td width=\"113\">Agnieszka<\/td>\n<td width=\"113\">Antonina<\/td>\n<td width=\"224\">Zapolska<\/td>\n<td>przyj\u0119ty<\/td>\n<\/tr>\n<tr>\n<td width=\"57\">28.<\/td>\n<td width=\"113\">Vanessa<\/td>\n<td width=\"113\">Magdalena<\/td>\n<td width=\"224\">Zbyszy\u0144ska<\/td>\n<td>przyj\u0119ty<\/td>\n<\/tr>\n<\/tbody>\n<\/table>\n<p><span style=\"font-size: 18pt;\"><strong>Wolne miejsca: 1<br \/>\n<\/strong><\/span><\/p>\n","protected":false},"excerpt":{"rendered":"<div class=\"mh-excerpt\"><p>I Liceum Og\u00f3lnokszta\u0142c\u0105ce w Kwidzynie Lista przyj\u0119tych B1 &#8211; politechniczno &#8211; ekonomiczna (matematyczno &#8211; fizyczna) Pr\u00f3g punktowy = 139,45 L.p. Imi\u0119 Drugie imi\u0119 Nazwisko 1. <a class=\"mh-excerpt-more\" href=\"https:\/\/zsokwidzyn.pl\/index.php\/rekrutacja-2020-2021-klasa-1-b1-politechniczno-ekonomiczna-matematyczno-fizyczna\/\" title=\"Rekrutacja 2020-2021  Klasa 1 B1\u00a0&#8211; politechniczno &#8211; ekonomiczna (matematyczno &#8211; fizyczna)\">[&#8230;]<\/a><\/p>\n<\/div>","protected":false},"author":1,"featured_media":0,"parent":0,"menu_order":0,"comment_status":"closed","ping_status":"closed","template":"","meta":{"footnotes":""},"class_list":["post-5132","page","type-page","status-publish","hentry"],"_links":{"self":[{"href":"https:\/\/zsokwidzyn.pl\/index.php\/wp-json\/wp\/v2\/pages\/5132","targetHints":{"allow":["GET"]}}],"collection":[{"href":"https:\/\/zsokwidzyn.pl\/index.php\/wp-json\/wp\/v2\/pages"}],"about":[{"href":"https:\/\/zsokwidzyn.pl\/index.php\/wp-json\/wp\/v2\/types\/page"}],"author":[{"embeddable":true,"href":"https:\/\/zsokwidzyn.pl\/index.php\/wp-json\/wp\/v2\/users\/1"}],"replies":[{"embeddable":true,"href":"https:\/\/zsokwidzyn.pl\/index.php\/wp-json\/wp\/v2\/comments?post=5132"}],"version-history":[{"count":7,"href":"https:\/\/zsokwidzyn.pl\/index.php\/wp-json\/wp\/v2\/pages\/5132\/revisions"}],"predecessor-version":[{"id":5172,"href":"https:\/\/zsokwidzyn.pl\/index.php\/wp-json\/wp\/v2\/pages\/5132\/revisions\/5172"}],"wp:attachment":[{"href":"https:\/\/zsokwidzyn.pl\/index.php\/wp-json\/wp\/v2\/media?parent=5132"}],"curies":[{"name":"wp","href":"https:\/\/api.w.org\/{rel}","templated":true}]}}