{"id":5134,"date":"2020-08-12T09:37:25","date_gmt":"2020-08-12T07:37:25","guid":{"rendered":"http:\/\/zsokwidzyn.pl\/?page_id=5134"},"modified":"2020-08-21T11:02:30","modified_gmt":"2020-08-21T09:02:30","slug":"rekrutacja-2020-2021-1-b2-politechniczno-ekonomiczna-matematyczno-geograficzna","status":"publish","type":"page","link":"https:\/\/zsokwidzyn.pl\/index.php\/rekrutacja-2020-2021-1-b2-politechniczno-ekonomiczna-matematyczno-geograficzna\/","title":{"rendered":"Rekrutacja 2020-2021  1 B2 &#8211; politechniczno &#8211; ekonomiczna (matematyczno-geograficzna)"},"content":{"rendered":"<table width=\"592\">\n<tbody>\n<tr>\n<td colspan=\"4\" width=\"504\">I Liceum Og\u00f3lnokszta\u0142c\u0105ce w Kwidzynie<\/td>\n<td width=\"88\"><\/td>\n<\/tr>\n<tr>\n<td colspan=\"4\" width=\"504\">Lista przyj\u0119tych<\/td>\n<td><\/td>\n<\/tr>\n<tr>\n<td><\/td>\n<td><\/td>\n<td><\/td>\n<td><\/td>\n<td><\/td>\n<\/tr>\n<tr>\n<td colspan=\"4\" width=\"504\">B2 &#8211; politechniczno &#8211; ekonomiczna (matematyczno-geograficzna)<\/td>\n<td><\/td>\n<\/tr>\n<tr>\n<td colspan=\"4\" width=\"504\">Pr\u00f3g punktowy = 91,9<\/td>\n<td><\/td>\n<\/tr>\n<tr>\n<td width=\"57\">L.p.<\/td>\n<td width=\"113\">Imi\u0119<\/td>\n<td width=\"113\">Drugie imi\u0119<\/td>\n<td width=\"221\">Nazwisko<\/td>\n<td><\/td>\n<\/tr>\n<tr>\n<td width=\"57\">1<\/td>\n<td width=\"113\">Jakub<\/td>\n<td width=\"113\">Krzysztof<\/td>\n<td width=\"221\">Bogda\u0144ski<\/td>\n<td>przyj\u0119ty<\/td>\n<\/tr>\n<tr>\n<td width=\"57\">2<\/td>\n<td width=\"113\">Adam<\/td>\n<td width=\"113\">Mateusz<\/td>\n<td width=\"221\">Chanowski<\/td>\n<td>przyj\u0119ty<\/td>\n<\/tr>\n<tr>\n<td width=\"57\">3<\/td>\n<td width=\"113\">Nikodem<\/td>\n<td width=\"113\">Jan<\/td>\n<td width=\"221\">Czerwi\u0144ski<\/td>\n<td>przyj\u0119ty<\/td>\n<\/tr>\n<tr>\n<td width=\"57\">4<\/td>\n<td width=\"113\">Zuzanna<\/td>\n<td width=\"113\"><\/td>\n<td width=\"221\">Do\u0142\u0119gowska<\/td>\n<td>przyj\u0119ty<\/td>\n<\/tr>\n<tr>\n<td width=\"57\">5<\/td>\n<td width=\"113\">Antoni<\/td>\n<td width=\"113\">Horyd<\/td>\n<td width=\"221\">Horyd<\/td>\n<td>przyj\u0119ty<\/td>\n<\/tr>\n<tr>\n<td width=\"57\">6<\/td>\n<td width=\"113\">Tomasz<\/td>\n<td width=\"113\"><\/td>\n<td width=\"221\">Jasi\u0144ski<\/td>\n<td>przyj\u0119ty<\/td>\n<\/tr>\n<tr>\n<td width=\"57\">7<\/td>\n<td width=\"113\">Daniel<\/td>\n<td width=\"113\">Micha\u0142<\/td>\n<td width=\"221\">Karpi\u0144ski<\/td>\n<td>przyj\u0119ty<\/td>\n<\/tr>\n<tr>\n<td width=\"57\">8<\/td>\n<td width=\"113\">Stanis\u0142aw<\/td>\n<td width=\"113\"><\/td>\n<td width=\"221\">Kobusi\u0144ski<\/td>\n<td>przyj\u0119ty<\/td>\n<\/tr>\n<tr>\n<td width=\"57\">9<\/td>\n<td width=\"113\">Franciszek<\/td>\n<td width=\"113\">Tomasz<\/td>\n<td width=\"221\">Krawczyk<\/td>\n<td>przyj\u0119ty<\/td>\n<\/tr>\n<tr>\n<td width=\"57\">10<\/td>\n<td width=\"113\">Jakub<\/td>\n<td width=\"113\">Bronis\u0142aw<\/td>\n<td width=\"221\">Krukowski<\/td>\n<td>przyj\u0119ty<\/td>\n<\/tr>\n<tr>\n<td width=\"57\">11<\/td>\n<td width=\"113\">Alicja<\/td>\n<td width=\"113\"><\/td>\n<td width=\"221\">Kucharczyk<\/td>\n<td>przyj\u0119ty<\/td>\n<\/tr>\n<tr>\n<td width=\"57\">12<\/td>\n<td width=\"113\">Kacper<\/td>\n<td width=\"113\"><\/td>\n<td width=\"221\">Ma\u0142kowski<\/td>\n<td>przyj\u0119ty<\/td>\n<\/tr>\n<tr>\n<td width=\"57\">13<\/td>\n<td width=\"113\">Karolina<\/td>\n<td width=\"113\"><\/td>\n<td width=\"221\">Marchewka<\/td>\n<td>przyj\u0119ty<\/td>\n<\/tr>\n<tr>\n<td width=\"57\">14<\/td>\n<td width=\"113\">Szymon<\/td>\n<td width=\"113\"><\/td>\n<td width=\"221\">Obuchowski<\/td>\n<td>przyj\u0119ty<\/td>\n<\/tr>\n<tr>\n<td width=\"57\">15<\/td>\n<td width=\"113\">Paulina<\/td>\n<td width=\"113\">Dorota<\/td>\n<td width=\"221\">Ossowska<\/td>\n<td>przyj\u0119ty<\/td>\n<\/tr>\n<tr>\n<td width=\"57\">16<\/td>\n<td width=\"113\">Weronika<\/td>\n<td width=\"113\">Wiktoria<\/td>\n<td width=\"221\">Pawluk<\/td>\n<td>przyj\u0119ty<\/td>\n<\/tr>\n<tr>\n<td width=\"57\">17<\/td>\n<td width=\"113\">\u0141ucja<\/td>\n<td width=\"113\"><\/td>\n<td width=\"221\">Radomi\u0144ska<\/td>\n<td>przyj\u0119ty<\/td>\n<\/tr>\n<tr>\n<td width=\"57\">18<\/td>\n<td width=\"113\">Dawid<\/td>\n<td width=\"113\"><\/td>\n<td width=\"221\">Sielski<\/td>\n<td>przyj\u0119ty<\/td>\n<\/tr>\n<tr>\n<td width=\"57\">19<\/td>\n<td width=\"113\">Mateusz<\/td>\n<td width=\"113\"><\/td>\n<td width=\"221\">Szyszko<\/td>\n<td>przyj\u0119ty<\/td>\n<\/tr>\n<tr>\n<td width=\"57\">20<\/td>\n<td width=\"113\">Martyna<\/td>\n<td width=\"113\"><\/td>\n<td width=\"221\">Umi\u0144ska<\/td>\n<td>przyj\u0119ty<\/td>\n<\/tr>\n<tr>\n<td width=\"57\">21<\/td>\n<td width=\"113\">Jakub<\/td>\n<td width=\"113\">Maciej<\/td>\n<td width=\"221\">Waga<\/td>\n<td>przyj\u0119ty<\/td>\n<\/tr>\n<tr>\n<td width=\"57\">22<\/td>\n<td width=\"113\">Dominika<\/td>\n<td width=\"113\">\u0141ucja<\/td>\n<td width=\"221\">Wierzy\u0144ska<\/td>\n<td>przyj\u0119ty<\/td>\n<\/tr>\n<tr>\n<td width=\"57\">23<\/td>\n<td width=\"113\">Natalia<\/td>\n<td width=\"113\"><\/td>\n<td width=\"221\">Zimnicka<\/td>\n<td>przyj\u0119ty<\/td>\n<\/tr>\n<\/tbody>\n<\/table>\n<p><strong><span style=\"font-size: 18pt;\">Wolne miejsca: 4<br \/>\n<\/span><\/strong><\/p>\n","protected":false},"excerpt":{"rendered":"<div class=\"mh-excerpt\"><p>I Liceum Og\u00f3lnokszta\u0142c\u0105ce w Kwidzynie Lista przyj\u0119tych B2 &#8211; politechniczno &#8211; ekonomiczna (matematyczno-geograficzna) Pr\u00f3g punktowy = 91,9 L.p. Imi\u0119 Drugie imi\u0119 Nazwisko 1 Jakub Krzysztof <a class=\"mh-excerpt-more\" href=\"https:\/\/zsokwidzyn.pl\/index.php\/rekrutacja-2020-2021-1-b2-politechniczno-ekonomiczna-matematyczno-geograficzna\/\" title=\"Rekrutacja 2020-2021  1 B2 &#8211; politechniczno &#8211; ekonomiczna (matematyczno-geograficzna)\">[&#8230;]<\/a><\/p>\n<\/div>","protected":false},"author":1,"featured_media":0,"parent":0,"menu_order":0,"comment_status":"closed","ping_status":"closed","template":"","meta":{"footnotes":""},"class_list":["post-5134","page","type-page","status-publish","hentry"],"_links":{"self":[{"href":"https:\/\/zsokwidzyn.pl\/index.php\/wp-json\/wp\/v2\/pages\/5134","targetHints":{"allow":["GET"]}}],"collection":[{"href":"https:\/\/zsokwidzyn.pl\/index.php\/wp-json\/wp\/v2\/pages"}],"about":[{"href":"https:\/\/zsokwidzyn.pl\/index.php\/wp-json\/wp\/v2\/types\/page"}],"author":[{"embeddable":true,"href":"https:\/\/zsokwidzyn.pl\/index.php\/wp-json\/wp\/v2\/users\/1"}],"replies":[{"embeddable":true,"href":"https:\/\/zsokwidzyn.pl\/index.php\/wp-json\/wp\/v2\/comments?post=5134"}],"version-history":[{"count":6,"href":"https:\/\/zsokwidzyn.pl\/index.php\/wp-json\/wp\/v2\/pages\/5134\/revisions"}],"predecessor-version":[{"id":5173,"href":"https:\/\/zsokwidzyn.pl\/index.php\/wp-json\/wp\/v2\/pages\/5134\/revisions\/5173"}],"wp:attachment":[{"href":"https:\/\/zsokwidzyn.pl\/index.php\/wp-json\/wp\/v2\/media?parent=5134"}],"curies":[{"name":"wp","href":"https:\/\/api.w.org\/{rel}","templated":true}]}}