{"id":5236,"date":"2020-09-18T13:06:47","date_gmt":"2020-09-18T11:06:47","guid":{"rendered":"http:\/\/zsokwidzyn.pl\/?page_id=5236"},"modified":"2026-03-19T10:28:47","modified_gmt":"2026-03-19T09:28:47","slug":"olimpiady","status":"publish","type":"page","link":"https:\/\/zsokwidzyn.pl\/index.php\/olimpiady\/","title":{"rendered":"Olimpiady"},"content":{"rendered":"<p>Olimpiady:<\/p>\n<p>&nbsp;<\/p>\n<p>2024\/2025<\/p>\n<table>\n<tbody>\n<tr>\n<td width=\"244\"><strong>Nazwa olimpiady<\/strong><\/td>\n<td width=\"190\"><strong>Imi\u0119 i nazwisko ucznia, klasa<\/strong><\/td>\n<td width=\"113\"><strong>\u00a0Tytu\u0142<\/strong><\/td>\n<\/tr>\n<tr>\n<td width=\"244\">Olimpiada Wiedzy Elektrycznej i Energetycznej Euroelektra<\/p>\n<p>&nbsp;<\/td>\n<td width=\"190\">Tomasz Paziewski, IIIB<\/td>\n<td width=\"113\">Laureat<\/p>\n<p>1 miejsca<\/td>\n<\/tr>\n<tr>\n<td width=\"244\">Olimpiada Innowacji Technicznych w Elektronice i Mechatronice<\/p>\n<p>&nbsp;<\/td>\n<td width=\"190\">\u00a0Antonina D\u0105browska, IIIC<\/p>\n<p>Ma\u0142gorzata J\u0119drzejak, IIIC<\/p>\n<p>Amelia Ko\u0142odziej, IIIC<\/p>\n<p>Antoni Galewski, IIB<\/p>\n<p>Eliasz Kr\u00f3l, IIB<\/td>\n<td width=\"113\">\u00a0uczestnik<\/td>\n<\/tr>\n<tr>\n<td width=\"244\">Olimpiada Wiedzy o Polsce i \u015awiecie Wsp\u00f3\u0142czesnym<\/td>\n<td width=\"190\">Wiktor Wo\u017aniak, IIG<\/td>\n<td width=\"113\">uczestnik<\/td>\n<\/tr>\n<tr>\n<td width=\"244\">XXXV Olimpiada Teologii Katolickiej<\/td>\n<td width=\"190\">Pawe\u0142 Garczarczyk,<\/td>\n<td width=\"113\">finalista<\/td>\n<\/tr>\n<\/tbody>\n<\/table>\n<p>&nbsp;<\/p>\n<p>&nbsp;<\/p>\n<p>&nbsp;<\/p>\n<p>2023\/2024<\/p>\n<table>\n<tbody>\n<tr>\n<td width=\"244\"><strong>Nazwa olimpiady<\/strong><\/td>\n<td width=\"190\"><strong>Imi\u0119 i nazwisko ucznia, klasa<\/strong><\/td>\n<td width=\"113\"><strong>\u00a0Tytu\u0142<\/strong><\/td>\n<\/tr>\n<tr>\n<td width=\"244\">Olimpiada Wiedzy o Wynalazczo\u015bci<\/td>\n<td width=\"190\">Natalia Po\u017aniak, kl. IVB<\/p>\n<p>&nbsp;<\/td>\n<td width=\"113\">finalistka<\/td>\n<\/tr>\n<tr>\n<td width=\"244\">Olimpiada Innowacji Technicznych w Telekomunikacji i Informatyce<\/p>\n<p>&nbsp;<\/td>\n<td width=\"190\">\u00a0Natalia Po\u017aniak, kl. IVB<\/td>\n<td width=\"113\">\u00a0uczestnik<\/td>\n<\/tr>\n<tr>\n<td width=\"244\">Olimpiada Innowacji Technicznych w Ochronie \u015arodowiska<\/td>\n<td width=\"190\">\u00a0Martyna Budzich, kl. IIIB<\/p>\n<p>Kamil Szych, kl. IIIB<\/td>\n<td width=\"113\">\u00a0finalistka<\/p>\n<p>finalista<\/td>\n<\/tr>\n<tr>\n<td width=\"244\">Olimpiada Wiedzy o Polsce i \u015awiecie Wsp\u00f3\u0142czesnym<\/td>\n<td width=\"190\">Jakub Piekarski, IVA<\/p>\n<p>Wiktor Wo\u017aniak, IG<\/td>\n<td width=\"113\">uczestnicy<\/td>\n<\/tr>\n<\/tbody>\n<\/table>\n<p>&nbsp;<\/p>\n<p>&nbsp;<\/p>\n<p>2022\/2023<\/p>\n<table>\n<tbody>\n<tr>\n<td width=\"244\"><strong>Nazwa olimpiady<\/strong><\/td>\n<td width=\"190\"><strong>Imi\u0119 i nazwisko ucznia, klasa<\/strong><\/td>\n<td width=\"113\"><strong>\u00a0Tytu\u0142<\/strong><\/td>\n<\/tr>\n<tr>\n<td width=\"244\">Olimpiada Innowacji Technicznych w Telekomunikacji i Informatyce<\/p>\n<p>&nbsp;<\/td>\n<td width=\"190\">Hubert Doro\u015b, kl. IVBp<\/p>\n<p>&nbsp;<\/td>\n<td width=\"113\">Laureat II miejsca<\/td>\n<\/tr>\n<tr>\n<td width=\"244\">Olimpiada Innowacji Technicznych w Telekomunikacji i Informatyce<\/p>\n<p>&nbsp;<\/td>\n<td width=\"190\">Zuzanna Por\u0119bna, kl.IVBp<\/p>\n<p>Konrad Browalski, kl.IVBp<\/p>\n<p>&nbsp;<\/td>\n<td width=\"113\">finalista<\/td>\n<\/tr>\n<tr>\n<td width=\"244\">Olimpiada Innowacji Technicznych w Telekomunikacji i Informatyce<\/p>\n<p>&nbsp;<\/td>\n<td width=\"190\">Oliwier Ostrzy\u017cek, kl.IVBp<\/p>\n<p>Karol S\u0142omski, kl.IIB<\/p>\n<p>Wiktor Lange, kl.IIB<\/td>\n<td width=\"113\">uczestnik<\/td>\n<\/tr>\n<tr>\n<td width=\"244\">Olimpiada Innowacji Technicznych w Elektronice i Mechatronice<\/td>\n<td width=\"190\">Natalia Po\u017aniak, kl.IIIB<\/p>\n<p>Marta Kacprzyk, kl. IIIB<\/p>\n<p>Lena Szachmytowska, kl. IIB<\/td>\n<td width=\"113\">\u00a0uczestnik<\/td>\n<\/tr>\n<tr>\n<td width=\"244\">Olimpiada Innowacji Technicznych w Ochronie \u015arodowiska<\/td>\n<td width=\"190\">Maja Krzeszowska, kl.IIIB<\/p>\n<p>Agnieszka Zapolska, kl.IIIB<\/td>\n<td width=\"113\">uczestnik<\/td>\n<\/tr>\n<\/tbody>\n<\/table>\n<p>&nbsp;<\/p>\n<p>&nbsp;<\/p>\n<p>2021\/2022<\/p>\n<table>\n<tbody>\n<tr>\n<td width=\"244\"><strong>Nazwa olimpiady<\/strong><\/td>\n<td width=\"190\"><strong>Imi\u0119 i nazwisko ucznia, klasa<\/strong><\/td>\n<td width=\"113\"><strong>\u00a0Tytu\u0142<\/strong><\/td>\n<\/tr>\n<tr>\n<td width=\"244\">Olimpiada Innowacji Technicznych i Wynalazczo\u015bci \u2013 Blok A<\/p>\n<p>&nbsp;<\/td>\n<td width=\"190\">Martyna Grzybi\u0144ska, kl. IIB<\/p>\n<p>Lena Szmelter, kl. IIB<\/p>\n<p>Natalia Piotrowska, kl. IIB<\/td>\n<td width=\"113\">finalista<\/td>\n<\/tr>\n<tr>\n<td width=\"244\">Olimpiada Innowacji Technicznych i Wynalazczo\u015bci \u2013 Blok A<\/p>\n<p>&nbsp;<\/td>\n<td width=\"190\">Konrad Browalski, kl. IIIBp<\/p>\n<p>Damian Weiss, kl. IIIBp<\/p>\n<p>&nbsp;<\/td>\n<td width=\"113\">uczestnik<\/td>\n<\/tr>\n<tr>\n<td width=\"244\">Olimpiada Innowacji Technicznych i Wynalazczo\u015bci \u2013 Blok B<\/p>\n<p>&nbsp;<\/td>\n<td width=\"190\">Alicja Lipi\u0144ska, kl. IIIBp<\/td>\n<td width=\"113\">\u00a0finalista<\/td>\n<\/tr>\n<tr>\n<td width=\"244\">Olimpiada Teologii Katolickiej<\/td>\n<td width=\"190\">Przemys\u0142aw Dubik, kl. IIIB<\/td>\n<td width=\"113\">finalista<\/td>\n<\/tr>\n<\/tbody>\n<\/table>\n<p>&nbsp;<\/p>\n<p>&nbsp;<\/p>\n<p>&nbsp;<\/p>\n<p>&nbsp;<\/p>\n","protected":false},"excerpt":{"rendered":"<div class=\"mh-excerpt\"><p>Olimpiady: &nbsp; 2024\/2025 Nazwa olimpiady Imi\u0119 i nazwisko ucznia, klasa \u00a0Tytu\u0142 Olimpiada Wiedzy Elektrycznej i Energetycznej Euroelektra &nbsp; Tomasz Paziewski, IIIB Laureat 1 miejsca Olimpiada <a class=\"mh-excerpt-more\" href=\"https:\/\/zsokwidzyn.pl\/index.php\/olimpiady\/\" title=\"Olimpiady\">[&#8230;]<\/a><\/p>\n<\/div>","protected":false},"author":1,"featured_media":0,"parent":0,"menu_order":0,"comment_status":"closed","ping_status":"closed","template":"","meta":{"footnotes":""},"class_list":["post-5236","page","type-page","status-publish","hentry"],"_links":{"self":[{"href":"https:\/\/zsokwidzyn.pl\/index.php\/wp-json\/wp\/v2\/pages\/5236","targetHints":{"allow":["GET"]}}],"collection":[{"href":"https:\/\/zsokwidzyn.pl\/index.php\/wp-json\/wp\/v2\/pages"}],"about":[{"href":"https:\/\/zsokwidzyn.pl\/index.php\/wp-json\/wp\/v2\/types\/page"}],"author":[{"embeddable":true,"href":"https:\/\/zsokwidzyn.pl\/index.php\/wp-json\/wp\/v2\/users\/1"}],"replies":[{"embeddable":true,"href":"https:\/\/zsokwidzyn.pl\/index.php\/wp-json\/wp\/v2\/comments?post=5236"}],"version-history":[{"count":5,"href":"https:\/\/zsokwidzyn.pl\/index.php\/wp-json\/wp\/v2\/pages\/5236\/revisions"}],"predecessor-version":[{"id":11033,"href":"https:\/\/zsokwidzyn.pl\/index.php\/wp-json\/wp\/v2\/pages\/5236\/revisions\/11033"}],"wp:attachment":[{"href":"https:\/\/zsokwidzyn.pl\/index.php\/wp-json\/wp\/v2\/media?parent=5236"}],"curies":[{"name":"wp","href":"https:\/\/api.w.org\/{rel}","templated":true}]}}