{"id":5537,"date":"2021-04-08T11:27:57","date_gmt":"2021-04-08T09:27:57","guid":{"rendered":"https:\/\/zsokwidzyn.pl\/?page_id=5537"},"modified":"2021-04-08T13:09:16","modified_gmt":"2021-04-08T11:09:16","slug":"mlegitymacja","status":"publish","type":"page","link":"https:\/\/zsokwidzyn.pl\/index.php\/mlegitymacja\/","title":{"rendered":"mLegitymacja"},"content":{"rendered":"<p><img loading=\"lazy\" decoding=\"async\" class=\"wp-image-5549 aligncenter\" src=\"https:\/\/zsokwidzyn.pl\/wp-content\/uploads\/2021\/04\/1460x616.jpg\" alt=\"\" width=\"679\" height=\"287\" srcset=\"https:\/\/zsokwidzyn.pl\/wp-content\/uploads\/2021\/04\/1460x616.jpg 1460w, https:\/\/zsokwidzyn.pl\/wp-content\/uploads\/2021\/04\/1460x616-300x127.jpg 300w, https:\/\/zsokwidzyn.pl\/wp-content\/uploads\/2021\/04\/1460x616-1024x432.jpg 1024w, https:\/\/zsokwidzyn.pl\/wp-content\/uploads\/2021\/04\/1460x616-768x324.jpg 768w\" sizes=\"auto, (max-width: 679px) 100vw, 679px\" \/><\/p>\n<p style=\"text-align: justify;\"><span style=\"font-size: 12pt; font-family: georgia, palatino, serif;\">Dzi\u0119ki mLegitymacji mo\u017cesz zapomnie\u0107 o noszeniu tradycyjnego dokumentu. To &#8211; zgodnie z prawem &#8211; legitymacja szkolna, ale wy\u015bwietlana na ekranie Twojego telefonu.<\/span><\/p>\n<p style=\"text-align: justify;\"><span style=\"font-size: 12pt; font-family: georgia, palatino, serif;\">Pokazuj\u0105c mLegitymacj\u0119, potwierdzisz, \u017ce jeste\u015b uczniem danej szko\u0142y, skorzystasz z ulg i zwolnie\u0144.<\/span><\/p>\n<p style=\"text-align: justify;\"><span style=\"font-size: 12pt; font-family: georgia, palatino, serif;\">Dane z mLegitymacji mo\u017cesz okaza\u0107 tak jak przy u\u017cyciu tradycyjnej legitymacji. Mo\u017cesz r\u00f3wnie\u017c przekaza\u0107 je u\u017cytkownikowi aplikacji mWeryfikator. W ten spos\u00f3b upowa\u017cniona osoba potwierdzi m.in. Twoje imi\u0119, nazwisko i wiek. Na ekranie swojego urz\u0105dzenia zobaczy r\u00f3wnie\u017c Twoje zdj\u0119cie w niskiej rozdzielczo\u015bci. Mo\u017ce sprawdzi\u0107 r\u00f3wnie\u017c wa\u017cno\u015b\u0107 Twojej mLegitymacji szkolnej.<\/span><\/p>\n<p style=\"text-align: justify;\"><span style=\"font-size: 12pt; font-family: georgia, palatino, serif;\">Aby uruchomi\u0107 mLegitymacj\u0119 nale\u017cy:<\/span><\/p>\n<ol style=\"text-align: justify;\">\n<li><span style=\"font-size: 12pt; font-family: georgia, palatino, serif;\">Z\u0142o\u017cy\u0107 wniosek do dyrektora szko\u0142y o\u00a0wydanie mLegitymacji. Wnioski prosimy przekazywa\u0107 do sekretariatu lub wys\u0142a\u0107 skan na adres <a href=\"mailto:mlegitymacja@sp84.wroclaw.pl\">sekretariat@zsokwidzyn.pl<\/a><\/span><\/li>\n<li><span style=\"font-size: 12pt; font-family: georgia, palatino, serif;\">Wraz z\u00a0wnioskiem nale\u017cy jako za\u0142\u0105cznik doda\u0107 zdj\u0119cie legitymacyjne w\u00a0formacie JPG lub JPEG w\u00a0rozmiarze do 5 MB, podpisane w\u00a0nazwie pliku imieniem i\u00a0nazwiskiem ucznia oraz klas\u0105.<\/span><\/li>\n<li><span style=\"font-size: 12pt; font-family: georgia, palatino, serif;\">Pobra\u0107 Aplikacj\u0119 mObywatel, potwierdzi\u0107 regulamin.<\/span><\/li>\n<li><span style=\"font-size: 12pt; font-family: georgia, palatino, serif;\">Po otrzymaniu ze szko\u0142y kodu aktywacyjnego uruchomi\u0107 System na urz\u0105dzeniu.<\/span><\/li>\n<\/ol>\n<p>&nbsp;<\/p>\n<p><span style=\"font-size: 14pt;\"><strong><a href=\"https:\/\/zsokwidzyn.pl\/wp-content\/uploads\/2021\/04\/Wniosek-o-wydanie-mLegitymacji.pdf\" target=\"_blank\" rel=\"noopener\">&#8212; &gt;&gt; Wniosek o wydanie mLegitymacji<\/a><\/strong><\/span><\/p>\n<p><span style=\"font-size: 14pt;\"><strong><a href=\"https:\/\/zsokwidzyn.pl\/wp-content\/uploads\/2021\/04\/Instrukcja-instalacji-mLegitymacji-dla-uczniow-i-stude-ntow-1.0.pdf\" target=\"_blank\" rel=\"noopener\">&#8212; &gt;&gt; Instrukcja instalacji mLegitymacji dla uczni\u00f3w i student\u00f3w 1.0<\/a><\/strong><\/span><\/p>\n<p><a href=\"https:\/\/zsokwidzyn.pl\/wp-content\/uploads\/2021\/04\/Regulamin_mLegitymacja.pdf\" target=\"_blank\" rel=\"noopener\"><span style=\"font-size: 14pt;\"><strong>&#8212; &gt;&gt; Regulamin mLegitymacja<\/strong><\/span><\/a><\/p>\n<p>&nbsp;<\/p>\n<p><img loading=\"lazy\" decoding=\"async\" class=\"size-full wp-image-5553 aligncenter\" src=\"https:\/\/zsokwidzyn.pl\/wp-content\/uploads\/2021\/04\/c58df41b-d3e2-443a-9363-b72e6f1eb327.png\" alt=\"\" width=\"625\" height=\"563\" srcset=\"https:\/\/zsokwidzyn.pl\/wp-content\/uploads\/2021\/04\/c58df41b-d3e2-443a-9363-b72e6f1eb327.png 625w, https:\/\/zsokwidzyn.pl\/wp-content\/uploads\/2021\/04\/c58df41b-d3e2-443a-9363-b72e6f1eb327-300x270.png 300w\" sizes=\"auto, (max-width: 625px) 100vw, 625px\" \/><\/p>\n<p>&nbsp;<\/p>\n<p style=\"text-align: justify;\">\n","protected":false},"excerpt":{"rendered":"<div class=\"mh-excerpt\"><p>Dzi\u0119ki mLegitymacji mo\u017cesz zapomnie\u0107 o noszeniu tradycyjnego dokumentu. To &#8211; zgodnie z prawem &#8211; legitymacja szkolna, ale wy\u015bwietlana na ekranie Twojego telefonu. Pokazuj\u0105c mLegitymacj\u0119, potwierdzisz, <a class=\"mh-excerpt-more\" href=\"https:\/\/zsokwidzyn.pl\/index.php\/mlegitymacja\/\" title=\"mLegitymacja\">[&#8230;]<\/a><\/p>\n<\/div>","protected":false},"author":1,"featured_media":5549,"parent":0,"menu_order":0,"comment_status":"closed","ping_status":"closed","template":"","meta":{"footnotes":""},"class_list":["post-5537","page","type-page","status-publish","has-post-thumbnail","hentry"],"_links":{"self":[{"href":"https:\/\/zsokwidzyn.pl\/index.php\/wp-json\/wp\/v2\/pages\/5537","targetHints":{"allow":["GET"]}}],"collection":[{"href":"https:\/\/zsokwidzyn.pl\/index.php\/wp-json\/wp\/v2\/pages"}],"about":[{"href":"https:\/\/zsokwidzyn.pl\/index.php\/wp-json\/wp\/v2\/types\/page"}],"author":[{"embeddable":true,"href":"https:\/\/zsokwidzyn.pl\/index.php\/wp-json\/wp\/v2\/users\/1"}],"replies":[{"embeddable":true,"href":"https:\/\/zsokwidzyn.pl\/index.php\/wp-json\/wp\/v2\/comments?post=5537"}],"version-history":[{"count":6,"href":"https:\/\/zsokwidzyn.pl\/index.php\/wp-json\/wp\/v2\/pages\/5537\/revisions"}],"predecessor-version":[{"id":5561,"href":"https:\/\/zsokwidzyn.pl\/index.php\/wp-json\/wp\/v2\/pages\/5537\/revisions\/5561"}],"wp:featuredmedia":[{"embeddable":true,"href":"https:\/\/zsokwidzyn.pl\/index.php\/wp-json\/wp\/v2\/media\/5549"}],"wp:attachment":[{"href":"https:\/\/zsokwidzyn.pl\/index.php\/wp-json\/wp\/v2\/media?parent=5537"}],"curies":[{"name":"wp","href":"https:\/\/api.w.org\/{rel}","templated":true}]}}