{"id":6491,"date":"2022-07-07T14:08:05","date_gmt":"2022-07-07T12:08:05","guid":{"rendered":"https:\/\/zsokwidzyn.pl\/?page_id=6491"},"modified":"2022-07-08T06:49:20","modified_gmt":"2022-07-08T04:49:20","slug":"poznaj-polske","status":"publish","type":"page","link":"https:\/\/zsokwidzyn.pl\/index.php\/poznaj-polske\/","title":{"rendered":"Poznaj Polsk\u0119"},"content":{"rendered":"<p style=\"text-align: justify;\"><img loading=\"lazy\" decoding=\"async\" class=\"alignnone size-full wp-image-6492\" src=\"https:\/\/zsokwidzyn.pl\/wp-content\/uploads\/2022\/07\/Zalacznik-2-Poznaj-Polske-plakat.png\" alt=\"\" width=\"844\" height=\"1190\" srcset=\"https:\/\/zsokwidzyn.pl\/wp-content\/uploads\/2022\/07\/Zalacznik-2-Poznaj-Polske-plakat.png 844w, https:\/\/zsokwidzyn.pl\/wp-content\/uploads\/2022\/07\/Zalacznik-2-Poznaj-Polske-plakat-213x300.png 213w, https:\/\/zsokwidzyn.pl\/wp-content\/uploads\/2022\/07\/Zalacznik-2-Poznaj-Polske-plakat-726x1024.png 726w, https:\/\/zsokwidzyn.pl\/wp-content\/uploads\/2022\/07\/Zalacznik-2-Poznaj-Polske-plakat-768x1083.png 768w\" sizes=\"auto, (max-width: 844px) 100vw, 844px\" \/><\/p>\n<p style=\"text-align: justify;\"><strong>DOFINANSOWANIE ZE \u015aRODK\u00d3W BUD\u017bETU PA\u0143STWA<\/strong><\/p>\n<p style=\"text-align: justify;\">Przedsi\u0119wzi\u0119cie Ministra Edukacji i Nauki pn. \u201ePoznaj Polsk\u0119\u201d\u00a0 jest cz\u0119\u015bci\u0105\u00a0<a href=\"https:\/\/www.gov.pl\/web\/polski-lad\">POLSKIEGO \u0141ADU<\/a>.<\/p>\n<p style=\"text-align: justify;\"><strong>Nazwa programu:<\/strong><\/p>\n<p style=\"text-align: justify;\">Dotacja celowa na realizacj\u0119 zadania w ramach przedsi\u0119wzi\u0119cia pn. \u201ePoznaj Polsk\u0119\u201d ustanowionego na podstawie art. 90 w ustawy z dnia 7 wrze\u015bnia 1991 r. o systemie o\u015bwiaty (Dz. U. z 2021 r. poz. 1915) przez Ministra Edukacji i Nauki w komunikacie Ministra Edukacji i Nauki z dnia 27 sierpnia 2021 r. o ustanowieniu przedsi\u0119wzi\u0119cia pod nazw\u0105 \u201ePoznaj Polsk\u0119\u201d.<\/p>\n<p style=\"text-align: justify;\"><strong>\u00a0<\/strong><strong>Nazwa zadania: <\/strong><\/p>\n<p style=\"text-align: justify;\">Przygotowanie i przeprowadzenie w trakcie roku 2022 zg\u0142oszonych przez dyrektor\u00f3w szk\u00f3\u0142, dla kt\u00f3rych organem prowadz\u0105cym jest Powiat Kwidzy\u0144ski, wycieczek szkolnych zwi\u0105zanych z priorytetowymi obszarami edukacyjnymi wskazanymi przez Ministra, przyj\u0119tymi do dofinansowania w ramach przedsi\u0119wzi\u0119cia pn. \u201ePoznaj Polsk\u0119\u201d, ustanowionego na podstawie art. 90w ustawy z dnia 7 wrze\u015bnia 1991 r. o systemie o\u015bwiaty (Dz. U. z 2021 r. poz. 1915) przez Ministra Edukacji i Nauki w komunikacie Ministra Edukacji i Nauki z dnia 27 sierpnia 2021 r. o ustanowieniu przedsi\u0119wzi\u0119cia pod nazw\u0105 \u201ePoznaj Polsk\u0119\u201d<\/p>\n<p style=\"text-align: justify;\"><strong>Kr\u00f3tki opis zadania:<\/strong><\/p>\n<p style=\"text-align: justify;\">Powiat Kwidzy\u0144ski otrzyma\u0142 dofinansowanie ze \u015brodk\u00f3w bud\u017cetu pa\u0144stwa na realizacj\u0119 Przedsi\u0119wzi\u0119cia Ministra Edukacji i Nauki pod nazw\u0105 \u201ePoznaj Polsk\u0119\u201d w wysoko\u015bci 48 916,00 z\u0142. Ca\u0142kowity koszt zadania wynosi 75 100,00 z\u0142. W ramach przedsi\u0119wzi\u0119cia uczniowie szk\u00f3\u0142 ponadpodstawowych pojad\u0105 na wycieczki szkolne zorganizowane zgodnie z priorytetowymi obszarami edukacyjnymi wskazanymi przez Ministra Edukacji\u00a0i Nauki. Celem przedsi\u0119wzi\u0119cia jest uatrakcyjnienie procesu edukacyjnego poprzez umo\u017cliwienie poznawania Polski, jej \u015brodowiska przyrodniczego, tradycji, zabytk\u00f3w kultury i historii oraz osi\u0105gni\u0119\u0107 polskiej nauki.<\/p>\n<p>Szczeg\u00f3\u0142owe informacje dotycz\u0105ce przedsi\u0119wzi\u0119cia mo\u017cna znale\u017a\u0107 na stronie Ministerstwa Edukacji i Nauki klikaj\u0105c w poni\u017cszy link: <a href=\"https:\/\/www.gov.pl\/web\/edukacja-i-nauka\/poznaj-polske\">https:\/\/www.gov.pl\/web\/edukacja<\/a><a href=\"https:\/\/www.gov.pl\/web\/edukacja-i-nauka\/poznaj-polske\">&#8211;<\/a><a href=\"https:\/\/www.gov.pl\/web\/edukacja-i-nauka\/poznaj-polske\">i<\/a><a href=\"https:\/\/www.gov.pl\/web\/edukacja-i-nauka\/poznaj-polske\">&#8211;<\/a><a href=\"https:\/\/www.gov.pl\/web\/edukacja-i-nauka\/poznaj-polske\">nauka\/poznaj<\/a><a href=\"https:\/\/www.gov.pl\/web\/edukacja-i-nauka\/poznaj-polske\">&#8211;<\/a><a href=\"https:\/\/www.gov.pl\/web\/edukacja-i-nauka\/poznaj-polske\">polske<\/a><\/p>\n<p>&nbsp;<\/p>\n<table width=\"702\">\n<tbody>\n<tr>\n<td width=\"438\">Nazwa szko\u0142y<\/td>\n<td width=\"127\">Ca\u0142kowita warto\u015b\u0107 zadania \u00a0\u00a0(wycieczki)<\/td>\n<td width=\"136\">Warto\u015b\u0107 dofinansowania<\/td>\n<\/tr>\n<tr>\n<td width=\"438\">I Liceum Og\u00f3lnokszta\u0142c\u0105ce im. dr. W\u0142adys\u0142awa G\u0119bika d. Polskie Gimnazjum w Kwidzynie Zesp\u00f3\u0142 Szk\u00f3\u0142 Og\u00f3lnokszta\u0142c\u0105cych nr 1<br \/>\nw Kwidzynie<\/td>\n<td width=\"127\">17 400,00 z\u0142<\/td>\n<td width=\"136\">13 920,00 z\u0142<\/td>\n<\/tr>\n<\/tbody>\n<\/table>\n<p style=\"text-align: justify;\">\n<p style=\"text-align: justify;\">W dniach 16 -18 maja br. uczniowie klasy III Bp\u00a0 uczestniczyli w wycieczce krajoznawczej do Wroc\u0142awia.\u00a0W czasie trwania wycieczki m\u0142odzie\u017c bardzo dok\u0142adnie zwiedzi\u0142a stolic\u0119 Dolnego \u015al\u0105ska a w szczeg\u00f3lno\u015bci\u00a0 : Hal\u0119 Stulecia, Ogr\u00f3d Botaniczny, Zesp\u00f3l Starego Miasta, Panoram\u0119 Rac\u0142awick\u0105 oraz Hydropolis \u2013 Interaktywne Muzeum Wody.\u00a0Po drodze zwiedzano r\u00f3wnie\u017c Muzeum Pa\u0142ac w Go\u0142uchowie.\u00a0M\u0142odzie\u017c bardzo zadowolona wr\u00f3ci\u0142a z pakietem do\u015bwiadcze\u0144 i wielu interesuj\u0105cych wspomnie\u0144.\u00a0Poni\u017csza fotorelacja za\u015bwiadcza o przedniej zabawie.<\/p>\n<p><img loading=\"lazy\" decoding=\"async\" class=\"alignnone size-full wp-image-6501\" src=\"https:\/\/zsokwidzyn.pl\/wp-content\/uploads\/2022\/07\/279656523_1164170987457790_1585676163977868086_n.jpg\" alt=\"\" width=\"2048\" height=\"1536\" srcset=\"https:\/\/zsokwidzyn.pl\/wp-content\/uploads\/2022\/07\/279656523_1164170987457790_1585676163977868086_n.jpg 2048w, https:\/\/zsokwidzyn.pl\/wp-content\/uploads\/2022\/07\/279656523_1164170987457790_1585676163977868086_n-300x225.jpg 300w, https:\/\/zsokwidzyn.pl\/wp-content\/uploads\/2022\/07\/279656523_1164170987457790_1585676163977868086_n-1024x768.jpg 1024w, https:\/\/zsokwidzyn.pl\/wp-content\/uploads\/2022\/07\/279656523_1164170987457790_1585676163977868086_n-768x576.jpg 768w, https:\/\/zsokwidzyn.pl\/wp-content\/uploads\/2022\/07\/279656523_1164170987457790_1585676163977868086_n-1536x1152.jpg 1536w, https:\/\/zsokwidzyn.pl\/wp-content\/uploads\/2022\/07\/279656523_1164170987457790_1585676163977868086_n-678x509.jpg 678w, https:\/\/zsokwidzyn.pl\/wp-content\/uploads\/2022\/07\/279656523_1164170987457790_1585676163977868086_n-326x245.jpg 326w, https:\/\/zsokwidzyn.pl\/wp-content\/uploads\/2022\/07\/279656523_1164170987457790_1585676163977868086_n-80x60.jpg 80w\" sizes=\"auto, (max-width: 2048px) 100vw, 2048px\" \/> <img loading=\"lazy\" decoding=\"async\" class=\"alignnone size-full wp-image-6502\" src=\"https:\/\/zsokwidzyn.pl\/wp-content\/uploads\/2022\/07\/279944720_1267024720490927_2779551478107417405_n.jpg\" alt=\"\" width=\"2048\" height=\"1536\" srcset=\"https:\/\/zsokwidzyn.pl\/wp-content\/uploads\/2022\/07\/279944720_1267024720490927_2779551478107417405_n.jpg 2048w, https:\/\/zsokwidzyn.pl\/wp-content\/uploads\/2022\/07\/279944720_1267024720490927_2779551478107417405_n-300x225.jpg 300w, https:\/\/zsokwidzyn.pl\/wp-content\/uploads\/2022\/07\/279944720_1267024720490927_2779551478107417405_n-1024x768.jpg 1024w, https:\/\/zsokwidzyn.pl\/wp-content\/uploads\/2022\/07\/279944720_1267024720490927_2779551478107417405_n-768x576.jpg 768w, https:\/\/zsokwidzyn.pl\/wp-content\/uploads\/2022\/07\/279944720_1267024720490927_2779551478107417405_n-1536x1152.jpg 1536w, https:\/\/zsokwidzyn.pl\/wp-content\/uploads\/2022\/07\/279944720_1267024720490927_2779551478107417405_n-678x509.jpg 678w, https:\/\/zsokwidzyn.pl\/wp-content\/uploads\/2022\/07\/279944720_1267024720490927_2779551478107417405_n-326x245.jpg 326w, https:\/\/zsokwidzyn.pl\/wp-content\/uploads\/2022\/07\/279944720_1267024720490927_2779551478107417405_n-80x60.jpg 80w\" sizes=\"auto, (max-width: 2048px) 100vw, 2048px\" \/> <img loading=\"lazy\" decoding=\"async\" class=\"alignnone size-full wp-image-6503\" src=\"https:\/\/zsokwidzyn.pl\/wp-content\/uploads\/2022\/07\/280047923_548082057031562_1161718786190103462_n.jpg\" alt=\"\" width=\"1536\" height=\"2048\" srcset=\"https:\/\/zsokwidzyn.pl\/wp-content\/uploads\/2022\/07\/280047923_548082057031562_1161718786190103462_n.jpg 1536w, https:\/\/zsokwidzyn.pl\/wp-content\/uploads\/2022\/07\/280047923_548082057031562_1161718786190103462_n-225x300.jpg 225w, https:\/\/zsokwidzyn.pl\/wp-content\/uploads\/2022\/07\/280047923_548082057031562_1161718786190103462_n-768x1024.jpg 768w, https:\/\/zsokwidzyn.pl\/wp-content\/uploads\/2022\/07\/280047923_548082057031562_1161718786190103462_n-1152x1536.jpg 1152w\" sizes=\"auto, (max-width: 1536px) 100vw, 1536px\" \/> <img loading=\"lazy\" decoding=\"async\" class=\"alignnone size-full wp-image-6504\" src=\"https:\/\/zsokwidzyn.pl\/wp-content\/uploads\/2022\/07\/281317576_1259992411204366_9072829361427465221_n.jpg\" alt=\"\" width=\"1536\" height=\"2048\" srcset=\"https:\/\/zsokwidzyn.pl\/wp-content\/uploads\/2022\/07\/281317576_1259992411204366_9072829361427465221_n.jpg 1536w, https:\/\/zsokwidzyn.pl\/wp-content\/uploads\/2022\/07\/281317576_1259992411204366_9072829361427465221_n-225x300.jpg 225w, https:\/\/zsokwidzyn.pl\/wp-content\/uploads\/2022\/07\/281317576_1259992411204366_9072829361427465221_n-768x1024.jpg 768w, https:\/\/zsokwidzyn.pl\/wp-content\/uploads\/2022\/07\/281317576_1259992411204366_9072829361427465221_n-1152x1536.jpg 1152w\" sizes=\"auto, (max-width: 1536px) 100vw, 1536px\" \/> <img loading=\"lazy\" decoding=\"async\" class=\"alignnone size-full wp-image-6505\" src=\"https:\/\/zsokwidzyn.pl\/wp-content\/uploads\/2022\/07\/received_1344795956028855.jpeg\" alt=\"\" width=\"2048\" height=\"1536\" srcset=\"https:\/\/zsokwidzyn.pl\/wp-content\/uploads\/2022\/07\/received_1344795956028855.jpeg 2048w, https:\/\/zsokwidzyn.pl\/wp-content\/uploads\/2022\/07\/received_1344795956028855-300x225.jpeg 300w, https:\/\/zsokwidzyn.pl\/wp-content\/uploads\/2022\/07\/received_1344795956028855-1024x768.jpeg 1024w, https:\/\/zsokwidzyn.pl\/wp-content\/uploads\/2022\/07\/received_1344795956028855-768x576.jpeg 768w, https:\/\/zsokwidzyn.pl\/wp-content\/uploads\/2022\/07\/received_1344795956028855-1536x1152.jpeg 1536w, https:\/\/zsokwidzyn.pl\/wp-content\/uploads\/2022\/07\/received_1344795956028855-678x509.jpeg 678w, https:\/\/zsokwidzyn.pl\/wp-content\/uploads\/2022\/07\/received_1344795956028855-326x245.jpeg 326w, https:\/\/zsokwidzyn.pl\/wp-content\/uploads\/2022\/07\/received_1344795956028855-80x60.jpeg 80w\" sizes=\"auto, (max-width: 2048px) 100vw, 2048px\" \/> <img loading=\"lazy\" decoding=\"async\" class=\"alignnone size-full wp-image-6500\" src=\"https:\/\/zsokwidzyn.pl\/wp-content\/uploads\/2022\/07\/279634141_4982774631835880_425787466975338550_n.jpg\" alt=\"\" width=\"2048\" height=\"1536\" srcset=\"https:\/\/zsokwidzyn.pl\/wp-content\/uploads\/2022\/07\/279634141_4982774631835880_425787466975338550_n.jpg 2048w, https:\/\/zsokwidzyn.pl\/wp-content\/uploads\/2022\/07\/279634141_4982774631835880_425787466975338550_n-300x225.jpg 300w, https:\/\/zsokwidzyn.pl\/wp-content\/uploads\/2022\/07\/279634141_4982774631835880_425787466975338550_n-1024x768.jpg 1024w, https:\/\/zsokwidzyn.pl\/wp-content\/uploads\/2022\/07\/279634141_4982774631835880_425787466975338550_n-768x576.jpg 768w, https:\/\/zsokwidzyn.pl\/wp-content\/uploads\/2022\/07\/279634141_4982774631835880_425787466975338550_n-1536x1152.jpg 1536w, https:\/\/zsokwidzyn.pl\/wp-content\/uploads\/2022\/07\/279634141_4982774631835880_425787466975338550_n-678x509.jpg 678w, https:\/\/zsokwidzyn.pl\/wp-content\/uploads\/2022\/07\/279634141_4982774631835880_425787466975338550_n-326x245.jpg 326w, https:\/\/zsokwidzyn.pl\/wp-content\/uploads\/2022\/07\/279634141_4982774631835880_425787466975338550_n-80x60.jpg 80w\" sizes=\"auto, (max-width: 2048px) 100vw, 2048px\" \/><\/p>\n","protected":false},"excerpt":{"rendered":"<div class=\"mh-excerpt\"><p>DOFINANSOWANIE ZE \u015aRODK\u00d3W BUD\u017bETU PA\u0143STWA Przedsi\u0119wzi\u0119cie Ministra Edukacji i Nauki pn. \u201ePoznaj Polsk\u0119\u201d\u00a0 jest cz\u0119\u015bci\u0105\u00a0POLSKIEGO \u0141ADU. Nazwa programu: Dotacja celowa na realizacj\u0119 zadania w ramach <a class=\"mh-excerpt-more\" href=\"https:\/\/zsokwidzyn.pl\/index.php\/poznaj-polske\/\" title=\"Poznaj Polsk\u0119\">[&#8230;]<\/a><\/p>\n<\/div>","protected":false},"author":1,"featured_media":0,"parent":0,"menu_order":0,"comment_status":"closed","ping_status":"closed","template":"","meta":{"footnotes":""},"class_list":["post-6491","page","type-page","status-publish","hentry"],"_links":{"self":[{"href":"https:\/\/zsokwidzyn.pl\/index.php\/wp-json\/wp\/v2\/pages\/6491","targetHints":{"allow":["GET"]}}],"collection":[{"href":"https:\/\/zsokwidzyn.pl\/index.php\/wp-json\/wp\/v2\/pages"}],"about":[{"href":"https:\/\/zsokwidzyn.pl\/index.php\/wp-json\/wp\/v2\/types\/page"}],"author":[{"embeddable":true,"href":"https:\/\/zsokwidzyn.pl\/index.php\/wp-json\/wp\/v2\/users\/1"}],"replies":[{"embeddable":true,"href":"https:\/\/zsokwidzyn.pl\/index.php\/wp-json\/wp\/v2\/comments?post=6491"}],"version-history":[{"count":7,"href":"https:\/\/zsokwidzyn.pl\/index.php\/wp-json\/wp\/v2\/pages\/6491\/revisions"}],"predecessor-version":[{"id":6511,"href":"https:\/\/zsokwidzyn.pl\/index.php\/wp-json\/wp\/v2\/pages\/6491\/revisions\/6511"}],"wp:attachment":[{"href":"https:\/\/zsokwidzyn.pl\/index.php\/wp-json\/wp\/v2\/media?parent=6491"}],"curies":[{"name":"wp","href":"https:\/\/api.w.org\/{rel}","templated":true}]}}