{"id":6543,"date":"2022-09-09T20:39:31","date_gmt":"2022-09-09T18:39:31","guid":{"rendered":"https:\/\/zsokwidzyn.pl\/?page_id=6543"},"modified":"2023-09-19T10:19:16","modified_gmt":"2023-09-19T08:19:16","slug":"badanie-losow-absolwentow","status":"publish","type":"page","link":"https:\/\/zsokwidzyn.pl\/index.php\/badanie-losow-absolwentow\/","title":{"rendered":"Badanie los\u00f3w absolwent\u00f3w"},"content":{"rendered":"<p><b>Dla uczni\u00f3w, kt\u00f3rzy zako\u0144czyli nauk\u0119 w 2022 r. i d<\/b><b>la uczni\u00f3w, kt\u00f3rzy zako\u0144czyli nauk\u0119 w 2023 r.<\/b><\/p>\n<p><strong><span style=\"font-size: 18pt; color: #0000ff;\">&#8212;&gt; <a style=\"color: #0000ff;\" href=\"https:\/\/docs.google.com\/forms\/d\/e\/1FAIpQLSdep8_nRU_YkMEhRRwpTabE6YDsE82mrPsHuK4w7HGy1UISxQ\/viewform\" target=\"_blank\" rel=\"noopener\">Badanie los\u00f3w absolwent\u00f3w<\/a><\/span><\/strong><\/p>\n","protected":false},"excerpt":{"rendered":"<div class=\"mh-excerpt\"><p>Dla uczni\u00f3w, kt\u00f3rzy zako\u0144czyli nauk\u0119 w 2022 r. i dla uczni\u00f3w, kt\u00f3rzy zako\u0144czyli nauk\u0119 w 2023 r. &#8212;&gt; Badanie los\u00f3w absolwent\u00f3w<\/p>\n<\/div>","protected":false},"author":1,"featured_media":0,"parent":0,"menu_order":0,"comment_status":"closed","ping_status":"closed","template":"","meta":{"footnotes":""},"class_list":["post-6543","page","type-page","status-publish","hentry"],"_links":{"self":[{"href":"https:\/\/zsokwidzyn.pl\/index.php\/wp-json\/wp\/v2\/pages\/6543","targetHints":{"allow":["GET"]}}],"collection":[{"href":"https:\/\/zsokwidzyn.pl\/index.php\/wp-json\/wp\/v2\/pages"}],"about":[{"href":"https:\/\/zsokwidzyn.pl\/index.php\/wp-json\/wp\/v2\/types\/page"}],"author":[{"embeddable":true,"href":"https:\/\/zsokwidzyn.pl\/index.php\/wp-json\/wp\/v2\/users\/1"}],"replies":[{"embeddable":true,"href":"https:\/\/zsokwidzyn.pl\/index.php\/wp-json\/wp\/v2\/comments?post=6543"}],"version-history":[{"count":3,"href":"https:\/\/zsokwidzyn.pl\/index.php\/wp-json\/wp\/v2\/pages\/6543\/revisions"}],"predecessor-version":[{"id":7031,"href":"https:\/\/zsokwidzyn.pl\/index.php\/wp-json\/wp\/v2\/pages\/6543\/revisions\/7031"}],"wp:attachment":[{"href":"https:\/\/zsokwidzyn.pl\/index.php\/wp-json\/wp\/v2\/media?parent=6543"}],"curies":[{"name":"wp","href":"https:\/\/api.w.org\/{rel}","templated":true}]}}