{"id":670,"date":"2016-12-05T13:43:11","date_gmt":"2016-12-05T12:43:11","guid":{"rendered":"http:\/\/zsokwidzyn.pl\/?page_id=670"},"modified":"2017-11-24T13:17:26","modified_gmt":"2017-11-24T12:17:26","slug":"zjazd-absolwentow","status":"publish","type":"page","link":"https:\/\/zsokwidzyn.pl\/index.php\/zjazd-absolwentow\/","title":{"rendered":"XV Zjazd Wychowank\u00f3w i Absolwent\u00f3w"},"content":{"rendered":"<h1 style=\"text-align: center;\">\u00a0\u00a0<span style=\"color: #0000ff;\">80 lat I LO<\/span><\/h1>\n<p style=\"text-align: center;\"><span style=\"font-size: 24pt;\"><strong><span style=\"color: #0000ff;\">XV Zjazd Wychowank\u00f3w i Absolwent\u00f3w<\/span><\/strong><\/span><\/p>\n<p><img loading=\"lazy\" decoding=\"async\" class=\"aligncenter size-large wp-image-900\" src=\"http:\/\/zsokwidzyn.pl\/wp-content\/uploads\/2017\/01\/baner-zjazdu-1024x417.jpg\" alt=\"\" width=\"676\" height=\"275\" srcset=\"https:\/\/zsokwidzyn.pl\/wp-content\/uploads\/2017\/01\/baner-zjazdu-1024x417.jpg 1024w, https:\/\/zsokwidzyn.pl\/wp-content\/uploads\/2017\/01\/baner-zjazdu-300x122.jpg 300w, https:\/\/zsokwidzyn.pl\/wp-content\/uploads\/2017\/01\/baner-zjazdu-768x313.jpg 768w, https:\/\/zsokwidzyn.pl\/wp-content\/uploads\/2017\/01\/baner-zjazdu-676x275.jpg 676w, https:\/\/zsokwidzyn.pl\/wp-content\/uploads\/2017\/01\/baner-zjazdu.jpg 1204w\" sizes=\"auto, (max-width: 676px) 100vw, 676px\" \/><\/p>\n<h1 class=\"title style-scope ytd-video-primary-info-renderer\"><span style=\"font-size: 12pt;\">XV Zjazd Absolwent\u00f3w I LO &#8211; cz\u0119\u015b\u0107 oficjalna:<\/span><\/h1>\n<p><iframe loading=\"lazy\" title=\"XV Zjazd Absolwent\u00f3w I LO - cz\u0119\u015b\u0107 oficjalna.\" width=\"500\" height=\"281\" src=\"https:\/\/www.youtube.com\/embed\/C3VIgbb4DpU?feature=oembed\" frameborder=\"0\" allow=\"accelerometer; autoplay; clipboard-write; encrypted-media; gyroscope; picture-in-picture; web-share\" referrerpolicy=\"strict-origin-when-cross-origin\" allowfullscreen><\/iframe><\/p>\n<p><iframe loading=\"lazy\" title=\"XV Zjazd Absolwent\u00f3w I LO w Kwidzynie\" width=\"500\" height=\"281\" src=\"https:\/\/www.youtube.com\/embed\/ROyP8yiamI4?feature=oembed\" frameborder=\"0\" allow=\"accelerometer; autoplay; clipboard-write; encrypted-media; gyroscope; picture-in-picture; web-share\" referrerpolicy=\"strict-origin-when-cross-origin\" allowfullscreen><\/iframe><\/p>\n<p><a href=\"https:\/\/animoto.com\/play\/VauNfZLvJrTXuXVbuqZLGA\">https:\/\/animoto.com\/play\/VauNfZLvJrTXuXVbuqZLGA<\/a><\/p>\n<p>https:\/\/www.facebook.com\/marek.sidor\/videos\/1566354003374690\/<\/p>\n<p><img loading=\"lazy\" decoding=\"async\" class=\" wp-image-1333 aligncenter\" src=\"http:\/\/zsokwidzyn.pl\/wp-content\/uploads\/2016\/12\/logo-png-300x300.png\" alt=\"\" width=\"258\" height=\"258\" srcset=\"https:\/\/zsokwidzyn.pl\/wp-content\/uploads\/2016\/12\/logo-png-300x300.png 300w, https:\/\/zsokwidzyn.pl\/wp-content\/uploads\/2016\/12\/logo-png-150x150.png 150w, https:\/\/zsokwidzyn.pl\/wp-content\/uploads\/2016\/12\/logo-png-768x768.png 768w, https:\/\/zsokwidzyn.pl\/wp-content\/uploads\/2016\/12\/logo-png-1024x1024.png 1024w\" sizes=\"auto, (max-width: 258px) 100vw, 258px\" \/><\/p>\n","protected":false},"excerpt":{"rendered":"<div class=\"mh-excerpt\"><p>\u00a0\u00a080 lat I LO XV Zjazd Wychowank\u00f3w i Absolwent\u00f3w XV Zjazd Absolwent\u00f3w I LO &#8211; cz\u0119\u015b\u0107 oficjalna: https:\/\/www.facebook.com\/marek.sidor\/videos\/1566354003374690\/<\/p>\n<\/div>","protected":false},"author":1,"featured_media":0,"parent":0,"menu_order":0,"comment_status":"closed","ping_status":"closed","template":"","meta":{"footnotes":""},"class_list":["post-670","page","type-page","status-publish","hentry"],"_links":{"self":[{"href":"https:\/\/zsokwidzyn.pl\/index.php\/wp-json\/wp\/v2\/pages\/670","targetHints":{"allow":["GET"]}}],"collection":[{"href":"https:\/\/zsokwidzyn.pl\/index.php\/wp-json\/wp\/v2\/pages"}],"about":[{"href":"https:\/\/zsokwidzyn.pl\/index.php\/wp-json\/wp\/v2\/types\/page"}],"author":[{"embeddable":true,"href":"https:\/\/zsokwidzyn.pl\/index.php\/wp-json\/wp\/v2\/users\/1"}],"replies":[{"embeddable":true,"href":"https:\/\/zsokwidzyn.pl\/index.php\/wp-json\/wp\/v2\/comments?post=670"}],"version-history":[{"count":25,"href":"https:\/\/zsokwidzyn.pl\/index.php\/wp-json\/wp\/v2\/pages\/670\/revisions"}],"predecessor-version":[{"id":2060,"href":"https:\/\/zsokwidzyn.pl\/index.php\/wp-json\/wp\/v2\/pages\/670\/revisions\/2060"}],"wp:attachment":[{"href":"https:\/\/zsokwidzyn.pl\/index.php\/wp-json\/wp\/v2\/media?parent=670"}],"curies":[{"name":"wp","href":"https:\/\/api.w.org\/{rel}","templated":true}]}}