{"id":7062,"date":"2023-10-12T12:56:51","date_gmt":"2023-10-12T10:56:51","guid":{"rendered":"https:\/\/zsokwidzyn.pl\/?page_id=7062"},"modified":"2023-10-12T12:57:36","modified_gmt":"2023-10-12T10:57:36","slug":"wychowawstwa","status":"publish","type":"page","link":"https:\/\/zsokwidzyn.pl\/index.php\/wychowawstwa\/","title":{"rendered":"Wychowawstwa"},"content":{"rendered":"<p><strong>Wychowawstwa w I LO w roku szkolnym 2023\/24<\/strong><\/p>\n<p>&nbsp;<\/p>\n<table width=\"633\">\n<tbody>\n<tr>\n<td><strong>Klasa<\/strong><\/td>\n<td width=\"266\"><strong>Wychowawca<\/strong><\/td>\n<td width=\"293\"><strong>II wychowawca<\/strong><\/td>\n<\/tr>\n<tr>\n<td><strong>I A<\/strong><\/td>\n<td width=\"266\">Dorota Gerlach<\/td>\n<td width=\"293\">Marta Wo\u017aniak<\/td>\n<\/tr>\n<tr>\n<td><strong>I B<\/strong><\/td>\n<td width=\"266\">Edyta Weso\u0142owska<\/td>\n<td width=\"293\">Mariusz Weso\u0142owski<\/td>\n<\/tr>\n<tr>\n<td><strong>I C <\/strong><\/td>\n<td width=\"266\">Artur Szachmytowski<\/td>\n<td width=\"293\">Mariusz Weso\u0142owski<\/td>\n<\/tr>\n<tr>\n<td><strong>I D<\/strong><\/td>\n<td width=\"266\">Mariusz Weso\u0142owski<\/td>\n<td width=\"293\">Edyta Weso\u0142owska<\/td>\n<\/tr>\n<tr>\n<td><strong>I E<\/strong><\/td>\n<td width=\"266\">Dorota Klonowska<\/td>\n<td width=\"293\">Beata Krzeszowska-Sarzyniak<\/td>\n<\/tr>\n<tr>\n<td><strong>I F<\/strong><\/td>\n<td width=\"266\">Sylwia Smagowska-\u017bemojtel<\/td>\n<td width=\"293\">Dorota Klonowska<\/td>\n<\/tr>\n<tr>\n<td><strong>I G<\/strong><\/td>\n<td width=\"266\">Janusz Kowalak<\/td>\n<td width=\"293\">Sylwia Smagowska-\u017bemojtel<\/td>\n<\/tr>\n<tr>\n<td><strong>II A<\/strong><\/td>\n<td width=\"266\">Dorota Gerlach<\/td>\n<td width=\"293\">Dorota Klonowska<\/td>\n<\/tr>\n<tr>\n<td><strong>II B<\/strong><\/td>\n<td width=\"266\">Lidia Kwiatecka-Witko<\/td>\n<td width=\"293\">Marta Wo\u017aniak<\/td>\n<\/tr>\n<tr>\n<td><strong>II C<\/strong><\/td>\n<td width=\"266\">Iwona Kruszy\u0144ska<\/td>\n<td width=\"293\">Mariusz Weso\u0142owski<\/td>\n<\/tr>\n<tr>\n<td><strong>II D<\/strong><\/td>\n<td width=\"266\">Beata Krzeszowska-Sarzyniak<\/td>\n<td width=\"293\">Sylwia Smagowska-\u017bemojtel<\/td>\n<\/tr>\n<tr>\n<td><strong>II E<\/strong><\/td>\n<td width=\"266\">Julianna Makowska<\/td>\n<td width=\"293\">Sylwia Smagowska-\u017bemojtel<\/td>\n<\/tr>\n<tr>\n<td><strong>II F<\/strong><\/td>\n<td width=\"266\">Aleksandra Fukowska<\/td>\n<td width=\"293\">Joanna Majsak-Sulecka<\/td>\n<\/tr>\n<tr>\n<td><strong>III A<\/strong><\/td>\n<td width=\"266\">Marta Wo\u017aniak<\/td>\n<td width=\"293\">Dorota Gerlach<\/td>\n<\/tr>\n<tr>\n<td><strong>III B<\/strong><\/td>\n<td width=\"266\">Piotr Tomczak<\/td>\n<td width=\"293\">Bogdan Kali\u0144czak<\/td>\n<\/tr>\n<tr>\n<td><strong>III C<\/strong><\/td>\n<td width=\"266\">Lidia Kwiatecka-Witko<\/td>\n<td width=\"293\">Julianna Makowska<\/td>\n<\/tr>\n<tr>\n<td><strong>III D<\/strong><\/td>\n<td width=\"266\">Wojciech Wojta\u015b<\/td>\n<td width=\"293\"><strong>\u00a0<\/strong><\/td>\n<\/tr>\n<tr>\n<td><strong>III E<\/strong><\/td>\n<td width=\"266\">Anna Jarzynka<\/td>\n<td width=\"293\">Gra\u017cyna Urbanowicz<\/td>\n<\/tr>\n<tr>\n<td><strong>IV A<\/strong><\/td>\n<td width=\"266\">Leszek Walkiewicz<\/td>\n<td width=\"293\">Mariusz Weso\u0142owski<\/td>\n<\/tr>\n<tr>\n<td><strong>IV B<\/strong><\/td>\n<td width=\"266\">Mariola Ma\u0142gorzata Jagiellak<\/td>\n<td width=\"293\">Miros\u0142aw Jagiellak<\/td>\n<\/tr>\n<tr>\n<td><strong>IV C<\/strong><\/td>\n<td width=\"266\">Piotr Opacian<\/td>\n<td width=\"293\">Anna Jarzynka<\/td>\n<\/tr>\n<tr>\n<td><strong>IV D<\/strong><\/td>\n<td width=\"266\">Edyta Weso\u0142owska<\/td>\n<td width=\"293\">Dorota Klonowska<\/td>\n<\/tr>\n<\/tbody>\n<\/table>\n<p>&nbsp;<\/p>\n","protected":false},"excerpt":{"rendered":"<div class=\"mh-excerpt\"><p>Wychowawstwa w I LO w roku szkolnym 2023\/24 &nbsp; Klasa Wychowawca II wychowawca I A Dorota Gerlach Marta Wo\u017aniak I B Edyta Weso\u0142owska Mariusz Weso\u0142owski <a class=\"mh-excerpt-more\" href=\"https:\/\/zsokwidzyn.pl\/index.php\/wychowawstwa\/\" title=\"Wychowawstwa\">[&#8230;]<\/a><\/p>\n<\/div>","protected":false},"author":1,"featured_media":0,"parent":0,"menu_order":0,"comment_status":"closed","ping_status":"closed","template":"","meta":{"footnotes":""},"class_list":["post-7062","page","type-page","status-publish","hentry"],"_links":{"self":[{"href":"https:\/\/zsokwidzyn.pl\/index.php\/wp-json\/wp\/v2\/pages\/7062","targetHints":{"allow":["GET"]}}],"collection":[{"href":"https:\/\/zsokwidzyn.pl\/index.php\/wp-json\/wp\/v2\/pages"}],"about":[{"href":"https:\/\/zsokwidzyn.pl\/index.php\/wp-json\/wp\/v2\/types\/page"}],"author":[{"embeddable":true,"href":"https:\/\/zsokwidzyn.pl\/index.php\/wp-json\/wp\/v2\/users\/1"}],"replies":[{"embeddable":true,"href":"https:\/\/zsokwidzyn.pl\/index.php\/wp-json\/wp\/v2\/comments?post=7062"}],"version-history":[{"count":2,"href":"https:\/\/zsokwidzyn.pl\/index.php\/wp-json\/wp\/v2\/pages\/7062\/revisions"}],"predecessor-version":[{"id":7064,"href":"https:\/\/zsokwidzyn.pl\/index.php\/wp-json\/wp\/v2\/pages\/7062\/revisions\/7064"}],"wp:attachment":[{"href":"https:\/\/zsokwidzyn.pl\/index.php\/wp-json\/wp\/v2\/media?parent=7062"}],"curies":[{"name":"wp","href":"https:\/\/api.w.org\/{rel}","templated":true}]}}