{"id":8185,"date":"2024-11-21T08:43:22","date_gmt":"2024-11-21T07:43:22","guid":{"rendered":"https:\/\/zsokwidzyn.pl\/?page_id=8185"},"modified":"2024-11-27T10:22:56","modified_gmt":"2024-11-27T09:22:56","slug":"godziny-dostepnosci","status":"publish","type":"page","link":"https:\/\/zsokwidzyn.pl\/index.php\/godziny-dostepnosci\/","title":{"rendered":"Godziny dost\u0119pno\u015bci"},"content":{"rendered":"<p style=\"font-weight: 400;\"><strong>Godziny dost\u0119pno\u015bci nauczycieli I LO w roku szkolnym 2024\/2025<\/strong><strong>\u00a0<\/strong><\/p>\n<table>\n<tbody>\n<tr>\n<td width=\"82\">Lp.<\/td>\n<td width=\"217\">Nazwisko i imi\u0119<\/td>\n<td width=\"273\">Termin<\/td>\n<\/tr>\n<tr>\n<td width=\"82\">\n<ol>\n<li><\/li>\n<\/ol>\n<\/td>\n<td width=\"217\">Bie\u0144kowska Anna<\/td>\n<td width=\"273\">Poniedzia\u0142ek 8:00 \u2013 8:45<\/td>\n<\/tr>\n<tr>\n<td width=\"82\">\n<ol>\n<li><\/li>\n<\/ol>\n<\/td>\n<td width=\"217\">D\u0105browski Henryk<\/td>\n<td width=\"273\">Czwartek 15.05 &#8211; 15.50<\/td>\n<\/tr>\n<tr>\n<td width=\"82\">\n<ol>\n<li><\/li>\n<\/ol>\n<\/td>\n<td width=\"217\">D\u0105browska-Walczak Anastazja<\/td>\n<td width=\"273\">Poniedzia\u0142ek 11.45 &#8211; 12.30<\/td>\n<\/tr>\n<tr>\n<td width=\"82\">\n<ol>\n<li><\/li>\n<\/ol>\n<\/td>\n<td width=\"217\">Fukowska Aleksandra<\/td>\n<td width=\"273\">Czwartek<\/p>\n<p>16.00-16.45<\/td>\n<\/tr>\n<tr>\n<td width=\"82\">\n<ol>\n<li><\/li>\n<\/ol>\n<\/td>\n<td width=\"217\">Gerlach Dorota<\/td>\n<td width=\"273\">Pi\u0105tek\u00a0 13:25 \u2013 14:20<\/td>\n<\/tr>\n<tr>\n<td width=\"82\">\n<ol>\n<li><\/li>\n<\/ol>\n<\/td>\n<td width=\"217\">Gnitecka-Podlawska Alicja<\/td>\n<td width=\"273\">Poniedzia\u0142ek 12:40-13:25<\/td>\n<\/tr>\n<tr>\n<td width=\"82\">\n<ol>\n<li><\/li>\n<\/ol>\n<\/td>\n<td width=\"217\">Gniotek Krzysztof<\/td>\n<td width=\"273\">Poniedzia\u0142ek<\/p>\n<p>12:40-13:25<\/td>\n<\/tr>\n<tr>\n<td width=\"82\">\n<ol>\n<li><\/li>\n<\/ol>\n<\/td>\n<td width=\"217\">Jarzynka Anna<\/td>\n<td width=\"273\">Poniedzialek 8.00-8.50<\/td>\n<\/tr>\n<tr>\n<td width=\"82\">\n<ol>\n<li><\/li>\n<\/ol>\n<\/td>\n<td width=\"217\">Kali\u0144czak Bogdan<\/td>\n<td width=\"273\">\u015aroda 9.35-10.35<\/td>\n<\/tr>\n<tr>\n<td width=\"82\">\n<ol>\n<li><\/li>\n<\/ol>\n<\/td>\n<td width=\"217\">Kali\u0144czak Jolanta<\/td>\n<td width=\"273\">Wtorek 7.20-7.50, czwartek 14.30-15.00<\/td>\n<\/tr>\n<tr>\n<td width=\"82\">\n<ol>\n<li><\/li>\n<\/ol>\n<\/td>\n<td width=\"217\">Klonowska Dorota<\/td>\n<td width=\"273\">Poniedzia\u0142ek 11:40 \u2013 12:40<\/td>\n<\/tr>\n<tr>\n<td width=\"82\">\n<ol>\n<li><\/li>\n<\/ol>\n<\/td>\n<td width=\"217\">Kruszy\u0144ska Iwona<\/td>\n<td width=\"273\">Wtorek 11:35-12:35<\/td>\n<\/tr>\n<tr>\n<td width=\"82\">\n<ol>\n<li><\/li>\n<\/ol>\n<\/td>\n<td width=\"217\">Krzeszowska Anna<\/td>\n<td width=\"273\">\u015aroda 15.00-16.00<\/td>\n<\/tr>\n<tr>\n<td width=\"82\">\n<ol>\n<li><\/li>\n<\/ol>\n<\/td>\n<td width=\"217\">Krzeszowska-Sarzyniak Beata<\/td>\n<td width=\"273\">Poniedzia\u0142ek 8:00 \u2013 8:30<\/p>\n<p>Wtorek 13:50 \u2013 14:20<\/td>\n<\/tr>\n<tr>\n<td width=\"82\">\n<ol>\n<li><\/li>\n<\/ol>\n<\/td>\n<td width=\"217\">Kwiatecka-Witko Lidia<\/td>\n<td width=\"273\">\u015aroda 13:30 \u2013 14:20<\/td>\n<\/tr>\n<tr>\n<td width=\"82\">\n<ol>\n<li><\/li>\n<\/ol>\n<\/td>\n<td width=\"217\">Majsak\u00a0 &#8211; Sulecka Joanna<\/td>\n<td width=\"273\">Wtorek: 17:00-17:30<\/p>\n<p>Czwartek 17:00-17:30<\/td>\n<\/tr>\n<tr>\n<td width=\"82\">\n<ol>\n<li><\/li>\n<\/ol>\n<\/td>\n<td width=\"217\">Makowska Julianna<\/td>\n<td width=\"273\">Czwartek\u00a0 8:00 \u2013 8:45<\/td>\n<\/tr>\n<tr>\n<td width=\"82\">\n<ol>\n<li><\/li>\n<\/ol>\n<\/td>\n<td width=\"217\">Nowicka-Klawitter Ma\u0142gorzata<\/td>\n<td width=\"273\">Poniedzia\u0142ek 7.15-7.45<\/td>\n<\/tr>\n<tr>\n<td width=\"82\">\n<ol>\n<li><\/li>\n<\/ol>\n<\/td>\n<td width=\"217\">Opacian Piotr<\/td>\n<td width=\"273\">Wtorek 12.30-13.30<\/td>\n<\/tr>\n<tr>\n<td width=\"82\">\n<ol>\n<li><\/li>\n<\/ol>\n<\/td>\n<td width=\"217\">Po\u017aniak Joanna<\/td>\n<td width=\"273\">\u015aroda 15:00 \u2013 16:00<\/td>\n<\/tr>\n<tr>\n<td width=\"82\">\n<ol>\n<li><\/li>\n<\/ol>\n<\/td>\n<td width=\"217\">Pr\u00f3chnicka-Sitarz Aneta<\/td>\n<td width=\"273\">\u015aroda 7.50-8.50<\/td>\n<\/tr>\n<tr>\n<td width=\"82\">\n<ol>\n<li><\/li>\n<\/ol>\n<\/td>\n<td width=\"217\">Rzoska Tomasz<\/td>\n<td width=\"273\">\u015aroda 14.20-15.20<\/td>\n<\/tr>\n<tr>\n<td width=\"82\">\n<ol>\n<li><\/li>\n<\/ol>\n<\/td>\n<td width=\"217\">Sagrera Ribas Jordi<\/td>\n<td width=\"273\">Wtorek 9.45 &#8211; 10.30<\/td>\n<\/tr>\n<tr>\n<td width=\"82\">\n<ol>\n<li><\/li>\n<\/ol>\n<\/td>\n<td width=\"217\">Smagowska-\u017bemojtel Sylwia<\/td>\n<td width=\"273\">Poniedzia\u0142ek 15:30-16:30<\/td>\n<\/tr>\n<tr>\n<td width=\"82\">\n<ol>\n<li><\/li>\n<\/ol>\n<\/td>\n<td width=\"217\">Szachmytowski Artur<\/td>\n<td width=\"273\">Poniedzia\u0142ek<\/p>\n<p>13.25 \u2013 14.25<\/td>\n<\/tr>\n<tr>\n<td width=\"82\">\n<ol>\n<li><\/li>\n<\/ol>\n<\/td>\n<td width=\"217\">Tomczak Piotr<\/td>\n<td width=\"273\">Wtorek 9.45-10.45<\/td>\n<\/tr>\n<tr>\n<td width=\"82\">\n<ol>\n<li><\/li>\n<\/ol>\n<\/td>\n<td width=\"217\">Urbanowicz Gra\u017cyna<\/td>\n<td width=\"273\">Wtorek: 15.05-16.05<\/td>\n<\/tr>\n<tr>\n<td width=\"82\">\n<ol>\n<li><\/li>\n<\/ol>\n<\/td>\n<td width=\"217\">Walkiewicz Leszek<\/td>\n<td width=\"273\">Czwartek 14.15-15.15<\/td>\n<\/tr>\n<tr>\n<td width=\"82\">\n<ol>\n<li><\/li>\n<\/ol>\n<\/td>\n<td width=\"217\">Wcis\u0142o Zbigniew<\/td>\n<td width=\"273\">Poniedzia\u0142ek 15.00-16.00<\/td>\n<\/tr>\n<tr>\n<td width=\"82\">\n<ol>\n<li><\/li>\n<\/ol>\n<\/td>\n<td width=\"217\">Weso\u0142owska Edyta<\/td>\n<td width=\"273\">Poniedzia\u0142ek 12.40 &#8211; 13.25<\/td>\n<\/tr>\n<tr>\n<td width=\"82\">\n<ol>\n<li><\/li>\n<\/ol>\n<\/td>\n<td width=\"217\">Wo\u017aniak Marta<\/td>\n<td width=\"273\">Poniedzia\u0142ek 13.35 \u2013 14.35<br \/>\n(w grudniu 8.15-8.45 i 13.45-14.15)<\/td>\n<\/tr>\n<tr>\n<td width=\"82\">\n<ol>\n<li><\/li>\n<\/ol>\n<\/td>\n<td width=\"217\">W\u0105sik Ewelina<\/td>\n<td width=\"273\">Poniedzia\u0142ek 14.15-15.15<\/td>\n<\/tr>\n<tr>\n<td width=\"82\">\n<ol>\n<li><\/li>\n<\/ol>\n<\/td>\n<td width=\"217\">Sitarz Paulina<\/td>\n<td width=\"273\">Wtorek 15:05-15:35<\/td>\n<\/tr>\n<tr>\n<td width=\"82\">\n<ol>\n<li><\/li>\n<\/ol>\n<\/td>\n<td width=\"217\">Januszewski Tadeusz<\/td>\n<td width=\"273\">Pi\u0105tek 8.00-8.45<\/td>\n<\/tr>\n<tr>\n<td width=\"82\">\n<ol>\n<li><\/li>\n<\/ol>\n<\/td>\n<td width=\"217\">Czarnobaj Aleksandra<\/td>\n<td width=\"273\">Czwartek 15.00 &#8211; 15.30<\/td>\n<\/tr>\n<tr>\n<td width=\"82\">\n<ol>\n<li><\/li>\n<\/ol>\n<\/td>\n<td width=\"217\">Duzinkiewicz Albert<\/td>\n<td width=\"273\">Poniedzia\u0142ek 15.10-15.40<\/td>\n<\/tr>\n<tr>\n<td width=\"82\">\n<ol>\n<li><\/li>\n<\/ol>\n<\/td>\n<td width=\"217\">Szulca Arkadiusz<\/td>\n<td width=\"273\">\u015aroda 7.00-8.00<\/td>\n<\/tr>\n<tr>\n<td width=\"82\">\n<ol>\n<li><\/li>\n<\/ol>\n<\/td>\n<td width=\"217\">Wicik Joanna<\/td>\n<td width=\"273\">Czwartek 16.15-17.15<\/td>\n<\/tr>\n<tr>\n<td width=\"82\">\n<ol>\n<li><\/li>\n<\/ol>\n<\/td>\n<td width=\"217\">Kowalak Janusz<\/td>\n<td width=\"273\">Poniedzia\u0142ek 15:05-15:50<\/td>\n<\/tr>\n<tr>\n<td width=\"82\">\n<ol>\n<li><\/li>\n<\/ol>\n<\/td>\n<td width=\"217\">Koz\u0142owska Irena<\/td>\n<td width=\"273\">Wtorek 7.15-7.45<\/td>\n<\/tr>\n<tr>\n<td width=\"82\">\n<ol>\n<li><\/li>\n<\/ol>\n<\/td>\n<td width=\"217\">Kuffel Karolina<\/td>\n<td width=\"273\">Wtorek 13.00-13.30<\/td>\n<\/tr>\n<tr>\n<td width=\"82\">\n<ol>\n<li><\/li>\n<\/ol>\n<\/td>\n<td width=\"217\">Radomska Wioletta<\/td>\n<td width=\"273\">\u015aroda 14.15-14.45<\/td>\n<\/tr>\n<tr>\n<td width=\"82\">\n<ol>\n<li><\/li>\n<\/ol>\n<\/td>\n<td width=\"217\">Srebrowska-Budek Katarzyna<\/td>\n<td width=\"273\">Czwartek 14:15 \u2013 14:45<\/td>\n<\/tr>\n<tr>\n<td width=\"82\">\n<ol>\n<li><\/li>\n<\/ol>\n<\/td>\n<td width=\"217\">Wojta\u015b Wojciech<\/td>\n<td width=\"273\">Poniedzia\u0142ej 15:05-16:05<\/td>\n<\/tr>\n<tr>\n<td width=\"82\">\n<ol>\n<li><\/li>\n<\/ol>\n<\/td>\n<td width=\"217\">Andrejunas Elena<\/td>\n<td width=\"273\">Poniedzia\u0142ek 8.20-8.50<\/td>\n<\/tr>\n<tr>\n<td width=\"82\">\n<ol>\n<li><\/li>\n<\/ol>\n<\/td>\n<td width=\"217\">Grodecka-Trautsolt Iwona<\/td>\n<td width=\"273\">Wtorek 7.30-8.00<\/td>\n<\/tr>\n<tr>\n<td width=\"82\">\n<ol>\n<li><\/li>\n<\/ol>\n<\/td>\n<td width=\"217\">Schmelter Katarzyna<\/td>\n<td width=\"273\">Wtorek 14.15-15.15<\/td>\n<\/tr>\n<tr>\n<td width=\"82\">\n<ol>\n<li><\/li>\n<\/ol>\n<\/td>\n<td width=\"217\">Wi\u0119ckowski Sebastian<\/td>\n<td width=\"273\">Poniedzia\u0142ek 16:00 \u2013 16:45<\/td>\n<\/tr>\n<tr>\n<td width=\"82\">\n<ol>\n<li><\/li>\n<\/ol>\n<\/td>\n<td width=\"217\">Kowalczyk Aleksandra<\/td>\n<td width=\"273\">Wtorek 11:45 \u2013 12:45<\/td>\n<\/tr>\n<tr>\n<td width=\"82\">\n<ol>\n<li><\/li>\n<\/ol>\n<\/td>\n<td width=\"217\">Staszewska Olga<\/td>\n<td width=\"273\">Wtorek 7.30-8.00<\/td>\n<\/tr>\n<tr>\n<td width=\"82\">\n<ol>\n<li><\/li>\n<\/ol>\n<\/td>\n<td width=\"217\">Saj- Kurpiewska Ewa<\/td>\n<td width=\"273\">Poniedzia\u0142ek 14:20-14:50<\/td>\n<\/tr>\n<\/tbody>\n<\/table>\n<p style=\"font-weight: 400;\"><strong>\u00a0<\/strong><\/p>\n","protected":false},"excerpt":{"rendered":"<div class=\"mh-excerpt\"><p>Godziny dost\u0119pno\u015bci nauczycieli I LO w roku szkolnym 2024\/2025\u00a0 Lp. Nazwisko i imi\u0119 Termin Bie\u0144kowska Anna Poniedzia\u0142ek 8:00 \u2013 8:45 D\u0105browski Henryk Czwartek 15.05 &#8211; <a class=\"mh-excerpt-more\" href=\"https:\/\/zsokwidzyn.pl\/index.php\/godziny-dostepnosci\/\" title=\"Godziny dost\u0119pno\u015bci\">[&#8230;]<\/a><\/p>\n<\/div>","protected":false},"author":1,"featured_media":0,"parent":0,"menu_order":0,"comment_status":"closed","ping_status":"closed","template":"","meta":{"footnotes":""},"class_list":["post-8185","page","type-page","status-publish","hentry"],"_links":{"self":[{"href":"https:\/\/zsokwidzyn.pl\/index.php\/wp-json\/wp\/v2\/pages\/8185","targetHints":{"allow":["GET"]}}],"collection":[{"href":"https:\/\/zsokwidzyn.pl\/index.php\/wp-json\/wp\/v2\/pages"}],"about":[{"href":"https:\/\/zsokwidzyn.pl\/index.php\/wp-json\/wp\/v2\/types\/page"}],"author":[{"embeddable":true,"href":"https:\/\/zsokwidzyn.pl\/index.php\/wp-json\/wp\/v2\/users\/1"}],"replies":[{"embeddable":true,"href":"https:\/\/zsokwidzyn.pl\/index.php\/wp-json\/wp\/v2\/comments?post=8185"}],"version-history":[{"count":5,"href":"https:\/\/zsokwidzyn.pl\/index.php\/wp-json\/wp\/v2\/pages\/8185\/revisions"}],"predecessor-version":[{"id":8325,"href":"https:\/\/zsokwidzyn.pl\/index.php\/wp-json\/wp\/v2\/pages\/8185\/revisions\/8325"}],"wp:attachment":[{"href":"https:\/\/zsokwidzyn.pl\/index.php\/wp-json\/wp\/v2\/media?parent=8185"}],"curies":[{"name":"wp","href":"https:\/\/api.w.org\/{rel}","templated":true}]}}