{"id":837,"date":"2017-01-09T11:32:45","date_gmt":"2017-01-09T10:32:45","guid":{"rendered":"http:\/\/zsokwidzyn.pl\/?page_id=837"},"modified":"2019-03-12T22:35:29","modified_gmt":"2019-03-12T21:35:29","slug":"recenzje-uczniow","status":"publish","type":"page","link":"https:\/\/zsokwidzyn.pl\/index.php\/recenzje-uczniow\/","title":{"rendered":"Recenzje uczni\u00f3w"},"content":{"rendered":"<p><span style=\"font-size: 12pt; color: #0000ff;\"><strong><a style=\"color: #0000ff;\" href=\"http:\/\/zsokwidzyn.pl\/wp-content\/uploads\/2017\/01\/popr.-converted.pdf\" target=\"_blank\" rel=\"noopener\">Clarkson<\/a> <\/strong><\/span><\/p>\n<p><span style=\"font-size: 12pt; color: #0000ff;\"><strong><a style=\"color: #0000ff;\" href=\"http:\/\/zsokwidzyn.pl\/wp-content\/uploads\/2017\/01\/czeresnie-rec-converted.pdf\" target=\"_blank\" rel=\"noopener\"><span style=\"font-size: 12pt;\">Czere\u015bnie<\/span><\/a><\/strong><\/span><\/p>\n<p><span style=\"font-size: 12pt; color: #0000ff;\"><strong><a style=\"color: #0000ff;\" href=\"http:\/\/zsokwidzyn.pl\/wp-content\/uploads\/2017\/01\/dygot-rec.pdf\" target=\"_blank\" rel=\"noopener\">Dygot <\/a><\/strong><\/span><\/p>\n<p><span style=\"font-size: 12pt; color: #0000ff;\"><strong><a style=\"color: #0000ff;\" href=\"http:\/\/zsokwidzyn.pl\/wp-content\/uploads\/2017\/01\/przerwana-lekcja-muzyki-rec.pdf\" target=\"_blank\" rel=\"noopener\">Przerwana lekcja muzyki <\/a><\/strong><\/span><\/p>\n<p><span style=\"font-size: 12pt; color: #0000ff;\"><strong><a style=\"color: #0000ff;\" href=\"http:\/\/zsokwidzyn.pl\/wp-content\/uploads\/2017\/01\/recenzja-without-merit-marta-borkowska.pdf\" target=\"_blank\" rel=\"noopener\"> Without merit <\/a><\/strong><\/span><\/p>\n<p><span style=\"font-size: 12pt; color: #0000ff;\"><strong><a style=\"color: #0000ff;\" href=\"http:\/\/zsokwidzyn.pl\/wp-content\/uploads\/2016\/11\/Z-mi\u0142o\u015bci-do-prawdy.pdf\">Z mi\u0142o\u015bci do prawdy<\/a><\/strong><\/span><\/p>\n<p><span style=\"font-size: 12pt; color: #0000ff;\"><strong> <a style=\"color: #0000ff;\" href=\"http:\/\/zsokwidzyn.pl\/wp-content\/uploads\/2016\/11\/Podr\u00f3\u017c-bez\u015blubna.pdf\">Podr\u00f3\u017c bez\u015blubna<\/a> <\/strong><\/span><\/p>\n<p><span style=\"font-size: 12pt; color: #0000ff;\"><strong><a style=\"color: #0000ff;\" href=\"http:\/\/zsokwidzyn.pl\/wp-content\/uploads\/2016\/11\/Pami\u0119tnik-narkomanki-recenzja.pdf\">P<\/a><a style=\"color: #0000ff;\" href=\"http:\/\/zsokwidzyn.pl\/wp-content\/uploads\/2016\/11\/Pami\u0119tnik-narkomanki-recenzja.pdf\">ami\u0119tnik narkomanki recenzja<\/a><\/strong><\/span><\/p>\n<p><span style=\"color: #0000ff;\"><strong><span style=\"font-size: 12pt;\"><a style=\"color: #0000ff;\" href=\"http:\/\/zsokwidzyn.pl\/wp-content\/uploads\/2016\/11\/Oro-Marcel-A.-Marcel-kl.-I-c.pdf\">Oro Marcel A. Marcel<\/a> <\/span><\/strong><\/span><\/p>\n<p><span style=\"color: #0000ff;\"><strong><span style=\"font-size: 12pt;\"><a style=\"color: #0000ff;\" href=\"http:\/\/zsokwidzyn.pl\/wp-content\/uploads\/2016\/11\/M\u00f3j-pow\u00f3d-by-oddycha\u0107.pdf\">M\u00f3j pow\u00f3d by oddycha\u0107<\/a> <\/span><\/strong><\/span><\/p>\n<p><span style=\"color: #0000ff;\"><strong><span style=\"font-size: 12pt;\"><a style=\"color: #0000ff;\" href=\"http:\/\/zsokwidzyn.pl\/wp-content\/uploads\/2016\/11\/Ksi\u0105\u017c\u0119-cierni.pdf\">Ksi\u0105\u017c\u0119 cierni<\/a> <\/span><\/strong><\/span><\/p>\n<p><span style=\"color: #0000ff;\"><strong><span style=\"font-size: 12pt;\"><a style=\"color: #0000ff;\" href=\"http:\/\/zsokwidzyn.pl\/wp-content\/uploads\/2016\/11\/Gwiazd-naszych-wina.pdf\">Gwiazd naszych wina<\/a><\/span><\/strong><\/span><\/p>\n<p><span style=\"color: #0000ff;\"><strong><span style=\"font-size: 12pt;\"><a style=\"color: #0000ff;\" href=\"http:\/\/zsokwidzyn.pl\/wp-content\/uploads\/2017\/01\/behawiorysta-recenzja-1.pdf\" target=\"_blank\" rel=\"noopener\">Behawiorysta<\/a><\/span><\/strong><\/span><\/p>\n<p><span style=\"color: #0000ff;\"><strong><span style=\"font-size: 12pt;\"><a style=\"color: #0000ff;\" href=\"http:\/\/zsokwidzyn.pl\/wp-content\/uploads\/2017\/01\/mleko-i-mi\u00f3d-recenzja.pdf\" target=\"_blank\" rel=\"noopener\">Mleko i mi\u00f3d<\/a><\/span><\/strong><\/span><\/p>\n<p><span style=\"color: #0000ff;\"><strong><span style=\"font-size: 12pt;\"><a style=\"color: #0000ff;\" href=\"http:\/\/zsokwidzyn.pl\/wp-content\/uploads\/2019\/03\/Igrzyska-\u015bmierci.pdf\" target=\"_blank\" rel=\"noopener\">Igrzyska \u015bmierci<\/a><\/span><\/strong><\/span><\/p>\n","protected":false},"excerpt":{"rendered":"<div class=\"mh-excerpt\"><p>Clarkson Czere\u015bnie Dygot Przerwana lekcja muzyki Without merit Z mi\u0142o\u015bci do prawdy Podr\u00f3\u017c bez\u015blubna Pami\u0119tnik narkomanki recenzja Oro Marcel A. Marcel M\u00f3j pow\u00f3d by oddycha\u0107 <a class=\"mh-excerpt-more\" href=\"https:\/\/zsokwidzyn.pl\/index.php\/recenzje-uczniow\/\" title=\"Recenzje uczni\u00f3w\">[&#8230;]<\/a><\/p>\n<\/div>","protected":false},"author":1,"featured_media":0,"parent":0,"menu_order":0,"comment_status":"closed","ping_status":"closed","template":"","meta":{"footnotes":""},"class_list":["post-837","page","type-page","status-publish","hentry"],"_links":{"self":[{"href":"https:\/\/zsokwidzyn.pl\/index.php\/wp-json\/wp\/v2\/pages\/837","targetHints":{"allow":["GET"]}}],"collection":[{"href":"https:\/\/zsokwidzyn.pl\/index.php\/wp-json\/wp\/v2\/pages"}],"about":[{"href":"https:\/\/zsokwidzyn.pl\/index.php\/wp-json\/wp\/v2\/types\/page"}],"author":[{"embeddable":true,"href":"https:\/\/zsokwidzyn.pl\/index.php\/wp-json\/wp\/v2\/users\/1"}],"replies":[{"embeddable":true,"href":"https:\/\/zsokwidzyn.pl\/index.php\/wp-json\/wp\/v2\/comments?post=837"}],"version-history":[{"count":17,"href":"https:\/\/zsokwidzyn.pl\/index.php\/wp-json\/wp\/v2\/pages\/837\/revisions"}],"predecessor-version":[{"id":4320,"href":"https:\/\/zsokwidzyn.pl\/index.php\/wp-json\/wp\/v2\/pages\/837\/revisions\/4320"}],"wp:attachment":[{"href":"https:\/\/zsokwidzyn.pl\/index.php\/wp-json\/wp\/v2\/media?parent=837"}],"curies":[{"name":"wp","href":"https:\/\/api.w.org\/{rel}","templated":true}]}}