{"id":840,"date":"2017-01-09T11:33:56","date_gmt":"2017-01-09T10:33:56","guid":{"rendered":"http:\/\/zsokwidzyn.pl\/?page_id=840"},"modified":"2017-01-31T09:25:45","modified_gmt":"2017-01-31T08:25:45","slug":"spotkania-z-ksiazka","status":"publish","type":"page","link":"https:\/\/zsokwidzyn.pl\/index.php\/spotkania-z-ksiazka\/","title":{"rendered":"Spotkania z Ksi\u0105\u017ck\u0105"},"content":{"rendered":"<p style=\"text-align: justify;\"><span style=\"font-size: 12pt;\">Od ubieg\u0142ego roku szkolnego uczniowie klasy o profilu pedagogiczno-psychologicznym , w ramach\u00a0 promocji czytelnictwa, rozpocz\u0119li czytanie ksi\u0105\u017cek dzieciom w przedszkolu ekologicznym w Kwidzynie. Zaj\u0119cia mia\u0142y charakter cykliczny, odbywa\u0142y si\u0119 we wtorki w ramach ,,Spotka\u0144 z Ksi\u0105\u017ck\u0105\u201d. W miesi\u0105cu czerwcu tego roku w\u0142\u0105czyli\u015bmy dzieci do og\u00f3lnopolskiej akcji ,,Jak nie czytam, jak czytam\u201d przygotowuj\u0105c teksty oraz zabawy ruchowe.\u00a0<\/span><\/p>\n<p style=\"text-align: justify;\"><span style=\"font-size: 12pt;\">Dnia 11 pa\u017adziernika 2016 roku otworzyli\u015bmy kolejny\u00a0 rok czytania.\u00a0 Tym razem zaj\u0119cia przygotowa\u0142y dwie klasy o profilu psychologiczno \u2013 pedagogicznym: klasa 1d i 2d. Grupa 3- latk\u00f3w, w nawi\u0105zaniu do tegorocznych stroj\u00f3w bean\u00f3w, po wys\u0142uchaniu bajki o ,, Brzydkim kacz\u0105tku\u201d ta\u0144czy\u0142a w rytm weso\u0142ej muzyki ,,Kaczuchy\u201d. 4-5- latki , po poznaniu historii\u00a0 Kopciuszka, rozwi\u0105zywa\u0142y quiz oraz nauczy\u0142y si\u0119 nowego uk\u0142adu tanecznego. Natomiast najstarsza grupa przenios\u0142a si\u0119 w magiczny \u015bwiat ,,Franklina\u201d, w kt\u00f3rym za pomoc\u0105 teleskop\u00f3w poszukiwa\u0142a gwiazdek na niebie. Zar\u00f3wno czytane przez licealist\u00f3w teksty, jak i przygotowane zabawy, dostarczy\u0142y maluchom wiele rado\u015bci.<\/span><\/p>\n<p><span style=\"font-size: 12pt;\">\u00a0Kolejne ,,Spotkania z Ksi\u0105\u017ck\u0105\u201d, poznawanie bajkowych bohater\u00f3w przed nami.<\/span><\/p>\n<p><strong><span style=\"color: #0000ff; font-size: 12pt;\"><a style=\"color: #0000ff;\" href=\"http:\/\/zsokwidzyn.pl\/wp-content\/uploads\/2017\/01\/Pierwsze-czytanie.pdf\" target=\"_blank\">Pierwsze spotkanie<\/a><\/span><\/strong><\/p>\n<p><strong><span style=\"color: #0000ff; font-size: 12pt;\"><a style=\"color: #0000ff;\" href=\"http:\/\/zsokwidzyn.pl\/wp-content\/uploads\/2017\/01\/Teksty-bajek.pdf\" target=\"_blank\">Teksty bajek<\/a><\/span><\/strong><\/p>\n<p><strong><span style=\"color: #0000ff; font-size: 12pt;\"><a style=\"color: #0000ff;\" href=\"http:\/\/zsokwidzyn.pl\/wp-content\/uploads\/2017\/01\/Rysunki-przedszkolak\u00f3w.pdf\" target=\"_blank\">Rysunki przedszkolak\u00f3w<\/a><\/span><\/strong><\/p>\n<p><iframe loading=\"lazy\" src=\"\/\/www.youtube.com\/embed\/izZ9rLMuM7A\" width=\"560\" height=\"314\" allowfullscreen=\"allowfullscreen\"><\/iframe><\/p>\n<p><span style=\"font-size: 12pt;\">\r\n<div class=\"ngg-galleryoverview\" id=\"ngg-gallery-81-840\">\r\n\r\n\t<!-- Slideshow link -->\r\n\t<div class=\"slideshowlink\">\r\n\t\t<a class=\"slideshowlink\" href=\"https:\/\/zsokwidzyn.pl\/index.php\/spotkania-z-ksiazka\/?show=slide\">\r\n\t\t\t[Show as slideshow]\t\t<\/a>\r\n\t<\/div>\r\n\r\n\t\r\n\t<!-- Thumbnails -->\r\n\t\t\r\n\t<div id=\"ngg-image-997\" class=\"ngg-gallery-thumbnail-box\"  >\r\n\t\t<div class=\"ngg-gallery-thumbnail\" >\r\n\t\t\t<a href=\"https:\/\/zsokwidzyn.pl\/wp-content\/gallery\/zdjecia-z-przedszkola\/14632511_1016356541821128_1579514721_o.jpg\" title=\" \" class=\"shutterset_set_81\" >\r\n\t\t\t\t\t\t\t\t<img loading=\"lazy\" decoding=\"async\" title=\"14632511_1016356541821128_1579514721_o\" alt=\"14632511_1016356541821128_1579514721_o\" src=\"https:\/\/zsokwidzyn.pl\/wp-content\/gallery\/zdjecia-z-przedszkola\/thumbs\/thumbs_14632511_1016356541821128_1579514721_o.jpg\" width=\"100\" height=\"75\" \/>\r\n\t\t\t\t\t\t\t<\/a>\r\n\t\t<\/div>\r\n\t<\/div>\r\n\t\r\n\t\t\r\n \t\t\r\n\t<div id=\"ngg-image-998\" class=\"ngg-gallery-thumbnail-box\"  >\r\n\t\t<div class=\"ngg-gallery-thumbnail\" >\r\n\t\t\t<a href=\"https:\/\/zsokwidzyn.pl\/wp-content\/gallery\/zdjecia-z-przedszkola\/14803099_1016356575154458_918758641_o.jpg\" title=\" \" class=\"shutterset_set_81\" >\r\n\t\t\t\t\t\t\t\t<img loading=\"lazy\" decoding=\"async\" title=\"14803099_1016356575154458_918758641_o\" alt=\"14803099_1016356575154458_918758641_o\" src=\"https:\/\/zsokwidzyn.pl\/wp-content\/gallery\/zdjecia-z-przedszkola\/thumbs\/thumbs_14803099_1016356575154458_918758641_o.jpg\" width=\"100\" height=\"75\" \/>\r\n\t\t\t\t\t\t\t<\/a>\r\n\t\t<\/div>\r\n\t<\/div>\r\n\t\r\n\t\t\r\n \t\t\r\n\t<div id=\"ngg-image-999\" class=\"ngg-gallery-thumbnail-box\"  >\r\n\t\t<div class=\"ngg-gallery-thumbnail\" >\r\n\t\t\t<a href=\"https:\/\/zsokwidzyn.pl\/wp-content\/gallery\/zdjecia-z-przedszkola\/15007734_928102253958726_1284334059_o.jpg\" title=\" \" class=\"shutterset_set_81\" >\r\n\t\t\t\t\t\t\t\t<img loading=\"lazy\" decoding=\"async\" title=\"15007734_928102253958726_1284334059_o\" alt=\"15007734_928102253958726_1284334059_o\" src=\"https:\/\/zsokwidzyn.pl\/wp-content\/gallery\/zdjecia-z-przedszkola\/thumbs\/thumbs_15007734_928102253958726_1284334059_o.jpg\" width=\"100\" height=\"75\" \/>\r\n\t\t\t\t\t\t\t<\/a>\r\n\t\t<\/div>\r\n\t<\/div>\r\n\t\r\n\t\t\r\n \t\t\r\n\t<div id=\"ngg-image-1000\" class=\"ngg-gallery-thumbnail-box\"  >\r\n\t\t<div class=\"ngg-gallery-thumbnail\" >\r\n\t\t\t<a href=\"https:\/\/zsokwidzyn.pl\/wp-content\/gallery\/zdjecia-z-przedszkola\/15034346_928102407292044_857425670_o.jpg\" title=\" \" class=\"shutterset_set_81\" >\r\n\t\t\t\t\t\t\t\t<img loading=\"lazy\" decoding=\"async\" title=\"15034346_928102407292044_857425670_o\" alt=\"15034346_928102407292044_857425670_o\" src=\"https:\/\/zsokwidzyn.pl\/wp-content\/gallery\/zdjecia-z-przedszkola\/thumbs\/thumbs_15034346_928102407292044_857425670_o.jpg\" width=\"100\" height=\"75\" \/>\r\n\t\t\t\t\t\t\t<\/a>\r\n\t\t<\/div>\r\n\t<\/div>\r\n\t\r\n\t\t\r\n \t\t\r\n\t<div id=\"ngg-image-1001\" class=\"ngg-gallery-thumbnail-box\"  >\r\n\t\t<div class=\"ngg-gallery-thumbnail\" >\r\n\t\t\t<a href=\"https:\/\/zsokwidzyn.pl\/wp-content\/gallery\/zdjecia-z-przedszkola\/15044704_928102283958723_2017322279_o.jpg\" title=\" \" class=\"shutterset_set_81\" >\r\n\t\t\t\t\t\t\t\t<img loading=\"lazy\" decoding=\"async\" title=\"15044704_928102283958723_2017322279_o\" alt=\"15044704_928102283958723_2017322279_o\" src=\"https:\/\/zsokwidzyn.pl\/wp-content\/gallery\/zdjecia-z-przedszkola\/thumbs\/thumbs_15044704_928102283958723_2017322279_o.jpg\" width=\"100\" height=\"75\" \/>\r\n\t\t\t\t\t\t\t<\/a>\r\n\t\t<\/div>\r\n\t<\/div>\r\n\t\r\n\t\t\r\n \t\t\r\n\t<div id=\"ngg-image-1002\" class=\"ngg-gallery-thumbnail-box\"  >\r\n\t\t<div class=\"ngg-gallery-thumbnail\" >\r\n\t\t\t<a href=\"https:\/\/zsokwidzyn.pl\/wp-content\/gallery\/zdjecia-z-przedszkola\/15045273_928102243958727_2145243844_o.jpg\" title=\" \" class=\"shutterset_set_81\" >\r\n\t\t\t\t\t\t\t\t<img loading=\"lazy\" decoding=\"async\" title=\"15045273_928102243958727_2145243844_o\" alt=\"15045273_928102243958727_2145243844_o\" src=\"https:\/\/zsokwidzyn.pl\/wp-content\/gallery\/zdjecia-z-przedszkola\/thumbs\/thumbs_15045273_928102243958727_2145243844_o.jpg\" width=\"100\" height=\"75\" \/>\r\n\t\t\t\t\t\t\t<\/a>\r\n\t\t<\/div>\r\n\t<\/div>\r\n\t\r\n\t\t\r\n \t\t\r\n\t<div id=\"ngg-image-1003\" class=\"ngg-gallery-thumbnail-box\"  >\r\n\t\t<div class=\"ngg-gallery-thumbnail\" >\r\n\t\t\t<a href=\"https:\/\/zsokwidzyn.pl\/wp-content\/gallery\/zdjecia-z-przedszkola\/20161122_132759.jpg\" title=\" \" class=\"shutterset_set_81\" >\r\n\t\t\t\t\t\t\t\t<img loading=\"lazy\" decoding=\"async\" title=\"20161122_132759\" alt=\"20161122_132759\" src=\"https:\/\/zsokwidzyn.pl\/wp-content\/gallery\/zdjecia-z-przedszkola\/thumbs\/thumbs_20161122_132759.jpg\" width=\"100\" height=\"75\" \/>\r\n\t\t\t\t\t\t\t<\/a>\r\n\t\t<\/div>\r\n\t<\/div>\r\n\t\r\n\t\t\r\n \t\t\r\n\t<div id=\"ngg-image-1004\" class=\"ngg-gallery-thumbnail-box\"  >\r\n\t\t<div class=\"ngg-gallery-thumbnail\" >\r\n\t\t\t<a href=\"https:\/\/zsokwidzyn.pl\/wp-content\/gallery\/zdjecia-z-przedszkola\/20161122_133006.jpg\" title=\" \" class=\"shutterset_set_81\" >\r\n\t\t\t\t\t\t\t\t<img loading=\"lazy\" decoding=\"async\" title=\"20161122_133006\" alt=\"20161122_133006\" src=\"https:\/\/zsokwidzyn.pl\/wp-content\/gallery\/zdjecia-z-przedszkola\/thumbs\/thumbs_20161122_133006.jpg\" width=\"100\" height=\"75\" \/>\r\n\t\t\t\t\t\t\t<\/a>\r\n\t\t<\/div>\r\n\t<\/div>\r\n\t\r\n\t\t\r\n \t\t\r\n\t<div id=\"ngg-image-1005\" class=\"ngg-gallery-thumbnail-box\"  >\r\n\t\t<div class=\"ngg-gallery-thumbnail\" >\r\n\t\t\t<a href=\"https:\/\/zsokwidzyn.pl\/wp-content\/gallery\/zdjecia-z-przedszkola\/20161122_133237.jpg\" title=\" \" class=\"shutterset_set_81\" >\r\n\t\t\t\t\t\t\t\t<img loading=\"lazy\" decoding=\"async\" title=\"20161122_133237\" alt=\"20161122_133237\" src=\"https:\/\/zsokwidzyn.pl\/wp-content\/gallery\/zdjecia-z-przedszkola\/thumbs\/thumbs_20161122_133237.jpg\" width=\"100\" height=\"75\" \/>\r\n\t\t\t\t\t\t\t<\/a>\r\n\t\t<\/div>\r\n\t<\/div>\r\n\t\r\n\t\t\r\n \t\t\r\n\t<div id=\"ngg-image-1006\" class=\"ngg-gallery-thumbnail-box\"  >\r\n\t\t<div class=\"ngg-gallery-thumbnail\" >\r\n\t\t\t<a href=\"https:\/\/zsokwidzyn.pl\/wp-content\/gallery\/zdjecia-z-przedszkola\/20161122_133430.jpg\" title=\" \" class=\"shutterset_set_81\" >\r\n\t\t\t\t\t\t\t\t<img loading=\"lazy\" decoding=\"async\" title=\"20161122_133430\" alt=\"20161122_133430\" src=\"https:\/\/zsokwidzyn.pl\/wp-content\/gallery\/zdjecia-z-przedszkola\/thumbs\/thumbs_20161122_133430.jpg\" width=\"100\" height=\"75\" \/>\r\n\t\t\t\t\t\t\t<\/a>\r\n\t\t<\/div>\r\n\t<\/div>\r\n\t\r\n\t\t\r\n \t\t\r\n\t<div id=\"ngg-image-1007\" class=\"ngg-gallery-thumbnail-box\"  >\r\n\t\t<div class=\"ngg-gallery-thumbnail\" >\r\n\t\t\t<a href=\"https:\/\/zsokwidzyn.pl\/wp-content\/gallery\/zdjecia-z-przedszkola\/20161122_133611.jpg\" title=\" \" class=\"shutterset_set_81\" >\r\n\t\t\t\t\t\t\t\t<img loading=\"lazy\" decoding=\"async\" title=\"20161122_133611\" alt=\"20161122_133611\" src=\"https:\/\/zsokwidzyn.pl\/wp-content\/gallery\/zdjecia-z-przedszkola\/thumbs\/thumbs_20161122_133611.jpg\" width=\"100\" height=\"75\" \/>\r\n\t\t\t\t\t\t\t<\/a>\r\n\t\t<\/div>\r\n\t<\/div>\r\n\t\r\n\t\t\r\n \t\t\r\n\t<div id=\"ngg-image-1008\" class=\"ngg-gallery-thumbnail-box\"  >\r\n\t\t<div class=\"ngg-gallery-thumbnail\" >\r\n\t\t\t<a href=\"https:\/\/zsokwidzyn.pl\/wp-content\/gallery\/zdjecia-z-przedszkola\/20161122_133806.jpg\" title=\" \" class=\"shutterset_set_81\" >\r\n\t\t\t\t\t\t\t\t<img loading=\"lazy\" decoding=\"async\" title=\"20161122_133806\" alt=\"20161122_133806\" src=\"https:\/\/zsokwidzyn.pl\/wp-content\/gallery\/zdjecia-z-przedszkola\/thumbs\/thumbs_20161122_133806.jpg\" width=\"100\" height=\"75\" \/>\r\n\t\t\t\t\t\t\t<\/a>\r\n\t\t<\/div>\r\n\t<\/div>\r\n\t\r\n\t\t\r\n \t\t\r\n\t<div id=\"ngg-image-1009\" class=\"ngg-gallery-thumbnail-box\"  >\r\n\t\t<div class=\"ngg-gallery-thumbnail\" >\r\n\t\t\t<a href=\"https:\/\/zsokwidzyn.pl\/wp-content\/gallery\/zdjecia-z-przedszkola\/20161122_133854.jpg\" title=\" \" class=\"shutterset_set_81\" >\r\n\t\t\t\t\t\t\t\t<img loading=\"lazy\" decoding=\"async\" title=\"20161122_133854\" alt=\"20161122_133854\" src=\"https:\/\/zsokwidzyn.pl\/wp-content\/gallery\/zdjecia-z-przedszkola\/thumbs\/thumbs_20161122_133854.jpg\" width=\"100\" height=\"75\" \/>\r\n\t\t\t\t\t\t\t<\/a>\r\n\t\t<\/div>\r\n\t<\/div>\r\n\t\r\n\t\t\r\n \t\t\r\n\t<div id=\"ngg-image-1010\" class=\"ngg-gallery-thumbnail-box\"  >\r\n\t\t<div class=\"ngg-gallery-thumbnail\" >\r\n\t\t\t<a href=\"https:\/\/zsokwidzyn.pl\/wp-content\/gallery\/zdjecia-z-przedszkola\/20161122_133942.jpg\" title=\" \" class=\"shutterset_set_81\" >\r\n\t\t\t\t\t\t\t\t<img loading=\"lazy\" decoding=\"async\" title=\"20161122_133942\" alt=\"20161122_133942\" src=\"https:\/\/zsokwidzyn.pl\/wp-content\/gallery\/zdjecia-z-przedszkola\/thumbs\/thumbs_20161122_133942.jpg\" width=\"100\" height=\"75\" \/>\r\n\t\t\t\t\t\t\t<\/a>\r\n\t\t<\/div>\r\n\t<\/div>\r\n\t\r\n\t\t\r\n \t\t\r\n\t<div id=\"ngg-image-1011\" class=\"ngg-gallery-thumbnail-box\"  >\r\n\t\t<div class=\"ngg-gallery-thumbnail\" >\r\n\t\t\t<a href=\"https:\/\/zsokwidzyn.pl\/wp-content\/gallery\/zdjecia-z-przedszkola\/20161122_134017.jpg\" title=\" \" class=\"shutterset_set_81\" >\r\n\t\t\t\t\t\t\t\t<img loading=\"lazy\" decoding=\"async\" title=\"20161122_134017\" alt=\"20161122_134017\" src=\"https:\/\/zsokwidzyn.pl\/wp-content\/gallery\/zdjecia-z-przedszkola\/thumbs\/thumbs_20161122_134017.jpg\" width=\"100\" height=\"75\" \/>\r\n\t\t\t\t\t\t\t<\/a>\r\n\t\t<\/div>\r\n\t<\/div>\r\n\t\r\n\t\t\r\n \t\t\r\n\t<div id=\"ngg-image-1012\" class=\"ngg-gallery-thumbnail-box\"  >\r\n\t\t<div class=\"ngg-gallery-thumbnail\" >\r\n\t\t\t<a href=\"https:\/\/zsokwidzyn.pl\/wp-content\/gallery\/zdjecia-z-przedszkola\/20161122_134026.jpg\" title=\" \" class=\"shutterset_set_81\" >\r\n\t\t\t\t\t\t\t\t<img loading=\"lazy\" decoding=\"async\" title=\"20161122_134026\" alt=\"20161122_134026\" src=\"https:\/\/zsokwidzyn.pl\/wp-content\/gallery\/zdjecia-z-przedszkola\/thumbs\/thumbs_20161122_134026.jpg\" width=\"100\" height=\"75\" \/>\r\n\t\t\t\t\t\t\t<\/a>\r\n\t\t<\/div>\r\n\t<\/div>\r\n\t\r\n\t\t\r\n \t\t\r\n\t<div id=\"ngg-image-1013\" class=\"ngg-gallery-thumbnail-box\"  >\r\n\t\t<div class=\"ngg-gallery-thumbnail\" >\r\n\t\t\t<a href=\"https:\/\/zsokwidzyn.pl\/wp-content\/gallery\/zdjecia-z-przedszkola\/20161122_134220.jpg\" title=\" \" class=\"shutterset_set_81\" >\r\n\t\t\t\t\t\t\t\t<img loading=\"lazy\" decoding=\"async\" title=\"20161122_134220\" alt=\"20161122_134220\" src=\"https:\/\/zsokwidzyn.pl\/wp-content\/gallery\/zdjecia-z-przedszkola\/thumbs\/thumbs_20161122_134220.jpg\" width=\"100\" height=\"75\" \/>\r\n\t\t\t\t\t\t\t<\/a>\r\n\t\t<\/div>\r\n\t<\/div>\r\n\t\r\n\t\t\r\n \t\t\r\n\t<div id=\"ngg-image-1014\" class=\"ngg-gallery-thumbnail-box\"  >\r\n\t\t<div class=\"ngg-gallery-thumbnail\" >\r\n\t\t\t<a href=\"https:\/\/zsokwidzyn.pl\/wp-content\/gallery\/zdjecia-z-przedszkola\/20161122_134454.jpg\" title=\" \" class=\"shutterset_set_81\" >\r\n\t\t\t\t\t\t\t\t<img loading=\"lazy\" decoding=\"async\" title=\"20161122_134454\" alt=\"20161122_134454\" src=\"https:\/\/zsokwidzyn.pl\/wp-content\/gallery\/zdjecia-z-przedszkola\/thumbs\/thumbs_20161122_134454.jpg\" width=\"100\" height=\"75\" \/>\r\n\t\t\t\t\t\t\t<\/a>\r\n\t\t<\/div>\r\n\t<\/div>\r\n\t\r\n\t\t\r\n \t\t\r\n\t<div id=\"ngg-image-1015\" class=\"ngg-gallery-thumbnail-box\"  >\r\n\t\t<div class=\"ngg-gallery-thumbnail\" >\r\n\t\t\t<a href=\"https:\/\/zsokwidzyn.pl\/wp-content\/gallery\/zdjecia-z-przedszkola\/20161122_134922.jpg\" title=\" \" class=\"shutterset_set_81\" >\r\n\t\t\t\t\t\t\t\t<img loading=\"lazy\" decoding=\"async\" title=\"20161122_134922\" alt=\"20161122_134922\" src=\"https:\/\/zsokwidzyn.pl\/wp-content\/gallery\/zdjecia-z-przedszkola\/thumbs\/thumbs_20161122_134922.jpg\" width=\"100\" height=\"75\" \/>\r\n\t\t\t\t\t\t\t<\/a>\r\n\t\t<\/div>\r\n\t<\/div>\r\n\t\r\n\t\t\r\n \t \t\r\n\t<!-- Pagination -->\r\n \t<div class=\"ngg-clear\"><\/div> \t\r\n<\/div>\r\n\r\n<\/span><\/p>\n","protected":false},"excerpt":{"rendered":"<div class=\"mh-excerpt\"><p>Od ubieg\u0142ego roku szkolnego uczniowie klasy o profilu pedagogiczno-psychologicznym , w ramach\u00a0 promocji czytelnictwa, rozpocz\u0119li czytanie ksi\u0105\u017cek dzieciom w przedszkolu ekologicznym w Kwidzynie. Zaj\u0119cia mia\u0142y <a class=\"mh-excerpt-more\" href=\"https:\/\/zsokwidzyn.pl\/index.php\/spotkania-z-ksiazka\/\" title=\"Spotkania z Ksi\u0105\u017ck\u0105\">[&#8230;]<\/a><\/p>\n<\/div>","protected":false},"author":1,"featured_media":0,"parent":0,"menu_order":0,"comment_status":"closed","ping_status":"closed","template":"","meta":{"footnotes":""},"class_list":["post-840","page","type-page","status-publish","hentry"],"_links":{"self":[{"href":"https:\/\/zsokwidzyn.pl\/index.php\/wp-json\/wp\/v2\/pages\/840","targetHints":{"allow":["GET"]}}],"collection":[{"href":"https:\/\/zsokwidzyn.pl\/index.php\/wp-json\/wp\/v2\/pages"}],"about":[{"href":"https:\/\/zsokwidzyn.pl\/index.php\/wp-json\/wp\/v2\/types\/page"}],"author":[{"embeddable":true,"href":"https:\/\/zsokwidzyn.pl\/index.php\/wp-json\/wp\/v2\/users\/1"}],"replies":[{"embeddable":true,"href":"https:\/\/zsokwidzyn.pl\/index.php\/wp-json\/wp\/v2\/comments?post=840"}],"version-history":[{"count":10,"href":"https:\/\/zsokwidzyn.pl\/index.php\/wp-json\/wp\/v2\/pages\/840\/revisions"}],"predecessor-version":[{"id":952,"href":"https:\/\/zsokwidzyn.pl\/index.php\/wp-json\/wp\/v2\/pages\/840\/revisions\/952"}],"wp:attachment":[{"href":"https:\/\/zsokwidzyn.pl\/index.php\/wp-json\/wp\/v2\/media?parent=840"}],"curies":[{"name":"wp","href":"https:\/\/api.w.org\/{rel}","templated":true}]}}