{"id":842,"date":"2017-01-09T11:34:14","date_gmt":"2017-01-09T10:34:14","guid":{"rendered":"http:\/\/zsokwidzyn.pl\/?page_id=842"},"modified":"2018-04-19T21:03:43","modified_gmt":"2018-04-19T19:03:43","slug":"wymiana-ksiazek","status":"publish","type":"page","link":"https:\/\/zsokwidzyn.pl\/index.php\/wymiana-ksiazek\/","title":{"rendered":"Wymiana Ksi\u0105\u017cek"},"content":{"rendered":"<p><img loading=\"lazy\" decoding=\"async\" class=\"aligncenter size-full wp-image-2906\" src=\"http:\/\/zsokwidzyn.pl\/wp-content\/uploads\/2017\/01\/wymiana-ksi\u0105\u017cek-III-Edycja-1.jpg\" alt=\"\" width=\"1653\" height=\"2339\" srcset=\"https:\/\/zsokwidzyn.pl\/wp-content\/uploads\/2017\/01\/wymiana-ksi\u0105\u017cek-III-Edycja-1.jpg 1653w, https:\/\/zsokwidzyn.pl\/wp-content\/uploads\/2017\/01\/wymiana-ksi\u0105\u017cek-III-Edycja-1-212x300.jpg 212w, https:\/\/zsokwidzyn.pl\/wp-content\/uploads\/2017\/01\/wymiana-ksi\u0105\u017cek-III-Edycja-1-768x1087.jpg 768w, https:\/\/zsokwidzyn.pl\/wp-content\/uploads\/2017\/01\/wymiana-ksi\u0105\u017cek-III-Edycja-1-724x1024.jpg 724w\" sizes=\"auto, (max-width: 1653px) 100vw, 1653px\" \/><\/p>\n<p><img loading=\"lazy\" decoding=\"async\" class=\"aligncenter size-full wp-image-1269\" src=\"http:\/\/zsokwidzyn.pl\/wp-content\/uploads\/2017\/01\/WYMIANA-kSI\u0104\u017bEK-II-Edycja.jpg\" alt=\"\" width=\"1654\" height=\"2339\" srcset=\"https:\/\/zsokwidzyn.pl\/wp-content\/uploads\/2017\/01\/WYMIANA-kSI\u0104\u017bEK-II-Edycja.jpg 1654w, https:\/\/zsokwidzyn.pl\/wp-content\/uploads\/2017\/01\/WYMIANA-kSI\u0104\u017bEK-II-Edycja-212x300.jpg 212w, https:\/\/zsokwidzyn.pl\/wp-content\/uploads\/2017\/01\/WYMIANA-kSI\u0104\u017bEK-II-Edycja-768x1086.jpg 768w, https:\/\/zsokwidzyn.pl\/wp-content\/uploads\/2017\/01\/WYMIANA-kSI\u0104\u017bEK-II-Edycja-724x1024.jpg 724w\" sizes=\"auto, (max-width: 1654px) 100vw, 1654px\" \/><\/p>\n<p><strong>II Edycja Wielkiej Wymiany Ksi\u0105\u017cek- kwiecie\u0144 2017r.<\/strong><\/p>\n<p><span style=\"font-size: 12pt;\">\r\n<div class=\"ngg-galleryoverview\" id=\"ngg-gallery-122-842\">\r\n\r\n\t<!-- Slideshow link -->\r\n\t<div class=\"slideshowlink\">\r\n\t\t<a class=\"slideshowlink\" href=\"https:\/\/zsokwidzyn.pl\/index.php\/wymiana-ksiazek\/?show=slide\">\r\n\t\t\t[Show as slideshow]\t\t<\/a>\r\n\t<\/div>\r\n\r\n\t\r\n\t<!-- Thumbnails -->\r\n\t\t\r\n\t<div id=\"ngg-image-1468\" class=\"ngg-gallery-thumbnail-box\"  >\r\n\t\t<div class=\"ngg-gallery-thumbnail\" >\r\n\t\t\t<a href=\"https:\/\/zsokwidzyn.pl\/wp-content\/gallery\/wymiana-ksiazek-2017\/img_20170403_115409.jpg\" title=\" \" class=\"shutterset_set_122\" >\r\n\t\t\t\t\t\t\t\t<img loading=\"lazy\" decoding=\"async\" title=\"bty\" alt=\"bty\" src=\"https:\/\/zsokwidzyn.pl\/wp-content\/gallery\/wymiana-ksiazek-2017\/thumbs\/thumbs_img_20170403_115409.jpg\" width=\"100\" height=\"75\" \/>\r\n\t\t\t\t\t\t\t<\/a>\r\n\t\t<\/div>\r\n\t<\/div>\r\n\t\r\n\t\t\r\n \t\t\r\n\t<div id=\"ngg-image-1469\" class=\"ngg-gallery-thumbnail-box\"  >\r\n\t\t<div class=\"ngg-gallery-thumbnail\" >\r\n\t\t\t<a href=\"https:\/\/zsokwidzyn.pl\/wp-content\/gallery\/wymiana-ksiazek-2017\/20170403_112603.jpg\" title=\" \" class=\"shutterset_set_122\" >\r\n\t\t\t\t\t\t\t\t<img loading=\"lazy\" decoding=\"async\" title=\"20170403_112603\" alt=\"20170403_112603\" src=\"https:\/\/zsokwidzyn.pl\/wp-content\/gallery\/wymiana-ksiazek-2017\/thumbs\/thumbs_20170403_112603.jpg\" width=\"100\" height=\"75\" \/>\r\n\t\t\t\t\t\t\t<\/a>\r\n\t\t<\/div>\r\n\t<\/div>\r\n\t\r\n\t\t\r\n \t\t\r\n\t<div id=\"ngg-image-1470\" class=\"ngg-gallery-thumbnail-box\"  >\r\n\t\t<div class=\"ngg-gallery-thumbnail\" >\r\n\t\t\t<a href=\"https:\/\/zsokwidzyn.pl\/wp-content\/gallery\/wymiana-ksiazek-2017\/20170403_112736.jpg\" title=\" \" class=\"shutterset_set_122\" >\r\n\t\t\t\t\t\t\t\t<img loading=\"lazy\" decoding=\"async\" title=\"20170403_112736\" alt=\"20170403_112736\" src=\"https:\/\/zsokwidzyn.pl\/wp-content\/gallery\/wymiana-ksiazek-2017\/thumbs\/thumbs_20170403_112736.jpg\" width=\"100\" height=\"75\" \/>\r\n\t\t\t\t\t\t\t<\/a>\r\n\t\t<\/div>\r\n\t<\/div>\r\n\t\r\n\t\t\r\n \t\t\r\n\t<div id=\"ngg-image-1471\" class=\"ngg-gallery-thumbnail-box\"  >\r\n\t\t<div class=\"ngg-gallery-thumbnail\" >\r\n\t\t\t<a href=\"https:\/\/zsokwidzyn.pl\/wp-content\/gallery\/wymiana-ksiazek-2017\/20170403_112810.jpg\" title=\" \" class=\"shutterset_set_122\" >\r\n\t\t\t\t\t\t\t\t<img loading=\"lazy\" decoding=\"async\" title=\"20170403_112810\" alt=\"20170403_112810\" src=\"https:\/\/zsokwidzyn.pl\/wp-content\/gallery\/wymiana-ksiazek-2017\/thumbs\/thumbs_20170403_112810.jpg\" width=\"100\" height=\"75\" \/>\r\n\t\t\t\t\t\t\t<\/a>\r\n\t\t<\/div>\r\n\t<\/div>\r\n\t\r\n\t\t\r\n \t\t\r\n\t<div id=\"ngg-image-1472\" class=\"ngg-gallery-thumbnail-box\"  >\r\n\t\t<div class=\"ngg-gallery-thumbnail\" >\r\n\t\t\t<a href=\"https:\/\/zsokwidzyn.pl\/wp-content\/gallery\/wymiana-ksiazek-2017\/20170403_113224.png\" title=\" \" class=\"shutterset_set_122\" >\r\n\t\t\t\t\t\t\t\t<img loading=\"lazy\" decoding=\"async\" title=\"20170403_113224\" alt=\"20170403_113224\" src=\"https:\/\/zsokwidzyn.pl\/wp-content\/gallery\/wymiana-ksiazek-2017\/thumbs\/thumbs_20170403_113224.png\" width=\"100\" height=\"75\" \/>\r\n\t\t\t\t\t\t\t<\/a>\r\n\t\t<\/div>\r\n\t<\/div>\r\n\t\r\n\t\t\r\n \t\t\r\n\t<div id=\"ngg-image-1473\" class=\"ngg-gallery-thumbnail-box\"  >\r\n\t\t<div class=\"ngg-gallery-thumbnail\" >\r\n\t\t\t<a href=\"https:\/\/zsokwidzyn.pl\/wp-content\/gallery\/wymiana-ksiazek-2017\/20170403_113348.jpg\" title=\" \" class=\"shutterset_set_122\" >\r\n\t\t\t\t\t\t\t\t<img loading=\"lazy\" decoding=\"async\" title=\"20170403_113348\" alt=\"20170403_113348\" src=\"https:\/\/zsokwidzyn.pl\/wp-content\/gallery\/wymiana-ksiazek-2017\/thumbs\/thumbs_20170403_113348.jpg\" width=\"100\" height=\"75\" \/>\r\n\t\t\t\t\t\t\t<\/a>\r\n\t\t<\/div>\r\n\t<\/div>\r\n\t\r\n\t\t\r\n \t\t\r\n\t<div id=\"ngg-image-1514\" class=\"ngg-gallery-thumbnail-box\"  >\r\n\t\t<div class=\"ngg-gallery-thumbnail\" >\r\n\t\t\t<a href=\"https:\/\/zsokwidzyn.pl\/wp-content\/gallery\/wymiana-ksiazek-2017\/18379300_1415270728555145_1033994483_o.jpg\" title=\" \" class=\"shutterset_set_122\" >\r\n\t\t\t\t\t\t\t\t<img loading=\"lazy\" decoding=\"async\" title=\"18379300_1415270728555145_1033994483_o\" alt=\"18379300_1415270728555145_1033994483_o\" src=\"https:\/\/zsokwidzyn.pl\/wp-content\/gallery\/wymiana-ksiazek-2017\/thumbs\/thumbs_18379300_1415270728555145_1033994483_o.jpg\" width=\"100\" height=\"75\" \/>\r\n\t\t\t\t\t\t\t<\/a>\r\n\t\t<\/div>\r\n\t<\/div>\r\n\t\r\n\t\t\r\n \t\t\r\n\t<div id=\"ngg-image-1515\" class=\"ngg-gallery-thumbnail-box\"  >\r\n\t\t<div class=\"ngg-gallery-thumbnail\" >\r\n\t\t\t<a href=\"https:\/\/zsokwidzyn.pl\/wp-content\/gallery\/wymiana-ksiazek-2017\/18379324_1415273761888175_135315462_o.jpg\" title=\" \" class=\"shutterset_set_122\" >\r\n\t\t\t\t\t\t\t\t<img loading=\"lazy\" decoding=\"async\" title=\"18379324_1415273761888175_135315462_o\" alt=\"18379324_1415273761888175_135315462_o\" src=\"https:\/\/zsokwidzyn.pl\/wp-content\/gallery\/wymiana-ksiazek-2017\/thumbs\/thumbs_18379324_1415273761888175_135315462_o.jpg\" width=\"100\" height=\"75\" \/>\r\n\t\t\t\t\t\t\t<\/a>\r\n\t\t<\/div>\r\n\t<\/div>\r\n\t\r\n\t\t\r\n \t\t\r\n\t<div id=\"ngg-image-1516\" class=\"ngg-gallery-thumbnail-box\"  >\r\n\t\t<div class=\"ngg-gallery-thumbnail\" >\r\n\t\t\t<a href=\"https:\/\/zsokwidzyn.pl\/wp-content\/gallery\/wymiana-ksiazek-2017\/18405714_1415270711888480_1523068887_o.jpg\" title=\" \" class=\"shutterset_set_122\" >\r\n\t\t\t\t\t\t\t\t<img loading=\"lazy\" decoding=\"async\" title=\"18405714_1415270711888480_1523068887_o\" alt=\"18405714_1415270711888480_1523068887_o\" src=\"https:\/\/zsokwidzyn.pl\/wp-content\/gallery\/wymiana-ksiazek-2017\/thumbs\/thumbs_18405714_1415270711888480_1523068887_o.jpg\" width=\"100\" height=\"75\" \/>\r\n\t\t\t\t\t\t\t<\/a>\r\n\t\t<\/div>\r\n\t<\/div>\r\n\t\r\n\t\t\r\n \t \t\r\n\t<!-- Pagination -->\r\n \t<div class=\"ngg-clear\"><\/div> \t\r\n<\/div>\r\n\r\n<\/span><\/p>\n<p><strong>I Edycja Wielkiej Wymiany Ksi\u0105\u017cek- kwiecie\u0144 2016r.<\/strong><\/p>\n<p><span style=\"font-size: 12pt;\">\r\n<div class=\"ngg-galleryoverview\" id=\"ngg-gallery-85-842\">\r\n\r\n\t<!-- Slideshow link -->\r\n\t<div class=\"slideshowlink\">\r\n\t\t<a class=\"slideshowlink\" href=\"https:\/\/zsokwidzyn.pl\/index.php\/wymiana-ksiazek\/?show=slide\">\r\n\t\t\t[Show as slideshow]\t\t<\/a>\r\n\t<\/div>\r\n\r\n\t\r\n\t<!-- Thumbnails -->\r\n\t\t\r\n\t<div id=\"ngg-image-1044\" class=\"ngg-gallery-thumbnail-box\"  >\r\n\t\t<div class=\"ngg-gallery-thumbnail\" >\r\n\t\t\t<a href=\"https:\/\/zsokwidzyn.pl\/wp-content\/gallery\/wymiana-ksiazek\/9.jpg\" title=\" \" class=\"shutterset_set_85\" >\r\n\t\t\t\t\t\t\t\t<img loading=\"lazy\" decoding=\"async\" title=\"9\" alt=\"9\" src=\"https:\/\/zsokwidzyn.pl\/wp-content\/gallery\/wymiana-ksiazek\/thumbs\/thumbs_9.jpg\" width=\"100\" height=\"75\" \/>\r\n\t\t\t\t\t\t\t<\/a>\r\n\t\t<\/div>\r\n\t<\/div>\r\n\t\r\n\t\t\r\n \t\t\r\n\t<div id=\"ngg-image-1045\" class=\"ngg-gallery-thumbnail-box\"  >\r\n\t\t<div class=\"ngg-gallery-thumbnail\" >\r\n\t\t\t<a href=\"https:\/\/zsokwidzyn.pl\/wp-content\/gallery\/wymiana-ksiazek\/12970660_937366976377283_1998623026_o.jpg\" title=\" \" class=\"shutterset_set_85\" >\r\n\t\t\t\t\t\t\t\t<img loading=\"lazy\" decoding=\"async\" title=\"12970660_937366976377283_1998623026_o\" alt=\"12970660_937366976377283_1998623026_o\" src=\"https:\/\/zsokwidzyn.pl\/wp-content\/gallery\/wymiana-ksiazek\/thumbs\/thumbs_12970660_937366976377283_1998623026_o.jpg\" width=\"100\" height=\"75\" \/>\r\n\t\t\t\t\t\t\t<\/a>\r\n\t\t<\/div>\r\n\t<\/div>\r\n\t\r\n\t\t\r\n \t\t\r\n\t<div id=\"ngg-image-1046\" class=\"ngg-gallery-thumbnail-box\"  >\r\n\t\t<div class=\"ngg-gallery-thumbnail\" >\r\n\t\t\t<a href=\"https:\/\/zsokwidzyn.pl\/wp-content\/gallery\/wymiana-ksiazek\/12999681_938586116255369_141077097_o.jpg\" title=\" \" class=\"shutterset_set_85\" >\r\n\t\t\t\t\t\t\t\t<img loading=\"lazy\" decoding=\"async\" title=\"12999681_938586116255369_141077097_o\" alt=\"12999681_938586116255369_141077097_o\" src=\"https:\/\/zsokwidzyn.pl\/wp-content\/gallery\/wymiana-ksiazek\/thumbs\/thumbs_12999681_938586116255369_141077097_o.jpg\" width=\"100\" height=\"75\" \/>\r\n\t\t\t\t\t\t\t<\/a>\r\n\t\t<\/div>\r\n\t<\/div>\r\n\t\r\n\t\t\r\n \t\t\r\n\t<div id=\"ngg-image-1047\" class=\"ngg-gallery-thumbnail-box\"  >\r\n\t\t<div class=\"ngg-gallery-thumbnail\" >\r\n\t\t\t<a href=\"https:\/\/zsokwidzyn.pl\/wp-content\/gallery\/wymiana-ksiazek\/13000439_938586106255370_1955321421_o.jpg\" title=\" \" class=\"shutterset_set_85\" >\r\n\t\t\t\t\t\t\t\t<img loading=\"lazy\" decoding=\"async\" title=\"13000439_938586106255370_1955321421_o\" alt=\"13000439_938586106255370_1955321421_o\" src=\"https:\/\/zsokwidzyn.pl\/wp-content\/gallery\/wymiana-ksiazek\/thumbs\/thumbs_13000439_938586106255370_1955321421_o.jpg\" width=\"100\" height=\"75\" \/>\r\n\t\t\t\t\t\t\t<\/a>\r\n\t\t<\/div>\r\n\t<\/div>\r\n\t\r\n\t\t\r\n \t\t\r\n\t<div id=\"ngg-image-1048\" class=\"ngg-gallery-thumbnail-box\"  >\r\n\t\t<div class=\"ngg-gallery-thumbnail\" >\r\n\t\t\t<a href=\"https:\/\/zsokwidzyn.pl\/wp-content\/gallery\/wymiana-ksiazek\/13000503_938585442922103_631174526_o.jpg\" title=\" \" class=\"shutterset_set_85\" >\r\n\t\t\t\t\t\t\t\t<img loading=\"lazy\" decoding=\"async\" title=\"13000503_938585442922103_631174526_o\" alt=\"13000503_938585442922103_631174526_o\" src=\"https:\/\/zsokwidzyn.pl\/wp-content\/gallery\/wymiana-ksiazek\/thumbs\/thumbs_13000503_938585442922103_631174526_o.jpg\" width=\"100\" height=\"75\" \/>\r\n\t\t\t\t\t\t\t<\/a>\r\n\t\t<\/div>\r\n\t<\/div>\r\n\t\r\n\t\t\r\n \t\t\r\n\t<div id=\"ngg-image-1049\" class=\"ngg-gallery-thumbnail-box\"  >\r\n\t\t<div class=\"ngg-gallery-thumbnail\" >\r\n\t\t\t<a href=\"https:\/\/zsokwidzyn.pl\/wp-content\/gallery\/wymiana-ksiazek\/13009681_937366953043952_23690510_o.jpg\" title=\" \" class=\"shutterset_set_85\" >\r\n\t\t\t\t\t\t\t\t<img loading=\"lazy\" decoding=\"async\" title=\"13009681_937366953043952_23690510_o\" alt=\"13009681_937366953043952_23690510_o\" src=\"https:\/\/zsokwidzyn.pl\/wp-content\/gallery\/wymiana-ksiazek\/thumbs\/thumbs_13009681_937366953043952_23690510_o.jpg\" width=\"100\" height=\"75\" \/>\r\n\t\t\t\t\t\t\t<\/a>\r\n\t\t<\/div>\r\n\t<\/div>\r\n\t\r\n\t\t\r\n \t\t\r\n\t<div id=\"ngg-image-1050\" class=\"ngg-gallery-thumbnail-box\"  >\r\n\t\t<div class=\"ngg-gallery-thumbnail\" >\r\n\t\t\t<a href=\"https:\/\/zsokwidzyn.pl\/wp-content\/gallery\/wymiana-ksiazek\/13009980_938586102922037_1660712192_o.jpg\" title=\" \" class=\"shutterset_set_85\" >\r\n\t\t\t\t\t\t\t\t<img loading=\"lazy\" decoding=\"async\" title=\"13009980_938586102922037_1660712192_o\" alt=\"13009980_938586102922037_1660712192_o\" src=\"https:\/\/zsokwidzyn.pl\/wp-content\/gallery\/wymiana-ksiazek\/thumbs\/thumbs_13009980_938586102922037_1660712192_o.jpg\" width=\"100\" height=\"75\" \/>\r\n\t\t\t\t\t\t\t<\/a>\r\n\t\t<\/div>\r\n\t<\/div>\r\n\t\r\n\t\t\r\n \t\t\r\n\t<div id=\"ngg-image-1051\" class=\"ngg-gallery-thumbnail-box\"  >\r\n\t\t<div class=\"ngg-gallery-thumbnail\" >\r\n\t\t\t<a href=\"https:\/\/zsokwidzyn.pl\/wp-content\/gallery\/wymiana-ksiazek\/13016685_941556185958362_1795013660_o.jpg\" title=\" \" class=\"shutterset_set_85\" >\r\n\t\t\t\t\t\t\t\t<img loading=\"lazy\" decoding=\"async\" title=\"13016685_941556185958362_1795013660_o\" alt=\"13016685_941556185958362_1795013660_o\" src=\"https:\/\/zsokwidzyn.pl\/wp-content\/gallery\/wymiana-ksiazek\/thumbs\/thumbs_13016685_941556185958362_1795013660_o.jpg\" width=\"100\" height=\"75\" \/>\r\n\t\t\t\t\t\t\t<\/a>\r\n\t\t<\/div>\r\n\t<\/div>\r\n\t\r\n\t\t\r\n \t\t\r\n\t<div id=\"ngg-image-1052\" class=\"ngg-gallery-thumbnail-box\"  >\r\n\t\t<div class=\"ngg-gallery-thumbnail\" >\r\n\t\t\t<a href=\"https:\/\/zsokwidzyn.pl\/wp-content\/gallery\/wymiana-ksiazek\/13035680_941556335958347_103453902_o.jpg\" title=\" \" class=\"shutterset_set_85\" >\r\n\t\t\t\t\t\t\t\t<img loading=\"lazy\" decoding=\"async\" title=\"13035680_941556335958347_103453902_o\" alt=\"13035680_941556335958347_103453902_o\" src=\"https:\/\/zsokwidzyn.pl\/wp-content\/gallery\/wymiana-ksiazek\/thumbs\/thumbs_13035680_941556335958347_103453902_o.jpg\" width=\"100\" height=\"75\" \/>\r\n\t\t\t\t\t\t\t<\/a>\r\n\t\t<\/div>\r\n\t<\/div>\r\n\t\r\n\t\t\r\n \t \t\r\n\t<!-- Pagination -->\r\n \t<div class=\"ngg-clear\"><\/div> \t\r\n<\/div>\r\n\r\n<\/span><\/p>\n","protected":false},"excerpt":{"rendered":"<div class=\"mh-excerpt\"><p>II Edycja Wielkiej Wymiany Ksi\u0105\u017cek- kwiecie\u0144 2017r. I Edycja Wielkiej Wymiany Ksi\u0105\u017cek- kwiecie\u0144 2016r.<\/p>\n<\/div>","protected":false},"author":1,"featured_media":0,"parent":0,"menu_order":0,"comment_status":"closed","ping_status":"closed","template":"","meta":{"footnotes":""},"class_list":["post-842","page","type-page","status-publish","hentry"],"_links":{"self":[{"href":"https:\/\/zsokwidzyn.pl\/index.php\/wp-json\/wp\/v2\/pages\/842","targetHints":{"allow":["GET"]}}],"collection":[{"href":"https:\/\/zsokwidzyn.pl\/index.php\/wp-json\/wp\/v2\/pages"}],"about":[{"href":"https:\/\/zsokwidzyn.pl\/index.php\/wp-json\/wp\/v2\/types\/page"}],"author":[{"embeddable":true,"href":"https:\/\/zsokwidzyn.pl\/index.php\/wp-json\/wp\/v2\/users\/1"}],"replies":[{"embeddable":true,"href":"https:\/\/zsokwidzyn.pl\/index.php\/wp-json\/wp\/v2\/comments?post=842"}],"version-history":[{"count":7,"href":"https:\/\/zsokwidzyn.pl\/index.php\/wp-json\/wp\/v2\/pages\/842\/revisions"}],"predecessor-version":[{"id":2907,"href":"https:\/\/zsokwidzyn.pl\/index.php\/wp-json\/wp\/v2\/pages\/842\/revisions\/2907"}],"wp:attachment":[{"href":"https:\/\/zsokwidzyn.pl\/index.php\/wp-json\/wp\/v2\/media?parent=842"}],"curies":[{"name":"wp","href":"https:\/\/api.w.org\/{rel}","templated":true}]}}