{"id":8855,"date":"2025-04-09T08:19:33","date_gmt":"2025-04-09T06:19:33","guid":{"rendered":"https:\/\/zsokwidzyn.pl\/?page_id=8855"},"modified":"2025-04-09T08:19:33","modified_gmt":"2025-04-09T06:19:33","slug":"zdolni-z-pomorza","status":"publish","type":"page","link":"https:\/\/zsokwidzyn.pl\/index.php\/zdolni-z-pomorza\/","title":{"rendered":"Zdolni z Pomorza"},"content":{"rendered":"<p><img loading=\"lazy\" decoding=\"async\" class=\"aligncenter wp-image-8861 size-large\" src=\"https:\/\/zsokwidzyn.pl\/wp-content\/uploads\/2025\/04\/Ulotka-Zdolni-z-Pomorza-Powiat-Kwidzynski-obrazy-0-724x1024.jpg\" alt=\"\" width=\"724\" height=\"1024\" srcset=\"https:\/\/zsokwidzyn.pl\/wp-content\/uploads\/2025\/04\/Ulotka-Zdolni-z-Pomorza-Powiat-Kwidzynski-obrazy-0-724x1024.jpg 724w, https:\/\/zsokwidzyn.pl\/wp-content\/uploads\/2025\/04\/Ulotka-Zdolni-z-Pomorza-Powiat-Kwidzynski-obrazy-0-212x300.jpg 212w, https:\/\/zsokwidzyn.pl\/wp-content\/uploads\/2025\/04\/Ulotka-Zdolni-z-Pomorza-Powiat-Kwidzynski-obrazy-0-768x1086.jpg 768w, https:\/\/zsokwidzyn.pl\/wp-content\/uploads\/2025\/04\/Ulotka-Zdolni-z-Pomorza-Powiat-Kwidzynski-obrazy-0-1086x1536.jpg 1086w, https:\/\/zsokwidzyn.pl\/wp-content\/uploads\/2025\/04\/Ulotka-Zdolni-z-Pomorza-Powiat-Kwidzynski-obrazy-0-1448x2048.jpg 1448w, https:\/\/zsokwidzyn.pl\/wp-content\/uploads\/2025\/04\/Ulotka-Zdolni-z-Pomorza-Powiat-Kwidzynski-obrazy-0-scaled.jpg 1810w\" sizes=\"auto, (max-width: 724px) 100vw, 724px\" \/><\/p>\n<p><strong><img loading=\"lazy\" decoding=\"async\" class=\"aligncenter wp-image-8860 size-large\" src=\"https:\/\/zsokwidzyn.pl\/wp-content\/uploads\/2025\/04\/Ulotka-Zdolni-z-Pomorza-Powiat-Kwidzynski-obrazy-1-724x1024.jpg\" alt=\"\" width=\"724\" height=\"1024\" srcset=\"https:\/\/zsokwidzyn.pl\/wp-content\/uploads\/2025\/04\/Ulotka-Zdolni-z-Pomorza-Powiat-Kwidzynski-obrazy-1-724x1024.jpg 724w, https:\/\/zsokwidzyn.pl\/wp-content\/uploads\/2025\/04\/Ulotka-Zdolni-z-Pomorza-Powiat-Kwidzynski-obrazy-1-212x300.jpg 212w, https:\/\/zsokwidzyn.pl\/wp-content\/uploads\/2025\/04\/Ulotka-Zdolni-z-Pomorza-Powiat-Kwidzynski-obrazy-1-768x1086.jpg 768w, https:\/\/zsokwidzyn.pl\/wp-content\/uploads\/2025\/04\/Ulotka-Zdolni-z-Pomorza-Powiat-Kwidzynski-obrazy-1-1086x1536.jpg 1086w, https:\/\/zsokwidzyn.pl\/wp-content\/uploads\/2025\/04\/Ulotka-Zdolni-z-Pomorza-Powiat-Kwidzynski-obrazy-1-1448x2048.jpg 1448w, https:\/\/zsokwidzyn.pl\/wp-content\/uploads\/2025\/04\/Ulotka-Zdolni-z-Pomorza-Powiat-Kwidzynski-obrazy-1-scaled.jpg 1810w\" sizes=\"auto, (max-width: 724px) 100vw, 724px\" \/> <\/strong><\/p>\n<p><strong><a href=\"https:\/\/zsokwidzyn.pl\/wp-content\/uploads\/2025\/04\/Ogloszenie-o-rekrutacji-uczniow-do-projektu.pdf\" target=\"_blank\" rel=\"noopener\">Og\u0142oszenie o rekrutacji uczni\u00f3w do projektu<\/a><\/strong><\/p>\n<p><strong><a href=\"https:\/\/zsokwidzyn.pl\/wp-content\/uploads\/2025\/04\/Regulamin-rekrutacji-i-uczestnictwa-uczniow.pdf\" target=\"_blank\" rel=\"noopener\">Regulamin rekrutacji i uczestnictwa uczni\u00f3w<\/a><\/strong><\/p>\n<p><strong><a href=\"https:\/\/zsokwidzyn.pl\/wp-content\/uploads\/2025\/04\/Zalacznik-nr-1-Lista-wymaganych-osiagniec-w-olimpiadach-i-konkursach.pdf\" target=\"_blank\" rel=\"noopener\">Za\u0142\u0105cznik nr 1 Lista wymaganych osi\u0105gni\u0119\u0107 w olimpiadach i konkursach<\/a><\/strong><\/p>\n<p><strong><a href=\"https:\/\/zsokwidzyn.pl\/wp-content\/uploads\/2025\/04\/Zalacznik-nr-2-do-regulaminu-uczestnictwa-i-rekrutacji.docx\" target=\"_blank\" rel=\"noopener\">Za\u0142\u0105cznik nr 2 do regulaminu uczestnictwa i rekrutacji<\/a> <\/strong><\/p>\n<p>&nbsp;<\/p>\n<p>&nbsp;<\/p>\n<p>&nbsp;<\/p>\n","protected":false},"excerpt":{"rendered":"<div class=\"mh-excerpt\"><p>Og\u0142oszenie o rekrutacji uczni\u00f3w do projektu Regulamin rekrutacji i uczestnictwa uczni\u00f3w Za\u0142\u0105cznik nr 1 Lista wymaganych osi\u0105gni\u0119\u0107 w olimpiadach i konkursach Za\u0142\u0105cznik nr 2 do <a class=\"mh-excerpt-more\" href=\"https:\/\/zsokwidzyn.pl\/index.php\/zdolni-z-pomorza\/\" title=\"Zdolni z Pomorza\">[&#8230;]<\/a><\/p>\n<\/div>","protected":false},"author":1,"featured_media":6082,"parent":0,"menu_order":0,"comment_status":"closed","ping_status":"closed","template":"","meta":{"footnotes":""},"class_list":["post-8855","page","type-page","status-publish","has-post-thumbnail","hentry"],"_links":{"self":[{"href":"https:\/\/zsokwidzyn.pl\/index.php\/wp-json\/wp\/v2\/pages\/8855","targetHints":{"allow":["GET"]}}],"collection":[{"href":"https:\/\/zsokwidzyn.pl\/index.php\/wp-json\/wp\/v2\/pages"}],"about":[{"href":"https:\/\/zsokwidzyn.pl\/index.php\/wp-json\/wp\/v2\/types\/page"}],"author":[{"embeddable":true,"href":"https:\/\/zsokwidzyn.pl\/index.php\/wp-json\/wp\/v2\/users\/1"}],"replies":[{"embeddable":true,"href":"https:\/\/zsokwidzyn.pl\/index.php\/wp-json\/wp\/v2\/comments?post=8855"}],"version-history":[{"count":1,"href":"https:\/\/zsokwidzyn.pl\/index.php\/wp-json\/wp\/v2\/pages\/8855\/revisions"}],"predecessor-version":[{"id":8862,"href":"https:\/\/zsokwidzyn.pl\/index.php\/wp-json\/wp\/v2\/pages\/8855\/revisions\/8862"}],"wp:featuredmedia":[{"embeddable":true,"href":"https:\/\/zsokwidzyn.pl\/index.php\/wp-json\/wp\/v2\/media\/6082"}],"wp:attachment":[{"href":"https:\/\/zsokwidzyn.pl\/index.php\/wp-json\/wp\/v2\/media?parent=8855"}],"curies":[{"name":"wp","href":"https:\/\/api.w.org\/{rel}","templated":true}]}}