{"id":935,"date":"2017-01-26T15:45:17","date_gmt":"2017-01-26T14:45:17","guid":{"rendered":"http:\/\/zsokwidzyn.pl\/?page_id=935"},"modified":"2017-01-26T17:20:31","modified_gmt":"2017-01-26T16:20:31","slug":"jak-nie-czytam-jak-czytam","status":"publish","type":"page","link":"https:\/\/zsokwidzyn.pl\/index.php\/jak-nie-czytam-jak-czytam\/","title":{"rendered":"Jak nie czytam, jak czytam"},"content":{"rendered":"<p style=\"text-align: justify;\"><span style=\"font-size: 12pt;\">Dnia 10 czerwca 2016 roku wzi\u0119li\u015bmy udzia\u0142 w og\u00f3lnopolskiej akcji ,, Jak nie czytam, jak czytam\u201d. Tego dnia zar\u00f3wno w szkole, jak i w przedszkolu ekologicznym w Kwidzynie, w kt\u00f3rym cyklicznie uczniowie z klasy pedagogiczno \u2013psychologicznej realizuj\u0105 Spotkania z Ksi\u0105\u017ck\u0105, przeprowadzili\u015bmy akcje promuj\u0105ce czytelnictwo. W liceum m\u0142odzie\u017c z przyniesionych ksi\u0105\u017cek, wok\u00f3\u0142 Rod\u0142a, utworzy\u0142a ksi\u0105\u017ckowy \u0142a\u0144cuch a nast\u0119pnie napis ,,Czytamy\u201d. Na tle promuj\u0105cego czytelnictwo graffiti, jak np. ,,Ludzie m\u00f3wi\u0105, \u017ce \u017cycie to jest to, ale ja wole sobie poczyta\u0107\u201d,\u00a0 czyta\u0142a fragmenty lektur, robi\u0142a sobie zdj\u0119cia. Atmosfer\u0119 tych dzia\u0142a\u0144 oddaje film zrealizowany przez uczennice: Juli\u0119 Zelma\u0144sk\u0105 i Oliwi\u0119 D\u0105browsk\u0105. Podobn\u0105 akcj\u0119 przeprowadzili\u015bmy w przedszkolu. Liceali\u015bci przygotowali przedszkolakom teksty bajek, zabawy ruchowe, a po wys\u0142uchaniu wiersza o ba\u0144kach mydlanych nauczy\u0142y dzieci zabawnego uk\u0142adu tanecznego. Na zako\u0144czenie wszystkie przedszkolaki, w ilo\u015bci 160 os\u00f3b, otrzyma\u0142y bohater\u00f3w swoich ulubionych bajek na zak\u0142adkach zrobionych przez licealist\u00f3w. Zak\u0142adki wykonywali uczniowie wszystkich klas, cho\u0107 niew\u0105tpliwie najwi\u0119cej przygotowali uczniowie klasy I D o profilu pedagogiczno-psychologicznym.Zabaw\u0119 w przedszkolu poprowadzili: Dorota Lesi\u0144ska, Magdalena Szyma\u0144ska, Dominika Halik, Kacper Nogowski oraz Marcin Nie\u015bcigorski. Film z akcji w przedszkolu nagra\u0142a Kaja Wichowska.<\/span><\/p>\n<p style=\"text-align: justify;\"><iframe loading=\"lazy\" src=\"\/\/www.youtube.com\/embed\/wwG7DgaS_bg\" width=\"560\" height=\"314\" allowfullscreen=\"allowfullscreen\"><\/iframe><\/p>\n<p style=\"text-align: justify;\"><span style=\"font-size: 12pt;\">\r\n<div class=\"ngg-galleryoverview\" id=\"ngg-gallery-86-935\">\r\n\r\n\t<!-- Slideshow link -->\r\n\t<div class=\"slideshowlink\">\r\n\t\t<a class=\"slideshowlink\" href=\"https:\/\/zsokwidzyn.pl\/index.php\/jak-nie-czytam-jak-czytam\/?show=slide\">\r\n\t\t\t[Show as slideshow]\t\t<\/a>\r\n\t<\/div>\r\n\r\n\t\r\n\t<!-- Thumbnails -->\r\n\t\t\r\n\t<div id=\"ngg-image-1053\" class=\"ngg-gallery-thumbnail-box\"  >\r\n\t\t<div class=\"ngg-gallery-thumbnail\" >\r\n\t\t\t<a href=\"https:\/\/zsokwidzyn.pl\/wp-content\/gallery\/czytanie-podstrona\/1.jpg\" title=\" \" class=\"shutterset_set_86\" >\r\n\t\t\t\t\t\t\t\t<img loading=\"lazy\" decoding=\"async\" title=\"1\" alt=\"1\" src=\"https:\/\/zsokwidzyn.pl\/wp-content\/gallery\/czytanie-podstrona\/thumbs\/thumbs_1.jpg\" width=\"100\" height=\"75\" \/>\r\n\t\t\t\t\t\t\t<\/a>\r\n\t\t<\/div>\r\n\t<\/div>\r\n\t\r\n\t\t\r\n \t\t\r\n\t<div id=\"ngg-image-1054\" class=\"ngg-gallery-thumbnail-box\"  >\r\n\t\t<div class=\"ngg-gallery-thumbnail\" >\r\n\t\t\t<a href=\"https:\/\/zsokwidzyn.pl\/wp-content\/gallery\/czytanie-podstrona\/3.jpg\" title=\" \" class=\"shutterset_set_86\" >\r\n\t\t\t\t\t\t\t\t<img loading=\"lazy\" decoding=\"async\" title=\"3\" alt=\"3\" src=\"https:\/\/zsokwidzyn.pl\/wp-content\/gallery\/czytanie-podstrona\/thumbs\/thumbs_3.jpg\" width=\"100\" height=\"75\" \/>\r\n\t\t\t\t\t\t\t<\/a>\r\n\t\t<\/div>\r\n\t<\/div>\r\n\t\r\n\t\t\r\n \t\t\r\n\t<div id=\"ngg-image-1055\" class=\"ngg-gallery-thumbnail-box\"  >\r\n\t\t<div class=\"ngg-gallery-thumbnail\" >\r\n\t\t\t<a href=\"https:\/\/zsokwidzyn.pl\/wp-content\/gallery\/czytanie-podstrona\/9.jpg\" title=\" \" class=\"shutterset_set_86\" >\r\n\t\t\t\t\t\t\t\t<img loading=\"lazy\" decoding=\"async\" title=\"9\" alt=\"9\" src=\"https:\/\/zsokwidzyn.pl\/wp-content\/gallery\/czytanie-podstrona\/thumbs\/thumbs_9.jpg\" width=\"100\" height=\"75\" \/>\r\n\t\t\t\t\t\t\t<\/a>\r\n\t\t<\/div>\r\n\t<\/div>\r\n\t\r\n\t\t\r\n \t\t\r\n\t<div id=\"ngg-image-1056\" class=\"ngg-gallery-thumbnail-box\"  >\r\n\t\t<div class=\"ngg-gallery-thumbnail\" >\r\n\t\t\t<a href=\"https:\/\/zsokwidzyn.pl\/wp-content\/gallery\/czytanie-podstrona\/16.jpg\" title=\" \" class=\"shutterset_set_86\" >\r\n\t\t\t\t\t\t\t\t<img loading=\"lazy\" decoding=\"async\" title=\"16\" alt=\"16\" src=\"https:\/\/zsokwidzyn.pl\/wp-content\/gallery\/czytanie-podstrona\/thumbs\/thumbs_16.jpg\" width=\"100\" height=\"75\" \/>\r\n\t\t\t\t\t\t\t<\/a>\r\n\t\t<\/div>\r\n\t<\/div>\r\n\t\r\n\t\t\r\n \t\t\r\n\t<div id=\"ngg-image-1057\" class=\"ngg-gallery-thumbnail-box\"  >\r\n\t\t<div class=\"ngg-gallery-thumbnail\" >\r\n\t\t\t<a href=\"https:\/\/zsokwidzyn.pl\/wp-content\/gallery\/czytanie-podstrona\/20.jpg\" title=\" \" class=\"shutterset_set_86\" >\r\n\t\t\t\t\t\t\t\t<img loading=\"lazy\" decoding=\"async\" title=\"20\" alt=\"20\" src=\"https:\/\/zsokwidzyn.pl\/wp-content\/gallery\/czytanie-podstrona\/thumbs\/thumbs_20.jpg\" width=\"100\" height=\"75\" \/>\r\n\t\t\t\t\t\t\t<\/a>\r\n\t\t<\/div>\r\n\t<\/div>\r\n\t\r\n\t\t\r\n \t\t\r\n\t<div id=\"ngg-image-1058\" class=\"ngg-gallery-thumbnail-box\"  >\r\n\t\t<div class=\"ngg-gallery-thumbnail\" >\r\n\t\t\t<a href=\"https:\/\/zsokwidzyn.pl\/wp-content\/gallery\/czytanie-podstrona\/21.jpg\" title=\" \" class=\"shutterset_set_86\" >\r\n\t\t\t\t\t\t\t\t<img loading=\"lazy\" decoding=\"async\" title=\"21\" alt=\"21\" src=\"https:\/\/zsokwidzyn.pl\/wp-content\/gallery\/czytanie-podstrona\/thumbs\/thumbs_21.jpg\" width=\"100\" height=\"75\" \/>\r\n\t\t\t\t\t\t\t<\/a>\r\n\t\t<\/div>\r\n\t<\/div>\r\n\t\r\n\t\t\r\n \t\t\r\n\t<div id=\"ngg-image-1059\" class=\"ngg-gallery-thumbnail-box\"  >\r\n\t\t<div class=\"ngg-gallery-thumbnail\" >\r\n\t\t\t<a href=\"https:\/\/zsokwidzyn.pl\/wp-content\/gallery\/czytanie-podstrona\/22.jpg\" title=\" \" class=\"shutterset_set_86\" >\r\n\t\t\t\t\t\t\t\t<img loading=\"lazy\" decoding=\"async\" title=\"22\" alt=\"22\" src=\"https:\/\/zsokwidzyn.pl\/wp-content\/gallery\/czytanie-podstrona\/thumbs\/thumbs_22.jpg\" width=\"100\" height=\"75\" \/>\r\n\t\t\t\t\t\t\t<\/a>\r\n\t\t<\/div>\r\n\t<\/div>\r\n\t\r\n\t\t\r\n \t \t\r\n\t<!-- Pagination -->\r\n \t<div class=\"ngg-clear\"><\/div> \t\r\n<\/div>\r\n\r\n<\/span><\/p>\n<p style=\"text-align: justify;\"><iframe loading=\"lazy\" src=\"\/\/www.youtube.com\/embed\/cRT3Ph-S-Qg\" width=\"560\" height=\"314\" allowfullscreen=\"allowfullscreen\"><\/iframe><\/p>\n<p style=\"text-align: justify;\"><span style=\"font-size: 12pt;\">\u00a0\r\n<div class=\"ngg-galleryoverview\" id=\"ngg-gallery-87-935\">\r\n\r\n\t<!-- Slideshow link -->\r\n\t<div class=\"slideshowlink\">\r\n\t\t<a class=\"slideshowlink\" href=\"https:\/\/zsokwidzyn.pl\/index.php\/jak-nie-czytam-jak-czytam\/?show=slide\">\r\n\t\t\t[Show as slideshow]\t\t<\/a>\r\n\t<\/div>\r\n\r\n\t\r\n\t<!-- Thumbnails -->\r\n\t\t\r\n\t<div id=\"ngg-image-1060\" class=\"ngg-gallery-thumbnail-box\"  >\r\n\t\t<div class=\"ngg-gallery-thumbnail\" >\r\n\t\t\t<a href=\"https:\/\/zsokwidzyn.pl\/wp-content\/gallery\/czytam-na-strone-2\/dsc07796.jpg\" title=\" \" class=\"shutterset_set_87\" >\r\n\t\t\t\t\t\t\t\t<img loading=\"lazy\" decoding=\"async\" title=\"dsc07796\" alt=\"dsc07796\" src=\"https:\/\/zsokwidzyn.pl\/wp-content\/gallery\/czytam-na-strone-2\/thumbs\/thumbs_dsc07796.jpg\" width=\"100\" height=\"75\" \/>\r\n\t\t\t\t\t\t\t<\/a>\r\n\t\t<\/div>\r\n\t<\/div>\r\n\t\r\n\t\t\r\n \t\t\r\n\t<div id=\"ngg-image-1061\" class=\"ngg-gallery-thumbnail-box\"  >\r\n\t\t<div class=\"ngg-gallery-thumbnail\" >\r\n\t\t\t<a href=\"https:\/\/zsokwidzyn.pl\/wp-content\/gallery\/czytam-na-strone-2\/dsc07807.jpg\" title=\" \" class=\"shutterset_set_87\" >\r\n\t\t\t\t\t\t\t\t<img loading=\"lazy\" decoding=\"async\" title=\"dsc07807\" alt=\"dsc07807\" src=\"https:\/\/zsokwidzyn.pl\/wp-content\/gallery\/czytam-na-strone-2\/thumbs\/thumbs_dsc07807.jpg\" width=\"100\" height=\"75\" \/>\r\n\t\t\t\t\t\t\t<\/a>\r\n\t\t<\/div>\r\n\t<\/div>\r\n\t\r\n\t\t\r\n \t\t\r\n\t<div id=\"ngg-image-1062\" class=\"ngg-gallery-thumbnail-box\"  >\r\n\t\t<div class=\"ngg-gallery-thumbnail\" >\r\n\t\t\t<a href=\"https:\/\/zsokwidzyn.pl\/wp-content\/gallery\/czytam-na-strone-2\/dsc07833.jpg\" title=\" \" class=\"shutterset_set_87\" >\r\n\t\t\t\t\t\t\t\t<img loading=\"lazy\" decoding=\"async\" title=\"dsc07833\" alt=\"dsc07833\" src=\"https:\/\/zsokwidzyn.pl\/wp-content\/gallery\/czytam-na-strone-2\/thumbs\/thumbs_dsc07833.jpg\" width=\"100\" height=\"75\" \/>\r\n\t\t\t\t\t\t\t<\/a>\r\n\t\t<\/div>\r\n\t<\/div>\r\n\t\r\n\t\t\r\n \t\t\r\n\t<div id=\"ngg-image-1065\" class=\"ngg-gallery-thumbnail-box\"  >\r\n\t\t<div class=\"ngg-gallery-thumbnail\" >\r\n\t\t\t<a href=\"https:\/\/zsokwidzyn.pl\/wp-content\/gallery\/czytam-na-strone-2\/dsc07859.jpg\" title=\" \" class=\"shutterset_set_87\" >\r\n\t\t\t\t\t\t\t\t<img loading=\"lazy\" decoding=\"async\" title=\"dsc07859\" alt=\"dsc07859\" src=\"https:\/\/zsokwidzyn.pl\/wp-content\/gallery\/czytam-na-strone-2\/thumbs\/thumbs_dsc07859.jpg\" width=\"100\" height=\"75\" \/>\r\n\t\t\t\t\t\t\t<\/a>\r\n\t\t<\/div>\r\n\t<\/div>\r\n\t\r\n\t\t\r\n \t\t\r\n\t<div id=\"ngg-image-1066\" class=\"ngg-gallery-thumbnail-box\"  >\r\n\t\t<div class=\"ngg-gallery-thumbnail\" >\r\n\t\t\t<a href=\"https:\/\/zsokwidzyn.pl\/wp-content\/gallery\/czytam-na-strone-2\/dsc07883.jpg\" title=\" \" class=\"shutterset_set_87\" >\r\n\t\t\t\t\t\t\t\t<img loading=\"lazy\" decoding=\"async\" title=\"dsc07883\" alt=\"dsc07883\" src=\"https:\/\/zsokwidzyn.pl\/wp-content\/gallery\/czytam-na-strone-2\/thumbs\/thumbs_dsc07883.jpg\" width=\"100\" height=\"75\" \/>\r\n\t\t\t\t\t\t\t<\/a>\r\n\t\t<\/div>\r\n\t<\/div>\r\n\t\r\n\t\t\r\n \t\t\r\n\t<div id=\"ngg-image-1067\" class=\"ngg-gallery-thumbnail-box\"  >\r\n\t\t<div class=\"ngg-gallery-thumbnail\" >\r\n\t\t\t<a href=\"https:\/\/zsokwidzyn.pl\/wp-content\/gallery\/czytam-na-strone-2\/dsc07919.jpg\" title=\" \" class=\"shutterset_set_87\" >\r\n\t\t\t\t\t\t\t\t<img loading=\"lazy\" decoding=\"async\" title=\"dsc07919\" alt=\"dsc07919\" src=\"https:\/\/zsokwidzyn.pl\/wp-content\/gallery\/czytam-na-strone-2\/thumbs\/thumbs_dsc07919.jpg\" width=\"100\" height=\"75\" \/>\r\n\t\t\t\t\t\t\t<\/a>\r\n\t\t<\/div>\r\n\t<\/div>\r\n\t\r\n\t\t\r\n \t\t\r\n\t<div id=\"ngg-image-1068\" class=\"ngg-gallery-thumbnail-box\"  >\r\n\t\t<div class=\"ngg-gallery-thumbnail\" >\r\n\t\t\t<a href=\"https:\/\/zsokwidzyn.pl\/wp-content\/gallery\/czytam-na-strone-2\/dsc07952.jpg\" title=\" \" class=\"shutterset_set_87\" >\r\n\t\t\t\t\t\t\t\t<img loading=\"lazy\" decoding=\"async\" title=\"dsc07952\" alt=\"dsc07952\" src=\"https:\/\/zsokwidzyn.pl\/wp-content\/gallery\/czytam-na-strone-2\/thumbs\/thumbs_dsc07952.jpg\" width=\"100\" height=\"75\" \/>\r\n\t\t\t\t\t\t\t<\/a>\r\n\t\t<\/div>\r\n\t<\/div>\r\n\t\r\n\t\t\r\n \t\t\r\n\t<div id=\"ngg-image-1069\" class=\"ngg-gallery-thumbnail-box\"  >\r\n\t\t<div class=\"ngg-gallery-thumbnail\" >\r\n\t\t\t<a href=\"https:\/\/zsokwidzyn.pl\/wp-content\/gallery\/czytam-na-strone-2\/dsc07993.jpg\" title=\" \" class=\"shutterset_set_87\" >\r\n\t\t\t\t\t\t\t\t<img loading=\"lazy\" decoding=\"async\" title=\"dsc07993\" alt=\"dsc07993\" src=\"https:\/\/zsokwidzyn.pl\/wp-content\/gallery\/czytam-na-strone-2\/thumbs\/thumbs_dsc07993.jpg\" width=\"100\" height=\"75\" \/>\r\n\t\t\t\t\t\t\t<\/a>\r\n\t\t<\/div>\r\n\t<\/div>\r\n\t\r\n\t\t\r\n \t \t\r\n\t<!-- Pagination -->\r\n \t<div class=\"ngg-clear\"><\/div> \t\r\n<\/div>\r\n\r\n<\/span><\/p>\n","protected":false},"excerpt":{"rendered":"<div class=\"mh-excerpt\"><p>Dnia 10 czerwca 2016 roku wzi\u0119li\u015bmy udzia\u0142 w og\u00f3lnopolskiej akcji ,, Jak nie czytam, jak czytam\u201d. Tego dnia zar\u00f3wno w szkole, jak i w przedszkolu <a class=\"mh-excerpt-more\" href=\"https:\/\/zsokwidzyn.pl\/index.php\/jak-nie-czytam-jak-czytam\/\" title=\"Jak nie czytam, jak czytam\">[&#8230;]<\/a><\/p>\n<\/div>","protected":false},"author":1,"featured_media":0,"parent":0,"menu_order":0,"comment_status":"closed","ping_status":"closed","template":"","meta":{"footnotes":""},"class_list":["post-935","page","type-page","status-publish","hentry"],"_links":{"self":[{"href":"https:\/\/zsokwidzyn.pl\/index.php\/wp-json\/wp\/v2\/pages\/935","targetHints":{"allow":["GET"]}}],"collection":[{"href":"https:\/\/zsokwidzyn.pl\/index.php\/wp-json\/wp\/v2\/pages"}],"about":[{"href":"https:\/\/zsokwidzyn.pl\/index.php\/wp-json\/wp\/v2\/types\/page"}],"author":[{"embeddable":true,"href":"https:\/\/zsokwidzyn.pl\/index.php\/wp-json\/wp\/v2\/users\/1"}],"replies":[{"embeddable":true,"href":"https:\/\/zsokwidzyn.pl\/index.php\/wp-json\/wp\/v2\/comments?post=935"}],"version-history":[{"count":4,"href":"https:\/\/zsokwidzyn.pl\/index.php\/wp-json\/wp\/v2\/pages\/935\/revisions"}],"predecessor-version":[{"id":943,"href":"https:\/\/zsokwidzyn.pl\/index.php\/wp-json\/wp\/v2\/pages\/935\/revisions\/943"}],"wp:attachment":[{"href":"https:\/\/zsokwidzyn.pl\/index.php\/wp-json\/wp\/v2\/media?parent=935"}],"curies":[{"name":"wp","href":"https:\/\/api.w.org\/{rel}","templated":true}]}}