{"id":937,"date":"2017-01-26T15:45:39","date_gmt":"2017-01-26T14:45:39","guid":{"rendered":"http:\/\/zsokwidzyn.pl\/?page_id=937"},"modified":"2017-11-02T08:32:46","modified_gmt":"2017-11-02T07:32:46","slug":"narodowe-czytanie","status":"publish","type":"page","link":"https:\/\/zsokwidzyn.pl\/index.php\/narodowe-czytanie\/","title":{"rendered":"Narodowe Czytanie"},"content":{"rendered":"<p style=\"text-align: justify;\"><span style=\"font-size: 12pt;\">W czerwcu wzi\u0119li\u015bmy udzia\u0142 w og\u00f3lnopolskiej akcji ,,Jak nie czytam, jak czytam\u201d, kt\u00f3r\u0105 przeprowadzili\u015bmy zar\u00f3wno w szkole , jak i w przedszkolu ekologicznym w Kwidzynie. <span id=\"more-502\"><\/span>3 wrze\u015bnia, podczas pi\u0105tej edycji akcji Narodowe Czytanie, nie zabrak\u0142o nas na wsp\u00f3lnym czytaniu powie\u015bci Henryka Sienkiewicza ,,Quo vadis\u201d. Akcj\u0119 przygotowa\u0142a Biblioteka Miejsko-Powiatowa w Kwidzynie.<\/span><\/p>\n<p style=\"text-align: justify;\">\r\n<div class=\"ngg-galleryoverview\" id=\"ngg-gallery-30-937\">\r\n\r\n\t<!-- Slideshow link -->\r\n\t<div class=\"slideshowlink\">\r\n\t\t<a class=\"slideshowlink\" href=\"https:\/\/zsokwidzyn.pl\/index.php\/narodowe-czytanie\/?show=slide\">\r\n\t\t\t[Show as slideshow]\t\t<\/a>\r\n\t<\/div>\r\n\r\n\t\r\n\t<!-- Thumbnails -->\r\n\t\t\r\n\t<div id=\"ngg-image-332\" class=\"ngg-gallery-thumbnail-box\"  >\r\n\t\t<div class=\"ngg-gallery-thumbnail\" >\r\n\t\t\t<a href=\"https:\/\/zsokwidzyn.pl\/wp-content\/gallery\/i-lo-czyta\/20.jpg\" title=\" \" class=\"shutterset_set_30\" >\r\n\t\t\t\t\t\t\t\t<img loading=\"lazy\" decoding=\"async\" title=\"20\" alt=\"20\" src=\"https:\/\/zsokwidzyn.pl\/wp-content\/gallery\/i-lo-czyta\/thumbs\/thumbs_20.jpg\" width=\"100\" height=\"75\" \/>\r\n\t\t\t\t\t\t\t<\/a>\r\n\t\t<\/div>\r\n\t<\/div>\r\n\t\r\n\t\t\r\n \t\t\r\n\t<div id=\"ngg-image-333\" class=\"ngg-gallery-thumbnail-box\"  >\r\n\t\t<div class=\"ngg-gallery-thumbnail\" >\r\n\t\t\t<a href=\"https:\/\/zsokwidzyn.pl\/wp-content\/gallery\/i-lo-czyta\/20160903_110034.jpg\" title=\" \" class=\"shutterset_set_30\" >\r\n\t\t\t\t\t\t\t\t<img loading=\"lazy\" decoding=\"async\" title=\"20160903_110034\" alt=\"20160903_110034\" src=\"https:\/\/zsokwidzyn.pl\/wp-content\/gallery\/i-lo-czyta\/thumbs\/thumbs_20160903_110034.jpg\" width=\"100\" height=\"75\" \/>\r\n\t\t\t\t\t\t\t<\/a>\r\n\t\t<\/div>\r\n\t<\/div>\r\n\t\r\n\t\t\r\n \t\t\r\n\t<div id=\"ngg-image-334\" class=\"ngg-gallery-thumbnail-box\"  >\r\n\t\t<div class=\"ngg-gallery-thumbnail\" >\r\n\t\t\t<a href=\"https:\/\/zsokwidzyn.pl\/wp-content\/gallery\/i-lo-czyta\/20160903_110113.jpg\" title=\" \" class=\"shutterset_set_30\" >\r\n\t\t\t\t\t\t\t\t<img loading=\"lazy\" decoding=\"async\" title=\"20160903_110113\" alt=\"20160903_110113\" src=\"https:\/\/zsokwidzyn.pl\/wp-content\/gallery\/i-lo-czyta\/thumbs\/thumbs_20160903_110113.jpg\" width=\"100\" height=\"75\" \/>\r\n\t\t\t\t\t\t\t<\/a>\r\n\t\t<\/div>\r\n\t<\/div>\r\n\t\r\n\t\t\r\n \t\t\r\n\t<div id=\"ngg-image-337\" class=\"ngg-gallery-thumbnail-box\"  >\r\n\t\t<div class=\"ngg-gallery-thumbnail\" >\r\n\t\t\t<a href=\"https:\/\/zsokwidzyn.pl\/wp-content\/gallery\/i-lo-czyta\/20160903_112011.jpg\" title=\" \" class=\"shutterset_set_30\" >\r\n\t\t\t\t\t\t\t\t<img loading=\"lazy\" decoding=\"async\" title=\"20160903_112011\" alt=\"20160903_112011\" src=\"https:\/\/zsokwidzyn.pl\/wp-content\/gallery\/i-lo-czyta\/thumbs\/thumbs_20160903_112011.jpg\" width=\"100\" height=\"75\" \/>\r\n\t\t\t\t\t\t\t<\/a>\r\n\t\t<\/div>\r\n\t<\/div>\r\n\t\r\n\t\t\r\n \t\t\r\n\t<div id=\"ngg-image-338\" class=\"ngg-gallery-thumbnail-box\"  >\r\n\t\t<div class=\"ngg-gallery-thumbnail\" >\r\n\t\t\t<a href=\"https:\/\/zsokwidzyn.pl\/wp-content\/gallery\/i-lo-czyta\/baner-01_nc.jpg\" title=\" \" class=\"shutterset_set_30\" >\r\n\t\t\t\t\t\t\t\t<img loading=\"lazy\" decoding=\"async\" title=\"Wydrukuj\" alt=\"Wydrukuj\" src=\"https:\/\/zsokwidzyn.pl\/wp-content\/gallery\/i-lo-czyta\/thumbs\/thumbs_baner-01_nc.jpg\" width=\"100\" height=\"75\" \/>\r\n\t\t\t\t\t\t\t<\/a>\r\n\t\t<\/div>\r\n\t<\/div>\r\n\t\r\n\t\t\r\n \t\t\r\n\t<div id=\"ngg-image-339\" class=\"ngg-gallery-thumbnail-box\"  >\r\n\t\t<div class=\"ngg-gallery-thumbnail\" >\r\n\t\t\t<a href=\"https:\/\/zsokwidzyn.pl\/wp-content\/gallery\/i-lo-czyta\/podziekowanie-page-001.jpg\" title=\" \" class=\"shutterset_set_30\" >\r\n\t\t\t\t\t\t\t\t<img loading=\"lazy\" decoding=\"async\" title=\"podziekowanie-page-001\" alt=\"podziekowanie-page-001\" src=\"https:\/\/zsokwidzyn.pl\/wp-content\/gallery\/i-lo-czyta\/thumbs\/thumbs_podziekowanie-page-001.jpg\" width=\"100\" height=\"75\" \/>\r\n\t\t\t\t\t\t\t<\/a>\r\n\t\t<\/div>\r\n\t<\/div>\r\n\t\r\n\t\t\r\n \t \t\r\n\t<!-- Pagination -->\r\n \t<div class=\"ngg-clear\"><\/div> \t\r\n<\/div>\r\n\r\n<\/p>\n<p style=\"text-align: justify;\"><span style=\"font-size: 12pt;\">To ju\u017c kolejne Narodowe Czytanie pod patronatem pary prezydenckiej. Tym razem by\u0142o to\u00a0<em>Wesele<\/em>\u00a0Stanis\u0142awa Wyspia\u0144skiego. W sobot\u0119 2 wrze\u015bnia w gmachu Biblioteki Miejsko \u2013 Powiatowej w Kwidzynie mo\u017cna by\u0142o wzi\u0105\u0107 udzia\u0142 w tym niezwyk\u0142ym wydarzeniu. W akcj\u0119 w\u0142\u0105czy\u0142y si\u0119 osobisto\u015bci zwi\u0105zane z lokaln\u0105 polityk\u0105, kultur\u0105 i sportem. Nas r\u00f3wnie\u017c nie zabrak\u0142o. W role Poety i Maryny wcielili si\u0119 Mi\u0142osz Ba\u0142og (III D) oraz Barbara Wasiniak (I A). Role Kliminy i Radczyni przypad\u0142y p. Katarzynie Widz (II LO)\u00a0 oraz p. Miros\u0142awie Wasiniak\u00a0(I LO). Mniej odwa\u017cni mogli pos\u0142ucha\u0107 czytaj\u0105cych przy d\u017awi\u0119kach polskiej muzyki ludowej. Okaza\u0142o si\u0119, \u017ce\u00a0<em>Wesele<\/em>\u00a0to nie tylko powa\u017cny dramat symboliczny, ale r\u00f3wnie\u017c barwny tekst, kt\u00f3rym mo\u017cna znakomicie si\u0119 bawi\u0107.<\/span><\/p>\n\r\n<div class=\"ngg-galleryoverview\" id=\"ngg-gallery-148-937\">\r\n\r\n\t<!-- Slideshow link -->\r\n\t<div class=\"slideshowlink\">\r\n\t\t<a class=\"slideshowlink\" href=\"https:\/\/zsokwidzyn.pl\/index.php\/narodowe-czytanie\/?show=slide\">\r\n\t\t\t[Show as slideshow]\t\t<\/a>\r\n\t<\/div>\r\n\r\n\t\r\n\t<!-- Thumbnails -->\r\n\t\t\r\n\t<div id=\"ngg-image-1716\" class=\"ngg-gallery-thumbnail-box\"  >\r\n\t\t<div class=\"ngg-gallery-thumbnail\" >\r\n\t\t\t<a href=\"https:\/\/zsokwidzyn.pl\/wp-content\/gallery\/narodowe-czytanie-wesela\/20170902_112615.jpg\" title=\" \" class=\"shutterset_set_148\" >\r\n\t\t\t\t\t\t\t\t<img loading=\"lazy\" decoding=\"async\" title=\"20170902_112615\" alt=\"20170902_112615\" src=\"https:\/\/zsokwidzyn.pl\/wp-content\/gallery\/narodowe-czytanie-wesela\/thumbs\/thumbs_20170902_112615.jpg\" width=\"100\" height=\"75\" \/>\r\n\t\t\t\t\t\t\t<\/a>\r\n\t\t<\/div>\r\n\t<\/div>\r\n\t\r\n\t\t\r\n \t\t\r\n\t<div id=\"ngg-image-1717\" class=\"ngg-gallery-thumbnail-box\"  >\r\n\t\t<div class=\"ngg-gallery-thumbnail\" >\r\n\t\t\t<a href=\"https:\/\/zsokwidzyn.pl\/wp-content\/gallery\/narodowe-czytanie-wesela\/20170902_112929.jpg\" title=\" \" class=\"shutterset_set_148\" >\r\n\t\t\t\t\t\t\t\t<img loading=\"lazy\" decoding=\"async\" title=\"20170902_112929\" alt=\"20170902_112929\" src=\"https:\/\/zsokwidzyn.pl\/wp-content\/gallery\/narodowe-czytanie-wesela\/thumbs\/thumbs_20170902_112929.jpg\" width=\"100\" height=\"75\" \/>\r\n\t\t\t\t\t\t\t<\/a>\r\n\t\t<\/div>\r\n\t<\/div>\r\n\t\r\n\t\t\r\n \t\t\r\n\t<div id=\"ngg-image-1718\" class=\"ngg-gallery-thumbnail-box\"  >\r\n\t\t<div class=\"ngg-gallery-thumbnail\" >\r\n\t\t\t<a href=\"https:\/\/zsokwidzyn.pl\/wp-content\/gallery\/narodowe-czytanie-wesela\/20170902_113454.jpg\" title=\" \" class=\"shutterset_set_148\" >\r\n\t\t\t\t\t\t\t\t<img loading=\"lazy\" decoding=\"async\" title=\"20170902_113454\" alt=\"20170902_113454\" src=\"https:\/\/zsokwidzyn.pl\/wp-content\/gallery\/narodowe-czytanie-wesela\/thumbs\/thumbs_20170902_113454.jpg\" width=\"100\" height=\"75\" \/>\r\n\t\t\t\t\t\t\t<\/a>\r\n\t\t<\/div>\r\n\t<\/div>\r\n\t\r\n\t\t\r\n \t\t\r\n\t<div id=\"ngg-image-1719\" class=\"ngg-gallery-thumbnail-box\"  >\r\n\t\t<div class=\"ngg-gallery-thumbnail\" >\r\n\t\t\t<a href=\"https:\/\/zsokwidzyn.pl\/wp-content\/gallery\/narodowe-czytanie-wesela\/20170902_113912.jpg\" title=\" \" class=\"shutterset_set_148\" >\r\n\t\t\t\t\t\t\t\t<img loading=\"lazy\" decoding=\"async\" title=\"20170902_113912\" alt=\"20170902_113912\" src=\"https:\/\/zsokwidzyn.pl\/wp-content\/gallery\/narodowe-czytanie-wesela\/thumbs\/thumbs_20170902_113912.jpg\" width=\"100\" height=\"75\" \/>\r\n\t\t\t\t\t\t\t<\/a>\r\n\t\t<\/div>\r\n\t<\/div>\r\n\t\r\n\t\t\r\n \t\t\r\n\t<div id=\"ngg-image-1720\" class=\"ngg-gallery-thumbnail-box\"  >\r\n\t\t<div class=\"ngg-gallery-thumbnail\" >\r\n\t\t\t<a href=\"https:\/\/zsokwidzyn.pl\/wp-content\/gallery\/narodowe-czytanie-wesela\/20170902_114204.jpg\" title=\" \" class=\"shutterset_set_148\" >\r\n\t\t\t\t\t\t\t\t<img loading=\"lazy\" decoding=\"async\" title=\"20170902_114204\" alt=\"20170902_114204\" src=\"https:\/\/zsokwidzyn.pl\/wp-content\/gallery\/narodowe-czytanie-wesela\/thumbs\/thumbs_20170902_114204.jpg\" width=\"100\" height=\"75\" \/>\r\n\t\t\t\t\t\t\t<\/a>\r\n\t\t<\/div>\r\n\t<\/div>\r\n\t\r\n\t\t\r\n \t\t\r\n\t<div id=\"ngg-image-1721\" class=\"ngg-gallery-thumbnail-box\"  >\r\n\t\t<div class=\"ngg-gallery-thumbnail\" >\r\n\t\t\t<a href=\"https:\/\/zsokwidzyn.pl\/wp-content\/gallery\/narodowe-czytanie-wesela\/20170902_112615_0.jpg\" title=\" \" class=\"shutterset_set_148\" >\r\n\t\t\t\t\t\t\t\t<img loading=\"lazy\" decoding=\"async\" title=\"20170902_112615_0\" alt=\"20170902_112615_0\" src=\"https:\/\/zsokwidzyn.pl\/wp-content\/gallery\/narodowe-czytanie-wesela\/thumbs\/thumbs_20170902_112615_0.jpg\" width=\"100\" height=\"75\" \/>\r\n\t\t\t\t\t\t\t<\/a>\r\n\t\t<\/div>\r\n\t<\/div>\r\n\t\r\n\t\t\r\n \t\t\r\n\t<div id=\"ngg-image-1722\" class=\"ngg-gallery-thumbnail-box\"  >\r\n\t\t<div class=\"ngg-gallery-thumbnail\" >\r\n\t\t\t<a href=\"https:\/\/zsokwidzyn.pl\/wp-content\/gallery\/narodowe-czytanie-wesela\/20170902_112929_0.jpg\" title=\" \" class=\"shutterset_set_148\" >\r\n\t\t\t\t\t\t\t\t<img loading=\"lazy\" decoding=\"async\" title=\"20170902_112929_0\" alt=\"20170902_112929_0\" src=\"https:\/\/zsokwidzyn.pl\/wp-content\/gallery\/narodowe-czytanie-wesela\/thumbs\/thumbs_20170902_112929_0.jpg\" width=\"100\" height=\"75\" \/>\r\n\t\t\t\t\t\t\t<\/a>\r\n\t\t<\/div>\r\n\t<\/div>\r\n\t\r\n\t\t\r\n \t\t\r\n\t<div id=\"ngg-image-1723\" class=\"ngg-gallery-thumbnail-box\"  >\r\n\t\t<div class=\"ngg-gallery-thumbnail\" >\r\n\t\t\t<a href=\"https:\/\/zsokwidzyn.pl\/wp-content\/gallery\/narodowe-czytanie-wesela\/20170902_113454_0.jpg\" title=\" \" class=\"shutterset_set_148\" >\r\n\t\t\t\t\t\t\t\t<img loading=\"lazy\" decoding=\"async\" title=\"20170902_113454_0\" alt=\"20170902_113454_0\" src=\"https:\/\/zsokwidzyn.pl\/wp-content\/gallery\/narodowe-czytanie-wesela\/thumbs\/thumbs_20170902_113454_0.jpg\" width=\"100\" height=\"75\" \/>\r\n\t\t\t\t\t\t\t<\/a>\r\n\t\t<\/div>\r\n\t<\/div>\r\n\t\r\n\t\t\r\n \t\t\r\n\t<div id=\"ngg-image-1724\" class=\"ngg-gallery-thumbnail-box\"  >\r\n\t\t<div class=\"ngg-gallery-thumbnail\" >\r\n\t\t\t<a href=\"https:\/\/zsokwidzyn.pl\/wp-content\/gallery\/narodowe-czytanie-wesela\/20170902_113912_0.jpg\" title=\" \" class=\"shutterset_set_148\" >\r\n\t\t\t\t\t\t\t\t<img loading=\"lazy\" decoding=\"async\" title=\"20170902_113912_0\" alt=\"20170902_113912_0\" src=\"https:\/\/zsokwidzyn.pl\/wp-content\/gallery\/narodowe-czytanie-wesela\/thumbs\/thumbs_20170902_113912_0.jpg\" width=\"100\" height=\"75\" \/>\r\n\t\t\t\t\t\t\t<\/a>\r\n\t\t<\/div>\r\n\t<\/div>\r\n\t\r\n\t\t\r\n \t\t\r\n\t<div id=\"ngg-image-1725\" class=\"ngg-gallery-thumbnail-box\"  >\r\n\t\t<div class=\"ngg-gallery-thumbnail\" >\r\n\t\t\t<a href=\"https:\/\/zsokwidzyn.pl\/wp-content\/gallery\/narodowe-czytanie-wesela\/20170902_114204_0.jpg\" title=\" \" class=\"shutterset_set_148\" >\r\n\t\t\t\t\t\t\t\t<img loading=\"lazy\" decoding=\"async\" title=\"20170902_114204_0\" alt=\"20170902_114204_0\" src=\"https:\/\/zsokwidzyn.pl\/wp-content\/gallery\/narodowe-czytanie-wesela\/thumbs\/thumbs_20170902_114204_0.jpg\" width=\"100\" height=\"75\" \/>\r\n\t\t\t\t\t\t\t<\/a>\r\n\t\t<\/div>\r\n\t<\/div>\r\n\t\r\n\t\t\r\n \t \t\r\n\t<!-- Pagination -->\r\n \t<div class=\"ngg-clear\"><\/div> \t\r\n<\/div>\r\n\r\n\n<p style=\"text-align: justify;\">\n","protected":false},"excerpt":{"rendered":"<div class=\"mh-excerpt\"><p>W czerwcu wzi\u0119li\u015bmy udzia\u0142 w og\u00f3lnopolskiej akcji ,,Jak nie czytam, jak czytam\u201d, kt\u00f3r\u0105 przeprowadzili\u015bmy zar\u00f3wno w szkole , jak i w przedszkolu ekologicznym w Kwidzynie. <a class=\"mh-excerpt-more\" href=\"https:\/\/zsokwidzyn.pl\/index.php\/narodowe-czytanie\/\" title=\"Narodowe Czytanie\">[&#8230;]<\/a><\/p>\n<\/div>","protected":false},"author":1,"featured_media":0,"parent":0,"menu_order":0,"comment_status":"closed","ping_status":"closed","template":"","meta":{"footnotes":""},"class_list":["post-937","page","type-page","status-publish","hentry"],"_links":{"self":[{"href":"https:\/\/zsokwidzyn.pl\/index.php\/wp-json\/wp\/v2\/pages\/937","targetHints":{"allow":["GET"]}}],"collection":[{"href":"https:\/\/zsokwidzyn.pl\/index.php\/wp-json\/wp\/v2\/pages"}],"about":[{"href":"https:\/\/zsokwidzyn.pl\/index.php\/wp-json\/wp\/v2\/types\/page"}],"author":[{"embeddable":true,"href":"https:\/\/zsokwidzyn.pl\/index.php\/wp-json\/wp\/v2\/users\/1"}],"replies":[{"embeddable":true,"href":"https:\/\/zsokwidzyn.pl\/index.php\/wp-json\/wp\/v2\/comments?post=937"}],"version-history":[{"count":8,"href":"https:\/\/zsokwidzyn.pl\/index.php\/wp-json\/wp\/v2\/pages\/937\/revisions"}],"predecessor-version":[{"id":1769,"href":"https:\/\/zsokwidzyn.pl\/index.php\/wp-json\/wp\/v2\/pages\/937\/revisions\/1769"}],"wp:attachment":[{"href":"https:\/\/zsokwidzyn.pl\/index.php\/wp-json\/wp\/v2\/media?parent=937"}],"curies":[{"name":"wp","href":"https:\/\/api.w.org\/{rel}","templated":true}]}}