{"id":9611,"date":"2025-10-09T11:14:04","date_gmt":"2025-10-09T09:14:04","guid":{"rendered":"https:\/\/zsokwidzyn.pl\/?page_id=9611"},"modified":"2026-02-23T15:54:59","modified_gmt":"2026-02-23T14:54:59","slug":"pomoc-psychologiczna","status":"publish","type":"page","link":"https:\/\/zsokwidzyn.pl\/index.php\/pomoc-psychologiczna\/","title":{"rendered":"Pomoc psychologiczna"},"content":{"rendered":"<p>psycholog Joanna Majsak-Sulecka<\/p>\n<p>pon. 11.35-16.40<\/p>\n<p>wt. 12.40-15.40<\/p>\n<p>\u015br. 7.30-11.30<\/p>\n<p>czw. 10.00-17.00<\/p>\n<p>pt. 12.30-14.45<\/p>\n<p>Inne miejsca w kt\u00f3rych mo\u017cna uzyska\u0107 bezp\u0142atn\u0105 pomoc psychologiczn\u0105:<\/p>\n<p>1. Kwidzy\u0144ska Poradnia Profilaktyczna \u00a0&#8211; tel. 513 \u00a0500 066<\/p>\n<p>2. O\u015brodek Interwencji Kryzysowej w Kwidzynie &#8211; tel. 730 784 539<\/p>\n<p>3. O\u015brodek Opieki Psychologicznej w Prabutach &#8211; tel. 22 177 783<\/p>\n<p>4. O\u015brodek \u015arodowiskowej Opieki Psychologicznej i Psychiatrycznej \u00a0dla Dzieci i M\u0142odzie\u017cy w Malborku &#8211; tel. 734 187 \u00a0302<\/p>\n<p>5.Telefon zaufania dla dzieci i m\u0142odzie\u017c &#8211; 116111 (telefon dzia\u0142a codziennie &#8211; 7 dni w tygodniu, 24 godziny na dob\u0119)<\/p>\n<p>6. Pomoc online &#8211; \u017cycie warte jest rozmowy &#8211; bezp\u0142atne konsultacje dla os\u00f3b w kryzysie, a tak\u017ce rodzic\u00f3w, wystarczy wype\u0142ni\u0107 formularz zg\u0142oszeniowy.<\/p>\n<p><strong><a href=\"https:\/\/zwjr.pl\/nastolatek-w-kryzysie\">&#8212;&gt; Nastolatek w kryzysie<\/a><\/strong><\/p>\n<p><strong><a href=\"https:\/\/zwjr.pl\/konsultacje-dla-rodzicow\">&#8212;&gt; Konsultacje dla rodzic\u00f3w<\/a><\/strong><\/p>\n<p>&nbsp;<\/p>\n<div>\n<p><strong><u>Materia\u0142y dotycz\u0105ce depresji:<\/u><\/strong><\/p>\n<\/div>\n<div>\n<p>Poradnik dla m\u0142odzie\u017cy:<\/p>\n<\/div>\n<div>\n<p><strong><a href=\"https:\/\/forumprzeciwdepresji.pl\/wp-content\/uploads\/nastoletnia-depresja-poradnik-dla-mlodziezy-2024.pdf\">nastoletnia-depresja-poradnik-dla-mlodziezy-2024.pdf<\/a><\/strong><\/p>\n<\/div>\n<div>\n<p>&nbsp;<\/p>\n<\/div>\n<div>\n<p>Poradnik dla nauczycieli:<\/p>\n<\/div>\n<div>\n<p><strong><a href=\"https:\/\/backend.zwjr.pl\/media\/attachments\/Poradnik_dla_nauczycieli.pdf\">Poradnik_dla_nauczycieli.pdf<\/a><\/strong><\/p>\n<\/div>\n<div>\n<p>&nbsp;<\/p>\n<\/div>\n<div>\n<p>Poradnik dla rodzic\u00f3w:<\/p>\n<\/div>\n<div>\n<p><strong><a href=\"https:\/\/www.stowarzyszenie-integracja.pl\/documents\/Nastoletnia%20depresja.pdf\">Nastoletnia depresja.pdf<\/a><\/strong><\/p>\n<\/div>\n<div>\n<p><strong><a href=\"https:\/\/twarzedepresji.pl\/\">Home &#8211; Twarze Depresji<\/a><\/strong><\/p>\n<\/div>\n","protected":false},"excerpt":{"rendered":"<div class=\"mh-excerpt\"><p>psycholog Joanna Majsak-Sulecka pon. 11.35-16.40 wt. 12.40-15.40 \u015br. 7.30-11.30 czw. 10.00-17.00 pt. 12.30-14.45 Inne miejsca w kt\u00f3rych mo\u017cna uzyska\u0107 bezp\u0142atn\u0105 pomoc psychologiczn\u0105: 1. Kwidzy\u0144ska Poradnia <a class=\"mh-excerpt-more\" href=\"https:\/\/zsokwidzyn.pl\/index.php\/pomoc-psychologiczna\/\" title=\"Pomoc psychologiczna\">[&#8230;]<\/a><\/p>\n<\/div>","protected":false},"author":1,"featured_media":0,"parent":0,"menu_order":0,"comment_status":"closed","ping_status":"closed","template":"","meta":{"footnotes":""},"class_list":["post-9611","page","type-page","status-publish","hentry"],"_links":{"self":[{"href":"https:\/\/zsokwidzyn.pl\/index.php\/wp-json\/wp\/v2\/pages\/9611","targetHints":{"allow":["GET"]}}],"collection":[{"href":"https:\/\/zsokwidzyn.pl\/index.php\/wp-json\/wp\/v2\/pages"}],"about":[{"href":"https:\/\/zsokwidzyn.pl\/index.php\/wp-json\/wp\/v2\/types\/page"}],"author":[{"embeddable":true,"href":"https:\/\/zsokwidzyn.pl\/index.php\/wp-json\/wp\/v2\/users\/1"}],"replies":[{"embeddable":true,"href":"https:\/\/zsokwidzyn.pl\/index.php\/wp-json\/wp\/v2\/comments?post=9611"}],"version-history":[{"count":3,"href":"https:\/\/zsokwidzyn.pl\/index.php\/wp-json\/wp\/v2\/pages\/9611\/revisions"}],"predecessor-version":[{"id":10838,"href":"https:\/\/zsokwidzyn.pl\/index.php\/wp-json\/wp\/v2\/pages\/9611\/revisions\/10838"}],"wp:attachment":[{"href":"https:\/\/zsokwidzyn.pl\/index.php\/wp-json\/wp\/v2\/media?parent=9611"}],"curies":[{"name":"wp","href":"https:\/\/api.w.org\/{rel}","templated":true}]}}